{"id":119801,"date":"2022-04-29T02:52:47","date_gmt":"2022-04-29T02:52:47","guid":{"rendered":"https:\/\/www.hqts.com\/?page_id=119801"},"modified":"2022-04-29T02:52:47","modified_gmt":"2022-04-29T02:52:47","slug":"servicios-esg","status":"publish","type":"page","link":"https:\/\/www.hqts.com\/es\/servicios\/soluciones-sostenibles\/servicios-esg\/","title":{"rendered":"Servicios ESG"},"content":{"rendered":"<p>HQTS est\u00e1 listo para ayudarlo a desarrollar una estrategia sostenible a largo plazo mediante la implementaci\u00f3n de procesos de gesti\u00f3n de la sostenibilidad con enfoques basados \u200b\u200ben riesgos y un enfoque de materialidad. Los informes de calificaci\u00f3n de sustentabilidad y ESG (ambiental, social y gubernamental) est\u00e1n pasando de requisitos voluntarios a obligatorios en la mayor\u00eda de los mercados para fomentar la creaci\u00f3n de valor a largo plazo y una econom\u00eda sustentable.<\/p>\n<p><strong>Nuestros servicios incluyen:<\/strong><\/p>\n<h4>Consultor\u00eda de informes ESG<\/h4>\n<p>Para evaluar la precisi\u00f3n e integridad de la divulgaci\u00f3n del informe ESG, ayudamos a los accionistas a verificar y validar el informe ESG mediante la aplicaci\u00f3n de las normas de auditor\u00eda y garant\u00eda ISAE (Norma internacional sobre compromisos de aseguramiento).<\/p>\n<h4>Verificaci\u00f3n y auditor\u00eda ESG de proveedores<\/h4>\n<p>Las auditor\u00edas ambientales son una evaluaci\u00f3n independiente que revisa el estado de cumplimiento legal y ambiental de la organizaci\u00f3n en un contexto operativo. Examina la cantidad de da\u00f1o que puede causar la entidad\/organizaci\u00f3n evaluada y determina los riesgos potenciales de contaminaci\u00f3n y los impactos ambientales correspondientes, que luego pueden implementarse para ayudar a mejorar el impacto ambiental de la organizaci\u00f3n.<\/p>\n<p>HQTS proporciona una soluci\u00f3n racional y rentable para evitar problemas de cumplimiento social con nuestro servicio de Auditor\u00eda de Cumplimiento Social o auditor\u00eda \u00e9tica. Empleando un enfoque m\u00faltiple utilizando t\u00e9cnicas de investigaci\u00f3n comprobadas para recopilar y corroborar informaci\u00f3n de la f\u00e1brica, nuestros auditores en su idioma nativo realizan entrevistas confidenciales integrales con el personal, analizan registros y eval\u00faan todas las operaciones de la f\u00e1brica en funci\u00f3n de puntos de referencia de cumplimiento reconocidos a nivel mundial.<\/p>\n<h4>Formaci\u00f3n GRI (Global Reporting Initiative)<\/h4>\n<p>GRI (Global Reporting Initiative) ha desarrollado marcos de informes para la divulgaci\u00f3n ambiental, social y de gobernanza desde octubre de 2016. Los est\u00e1ndares GRI son los primeros est\u00e1ndares globales para informes de sostenibilidad y han sido ampliamente adoptados por las compa\u00f1\u00edas Global Fortune 500.<\/p>\n<p>HQTS proporciona formaci\u00f3n GRI aprobada por GRI. Al finalizar el curso, usted ser\u00e1 capaz de:<\/p>\n<ul>\n<li>Comprender los conocimientos fundamentales del desarrollo sostenible y la relaci\u00f3n con otros est\u00e1ndares de sostenibilidad.<\/li>\n<li>Conozer las m\u00e9tricas en los est\u00e1ndares GRI y los requisitos del proceso de informes<\/li>\n<li>Adoptar el enfoque de materialidad y participaci\u00f3n de las partes interesadas<\/li>\n<li>Desarrollar un reporte de sustentabilidad sustentado en la construcci\u00f3n de un sistema y procesos eficientes con enfoque de sustentabilidad.<\/li>\n<\/ul>\n","protected":false},"excerpt":{"rendered":"<p>HQTS est\u00e1 listo para ayudarlo a desarrollar una estrategia sostenible a largo plazo mediante la implementaci\u00f3n de procesos de gesti\u00f3n de la sostenibilidad con enfoques basados \u200b\u200ben riesgos y un enfoque de materialidad. Los informes de calificaci\u00f3n de sustentabilidad y ESG (ambiental, social y gubernamental) est\u00e1n pasando de requisitos voluntarios a obligatorios en la mayor\u00eda [&hellip;]<\/p>\n","protected":false},"author":12,"featured_media":117582,"parent":119796,"menu_order":0,"comment_status":"closed","ping_status":"closed","template":"","meta":{"_acf_changed":false,"footnotes":""},"class_list":["post-119801","page","type-page","status-publish","has-post-thumbnail","hentry"],"acf":[],"_links":{"self":[{"href":"https:\/\/www.hqts.com\/es\/wp-json\/wp\/v2\/pages\/119801","targetHints":{"allow":["GET"]}}],"collection":[{"href":"https:\/\/www.hqts.com\/es\/wp-json\/wp\/v2\/pages"}],"about":[{"href":"https:\/\/www.hqts.com\/es\/wp-json\/wp\/v2\/types\/page"}],"author":[{"embeddable":true,"href":"https:\/\/www.hqts.com\/es\/wp-json\/wp\/v2\/users\/12"}],"replies":[{"embeddable":true,"href":"https:\/\/www.hqts.com\/es\/wp-json\/wp\/v2\/comments?post=119801"}],"version-history":[{"count":1,"href":"https:\/\/www.hqts.com\/es\/wp-json\/wp\/v2\/pages\/119801\/revisions"}],"predecessor-version":[{"id":119802,"href":"https:\/\/www.hqts.com\/es\/wp-json\/wp\/v2\/pages\/119801\/revisions\/119802"}],"up":[{"embeddable":true,"href":"https:\/\/www.hqts.com\/es\/wp-json\/wp\/v2\/pages\/119796"}],"wp:featuredmedia":[{"embeddable":true,"href":"https:\/\/www.hqts.com\/es\/wp-json\/wp\/v2\/media\/117582"}],"wp:attachment":[{"href":"https:\/\/www.hqts.com\/es\/wp-json\/wp\/v2\/media?parent=119801"}],"curies":[{"name":"wp","href":"https:\/\/api.w.org\/{rel}","templated":true}]}}