{"id":119808,"date":"2022-04-29T03:12:13","date_gmt":"2022-04-29T03:12:13","guid":{"rendered":"https:\/\/www.hqts.com\/?page_id=119808"},"modified":"2022-04-29T03:12:13","modified_gmt":"2022-04-29T03:12:13","slug":"certificados-de-conformidad","status":"publish","type":"page","link":"https:\/\/www.hqts.com\/es\/servicios\/certificados-de-conformidad\/","title":{"rendered":"Certificados de Conformidad"},"content":{"rendered":"<p>Ciertos pa\u00edses requieren un\u00a0Certificado de Conformidad para garantizar un despacho de aduanas sin problemas de los env\u00edos,\u00a0El Certificado de Conformidad verifica que los productos regulados cumplan con las Regulaciones locales pertinentes y los est\u00e1ndares aprobados. Sin un CoC, los productos pueden ser incautados, confiscados y, en algunos casos, destruidos.<\/p>\n<p>Nuestros servicios COC<\/p>\n<ul>\n<li>Certificado de conformidad de Irak (COC y COI)<\/li>\n<\/ul>\n<p>&nbsp;<\/p>\n<p>Otros Servicios Gubernamentales<\/p>\n<ul>\n<li>Inspecciones previas al env\u00edo de Uzbekist\u00e1n<\/li>\n<li>Inspecciones previas al env\u00edo de plaguicidas en Pakist\u00e1n<\/li>\n<\/ul>\n<p>&nbsp;<\/p>\n<p>HQTS tiene m\u00e1s de 25 a\u00f1os de experiencia en control de calidad. Con m\u00e1s de 80 oficinas en todo el mundo, incluida Bagdad. HQTS est\u00e1 listo para ser su proveedor de servicios de calidad en cada paso del proceso. Ofrecemos servicios r\u00e1pidos, flexibles y confiables para todas sus necesidades de inspecci\u00f3n.<\/p>\n","protected":false},"excerpt":{"rendered":"<p>Ciertos pa\u00edses requieren un\u00a0Certificado de Conformidad para garantizar un despacho de aduanas sin problemas de los env\u00edos,\u00a0El Certificado de Conformidad verifica que los productos regulados cumplan con las Regulaciones locales pertinentes y los est\u00e1ndares aprobados. Sin un CoC, los productos pueden ser incautados, confiscados y, en algunos casos, destruidos. Nuestros servicios COC Certificado de conformidad [&hellip;]<\/p>\n","protected":false},"author":12,"featured_media":75679,"parent":76155,"menu_order":0,"comment_status":"closed","ping_status":"closed","template":"","meta":{"_acf_changed":false,"footnotes":""},"class_list":["post-119808","page","type-page","status-publish","has-post-thumbnail","hentry"],"acf":[],"_links":{"self":[{"href":"https:\/\/www.hqts.com\/es\/wp-json\/wp\/v2\/pages\/119808","targetHints":{"allow":["GET"]}}],"collection":[{"href":"https:\/\/www.hqts.com\/es\/wp-json\/wp\/v2\/pages"}],"about":[{"href":"https:\/\/www.hqts.com\/es\/wp-json\/wp\/v2\/types\/page"}],"author":[{"embeddable":true,"href":"https:\/\/www.hqts.com\/es\/wp-json\/wp\/v2\/users\/12"}],"replies":[{"embeddable":true,"href":"https:\/\/www.hqts.com\/es\/wp-json\/wp\/v2\/comments?post=119808"}],"version-history":[{"count":1,"href":"https:\/\/www.hqts.com\/es\/wp-json\/wp\/v2\/pages\/119808\/revisions"}],"predecessor-version":[{"id":119809,"href":"https:\/\/www.hqts.com\/es\/wp-json\/wp\/v2\/pages\/119808\/revisions\/119809"}],"up":[{"embeddable":true,"href":"https:\/\/www.hqts.com\/es\/wp-json\/wp\/v2\/pages\/76155"}],"wp:featuredmedia":[{"embeddable":true,"href":"https:\/\/www.hqts.com\/es\/wp-json\/wp\/v2\/media\/75679"}],"wp:attachment":[{"href":"https:\/\/www.hqts.com\/es\/wp-json\/wp\/v2\/media?parent=119808"}],"curies":[{"name":"wp","href":"https:\/\/api.w.org\/{rel}","templated":true}]}}