{"id":128673,"date":"2022-11-25T10:28:20","date_gmt":"2022-11-25T10:28:20","guid":{"rendered":"https:\/\/www.hqts.com\/?page_id=128673"},"modified":"2023-05-22T09:00:55","modified_gmt":"2023-05-22T09:00:55","slug":"empresa-control-calidad-uk-reino-unido","status":"publish","type":"page","link":"https:\/\/www.hqts.com\/es\/sobre-nosotros\/empresa-control-calidad-uk-reino-unido\/","title":{"rendered":"Oficina Regional para el Reino Unido"},"content":{"rendered":"<h1>Control de calidad para Europa y Reino Unido<\/h1>\n<p>HQTS es la empresa l\u00edder en control de calidad de productos y servicios a nivel mundial. La empresa tiene una oficina local en el Reino Unido (RU) y puede proporcionar servicios de control de calidad local para clientes de toda Gran Breta\u00f1a y otros pa\u00edses de Europa como Alemania, Espa\u00f1a, Francia, Italia, Pa\u00edses Bajos, B\u00e9lgica y Polonia.<\/p>\n<p><strong>Oficina regional de HQTS en el Reino Unido:<\/strong><\/p>\n<p>Potters Bar, Hertfordshire, Reino Unido<br \/>\n1.\u00aa Casa Metropolitana Darkes Lane, EN61AG<br \/>\n+44 (0)7763035940<\/p>\n<p>inquiry@hqts.com<\/p>\n<p>HQTS tiene a\u00f1os de experiencia trabajando con empresas locales en todo tipo de industrias, tales como:<br \/>\nLa industria minorista: supermercados, grandes almacenes, marcas minoristas, comercio electr\u00f3nico. bienes industriales e institucionales,\u00a0 industria pesada, ingenier\u00eda, alimentaci\u00f3n y agricultura: productos frescos, pescados y mariscos, y envasados.<\/p>\n<p>Nuestros clientes con sede en el Reino Unido y Europa pueden utilizar nuestra red de servicio inigualable, disponible en m\u00e1s de 40 pa\u00edses y regiones de todo el mundo, para solicitar r\u00e1pidamente especialistas t\u00e9cnicos calificados en todos los rincones del mundo.<\/p>\n<h3>Nuestros Servicios de Control de Calidad en Europa y Reino Unido<\/h3>\n<p>Establecida en 1987, HQTS puede brindar una variedad de servicios de garant\u00eda de calidad para nuestros clientes en Europa y el Reino Unido. Estos servicios incluyen, entre otros, controles de f\u00e1brica\/proveedor, monitoreo de producci\u00f3n, supervisi\u00f3n de proyectos, inspecci\u00f3n de control de calidad y m\u00e1s.<\/p>\n<p>Somos su socio en el control de calidad, sin importar en qu\u00e9 industria opere.<\/p>\n<h3>Auditor\u00edas de F\u00e1brica y Proveedores<\/h3>\n<p>HQTS tiene a\u00f1os de experiencia realizando auditor\u00edas de proveedores y f\u00e1bricas en nombre de nuestros clientes. Nuestros empleados experimentados evaluar\u00e1n rigurosamente a las empresas en funci\u00f3n de sus instalaciones, pol\u00edticas y procedimientos, y registrar\u00e1n todo de manera transparente.<\/p>\n<h3>Inspecciones de control de calidad<\/h3>\n<p>Inspeccionar un producto de un proveedor o fabricante utilizando una empresa externa objetiva como HQTS es fundamental cuando se trata de garantizar la calidad del producto. Gracias a nuestra presencia global, podemos ofrecer nuestros servicios de inspecci\u00f3n a nivel mundial e ir in situ con poca antelaci\u00f3n. Nuestros inspectores experimentados siguen una lista de verificaci\u00f3n rigurosa y documentar\u00e1n la inspecci\u00f3n de forma transparente mediante un informe de prueba.<\/p>\n<h3>Certificado de conformidad<\/h3>\n<p>El Certificado de Conformidad (COC) es una certificaci\u00f3n otorgada por un organismo autorizado de que un producto cumple con los reglamentos y normas del pa\u00eds de origen. HQTS puede emitir un Certificado de Conformidad de Irak a empresas en los Emiratos \u00c1rabes Unidos y la regi\u00f3n que buscan exportar bienes a Irak. Adem\u00e1s, podemos ayudar con los siguientes servicios gubernamentales:<\/p>\n<p>Tambi\u00e9n brindamos otros servicios gubernamentales en la regi\u00f3n, que incluyen:<\/p>\n<ul>\n<li>Inspecciones previas al env\u00edo de Uzbekist\u00e1n<\/li>\n<li>Irak COC\/COI<\/li>\n<li>Inspecciones previas al env\u00edo de plaguicidas en Pakist\u00e1n<\/li>\n<li>Uganda PVoC<\/li>\n<\/ul>\n<h3>HQTS est\u00e1 acreditado por:<\/h3>\n<ul>\n<li>CNAS contra ISO 17020 y 17025;certificado CMA<\/li>\n<li>Certificado de calificaci\u00f3n para la instituci\u00f3n de inspecci\u00f3n e inspecci\u00f3n de productos b\u00e1sicos de importaci\u00f3n y exportaci\u00f3n<\/li>\n<li>Inspecci\u00f3n de entrada y salida de China y certificado de miembro de la rama de la organizaci\u00f3n de encuesta e inspecci\u00f3n de productos b\u00e1sicos de importaci\u00f3n y exportaci\u00f3n de la asociaci\u00f3n de cuarentena<\/li>\n<li>Certificado de empresas de alta tecnolog\u00eda de Hangzhou<\/li>\n<li>Certificado de Miembro del Consejo de la Asociaci\u00f3n de Comercio Electr\u00f3nico de la Provincia de Cant\u00f3n<\/li>\n<li>Certificado de miembro de la Asociaci\u00f3n de la industria de dispositivos m\u00e9dicos de la provincia de Zhejiang<\/li>\n<li>Certificado de miembro de la Asociaci\u00f3n de comercio electr\u00f3nico transfronterizo de Shenzhen<\/li>\n<li>Miembro del Comit\u00e9 T\u00e9cnico de Normalizaci\u00f3n de la Federaci\u00f3n de la Industria Textil<\/li>\n<\/ul>\n","protected":false},"excerpt":{"rendered":"<p>Control de calidad para Europa y Reino Unido HQTS es la empresa l\u00edder en control de calidad de productos y servicios a nivel mundial. La empresa tiene una oficina local en el Reino Unido (RU) y puede proporcionar servicios de control de calidad local para clientes de toda Gran Breta\u00f1a y otros pa\u00edses de Europa [&hellip;]<\/p>\n","protected":false},"author":12,"featured_media":121904,"parent":77370,"menu_order":0,"comment_status":"closed","ping_status":"closed","template":"","meta":{"_acf_changed":false,"footnotes":""},"class_list":["post-128673","page","type-page","status-publish","has-post-thumbnail","hentry"],"acf":[],"_links":{"self":[{"href":"https:\/\/www.hqts.com\/es\/wp-json\/wp\/v2\/pages\/128673","targetHints":{"allow":["GET"]}}],"collection":[{"href":"https:\/\/www.hqts.com\/es\/wp-json\/wp\/v2\/pages"}],"about":[{"href":"https:\/\/www.hqts.com\/es\/wp-json\/wp\/v2\/types\/page"}],"author":[{"embeddable":true,"href":"https:\/\/www.hqts.com\/es\/wp-json\/wp\/v2\/users\/12"}],"replies":[{"embeddable":true,"href":"https:\/\/www.hqts.com\/es\/wp-json\/wp\/v2\/comments?post=128673"}],"version-history":[{"count":3,"href":"https:\/\/www.hqts.com\/es\/wp-json\/wp\/v2\/pages\/128673\/revisions"}],"predecessor-version":[{"id":142125,"href":"https:\/\/www.hqts.com\/es\/wp-json\/wp\/v2\/pages\/128673\/revisions\/142125"}],"up":[{"embeddable":true,"href":"https:\/\/www.hqts.com\/es\/wp-json\/wp\/v2\/pages\/77370"}],"wp:featuredmedia":[{"embeddable":true,"href":"https:\/\/www.hqts.com\/es\/wp-json\/wp\/v2\/media\/121904"}],"wp:attachment":[{"href":"https:\/\/www.hqts.com\/es\/wp-json\/wp\/v2\/media?parent=128673"}],"curies":[{"name":"wp","href":"https:\/\/api.w.org\/{rel}","templated":true}]}}