{"id":132767,"date":"2024-09-16T15:15:01","date_gmt":"2024-09-16T15:15:01","guid":{"rendered":"https:\/\/www.hqts.com\/?page_id=132767"},"modified":"2024-09-16T15:15:01","modified_gmt":"2024-09-16T15:15:01","slug":"oficina-regional-control-de-calidad-en-dubai","status":"publish","type":"page","link":"https:\/\/www.hqts.com\/es\/sobre-nosotros\/oficina-regional-control-de-calidad-en-dubai\/","title":{"rendered":"Oficina Regional: Control de Calidad en Dubai"},"content":{"rendered":"<h2>Control de calidad para Oriente Medio<\/h2>\n<p>Durante d\u00e9cadas, el Medio Oriente ha sido un lugar clave para m\u00faltiples industrias, desde petr\u00f3leo y gas, construcci\u00f3n e infraestructura, hasta manufactura de alta tecnolog\u00eda y tecnolog\u00eda ecol\u00f3gica.<\/p>\n<p>La regi\u00f3n importa muchos equipos esenciales, herramientas, maquinaria y bienes que no son de consumo de otros pa\u00edses del mundo, incluidos China, India y Estados Unidos, entre otros.<\/p>\n<p>Con nuestro alcance global y m\u00e1s de 25 a\u00f1os de experiencia, nuestro equipo est\u00e1 listo para ayudarlo con una amplia gama de servicios que abarcan muchas industrias verticales.<\/p>\n<p>La oficina regional de HQTS en Dub\u00e1i sirve como su socio de control de calidad en Oriente Medio.<\/p>\n<p><strong>Direcci\u00f3n de la oficina:<\/strong><\/p>\n<p>Oficina 1: Piso 11, 1101, International Business Tower, Business Bay Area, Dub\u00e1i, Emiratos \u00c1rabes Unidos.<\/p>\n<p>Oficina 2: Unidad n.\u00b0: YCBC-D39 Preatoni Tower Parcela n.\u00b0: JLT-PH1-L2A Jumeirah Lakes Towers, Dub\u00e1i, Emiratos \u00c1rabes Unidos<\/p>\n<p>Correo electr\u00f3nico: consulta@hqts.com<\/p>\n<h3>Nuestros servicios de control de calidad en el Medio Oriente<\/h3>\n<p>HQTS es una empresa de control de calidad de primer nivel que ofrece sus servicios de control de calidad para las principales industrias del mundo. Es una de las empresas de inspecci\u00f3n m\u00e1s conocidas del mundo, establecida en 1987 en China.<\/p>\n<p>Podemos proporcionar una gama de servicios de garant\u00eda de calidad para nuestros clientes en el Medio Oriente. Estos servicios incluyen, entre otros, controles de f\u00e1brica\/proveedor, monitoreo de producci\u00f3n, supervisi\u00f3n de proyectos, inspecci\u00f3n de control de calidad y m\u00e1s.<\/p>\n<h3>Inspecciones de control de calidad<\/h3>\n<p>Inspeccionar un producto de un proveedor o fabricante utilizando una empresa externa objetiva como HQTS es fundamental cuando se trata de garantizar la calidad del producto. Gracias a nuestra presencia global, podemos ofrecer nuestros servicios de inspecci\u00f3n a nivel mundial e ir in situ con poca antelaci\u00f3n. Nuestros inspectores experimentados siguen una lista de verificaci\u00f3n rigurosa y documentar\u00e1n la inspecci\u00f3n de forma transparente mediante un informe de prueba.<\/p>\n<h3>Certificado de conformidad<\/h3>\n<p>El Certificado de Conformidad (COC) es una certificaci\u00f3n otorgada por un organismo autorizado de que un producto cumple con los reglamentos y normas del pa\u00eds de origen. HQTS puede emitir un Certificado de Conformidad de Irak a empresas en los Emiratos \u00c1rabes Unidos y la regi\u00f3n que buscan exportar bienes a Irak. Adem\u00e1s, podemos ayudar con los siguientes servicios gubernamentales:<\/p>\n<p>Tambi\u00e9n brindamos otros servicios gubernamentales en la regi\u00f3n, que incluyen:<\/p>\n<ul>\n<li>Inspecciones previas al env\u00edo de Uzbekist\u00e1n<\/li>\n<li>Irak COC\/COI<\/li>\n<li>Inspecciones previas al env\u00edo de plaguicidas en Pakist\u00e1n<\/li>\n<\/ul>\n<h3>Auditor\u00edas de F\u00e1brica y Proveedores<\/h3>\n<p>HQTS tiene a\u00f1os de experiencia realizando auditor\u00edas de proveedores y f\u00e1bricas en nombre de nuestros clientes. Nuestros empleados experimentados evaluar\u00e1n rigurosamente a las empresas en funci\u00f3n de sus instalaciones, pol\u00edticas y procedimientos, y registrar\u00e1n todo de manera transparente.<\/p>\n<p>&nbsp;<\/p>\n<p>Acreditado por:<\/p>\n<ul>\n<li>CNAS contra ISO 17020 y 17025; certificado CMA<\/li>\n<li>Certificado de calificaci\u00f3n para la instituci\u00f3n de inspecci\u00f3n e inspecci\u00f3n de productos b\u00e1sicos de importaci\u00f3n y exportaci\u00f3n<\/li>\n<li>Inspecci\u00f3n de entrada y salida de China y certificado de miembro de la rama de la organizaci\u00f3n de encuesta e inspecci\u00f3n de productos b\u00e1sicos de importaci\u00f3n y exportaci\u00f3n de la asociaci\u00f3n de cuarentena<\/li>\n<li>Certificado de empresas de alta tecnolog\u00eda de Hangzhou<\/li>\n<li>Certificado de Miembro del Consejo de la Asociaci\u00f3n de Comercio Electr\u00f3nico de la Provincia de Cant\u00f3n<\/li>\n<li>Certificado de miembro de la Asociaci\u00f3n de la industria de dispositivos m\u00e9dicos de la provincia de Zhejiang<\/li>\n<li>Certificado de miembro de la Asociaci\u00f3n de comercio electr\u00f3nico transfronterizo de Shenzhen<\/li>\n<li>Miembro del Comit\u00e9 T\u00e9cnico de Normalizaci\u00f3n de la Federaci\u00f3n de la Industria Textil<\/li>\n<\/ul>\n","protected":false},"excerpt":{"rendered":"<p>Control de calidad para Oriente Medio Durante d\u00e9cadas, el Medio Oriente ha sido un lugar clave para m\u00faltiples industrias, desde petr\u00f3leo y gas, construcci\u00f3n e infraestructura, hasta manufactura de alta tecnolog\u00eda y tecnolog\u00eda ecol\u00f3gica. La regi\u00f3n importa muchos equipos esenciales, herramientas, maquinaria y bienes que no son de consumo de otros pa\u00edses del mundo, incluidos [&hellip;]<\/p>\n","protected":false},"author":17,"featured_media":121565,"parent":77370,"menu_order":0,"comment_status":"closed","ping_status":"closed","template":"","meta":{"_acf_changed":false,"footnotes":""},"class_list":["post-132767","page","type-page","status-publish","has-post-thumbnail","hentry"],"acf":[],"_links":{"self":[{"href":"https:\/\/www.hqts.com\/es\/wp-json\/wp\/v2\/pages\/132767","targetHints":{"allow":["GET"]}}],"collection":[{"href":"https:\/\/www.hqts.com\/es\/wp-json\/wp\/v2\/pages"}],"about":[{"href":"https:\/\/www.hqts.com\/es\/wp-json\/wp\/v2\/types\/page"}],"author":[{"embeddable":true,"href":"https:\/\/www.hqts.com\/es\/wp-json\/wp\/v2\/users\/17"}],"replies":[{"embeddable":true,"href":"https:\/\/www.hqts.com\/es\/wp-json\/wp\/v2\/comments?post=132767"}],"version-history":[{"count":1,"href":"https:\/\/www.hqts.com\/es\/wp-json\/wp\/v2\/pages\/132767\/revisions"}],"predecessor-version":[{"id":168959,"href":"https:\/\/www.hqts.com\/es\/wp-json\/wp\/v2\/pages\/132767\/revisions\/168959"}],"up":[{"embeddable":true,"href":"https:\/\/www.hqts.com\/es\/wp-json\/wp\/v2\/pages\/77370"}],"wp:featuredmedia":[{"embeddable":true,"href":"https:\/\/www.hqts.com\/es\/wp-json\/wp\/v2\/media\/121565"}],"wp:attachment":[{"href":"https:\/\/www.hqts.com\/es\/wp-json\/wp\/v2\/media?parent=132767"}],"curies":[{"name":"wp","href":"https:\/\/api.w.org\/{rel}","templated":true}]}}