{"id":132972,"date":"2023-02-28T07:23:22","date_gmt":"2023-02-28T07:23:22","guid":{"rendered":"https:\/\/www.hqts.com\/?page_id=132972"},"modified":"2023-02-28T07:23:37","modified_gmt":"2023-02-28T07:23:37","slug":"inspeccion-ropa-deportiva","status":"publish","type":"page","link":"https:\/\/www.hqts.com\/es\/industrias\/consumo\/inspeccion-ropa-deportiva\/","title":{"rendered":"Inspecci\u00f3n y control de calidad de ropa deportiva"},"content":{"rendered":"<p>En HQTS, comprendemos la importancia de producir ropa deportiva de alta calidad que satisfaga las crecientes expectativas de los consumidores. Nuestros servicios integrales de control de calidad de ropa deportiva para ropa deportiva cubren todos los aspectos, desde la identificaci\u00f3n de defectos y el incumplimiento en nuestras inspecciones de control de calidad de ropa deportiva y pruebas de productos qu\u00edmicos peligrosos hasta la obtenci\u00f3n de certificaciones gubernamentales y m\u00e1s.<\/p>\n<h3>Control de Calidad de Prendas, Indumentaria y Equipos Deportivos<\/h3>\n<p>La ropa deportiva a menudo est\u00e1 sujeta a normas y est\u00e1ndares de productos estrictos, como el etiquetado textil, los requisitos de contenido de fibra, la durabilidad, REACH, los est\u00e1ndares ASTM y la inflamabilidad.<\/p>\n<p>HQTS ha sido un l\u00edder de la industria en la prestaci\u00f3n de servicios de control de calidad para prendas y textiles deportivos durante d\u00e9cadas. Estamos acreditados por CNAS ISO17020:2012 para inspecciones e ISO17025:2005 para pruebas y tenemos laboratorios de prueba de productos en regiones clave de fabricaci\u00f3n.<\/p>\n<p>Nuestros expertos t\u00e9cnicos e inspectores tienen un profundo conocimiento de la industria de la ropa deportiva y los requisitos espec\u00edficos para las prendas deportivas. Ya sea que se trate de inspeccionar si sus productos cumplen con los est\u00e1ndares de productos de ropa deportiva o de examinar las prendas en busca de productos qu\u00edmicos peligrosos, estamos aqu\u00ed para ayudarlo.<\/p>\n<p><strong>Nuestros servicios incluyen:<\/strong><\/p>\n<ul>\n<li>Inspecciones previas a la producci\u00f3n<\/li>\n<li>Durante las inspecciones<\/li>\n<li>Inspecciones previas al env\u00edo<\/li>\n<li>Inspecciones pieza por pieza<\/li>\n<li>Auditor\u00edas de proveedores y f\u00e1bricas<\/li>\n<li>Certificaciones gubernamentales y de productos<\/li>\n<li>Consultor\u00eda<\/li>\n<\/ul>\n<p>&nbsp;<\/p>\n<p>Adem\u00e1s, ofrecemos pruebas de laboratorio de ropa deportiva para una serie de pruebas, que incluyen prueba de resistencia a la evaporaci\u00f3n, prueba de transpirabilidad, estiramiento y recuperaci\u00f3n, prueba de resistencia al desgarro, solidez del color, REACH y m\u00e1s.<\/p>\n<p>Al elegir nuestros servicios de control de calidad para prendas deportivas, puede estar tranquilo sabiendo que sus productos cumplir\u00e1n con los m\u00e1s altos est\u00e1ndares. Cont\u00e1ctenos hoy para aprender m\u00e1s y discutir sus necesidades espec\u00edficas.<\/p>\n","protected":false},"excerpt":{"rendered":"<p>En HQTS, comprendemos la importancia de producir ropa deportiva de alta calidad que satisfaga las crecientes expectativas de los consumidores. Nuestros servicios integrales de control de calidad de ropa deportiva para ropa deportiva cubren todos los aspectos, desde la identificaci\u00f3n de defectos y el incumplimiento en nuestras inspecciones de control de calidad de ropa deportiva [&hellip;]<\/p>\n","protected":false},"author":17,"featured_media":132996,"parent":76451,"menu_order":28,"comment_status":"closed","ping_status":"closed","template":"","meta":{"_acf_changed":false,"footnotes":""},"class_list":["post-132972","page","type-page","status-publish","has-post-thumbnail","hentry"],"acf":[],"_links":{"self":[{"href":"https:\/\/www.hqts.com\/es\/wp-json\/wp\/v2\/pages\/132972","targetHints":{"allow":["GET"]}}],"collection":[{"href":"https:\/\/www.hqts.com\/es\/wp-json\/wp\/v2\/pages"}],"about":[{"href":"https:\/\/www.hqts.com\/es\/wp-json\/wp\/v2\/types\/page"}],"author":[{"embeddable":true,"href":"https:\/\/www.hqts.com\/es\/wp-json\/wp\/v2\/users\/17"}],"replies":[{"embeddable":true,"href":"https:\/\/www.hqts.com\/es\/wp-json\/wp\/v2\/comments?post=132972"}],"version-history":[{"count":2,"href":"https:\/\/www.hqts.com\/es\/wp-json\/wp\/v2\/pages\/132972\/revisions"}],"predecessor-version":[{"id":135931,"href":"https:\/\/www.hqts.com\/es\/wp-json\/wp\/v2\/pages\/132972\/revisions\/135931"}],"up":[{"embeddable":true,"href":"https:\/\/www.hqts.com\/es\/wp-json\/wp\/v2\/pages\/76451"}],"wp:featuredmedia":[{"embeddable":true,"href":"https:\/\/www.hqts.com\/es\/wp-json\/wp\/v2\/media\/132996"}],"wp:attachment":[{"href":"https:\/\/www.hqts.com\/es\/wp-json\/wp\/v2\/media?parent=132972"}],"curies":[{"name":"wp","href":"https:\/\/api.w.org\/{rel}","templated":true}]}}