{"id":133875,"date":"2023-02-27T15:19:45","date_gmt":"2023-02-27T15:19:45","guid":{"rendered":"https:\/\/www.hqts.com\/?page_id=133875"},"modified":"2023-03-22T15:47:12","modified_gmt":"2023-03-22T15:47:12","slug":"inspecciones-lamparas-iluminacion-led","status":"publish","type":"page","link":"https:\/\/www.hqts.com\/es\/industrias\/consumo\/electronica\/inspecciones-lamparas-iluminacion-led\/","title":{"rendered":"Control de calidad de productos de iluminaci\u00f3n CA, LED y l\u00e1mparas"},"content":{"rendered":"<p><strong>Aseg\u00farese de que los productos que entrega a sus clientes sean de alta calidad, seguros de usar y que cumplan con las normas en todo momento.<\/strong><\/p>\n<p>El control de calidad juega un papel importante para garantizar que los productos de iluminaci\u00f3n entregados a sus clientes cumplan con las normas de seguridad, como los est\u00e1ndares de seguridad UL, la marca CE y RoHS, y cumplan con los est\u00e1ndares y expectativas de alta calidad cada vez mayores de los consumidores.<\/p>\n<h3>Control de calidad para productos de iluminaci\u00f3n de CA, LED y l\u00e1mparas<\/h3>\n<p>HQTS es una empresa l\u00edder en control de calidad con un historial comprobado de \u00e9xito como socio confiable de control de calidad para empresas en el sector de la iluminaci\u00f3n. Nuestro equipo ha dise\u00f1ado una gama de servicios de control de calidad para la industria electr\u00f3nica. Ya sea que necesite inspeccionar iluminaci\u00f3n LED, marcos y piezas de accesorios de iluminaci\u00f3n o l\u00e1mparas y componentes, podemos ayudarlo a controlar que sus est\u00e1ndares de calidad de iluminaci\u00f3n se mantengan durante todo el proceso de producci\u00f3n.<\/p>\n<h3>Inspecciones de calidad de productos de iluminaci\u00f3n<\/h3>\n<p><strong>Nuestros servicios de inspecci\u00f3n de calidad para la industria de iluminaci\u00f3n LED, CA y l\u00e1mparas incluyen lo siguiente:<\/strong><\/p>\n<ul>\n<li>Inspecci\u00f3n de materiales entrantes\/antes de la producci\u00f3n: Nuestros inspectores verificar\u00e1n la calidad de las materias primas y los componentes antes de que se utilicen en el proceso de fabricaci\u00f3n de iluminaci\u00f3n.<\/li>\n<li>Durante la inspecci\u00f3n de producci\u00f3n (DPI): se examinar\u00e1 la apariencia, la construcci\u00f3n y la funci\u00f3n de AC, LED u otras piezas de iluminaci\u00f3n para garantizar que se cumplan los requisitos y especificaciones de calidad.<\/li>\n<li>Inspecci\u00f3n previa al env\u00edo (PSI): seleccionaremos una muestra aleatoria de LED terminados u otros productos de iluminaci\u00f3n antes del env\u00edo para verificar que cumplan con sus requisitos y est\u00e1ndares de calidad, incluida la evaluaci\u00f3n de la apariencia general, la mano de obra, la funci\u00f3n, la seguridad y otras especificaciones.<\/li>\n<li>Inspecci\u00f3n pieza por pieza: verifique cada art\u00edculo en el paquete, incluido un examen visual meticuloso y una evaluaci\u00f3n de la artesan\u00eda.<\/li>\n<\/ul>\n<p>&nbsp;<\/p>\n<h3>Auditor\u00edas para la Industria de la Iluminaci\u00f3n<\/h3>\n<p><strong>HQTS puede ayudarlo a verificar la legitimidad de su fabricante y analizar la condici\u00f3n, las fortalezas y las debilidades de su proveedor.<\/strong><\/p>\n<ul>\n<li>Auditor\u00eda de f\u00e1brica: una evaluaci\u00f3n independiente de los sistemas de control de calidad, maquinaria, instalaciones, equipos y capacidad de producci\u00f3n del fabricante.<\/li>\n<li>Auditor\u00eda de proveedores: Comprobaci\u00f3n de la informaci\u00f3n legal de la empresa, informaci\u00f3n bancaria, recursos humanos, capacidades de exportaci\u00f3n y m\u00e1s.<\/li>\n<\/ul>\n<h3>Pruebas de laboratorio para productos de iluminaci\u00f3n<\/h3>\n<p>En HQTS, tenemos nuestro laboratorio interno y una red de laboratorios asociados en todo el mundo. Ofrecemos varios servicios de prueba, que incluyen prueba funcional, prueba de durabilidad, prueba RoHS, marcado CE, empaque ISTA y m\u00e1s.<\/p>\n<h3>Otros Servicios para la Industria de la Iluminaci\u00f3n<\/h3>\n<p>Nuestros expertos t\u00e9cnicos e inspectores tienen amplios conocimientos y experiencia en la industria de la iluminaci\u00f3n\/LED, incluido un conocimiento profundo de las normas, los requisitos y las reglamentaciones espec\u00edficas de la industria. Ya sea que necesite una auditor\u00eda de la cadena de suministro para el cumplimiento social o asistencia para garantizar el cumplimiento de estrictos est\u00e1ndares de seguridad como UL, marca CE y RoHS, somos su socio.<\/p>\n<ul>\n<li>Certificaciones gubernamentales y de productos<\/li>\n<li>Consultor\u00eda<\/li>\n<li>Capacitaci\u00f3n<\/li>\n<li>Ingenier\u00eda de calidad<\/li>\n<\/ul>\n","protected":false},"excerpt":{"rendered":"<p>Aseg\u00farese de que los productos que entrega a sus clientes sean de alta calidad, seguros de usar y que cumplan con las normas en todo momento. El control de calidad juega un papel importante para garantizar que los productos de iluminaci\u00f3n entregados a sus clientes cumplan con las normas de seguridad, como los est\u00e1ndares de [&hellip;]<\/p>\n","protected":false},"author":17,"featured_media":133890,"parent":76667,"menu_order":28,"comment_status":"closed","ping_status":"closed","template":"","meta":{"_acf_changed":false,"footnotes":""},"class_list":["post-133875","page","type-page","status-publish","has-post-thumbnail","hentry"],"acf":[],"_links":{"self":[{"href":"https:\/\/www.hqts.com\/es\/wp-json\/wp\/v2\/pages\/133875","targetHints":{"allow":["GET"]}}],"collection":[{"href":"https:\/\/www.hqts.com\/es\/wp-json\/wp\/v2\/pages"}],"about":[{"href":"https:\/\/www.hqts.com\/es\/wp-json\/wp\/v2\/types\/page"}],"author":[{"embeddable":true,"href":"https:\/\/www.hqts.com\/es\/wp-json\/wp\/v2\/users\/17"}],"replies":[{"embeddable":true,"href":"https:\/\/www.hqts.com\/es\/wp-json\/wp\/v2\/comments?post=133875"}],"version-history":[{"count":4,"href":"https:\/\/www.hqts.com\/es\/wp-json\/wp\/v2\/pages\/133875\/revisions"}],"predecessor-version":[{"id":138001,"href":"https:\/\/www.hqts.com\/es\/wp-json\/wp\/v2\/pages\/133875\/revisions\/138001"}],"up":[{"embeddable":true,"href":"https:\/\/www.hqts.com\/es\/wp-json\/wp\/v2\/pages\/76667"}],"wp:featuredmedia":[{"embeddable":true,"href":"https:\/\/www.hqts.com\/es\/wp-json\/wp\/v2\/media\/133890"}],"wp:attachment":[{"href":"https:\/\/www.hqts.com\/es\/wp-json\/wp\/v2\/media?parent=133875"}],"curies":[{"name":"wp","href":"https:\/\/api.w.org\/{rel}","templated":true}]}}