{"id":133912,"date":"2023-02-27T14:44:48","date_gmt":"2023-02-27T14:44:48","guid":{"rendered":"https:\/\/www.hqts.com\/?page_id=133912"},"modified":"2023-02-27T15:29:58","modified_gmt":"2023-02-27T15:29:58","slug":"inspecciones-electronica","status":"publish","type":"page","link":"https:\/\/www.hqts.com\/es\/industrias\/consumo\/electronica\/inspecciones-electronica\/","title":{"rendered":"Control de calidad para electr\u00f3nica de consumo"},"content":{"rendered":"<h3>Control de calidad para electr\u00f3nica de consumo<\/h3>\n<p>Evite la frustraci\u00f3n de recibir productos electr\u00f3nicos de consumo defectuosos de sus fabricantes. En HQTS, comprendemos la importancia de garantizar la calidad y confiabilidad de sus computadoras port\u00e1tiles, tabletas u otros dispositivos electr\u00f3nicos de consumo antes de que lleguen a sus clientes.<\/p>\n<p>La industria de la electr\u00f3nica de consumo est\u00e1 sujeta a estrictos est\u00e1ndares de seguridad y marcas de conformidad, como RoHS, las regulaciones de la FCC, la directiva WEEE, la marca CE y las altas expectativas de los clientes. Sin embargo, los productos a menudo se fabrican en m\u00faltiples f\u00e1bricas, con componentes como bater\u00edas, placas de circuito impreso, circuitos integrados principales, interruptores y pantallas de innumerables proveedores. Haci\u00e9ndole m\u00e1s dif\u00edcil asegurarse de que los productos y todos sus componentes cumplan con sus est\u00e1ndares y especificaciones de calidad.<\/p>\n<h3>Control de calidad de productos electr\u00f3nicos de consumo<\/h3>\n<p>En HQTS, tenemos a\u00f1os de experiencia en el apoyo a empresas de productos electr\u00f3nicos con control de calidad en toda su cadena de suministro. Desde auditar a su fabricante, inspeccionar las placas principales de la PC y las transiciones hasta probar el cumplimiento de los dispositivos electr\u00f3nicos y emitir un certificado de conformidad para regiones espec\u00edficas.<\/p>\n<h4>Inspecciones de productos electr\u00f3nicos de consumo<\/h4>\n<p>Nuestros inspectores experimentados utilizan una lista de verificaci\u00f3n detallada para inspeccionar minuciosamente sus productos electr\u00f3nicos de consumo e incorporar sus requisitos. Las inspecciones electr\u00f3nicas est\u00e1n dise\u00f1adas para evaluar no solo la durabilidad y la artesan\u00eda del producto, sino tambi\u00e9n su rendimiento y funcionalidad. Nuestros servicios incluyen lo siguiente:<\/p>\n<ul>\n<li><strong>Inspecci\u00f3n previa a la producci\u00f3n<\/strong>: aseg\u00farese de que su fabricante de productos electr\u00f3nicos de consumo pueda comenzar la producci\u00f3n a tiempo y que todas las especificaciones del producto y los requisitos de calidad se cumplan con los m\u00e1s altos est\u00e1ndares.<\/li>\n<li><strong>Inspecci\u00f3n durante la producci\u00f3n (DPI):<\/strong> los productos se inspeccionan durante la producci\u00f3n para garantizar que cumplan con los est\u00e1ndares especificados y ayuda a identificar y resolver cualquier fuente de defectos desde el principio.<\/li>\n<li><strong>Inspecci\u00f3n previa al env\u00edo (PSI):<\/strong> inspeccione una muestra de los productos terminados para verificar que cumplan con sus requisitos y est\u00e1ndares de calidad, incluida la inspecci\u00f3n visual, la evaluaci\u00f3n de la apariencia general, la mano de obra, la funci\u00f3n, la seguridad y otras especificaciones especificadas por usted.<\/li>\n<li><strong>Inspecci\u00f3n pieza por pieza:<\/strong> una evaluaci\u00f3n de cada art\u00edculo en el lote de producci\u00f3n, eval\u00faa una variedad de variables como su funcionalidad, seguridad, artesan\u00eda y m\u00e1s.<\/li>\n<li><strong>Supervisi\u00f3n de carga:<\/strong> inspeccione el proceso de embalaje y carga para garantizar que los productos se empaquen y env\u00eden de acuerdo con los est\u00e1ndares acordados.<\/li>\n<li><strong>Verificaci\u00f3n de ensamblaje correcto:<\/strong> verifique que todos los componentes del producto est\u00e9n correctamente ensamblados y montados mediante un formulario de datos de componentes.<\/li>\n<\/ul>\n<p>&nbsp;<\/p>\n<h4>Auditor\u00edas de electr\u00f3nica de consumo<\/h4>\n<p>HQTS puede ayudar a verificar la legitimidad de su fabricante de productos electr\u00f3nicos y evaluar su sistema de calidad, los sistemas de gesti\u00f3n de calidad existentes y las capacidades de acuerdo con los est\u00e1ndares.<\/p>\n<p>Auditor\u00eda de f\u00e1brica: una evaluaci\u00f3n de los sistemas de control de calidad, la maquinaria, las instalaciones, el equipo y la capacidad de producci\u00f3n del fabricante.<br \/>\nAuditor\u00eda de proveedores: Comprobaci\u00f3n de la informaci\u00f3n legal de la empresa, informaci\u00f3n bancaria, recursos humanos, capacidades de exportaci\u00f3n y m\u00e1s.<\/p>\n<h4>Pruebas de electr\u00f3nica de consumo<\/h4>\n<p>HQTS tiene su propio laboratorio y una amplia red de laboratorios asociados en todo el mundo. Brindamos varios servicios, que incluyen pruebas funcionales, pruebas de software en el sitio, pruebas RoHS, marcado CE, pruebas de ca\u00edda de cajas y m\u00e1s.<\/p>\n<p>Otros Servicios para Consumidores Electr\u00f3nica<\/p>\n<p>Nuestros t\u00e9cnicos e inspectores tienen una larga experiencia en el sector de la electr\u00f3nica de consumo, incluido el conocimiento de las normas internacionales pertinentes y las mejores pr\u00e1cticas de gesti\u00f3n de la calidad. Estamos aqu\u00ed para ayudarlo a tener la confianza de que sus productos cumplen con sus requisitos y cumplen con las normas y est\u00e1ndares aplicables.<\/p>\n<ul>\n<li>Certificaciones gubernamentales y de productos<\/li>\n<li>Consultor\u00eda<\/li>\n<li>Capacitaci\u00f3n<\/li>\n<li>Ingenier\u00eda de calidad de proveedores<\/li>\n<\/ul>\n","protected":false},"excerpt":{"rendered":"<p>Control de calidad para electr\u00f3nica de consumo Evite la frustraci\u00f3n de recibir productos electr\u00f3nicos de consumo defectuosos de sus fabricantes. En HQTS, comprendemos la importancia de garantizar la calidad y confiabilidad de sus computadoras port\u00e1tiles, tabletas u otros dispositivos electr\u00f3nicos de consumo antes de que lleguen a sus clientes. La industria de la electr\u00f3nica de [&hellip;]<\/p>\n","protected":false},"author":17,"featured_media":133925,"parent":76667,"menu_order":28,"comment_status":"closed","ping_status":"closed","template":"","meta":{"_acf_changed":false,"footnotes":""},"class_list":["post-133912","page","type-page","status-publish","has-post-thumbnail","hentry"],"acf":[],"_links":{"self":[{"href":"https:\/\/www.hqts.com\/es\/wp-json\/wp\/v2\/pages\/133912","targetHints":{"allow":["GET"]}}],"collection":[{"href":"https:\/\/www.hqts.com\/es\/wp-json\/wp\/v2\/pages"}],"about":[{"href":"https:\/\/www.hqts.com\/es\/wp-json\/wp\/v2\/types\/page"}],"author":[{"embeddable":true,"href":"https:\/\/www.hqts.com\/es\/wp-json\/wp\/v2\/users\/17"}],"replies":[{"embeddable":true,"href":"https:\/\/www.hqts.com\/es\/wp-json\/wp\/v2\/comments?post=133912"}],"version-history":[{"count":2,"href":"https:\/\/www.hqts.com\/es\/wp-json\/wp\/v2\/pages\/133912\/revisions"}],"predecessor-version":[{"id":135734,"href":"https:\/\/www.hqts.com\/es\/wp-json\/wp\/v2\/pages\/133912\/revisions\/135734"}],"up":[{"embeddable":true,"href":"https:\/\/www.hqts.com\/es\/wp-json\/wp\/v2\/pages\/76667"}],"wp:featuredmedia":[{"embeddable":true,"href":"https:\/\/www.hqts.com\/es\/wp-json\/wp\/v2\/media\/133925"}],"wp:attachment":[{"href":"https:\/\/www.hqts.com\/es\/wp-json\/wp\/v2\/media?parent=133912"}],"curies":[{"name":"wp","href":"https:\/\/api.w.org\/{rel}","templated":true}]}}