{"id":133935,"date":"2023-02-27T15:04:46","date_gmt":"2023-02-27T15:04:46","guid":{"rendered":"https:\/\/www.hqts.com\/?page_id=133935"},"modified":"2023-02-27T15:05:24","modified_gmt":"2023-02-27T15:05:24","slug":"inspecciones-electrodomesticos","status":"publish","type":"page","link":"https:\/\/www.hqts.com\/es\/industrias\/consumo\/electronica\/inspecciones-electrodomesticos\/","title":{"rendered":"Control de calidad para electrodom\u00e9sticos"},"content":{"rendered":"<p>Con las soluciones integrales de control de calidad de HQTS especializadas en la industria de los electrodom\u00e9sticos, asegure la calidad de sus electrodom\u00e9sticos y cumpla con los est\u00e1ndares requeridos tanto por consumidores como por las autoridades.<\/p>\n<p>Los electrodom\u00e9sticos est\u00e1n sujetos a restricciones estrictas, como RoHS, Marcado CE, Directiva EMC, CCC y WEE. El cumplimiento con tales est\u00e1ndares\u00a0 puede suponer un desaf\u00edo cuando la producci\u00f3n se realiza en f\u00e1bricas a miles de kil\u00f3metros del consumidor final.<\/p>\n<p>Para garantizar el cumplimiento de las especificaciones, la seguridad y los requisitos reglamentarios, una estrategia de control de calidad bien definida es crucial para la correcta comercializaci\u00f3n de electrodom\u00e9sticos.<\/p>\n<h3>HQTS: Control de calidad en cada eslab\u00f3n de la cadena de suministro de electrodom\u00e9sticos<\/h3>\n<p>HQTS tiene d\u00e9cadas de experiencia y empresas de todo el mundo conf\u00edan en \u00e9l para ofrecer soluciones de control de calidad de productos electr\u00f3nicos. Contamos con un equipo de empleados altamente calificados y ofrecemos servicios de control de calidad de productos electr\u00f3nicos, como inspecci\u00f3n de calidad, auditor\u00edas de f\u00e1brica, pruebas y certificaci\u00f3n para electrodom\u00e9sticos, incluidos refrigeradores, lavadoras, planchas, teteras el\u00e9ctricas y m\u00e1s.<\/p>\n<h3>Inspecciones de calidad de electrodom\u00e9sticos<\/h3>\n<p>En todos nuestros servicios de inspecci\u00f3n de electrodom\u00e9sticos, nuestros inspectores evaluar\u00e1n la calidad de los electrodom\u00e9sticos utilizando una lista de verificaci\u00f3n que cubre \u00e1reas clave como mano de obra, especificaciones, funcionalidad y seguridad. Durante nuestros servicios de inspecci\u00f3n de electrodom\u00e9sticos, podemos verificar el cumplimiento del producto con UL, marca CE y otras normas de la industria y marcas de conformidad.<\/p>\n<ul>\n<li><strong>Inspecci\u00f3n previa a la producci\u00f3n:<\/strong> aseg\u00farese de que su fabricante tenga los recursos y las capacidades para cumplir con las especificaciones de su producto y los requisitos de calidad, y eval\u00fae la durabilidad de los materiales antes de que comience la producci\u00f3n.<\/li>\n<li><strong>Durante la inspecci\u00f3n de producci\u00f3n (DPI):<\/strong> Supervise el proceso de producci\u00f3n para garantizar que los productos cumplan con sus est\u00e1ndares e identifique y resuelva cualquier fuente de defectos o \u00e1reas de producci\u00f3n que requieran mejoras.<\/li>\n<li><strong>Inspecci\u00f3n previa al env\u00edo (PSI):<\/strong> inspeccione una muestra de los productos seg\u00fan el l\u00edmite de calidad aceptable para verificar que los productos cumplan con sus requisitos, incluida la inspecci\u00f3n visual, verificaci\u00f3n de cantidad, etiquetado y empaque, mano de obra, funci\u00f3n y seguridad del producto.<\/li>\n<li><strong>Inspecci\u00f3n pieza por pieza:<\/strong> verifique el rendimiento de cada electrodom\u00e9stico en el lote de acuerdo con una variedad de variables, incluida la funcionalidad, la seguridad y la artesan\u00eda.<\/li>\n<li><strong>Supervisi\u00f3n de carga:<\/strong> Supervise el proceso de embalaje y carga para asegurarse de que sus productos se embalan y env\u00edan correctamente.<\/li>\n<li><strong>Verificaci\u00f3n del ensamblaje correcto:<\/strong> aseg\u00farese de que todos los componentes est\u00e9n correctamente ensamblados y montados utilizando un formulario de datos de componentes.<\/li>\n<\/ul>\n<h3>Auditor\u00edas para Electrodom\u00e9sticos<\/h3>\n<p>Adem\u00e1s de las inspecciones, HQTS ofrece servicios de auditor\u00eda para electrodom\u00e9sticos, realizados en China, India, Vietnam u otros pa\u00edses de fabricaci\u00f3n clave, que incluyen:<\/p>\n<ul>\n<li><strong>Auditor\u00edas de f\u00e1brica:<\/strong> eval\u00fae los sistemas de control de calidad, la maquinaria, las instalaciones y la capacidad de producci\u00f3n del fabricante.<\/li>\n<li><strong>Auditor\u00edas de proveedores:<\/strong> verifique la legitimidad de su proveedor y eval\u00fae sus sistemas de gesti\u00f3n de calidad y capacidades de exportaci\u00f3n.<\/li>\n<li><strong>Auditor\u00edas de cumplimiento social:<\/strong> eval\u00fae las operaciones de la empresa en funci\u00f3n de puntos de referencia de cumplimiento reconocidos mundialmente.<\/li>\n<\/ul>\n<h3><\/h3>\n<h3>Pruebas de laboratorio para electrodom\u00e9sticos<\/h3>\n<p>Nuestro laboratorio acreditado y los laboratorios asociados est\u00e1n bien equipados para realizar pruebas completas y servicios de certificaci\u00f3n para electrodom\u00e9sticos, como pruebas de seguridad, pruebas de cumplimiento de RoHS, pruebas de ca\u00edda de cajas, revisi\u00f3n de construcci\u00f3n interna, certificaci\u00f3n de marcado CE y mucho m\u00e1s.<\/p>\n<p>Otros servicios de control de calidad de electrodom\u00e9sticos<br \/>\nEn HQTS, nuestros t\u00e9cnicos e inspectores conocen la industria de los electrodom\u00e9sticos y las mejores pr\u00e1cticas de gesti\u00f3n de calidad. Adem\u00e1s de nuestros servicios de control de calidad, ofrecemos una gama de servicios adicionales para respaldar su negocio, tales como:<\/p>\n<ul>\n<li><strong>Certificaciones gubernamentales y de productos<\/strong><\/li>\n<li><strong>Consultor\u00eda<\/strong><\/li>\n<li><strong>Capacitaci\u00f3n<\/strong><\/li>\n<li><strong>Ingenier\u00eda de calidad de proveedores<\/strong><\/li>\n<\/ul>\n","protected":false},"excerpt":{"rendered":"<p>Con las soluciones integrales de control de calidad de HQTS especializadas en la industria de los electrodom\u00e9sticos, asegure la calidad de sus electrodom\u00e9sticos y cumpla con los est\u00e1ndares requeridos tanto por consumidores como por las autoridades. Los electrodom\u00e9sticos est\u00e1n sujetos a restricciones estrictas, como RoHS, Marcado CE, Directiva EMC, CCC y WEE. El cumplimiento con [&hellip;]<\/p>\n","protected":false},"author":17,"featured_media":133943,"parent":76667,"menu_order":28,"comment_status":"closed","ping_status":"closed","template":"","meta":{"_acf_changed":false,"footnotes":""},"class_list":["post-133935","page","type-page","status-publish","has-post-thumbnail","hentry"],"acf":[],"_links":{"self":[{"href":"https:\/\/www.hqts.com\/es\/wp-json\/wp\/v2\/pages\/133935","targetHints":{"allow":["GET"]}}],"collection":[{"href":"https:\/\/www.hqts.com\/es\/wp-json\/wp\/v2\/pages"}],"about":[{"href":"https:\/\/www.hqts.com\/es\/wp-json\/wp\/v2\/types\/page"}],"author":[{"embeddable":true,"href":"https:\/\/www.hqts.com\/es\/wp-json\/wp\/v2\/users\/17"}],"replies":[{"embeddable":true,"href":"https:\/\/www.hqts.com\/es\/wp-json\/wp\/v2\/comments?post=133935"}],"version-history":[{"count":2,"href":"https:\/\/www.hqts.com\/es\/wp-json\/wp\/v2\/pages\/133935\/revisions"}],"predecessor-version":[{"id":135738,"href":"https:\/\/www.hqts.com\/es\/wp-json\/wp\/v2\/pages\/133935\/revisions\/135738"}],"up":[{"embeddable":true,"href":"https:\/\/www.hqts.com\/es\/wp-json\/wp\/v2\/pages\/76667"}],"wp:featuredmedia":[{"embeddable":true,"href":"https:\/\/www.hqts.com\/es\/wp-json\/wp\/v2\/media\/133943"}],"wp:attachment":[{"href":"https:\/\/www.hqts.com\/es\/wp-json\/wp\/v2\/media?parent=133935"}],"curies":[{"name":"wp","href":"https:\/\/api.w.org\/{rel}","templated":true}]}}