{"id":141397,"date":"2023-05-11T15:46:12","date_gmt":"2023-05-11T15:46:12","guid":{"rendered":"https:\/\/www.hqts.com\/?page_id=141397"},"modified":"2023-05-11T15:47:28","modified_gmt":"2023-05-11T15:47:28","slug":"ningbo-zhejiang-inspecciones","status":"publish","type":"page","link":"https:\/\/www.hqts.com\/es\/sobre-nosotros\/control-de-calidad-en-china\/ningbo-zhejiang-inspecciones\/","title":{"rendered":"Servicios de Control de Calidad en Ningbo"},"content":{"rendered":"<p>HQTS es su socio de confianza para servicios integrales de control de calidad en Ningbo. Con nuestro compromiso inquebrantable con la excelencia y nuestra atenci\u00f3n meticulosa al detalle, garantizamos los m\u00e1s altos est\u00e1ndares de calidad para sus productos y servicios. Como proveedor l\u00edder de soluciones de aseguramiento de calidad, HQTS ofrece una amplia gama de servicios adaptados a las necesidades espec\u00edficas de las empresas en diversas industrias.<\/p>\n<p>P\u00f3ngase en contacto con nuestro dedicado equipo de HQTS hoy mismo. Estamos ansiosos por discutir sus requisitos de control de calidad y ofrecerle soluciones l\u00edderes en la industria que impulsen su \u00e9xito.<\/p>\n<h4><strong>HQTS Ningbo, China<\/strong><\/h4>\n<p>No. 818 Jinyuan Road, Distrito de Yinzhou, Ningbo, Zhejiang, China<br \/>\n+86 574 83028482<br \/>\n<a href=\"mailto:inquiry@hqts.com\" target=\"_new\" rel=\"noopener\">inquiry@hqts.com<\/a><\/p>\n<h4><strong>Nuestros servicios de control de calidad en Ningbo y Zhejiang <\/strong><\/h4>\n<p>HQTS ofrece una amplia gama de servicios de control de calidad adaptados a las necesidades espec\u00edficas de las empresas en Ningbo y la provincia de Zhejiang. Estos servicios incluyen:<\/p>\n<h4>Auditor\u00edas de proveedores y f\u00e1bricas<\/h4>\n<p>Nuestros profesionales experimentados realizan auditor\u00edas exhaustivas de proveedores y f\u00e1bricas, evaluando sus instalaciones, pol\u00edticas y procedimientos para garantizar el cumplimiento de los est\u00e1ndares de calidad.<\/p>\n<ul>\n<li>Auditor\u00edas de cumplimiento social<\/li>\n<li>Auditor\u00edas de seguridad en edificios<\/li>\n<li>Auditor\u00edas energ\u00e9ticas<\/li>\n<li>Auditor\u00edas medioambientales<\/li>\n<li>Control de producci\u00f3n de f\u00e1brica<\/li>\n<\/ul>\n<p>&nbsp;<\/p>\n<h4><strong>Inspecciones de control de calidad <\/strong><\/h4>\n<p>Ofrecemos inspecciones imparciales y confiables de terceros para verificar la calidad de los productos de proveedores o fabricantes. Nuestros inspectores capacitados siguen listas de verificaci\u00f3n meticulosas y proporcionan informes de inspecci\u00f3n transparentes.<\/p>\n<ul>\n<li>Inspecci\u00f3n antes de la producci\u00f3n<\/li>\n<li>Inspecci\u00f3n durante la producci\u00f3n<\/li>\n<li>Inspecci\u00f3n previa al env\u00edo<\/li>\n<li>Inspecci\u00f3n pieza por pieza<\/li>\n<li>Supervisi\u00f3n de carga de contenedores<\/li>\n<\/ul>\n<p>&nbsp;<\/p>\n<h4><strong>Cumplimiento del producto<\/strong><\/h4>\n<p>HQTS ayuda a las empresas a obtener los certificados de conformidad necesarios para cumplir con los requisitos reglamentarios en Ningbo y los mercados internacionales.<\/p>\n<h4><strong>Pruebas de productos <\/strong><\/h4>\n<p>Nuestros laboratorios internos est\u00e1n equipados con equipos avanzados y cuentan con profesionales altamente capacitados. Ofrecemos una amplia gama de capacidades de prueba, que incluyen pruebas de rendimiento del producto, pruebas de seguridad y cumplimiento, y an\u00e1lisis de materiales.<\/p>\n<ul>\n<li><strong>Hangzhou, China:<\/strong> Laboratorio de pruebas de productos qu\u00edmicos, funcionales, de seguridad, textiles y de embalaje de 80,000 pies cuadrados.<\/li>\n<li><strong>Ningbo, China<\/strong>: Laboratorio de pruebas de productos qu\u00edmicos, textiles, juguetes, electr\u00f3nicos y el\u00e9ctricos, y materiales de contacto con alimentos.<\/li>\n<li><strong>Dongguan, China:<\/strong> Laboratorio de pruebas de calzado.<\/li>\n<\/ul>\n<p><strong>Calificaciones internacionales:<\/strong> ISO\/IEC 17025, CMA, CPSC, ISTA.<\/p>\n<p><strong>Acreditado por:<\/strong><\/p>\n<ul>\n<li aria-level=\"1\">CNAS against ISO 17020&amp;17025;<\/li>\n<li aria-level=\"1\">CMA certificate<\/li>\n<li aria-level=\"1\">Certificate of qualification for the institution of import &amp; export commodity inspection and survey<\/li>\n<li aria-level=\"1\">China entry-exit inspection and quarantine association import and export commodity inspection and survey organization branch member certificate<\/li>\n<li aria-level=\"1\">Hangzhou High-tech Enterprises Certificate<\/li>\n<li aria-level=\"1\">Canton Province E-Commerce Association Council Member Certificate<\/li>\n<li aria-level=\"1\">Zhejiang Province Medical Device Industry Association Member Certificate<\/li>\n<li aria-level=\"1\">Shenzhen Cross-border E-Commerce Association Member Certificate<\/li>\n<li aria-level=\"1\">Technical Committee Member for Standardization of Textile Industry Federation<\/li>\n<\/ul>\n","protected":false},"excerpt":{"rendered":"<p>HQTS es su socio de confianza para servicios integrales de control de calidad en Ningbo. Con nuestro compromiso inquebrantable con la excelencia y nuestra atenci\u00f3n meticulosa al detalle, garantizamos los m\u00e1s altos est\u00e1ndares de calidad para sus productos y servicios. Como proveedor l\u00edder de soluciones de aseguramiento de calidad, HQTS ofrece una amplia gama de [&hellip;]<\/p>\n","protected":false},"author":12,"featured_media":141033,"parent":80354,"menu_order":0,"comment_status":"closed","ping_status":"closed","template":"","meta":{"_acf_changed":false,"footnotes":""},"class_list":["post-141397","page","type-page","status-publish","has-post-thumbnail","hentry"],"acf":[],"_links":{"self":[{"href":"https:\/\/www.hqts.com\/es\/wp-json\/wp\/v2\/pages\/141397","targetHints":{"allow":["GET"]}}],"collection":[{"href":"https:\/\/www.hqts.com\/es\/wp-json\/wp\/v2\/pages"}],"about":[{"href":"https:\/\/www.hqts.com\/es\/wp-json\/wp\/v2\/types\/page"}],"author":[{"embeddable":true,"href":"https:\/\/www.hqts.com\/es\/wp-json\/wp\/v2\/users\/12"}],"replies":[{"embeddable":true,"href":"https:\/\/www.hqts.com\/es\/wp-json\/wp\/v2\/comments?post=141397"}],"version-history":[{"count":2,"href":"https:\/\/www.hqts.com\/es\/wp-json\/wp\/v2\/pages\/141397\/revisions"}],"predecessor-version":[{"id":141399,"href":"https:\/\/www.hqts.com\/es\/wp-json\/wp\/v2\/pages\/141397\/revisions\/141399"}],"up":[{"embeddable":true,"href":"https:\/\/www.hqts.com\/es\/wp-json\/wp\/v2\/pages\/80354"}],"wp:featuredmedia":[{"embeddable":true,"href":"https:\/\/www.hqts.com\/es\/wp-json\/wp\/v2\/media\/141033"}],"wp:attachment":[{"href":"https:\/\/www.hqts.com\/es\/wp-json\/wp\/v2\/media?parent=141397"}],"curies":[{"name":"wp","href":"https:\/\/api.w.org\/{rel}","templated":true}]}}