{"id":141400,"date":"2023-05-11T15:57:00","date_gmt":"2023-05-11T15:57:00","guid":{"rendered":"https:\/\/www.hqts.com\/?page_id=141400"},"modified":"2023-05-11T15:57:19","modified_gmt":"2023-05-11T15:57:19","slug":"inspecciones-auditorias-shanghai","status":"publish","type":"page","link":"https:\/\/www.hqts.com\/es\/sobre-nosotros\/control-de-calidad-en-china\/inspecciones-auditorias-shanghai\/","title":{"rendered":"Servicios de Control de Calidad en Shanghai"},"content":{"rendered":"<p>Cuando se trata de servicios de control de calidad en Shanghai, HQTS es su socio de confianza. Priorizamos la excelencia, el profesionalismo y la atenci\u00f3n meticulosa al detalle para garantizar los m\u00e1s altos est\u00e1ndares de calidad para sus productos y servicios. Contacte nuestra oficina en Shanghai hoy mismo para discutir sus requisitos de control de calidad y beneficiarse de nuestra experiencia inigualable:<\/p>\n<h4><strong>Oficina de HQTS en Shanghai, China <\/strong><\/h4>\n<p>Sala 812, New City Center Plaza, 70 Tongchuan Road, Shanghai, CN &#8211; 200333<br \/>\n+86 21 6071 0535<br \/>\n<a href=\"mailto:inquiry@hqts.com\" target=\"_new\" rel=\"noopener\">inquiry@hqts.com<\/a><\/p>\n<p>Como socio confiable en control de calidad, HQTS ha construido una s\u00f3lida reputaci\u00f3n a lo largo de los a\u00f1os al trabajar con empresas globales en diversas industrias. Nuestra experiencia abarca una amplia gama de sectores, que incluyen:<\/p>\n<ul>\n<li><strong>Industria minorista:<\/strong> Ya sean supermercados, tiendas por departamentos, marcas minoristas o negocios de comercio electr\u00f3nico, HQTS est\u00e1 bien equipado para garantizar la calidad de los productos y servicios en el sector minorista.<\/li>\n<li><strong>Bienes industriales:<\/strong> Atendemos a industrias institucionales, comerciales, pesadas e ingenieriles, brindando soluciones integrales de control de calidad para satisfacer sus requisitos espec\u00edficos.<\/li>\n<li><strong>Alimentos y agricultura:<\/strong> HQTS comprende la importancia cr\u00edtica del control de calidad en el sector de alimentos y agricultura. Nos especializamos en garantizar la frescura y seguridad de productos frescos, mariscos y empaques.<\/li>\n<\/ul>\n<p>Nuestros servicios de control de calidad en Shanghai<\/p>\n<p>HQTS fue fundada en 1987, y se dedica a brindar una amplia gama de servicios de aseguramiento de calidad para nuestros estimados clientes en Shanghai y otras partes de China. Nuestros servicios incluyen, pero no se limitan a:<\/p>\n<h4><strong>Auditor\u00edas de f\u00e1bricas y proveedores <\/strong><\/h4>\n<p>HQTS realiza exhaustivas auditor\u00edas de proveedores y f\u00e1bricas en nombre de nuestros clientes. Nuestros profesionales experimentados eval\u00faan rigurosamente las empresas en funci\u00f3n de sus instalaciones, pol\u00edticas y procedimientos, proporcionando informes de auditor\u00eda transparentes y detallados.<\/p>\n<ul>\n<li>Auditor\u00edas de cumplimiento social<\/li>\n<li>Auditor\u00edas de seguridad en edificios<\/li>\n<li>Auditor\u00edas energ\u00e9ticas<\/li>\n<li>Auditor\u00edas ambientales<\/li>\n<li>Control de producci\u00f3n de f\u00e1bricas<\/li>\n<\/ul>\n<p>&nbsp;<\/p>\n<h4><strong>Inspecciones de control de calidad <\/strong><\/h4>\n<p>Para garantizar la calidad del producto, es crucial inspeccionar los bienes de proveedores o fabricantes a trav\u00e9s de una empresa imparcial de terceros como HQTS. Con nuestra presencia global, ofrecemos servicios de inspecci\u00f3n en todo el mundo y podemos enviar inspectores experimentados con poco tiempo de aviso. Nuestros inspectores siempre siguen una lista de verificaci\u00f3n meticulosa y documentan la inspecci\u00f3n de manera transparente mediante informes de prueba completos.<\/p>\n<ul>\n<li>Inspecci\u00f3n previa a la producci\u00f3n<\/li>\n<li>Inspecci\u00f3n durante la producci\u00f3n<\/li>\n<li>Inspecci\u00f3n previa al env\u00edo<\/li>\n<li>Inspecci\u00f3n pieza por pieza<\/li>\n<li>Supervisi\u00f3n de carga de contenedores<\/li>\n<\/ul>\n<h4><\/h4>\n<h4><strong>Cumplimiento de productos<\/strong><\/h4>\n<p>HQTS comprende la importancia del cumplimiento normativo. Podemos ayudar a las empresas a obtener los certificados de conformidad necesarios para cumplir con las regulaciones y est\u00e1ndares de varios pa\u00edses.<\/p>\n<h4><strong>Pruebas de productos <\/strong><\/h4>\n<p>Nuestros laboratorios de pruebas internos en China est\u00e1n equipados con equipos avanzados y cuentan con t\u00e9cnicos experimentados. Ofrecemos una amplia gama de diferentes tipos de pruebas de productos:<\/p>\n<ul>\n<li><strong>Hangzhou, China:<\/strong>\u00a0Laboratorio de pruebas de productos qu\u00edmicos, funcionales, de seguridad, textiles y de embalaje de 80,000 pies cuadrados.<\/li>\n<li><strong>Ningbo, China<\/strong>: Laboratorio de pruebas de productos qu\u00edmicos, textiles, juguetes, electr\u00f3nicos y el\u00e9ctricos, y materiales de contacto con alimentos.<\/li>\n<li><strong>Dongguan, China:<\/strong>\u00a0Laboratorio de pruebas de calzado.<\/li>\n<\/ul>\n<p>&nbsp;<\/p>\n<p><strong>Calificaciones internacionales:<\/strong>\u00a0ISO\/IEC 17025, CMA, CPSC, ISTA.<\/p>\n<p><strong>Acreditado por:<\/strong><\/p>\n<ul>\n<li aria-level=\"1\">CNAS against ISO 17020&amp;17025;<\/li>\n<li aria-level=\"1\">CMA certificate<\/li>\n<li aria-level=\"1\">Certificate of qualification for the institution of import &amp; export commodity inspection and survey<\/li>\n<li aria-level=\"1\">China entry-exit inspection and quarantine association import and export commodity inspection and survey organization branch member certificate<\/li>\n<li aria-level=\"1\">Hangzhou High-tech Enterprises Certificate<\/li>\n<li aria-level=\"1\">Canton Province E-Commerce Association Council Member Certificate<\/li>\n<li aria-level=\"1\">Zhejiang Province Medical Device Industry Association Member Certificate<\/li>\n<li aria-level=\"1\">Shenzhen Cross-border E-Commerce Association Member Certificate<\/li>\n<li aria-level=\"1\">Technical Committee Member for Standardization of Textile Industry Federation<\/li>\n<\/ul>\n","protected":false},"excerpt":{"rendered":"<p>Cuando se trata de servicios de control de calidad en Shanghai, HQTS es su socio de confianza. Priorizamos la excelencia, el profesionalismo y la atenci\u00f3n meticulosa al detalle para garantizar los m\u00e1s altos est\u00e1ndares de calidad para sus productos y servicios. Contacte nuestra oficina en Shanghai hoy mismo para discutir sus requisitos de control de [&hellip;]<\/p>\n","protected":false},"author":12,"featured_media":141006,"parent":80354,"menu_order":0,"comment_status":"closed","ping_status":"closed","template":"","meta":{"_acf_changed":false,"footnotes":""},"class_list":["post-141400","page","type-page","status-publish","has-post-thumbnail","hentry"],"acf":[],"_links":{"self":[{"href":"https:\/\/www.hqts.com\/es\/wp-json\/wp\/v2\/pages\/141400","targetHints":{"allow":["GET"]}}],"collection":[{"href":"https:\/\/www.hqts.com\/es\/wp-json\/wp\/v2\/pages"}],"about":[{"href":"https:\/\/www.hqts.com\/es\/wp-json\/wp\/v2\/types\/page"}],"author":[{"embeddable":true,"href":"https:\/\/www.hqts.com\/es\/wp-json\/wp\/v2\/users\/12"}],"replies":[{"embeddable":true,"href":"https:\/\/www.hqts.com\/es\/wp-json\/wp\/v2\/comments?post=141400"}],"version-history":[{"count":2,"href":"https:\/\/www.hqts.com\/es\/wp-json\/wp\/v2\/pages\/141400\/revisions"}],"predecessor-version":[{"id":141402,"href":"https:\/\/www.hqts.com\/es\/wp-json\/wp\/v2\/pages\/141400\/revisions\/141402"}],"up":[{"embeddable":true,"href":"https:\/\/www.hqts.com\/es\/wp-json\/wp\/v2\/pages\/80354"}],"wp:featuredmedia":[{"embeddable":true,"href":"https:\/\/www.hqts.com\/es\/wp-json\/wp\/v2\/media\/141006"}],"wp:attachment":[{"href":"https:\/\/www.hqts.com\/es\/wp-json\/wp\/v2\/media?parent=141400"}],"curies":[{"name":"wp","href":"https:\/\/api.w.org\/{rel}","templated":true}]}}