{"id":218653,"date":"2025-10-22T12:56:35","date_gmt":"2025-10-22T12:56:35","guid":{"rendered":"https:\/\/www.hqts.com\/?page_id=218653"},"modified":"2025-10-22T13:07:03","modified_gmt":"2025-10-22T13:07:03","slug":"hqts-world-tour-edicion-madrid","status":"publish","type":"page","link":"https:\/\/www.hqts.com\/es\/webinars\/hqts-world-tour-edicion-madrid\/","title":{"rendered":"HQTS World Tour \u2013 Edici\u00f3n Madrid"},"content":{"rendered":"\t\t<div data-elementor-type=\"wp-page\" data-elementor-id=\"218653\" class=\"elementor elementor-218653 elementor-218609\" data-elementor-post-type=\"page\">\n\t\t\t\t\t\t<section class=\"elementor-section elementor-top-section elementor-element elementor-element-5bd08a76 elementor-section-content-space-between elementor-section-boxed elementor-section-height-default elementor-section-height-default\" data-id=\"5bd08a76\" data-element_type=\"section\" data-settings=\"{&quot;background_background&quot;:&quot;classic&quot;}\">\n\t\t\t\t\t\t\t<div class=\"elementor-background-overlay\"><\/div>\n\t\t\t\t\t\t\t<div class=\"elementor-container elementor-column-gap-no\">\n\t\t\t\t\t<div class=\"elementor-column elementor-col-50 elementor-top-column elementor-element elementor-element-5fcb4b78 elementor-hidden-tablet elementor-hidden-mobile\" data-id=\"5fcb4b78\" data-element_type=\"column\" data-settings=\"{&quot;background_background&quot;:&quot;classic&quot;}\">\n\t\t\t<div class=\"elementor-widget-wrap\">\n\t\t\t\t\t\t\t<\/div>\n\t\t<\/div>\n\t\t\t\t<div class=\"elementor-column elementor-col-50 elementor-top-column elementor-element elementor-element-5ee36ca2\" data-id=\"5ee36ca2\" data-element_type=\"column\" data-settings=\"{&quot;background_background&quot;:&quot;slideshow&quot;,&quot;background_slideshow_gallery&quot;:[],&quot;background_slideshow_slide_duration&quot;:5000,&quot;background_slideshow_slide_transition&quot;:&quot;fade&quot;,&quot;background_slideshow_transition_duration&quot;:500}\">\n\t\t\t<div class=\"elementor-widget-wrap elementor-element-populated\">\n\t\t\t\t\t\t<div class=\"elementor-element elementor-element-4712f4a elementor-hidden-desktop elementor-widget elementor-widget-image\" data-id=\"4712f4a\" data-element_type=\"widget\" data-widget_type=\"image.default\">\n\t\t\t\t<div class=\"elementor-widget-container\">\n\t\t\t\t\t\t\t\t\t\t\t\t\t\t\t<img fetchpriority=\"high\" decoding=\"async\" width=\"800\" height=\"450\" src=\"https:\/\/www.hqts.com\/wp-content\/uploads\/2025\/10\/Webinar-Linkedin-Facebook-Template-8-1024x576.png\" class=\"attachment-large size-large wp-image-218655\" alt=\"\" srcset=\"https:\/\/www.hqts.com\/wp-content\/uploads\/2025\/10\/Webinar-Linkedin-Facebook-Template-8-1024x576.png 1024w, https:\/\/www.hqts.com\/wp-content\/uploads\/2025\/10\/Webinar-Linkedin-Facebook-Template-8-300x169.png 300w, https:\/\/www.hqts.com\/wp-content\/uploads\/2025\/10\/Webinar-Linkedin-Facebook-Template-8-768x432.png 768w, https:\/\/www.hqts.com\/wp-content\/uploads\/2025\/10\/Webinar-Linkedin-Facebook-Template-8.png 1280w\" sizes=\"(max-width: 800px) 100vw, 800px\" \/>\t\t\t\t\t\t\t\t\t\t\t\t\t\t\t<\/div>\n\t\t\t\t<\/div>\n\t\t\t\t<div class=\"elementor-element elementor-element-7af65420 elementor-widget elementor-widget-spacer\" data-id=\"7af65420\" data-element_type=\"widget\" data-widget_type=\"spacer.default\">\n\t\t\t\t<div class=\"elementor-widget-container\">\n\t\t\t\t\t\t\t<div class=\"elementor-spacer\">\n\t\t\t<div class=\"elementor-spacer-inner\"><\/div>\n\t\t<\/div>\n\t\t\t\t\t\t<\/div>\n\t\t\t\t<\/div>\n\t\t\t\t<div class=\"elementor-element elementor-element-35c4532b elementor-widget elementor-widget-shortcode\" data-id=\"35c4532b\" data-element_type=\"widget\" id=\"contact\" data-widget_type=\"shortcode.default\">\n\t\t\t\t<div class=\"elementor-widget-container\">\n\t\t\t\t\t\t\t<div class=\"elementor-shortcode\">\n<div class=\"wpcf7 no-js\" id=\"wpcf7-f218689-o1\" lang=\"en-US\" dir=\"ltr\" data-wpcf7-id=\"218689\">\n<div class=\"screen-reader-response\"><p role=\"status\" aria-live=\"polite\" aria-atomic=\"true\"><\/p> <ul><\/ul><\/div>\n<form action=\"\/es\/wp-json\/wp\/v2\/pages\/218653#wpcf7-f218689-o1\" method=\"post\" class=\"wpcf7-form init\" aria-label=\"Contact form\" novalidate=\"novalidate\" data-status=\"init\">\n<div style=\"display: none;\">\n<input type=\"hidden\" name=\"_wpcf7\" value=\"218689\" \/>\n<input type=\"hidden\" name=\"_wpcf7_version\" value=\"6.0.4\" \/>\n<input type=\"hidden\" name=\"_wpcf7_locale\" value=\"en_US\" \/>\n<input type=\"hidden\" name=\"_wpcf7_unit_tag\" value=\"wpcf7-f218689-o1\" \/>\n<input type=\"hidden\" name=\"_wpcf7_container_post\" value=\"0\" \/>\n<input type=\"hidden\" name=\"_wpcf7_posted_data_hash\" value=\"\" \/>\n<\/div>\n<h4>Reg\u00edstrate hoy<\/h4>\n<p>\n   Le enviaremos un recordatorio antes de la fecha\n<\/p>\n<div class=\"hero-form\">\n<span class=\"wpcf7-form-control-wrap\" data-name=\"text-430\"><input size=\"40\" maxlength=\"400\" class=\"wpcf7-form-control wpcf7-text wpcf7-validates-as-required form-control form-control-name\" aria-required=\"true\" aria-invalid=\"false\" placeholder=\"Tu Nombre\" value=\"\" type=\"text\" name=\"text-430\" \/><\/span>\n&nbsp;\n<span class=\"wpcf7-form-control-wrap\" data-name=\"number-414\"><input size=\"40\" maxlength=\"400\" class=\"wpcf7-form-control wpcf7-text wpcf7-validates-as-required form-control form-control-name\" aria-required=\"true\" aria-invalid=\"false\" placeholder=\"Tel\u00e9fono\" value=\"\" type=\"text\" name=\"number-414\" \/><\/span>\n&nbsp;\n<span class=\"wpcf7-form-control-wrap\" data-name=\"email-436\"><input size=\"40\" maxlength=\"400\" class=\"wpcf7-form-control wpcf7-email wpcf7-validates-as-required wpcf7-text wpcf7-validates-as-email form-control form-control-email\" aria-required=\"true\" aria-invalid=\"false\" placeholder=\"Email\" value=\"\" type=\"email\" name=\"email-436\" \/><\/span>\n&nbsp;\n<span class=\"wpcf7-form-control-wrap\" data-name=\"text-238\"><input size=\"40\" maxlength=\"400\" class=\"wpcf7-form-control wpcf7-text wpcf7-validates-as-required form-control form-control-name\" aria-required=\"true\" aria-invalid=\"false\" placeholder=\"Empresa\" value=\"\" type=\"text\" name=\"text-238\" \/><\/span>\n&nbsp;\n\n<input class=\"wpcf7-form-control wpcf7-submit has-spinner btn\" type=\"submit\" value=\"Enviar\" \/>\n<\/div><p style=\"display: none !important;\" class=\"akismet-fields-container\" data-prefix=\"_wpcf7_ak_\"><label>&#916;<textarea name=\"_wpcf7_ak_hp_textarea\" cols=\"45\" rows=\"8\" maxlength=\"100\"><\/textarea><\/label><input type=\"hidden\" id=\"ak_js_1\" name=\"_wpcf7_ak_js\" value=\"116\"\/><script>document.getElementById( \"ak_js_1\" ).setAttribute( \"value\", ( new Date() ).getTime() );<\/script><\/p><div class=\"wpcf7-response-output\" aria-hidden=\"true\"><\/div>\n<\/form>\n<\/div>\n<\/div>\n\t\t\t\t\t\t<\/div>\n\t\t\t\t<\/div>\n\t\t\t\t\t<\/div>\n\t\t<\/div>\n\t\t\t\t\t<\/div>\n\t\t<\/section>\n\t\t\t\t<section class=\"elementor-section elementor-top-section elementor-element elementor-element-35ec2a37 elementor-section-boxed elementor-section-height-default elementor-section-height-default\" data-id=\"35ec2a37\" data-element_type=\"section\" data-settings=\"{&quot;background_background&quot;:&quot;classic&quot;}\">\n\t\t\t\t\t\t<div class=\"elementor-container elementor-column-gap-default\">\n\t\t\t\t\t<div class=\"elementor-column elementor-col-100 elementor-top-column elementor-element elementor-element-55e328ab\" data-id=\"55e328ab\" data-element_type=\"column\" data-settings=\"{&quot;background_background&quot;:&quot;classic&quot;}\">\n\t\t\t<div class=\"elementor-widget-wrap elementor-element-populated\">\n\t\t\t\t\t\t<div class=\"elementor-element elementor-element-5240fed7 elementor-widget elementor-widget-heading\" data-id=\"5240fed7\" data-element_type=\"widget\" data-settings=\"{&quot;_animation&quot;:&quot;none&quot;}\" data-widget_type=\"heading.default\">\n\t\t\t\t<div class=\"elementor-widget-container\">\n\t\t\t\t\t<h2 class=\"elementor-heading-title elementor-size-default\">HQTS World Tour \u2013 Edici\u00f3n Madrid <br>\n30 a\u00f1os de colaboraci\u00f3n, innovaci\u00f3n y conexi\u00f3n<\/h2>\t\t\t\t<\/div>\n\t\t\t\t<\/div>\n\t\t\t\t\t<\/div>\n\t\t<\/div>\n\t\t\t\t\t<\/div>\n\t\t<\/section>\n\t\t\t\t<section class=\"elementor-section elementor-top-section elementor-element elementor-element-21bb1373 elementor-section-boxed elementor-section-height-default elementor-section-height-default\" data-id=\"21bb1373\" data-element_type=\"section\" data-settings=\"{&quot;background_background&quot;:&quot;classic&quot;}\">\n\t\t\t\t\t\t<div class=\"elementor-container elementor-column-gap-default\">\n\t\t\t\t\t<div class=\"elementor-column elementor-col-100 elementor-top-column elementor-element elementor-element-430ceee2\" data-id=\"430ceee2\" data-element_type=\"column\">\n\t\t\t<div class=\"elementor-widget-wrap elementor-element-populated\">\n\t\t\t\t\t\t<div class=\"elementor-element elementor-element-20c6691 elementor-widget elementor-widget-text-editor\" data-id=\"20c6691\" data-element_type=\"widget\" data-widget_type=\"text-editor.default\">\n\t\t\t\t<div class=\"elementor-widget-container\">\n\t\t\t\t\t\t\t\t\t<h2 data-start=\"176\" data-end=\"202\"><strong data-start=\"179\" data-end=\"202\">Detalles del evento<\/strong><\/h2><p data-start=\"204\" data-end=\"360\">Nos complace invitarte a una velada muy especial con motivo del <strong data-start=\"268\" data-end=\"296\">30.\u00ba aniversario de HQTS<\/strong>: tres d\u00e9cadas de colaboraci\u00f3n, progreso y logros compartidos.<\/p><p data-start=\"362\" data-end=\"538\"><strong data-start=\"365\" data-end=\"375\">Lugar:<\/strong> Spaces Recoletos, Paseo de Recoletos 5, Madrid (a solo 3 minutos de la Plaza de Cibeles)<br data-start=\"464\" data-end=\"467\" \/><strong data-start=\"470\" data-end=\"480\">Fecha:<\/strong> Viernes, 14 de noviembre de 2025<br data-start=\"513\" data-end=\"516\" \/><strong data-start=\"519\" data-end=\"528\">Hora:<\/strong> 17:30 h<\/p><p data-start=\"540\" data-end=\"712\">Ser\u00e1 una ocasi\u00f3n <strong data-start=\"557\" data-end=\"582\">distendida y elegante<\/strong>, en la que reuniremos a socios, colaboradores y amigos: las personas que hacen posible que las ideas se conviertan en realidad.<\/p><p data-start=\"714\" data-end=\"991\">Disfruta de una <strong data-start=\"730\" data-end=\"765\">selecci\u00f3n de tapas y aperitivos<\/strong>, vinos especialmente elegidos para la ocasi\u00f3n y un ambiente pensado para <strong data-start=\"839\" data-end=\"874\">conectar, conversar y compartir<\/strong>. Una oportunidad para fortalecer relaciones y abrir nuevas colaboraciones, todo en un entorno relajado y acogedor.<\/p><h3 data-start=\"993\" data-end=\"1017\"><strong data-start=\"997\" data-end=\"1017\">Lo que te espera<\/strong><\/h3><ul data-start=\"1018\" data-end=\"1139\"><li data-start=\"1018\" data-end=\"1048\"><p data-start=\"1020\" data-end=\"1048\">Tapas y aperitivos gourmet<\/p><\/li><li data-start=\"1049\" data-end=\"1082\"><p data-start=\"1051\" data-end=\"1082\">Vinos seleccionados y bebidas<\/p><\/li><li data-start=\"1083\" data-end=\"1139\"><p data-start=\"1085\" data-end=\"1139\">Conversaciones inspiradoras y networking profesional<\/p><\/li><\/ul><h3 data-start=\"1141\" data-end=\"1174\"><strong data-start=\"1145\" data-end=\"1174\"><img decoding=\"async\" class=\"aligncenter size-full wp-image-218630\" src=\"https:\/\/www.hqts.com\/wp-content\/uploads\/2025\/10\/Calle-de-Recoletos-5-Madrid-Madrid-Foto-del-edificio-1-HighDefinition.avif\" alt=\"\" width=\"1350\" height=\"900\" srcset=\"https:\/\/www.hqts.com\/wp-content\/uploads\/2025\/10\/Calle-de-Recoletos-5-Madrid-Madrid-Foto-del-edificio-1-HighDefinition.avif 1350w, https:\/\/www.hqts.com\/wp-content\/uploads\/2025\/10\/Calle-de-Recoletos-5-Madrid-Madrid-Foto-del-edificio-1-HighDefinition-300x200.avif 300w, https:\/\/www.hqts.com\/wp-content\/uploads\/2025\/10\/Calle-de-Recoletos-5-Madrid-Madrid-Foto-del-edificio-1-HighDefinition-1024x683.avif 1024w, https:\/\/www.hqts.com\/wp-content\/uploads\/2025\/10\/Calle-de-Recoletos-5-Madrid-Madrid-Foto-del-edificio-1-HighDefinition-768x512.avif 768w\" sizes=\"(max-width: 1350px) 100vw, 1350px\" \/><br \/>Asistencia y confirmaci\u00f3n<\/strong><\/h3><p data-start=\"1175\" data-end=\"1426\">El aforo es limitado para garantizar una experiencia c\u00f3moda y de calidad. Te invitamos a <strong data-start=\"1266\" data-end=\"1305\">completar el formulario de contacto<\/strong> para solicitar tu plaza.<br data-start=\"1330\" data-end=\"1333\" \/>Los asistentes confirmados recibir\u00e1n los detalles VIP de bienvenida.<\/p><p data-start=\"1428\" data-end=\"1473\"><strong data-start=\"1431\" data-end=\"1456\">C\u00f3digo de vestimenta:<\/strong> <em data-start=\"1457\" data-end=\"1471\">Smart casual<\/em><\/p><p data-start=\"1475\" data-end=\"1574\">Estamos deseando celebrar este hito contigo.<br data-start=\"1519\" data-end=\"1522\" \/><strong data-start=\"1522\" data-end=\"1574\">Reserva tu plaza hoy \u2014 las plazas son limitadas.<\/strong><\/p><p dir=\"auto\">\u00a0<\/p>\t\t\t\t\t\t\t\t<\/div>\n\t\t\t\t<\/div>\n\t\t\t\t\t<\/div>\n\t\t<\/div>\n\t\t\t\t\t<\/div>\n\t\t<\/section>\n\t\t\t\t<section class=\"elementor-section elementor-top-section elementor-element elementor-element-55e81f65 elementor-hidden-tablet elementor-hidden-mobile elementor-section-boxed elementor-section-height-default elementor-section-height-default\" data-id=\"55e81f65\" data-element_type=\"section\" data-settings=\"{&quot;background_background&quot;:&quot;classic&quot;}\">\n\t\t\t\t\t\t<div class=\"elementor-container elementor-column-gap-default\">\n\t\t\t\t\t<div class=\"elementor-column elementor-col-100 elementor-top-column elementor-element elementor-element-648209d\" data-id=\"648209d\" data-element_type=\"column\" data-settings=\"{&quot;background_background&quot;:&quot;classic&quot;}\">\n\t\t\t<div class=\"elementor-widget-wrap elementor-element-populated\">\n\t\t\t\t\t\t<div class=\"elementor-element elementor-element-0641065 elementor-widget elementor-widget-spacer\" data-id=\"0641065\" data-element_type=\"widget\" data-widget_type=\"spacer.default\">\n\t\t\t\t<div class=\"elementor-widget-container\">\n\t\t\t\t\t\t\t<div class=\"elementor-spacer\">\n\t\t\t<div class=\"elementor-spacer-inner\"><\/div>\n\t\t<\/div>\n\t\t\t\t\t\t<\/div>\n\t\t\t\t<\/div>\n\t\t\t\t<div class=\"elementor-element elementor-element-3501ca21 elementor-widget elementor-widget-heading\" data-id=\"3501ca21\" data-element_type=\"widget\" data-settings=\"{&quot;_animation&quot;:&quot;none&quot;}\" data-widget_type=\"heading.default\">\n\t\t\t\t<div class=\"elementor-widget-container\">\n\t\t\t\t\t<h2 class=\"elementor-heading-title elementor-size-default\">Fecha: 14 de Noviembre 2025<br> \nHora: 17:30h<\/h2>\t\t\t\t<\/div>\n\t\t\t\t<\/div>\n\t\t\t\t\t<\/div>\n\t\t<\/div>\n\t\t\t\t\t<\/div>\n\t\t<\/section>\n\t\t\t\t<section class=\"elementor-section elementor-top-section elementor-element elementor-element-129d183b elementor-section-boxed elementor-section-height-default elementor-section-height-default\" data-id=\"129d183b\" data-element_type=\"section\">\n\t\t\t\t\t\t<div class=\"elementor-container elementor-column-gap-default\">\n\t\t\t\t\t<div class=\"elementor-column elementor-col-100 elementor-top-column elementor-element elementor-element-3fde6057\" data-id=\"3fde6057\" data-element_type=\"column\">\n\t\t\t<div class=\"elementor-widget-wrap elementor-element-populated\">\n\t\t\t\t\t\t<div class=\"elementor-element elementor-element-2a2fd9c6 elementor-widget elementor-widget-spacer\" data-id=\"2a2fd9c6\" data-element_type=\"widget\" data-widget_type=\"spacer.default\">\n\t\t\t\t<div class=\"elementor-widget-container\">\n\t\t\t\t\t\t\t<div class=\"elementor-spacer\">\n\t\t\t<div class=\"elementor-spacer-inner\"><\/div>\n\t\t<\/div>\n\t\t\t\t\t\t<\/div>\n\t\t\t\t<\/div>\n\t\t\t\t<div class=\"elementor-element elementor-element-75f516bd elementor-widget elementor-widget-image\" data-id=\"75f516bd\" data-element_type=\"widget\" data-widget_type=\"image.default\">\n\t\t\t\t<div class=\"elementor-widget-container\">\n\t\t\t\t\t\t\t\t\t\t\t\t\t\t\t<img decoding=\"async\" src=\"https:\/\/www.hqts.com\/wp-content\/uploads\/2020\/09\/logo-30th.svg\" class=\"attachment-full size-full wp-image-182954\" alt=\"\" \/>\t\t\t\t\t\t\t\t\t\t\t\t\t\t\t<\/div>\n\t\t\t\t<\/div>\n\t\t\t\t<div class=\"elementor-element elementor-element-7b5843d4 elementor-widget elementor-widget-text-editor\" data-id=\"7b5843d4\" data-element_type=\"widget\" data-settings=\"{&quot;_animation&quot;:&quot;none&quot;}\" data-widget_type=\"text-editor.default\">\n\t\t\t\t<div class=\"elementor-widget-container\">\n\t\t\t\t\t\t\t\t\t<p><b><br><\/b><\/p><p><b>HQTS Group Ltd.<\/b><\/p>\n<p>www.hqts.com<\/p>\n<p><a href=\"mailto:inquiry@hqts.com\">inquiry@hqts.com<\/a><\/p>\n<p>(+86) 400 611 2125<\/p>\t\t\t\t\t\t\t\t<\/div>\n\t\t\t\t<\/div>\n\t\t\t\t\t<\/div>\n\t\t<\/div>\n\t\t\t\t\t<\/div>\n\t\t<\/section>\n\t\t\t\t<\/div>\n\t\t","protected":false},"excerpt":{"rendered":"<p>HQTS World Tour \u2013 Edici\u00f3n Madrid 30 a\u00f1os de colaboraci\u00f3n, innovaci\u00f3n y conexi\u00f3n Detalles del evento Nos complace invitarte a una velada muy especial con motivo del 30.\u00ba aniversario de HQTS: tres d\u00e9cadas de colaboraci\u00f3n, progreso y logros compartidos. Lugar: Spaces Recoletos, Paseo de Recoletos 5, Madrid (a solo 3 minutos de la Plaza de [&hellip;]<\/p>\n","protected":false},"author":12,"featured_media":218619,"parent":81865,"menu_order":0,"comment_status":"closed","ping_status":"closed","template":"elementor_header_footer","meta":{"_acf_changed":false,"footnotes":""},"class_list":["post-218653","page","type-page","status-publish","has-post-thumbnail","hentry"],"acf":[],"_links":{"self":[{"href":"https:\/\/www.hqts.com\/es\/wp-json\/wp\/v2\/pages\/218653","targetHints":{"allow":["GET"]}}],"collection":[{"href":"https:\/\/www.hqts.com\/es\/wp-json\/wp\/v2\/pages"}],"about":[{"href":"https:\/\/www.hqts.com\/es\/wp-json\/wp\/v2\/types\/page"}],"author":[{"embeddable":true,"href":"https:\/\/www.hqts.com\/es\/wp-json\/wp\/v2\/users\/12"}],"replies":[{"embeddable":true,"href":"https:\/\/www.hqts.com\/es\/wp-json\/wp\/v2\/comments?post=218653"}],"version-history":[{"count":5,"href":"https:\/\/www.hqts.com\/es\/wp-json\/wp\/v2\/pages\/218653\/revisions"}],"predecessor-version":[{"id":218692,"href":"https:\/\/www.hqts.com\/es\/wp-json\/wp\/v2\/pages\/218653\/revisions\/218692"}],"up":[{"embeddable":true,"href":"https:\/\/www.hqts.com\/es\/wp-json\/wp\/v2\/pages\/81865"}],"wp:featuredmedia":[{"embeddable":true,"href":"https:\/\/www.hqts.com\/es\/wp-json\/wp\/v2\/media\/218619"}],"wp:attachment":[{"href":"https:\/\/www.hqts.com\/es\/wp-json\/wp\/v2\/media?parent=218653"}],"curies":[{"name":"wp","href":"https:\/\/api.w.org\/{rel}","templated":true}]}}