{"id":75962,"date":"2021-07-07T03:19:25","date_gmt":"2021-07-07T03:19:25","guid":{"rendered":"https:\/\/www.hqts.com\/inspecctiones\/"},"modified":"2025-01-15T15:00:00","modified_gmt":"2025-01-15T15:00:00","slug":"inspecciones","status":"publish","type":"page","link":"https:\/\/www.hqts.com\/es\/servicios\/inspecciones\/","title":{"rendered":"INSPECCIONES DE CONTROL DE CALIDAD"},"content":{"rendered":"\t\t<div data-elementor-type=\"wp-page\" data-elementor-id=\"75962\" class=\"elementor elementor-75962 elementor-571\" data-elementor-post-type=\"page\">\n\t\t\t\t\t\t<section class=\"elementor-section elementor-top-section elementor-element elementor-element-47f20b8e elementor-section-boxed elementor-section-height-default elementor-section-height-default\" data-id=\"47f20b8e\" data-element_type=\"section\">\n\t\t\t\t\t\t<div class=\"elementor-container elementor-column-gap-default\">\n\t\t\t\t\t<div class=\"elementor-column elementor-col-100 elementor-top-column elementor-element elementor-element-4f3284ab\" data-id=\"4f3284ab\" data-element_type=\"column\">\n\t\t\t<div class=\"elementor-widget-wrap elementor-element-populated\">\n\t\t\t\t\t\t<div class=\"elementor-element elementor-element-5e84cfbe elementor-widget elementor-widget-text-editor\" data-id=\"5e84cfbe\" data-element_type=\"widget\" data-widget_type=\"text-editor.default\">\n\t\t\t\t<div class=\"elementor-widget-container\">\n\t\t\t\t\t\t\t\t\t<h3>Inspecciones de control de calidad<\/h3>\n<p>Las inspecciones de control de calidad de HQTS verifican la calidad y cantidad del producto seg\u00fan especificaciones predeterminadas.<\/p>\n<p>La disminuci\u00f3n en los ciclos de vida de los productos y el tiempo de comercializaci\u00f3n aumenta el desaf\u00edo de entregar productos de calidad a tiempo. Cuando su producto no cumple con sus especificaciones de calidad para ser aceptados por el mercado, el resultado puede ser la p\u00e9rdida de fondo de comercio, producto e ingresos, env\u00edos retrasados, materiales desperdiciados y el riesgo potencial de retirada del producto.<\/p>\n<h3>Procedimiento de inspecci\u00f3n de control de calidad<\/h3>\n<p>Las inspecciones de control de calidad t\u00edpicamente incluyen cuatro pasos principales. Dependiendo del producto, su experiencia con el proveedor y otros factores, cualquiera, o todos ellos, pueden aplicarse a sus necesidades.<\/p>\n<p><img fetchpriority=\"high\" decoding=\"async\" class=\"aligncenter size-full wp-image-180053\" src=\"https:\/\/www.hqts.com\/wp-content\/uploads\/2025\/01\/proceso-inspeciones.png\" alt=\"\" width=\"1183\" height=\"421\" srcset=\"https:\/\/www.hqts.com\/wp-content\/uploads\/2025\/01\/proceso-inspeciones.png 1183w, https:\/\/www.hqts.com\/wp-content\/uploads\/2025\/01\/proceso-inspeciones-300x107.png 300w, https:\/\/www.hqts.com\/wp-content\/uploads\/2025\/01\/proceso-inspeciones-1024x364.png 1024w, https:\/\/www.hqts.com\/wp-content\/uploads\/2025\/01\/proceso-inspeciones-768x273.png 768w\" sizes=\"(max-width: 1183px) 100vw, 1183px\" \/><\/p>\n<p><\/p>\n<h4><strong><a href=\"https:\/\/www.hqts.com\/es\/servicios\/inspecciones\/preproduccion\/\">Inspecciones de pre-producci\u00f3n (PPI)<\/a><\/strong><\/h4>\n<p>Las<a href=\"https:\/\/www.hqts.com\/es\/servicios\/inspecciones\/preproduccion\/\"> inspecciones pre-producci\u00f3n<\/a> o antes de la producci\u00f3n confirmar\u00e1 si los componentes o materias primas cumplen con sus especificaciones y est\u00e1n disponibles en cantidades suficientes para cumplir con el programa de producci\u00f3n. Este es un servicio clave cuando ha tenido problemas con materiales y \/ o reemplazos de componentes, o est\u00e1 trabajando con un nuevo proveedor y se requieren muchos componentes y materiales subcontratados durante la producci\u00f3n.<\/p>\n<p><img decoding=\"async\" class=\"aligncenter size-full wp-image-172384\" src=\"https:\/\/www.hqts.com\/wp-content\/uploads\/2024\/09\/Inspeccion-Pre-Produccion.png\" alt=\"\" width=\"1708\" height=\"624\" srcset=\"https:\/\/www.hqts.com\/wp-content\/uploads\/2024\/09\/Inspeccion-Pre-Produccion.png 1708w, https:\/\/www.hqts.com\/wp-content\/uploads\/2024\/09\/Inspeccion-Pre-Produccion-300x110.png 300w, https:\/\/www.hqts.com\/wp-content\/uploads\/2024\/09\/Inspeccion-Pre-Produccion-1024x374.png 1024w, https:\/\/www.hqts.com\/wp-content\/uploads\/2024\/09\/Inspeccion-Pre-Produccion-768x281.png 768w, https:\/\/www.hqts.com\/wp-content\/uploads\/2024\/09\/Inspeccion-Pre-Produccion-1536x561.png 1536w\" sizes=\"(max-width: 1708px) 100vw, 1708px\" \/><\/p>\n<h4><strong><a href=\"https:\/\/www.hqts.com\/es\/servicios\/inspecciones\/inspeccion-durante-la-produccion\/\">Inspecciones Durante la Producci\u00f3n (DPI)<\/a><\/strong><\/h4>\n<p><a href=\"https:\/\/www.hqts.com\/es\/servicios\/inspecciones\/inspeccion-durante-la-produccion\/\">Las Inspecciones Durante la producci\u00f3n<\/a> verifica que los productos cumplan los requisitos y especificaciones de calidad durante el proceso de producci\u00f3n. Este proceso es \u00fatil en casos de defectos repetidos durante la producci\u00f3n. Puede ayudar a identificar en qu\u00e9 parte del proceso ocurre el problema y proporcionar informaci\u00f3n objetiva para encontrar soluciones para resolver los problemas de producci\u00f3n.<\/p>\n<p><img decoding=\"async\" class=\"aligncenter size-full wp-image-172405\" src=\"https:\/\/www.hqts.com\/wp-content\/uploads\/2024\/09\/Inspeccion-durante-la-produccion.png\" alt=\"\" width=\"1718\" height=\"630\" srcset=\"https:\/\/www.hqts.com\/wp-content\/uploads\/2024\/09\/Inspeccion-durante-la-produccion.png 1718w, https:\/\/www.hqts.com\/wp-content\/uploads\/2024\/09\/Inspeccion-durante-la-produccion-300x110.png 300w, https:\/\/www.hqts.com\/wp-content\/uploads\/2024\/09\/Inspeccion-durante-la-produccion-1024x376.png 1024w, https:\/\/www.hqts.com\/wp-content\/uploads\/2024\/09\/Inspeccion-durante-la-produccion-768x282.png 768w, https:\/\/www.hqts.com\/wp-content\/uploads\/2024\/09\/Inspeccion-durante-la-produccion-1536x563.png 1536w\" sizes=\"(max-width: 1718px) 100vw, 1718px\" \/><\/p>\n<h4><a href=\"https:\/\/www.hqts.com\/es\/servicios\/inspecciones\/inspeccion-previa-al-envio\/\"><b>Inspecciones Previas al Env\u00edo (PSI)<\/b><\/a><\/h4>\n<p>Una vez completada la producci\u00f3n, se puede realizar una <a href=\"https:\/\/www.hqts.com\/es\/servicios\/inspecciones\/inspeccion-previa-al-envio\/\">inspecci\u00f3n previa al env\u00edo<\/a> para verificar que las mercanc\u00edas que se env\u00edan se hayan fabricado de acuerdo con sus requisitos. Este es el servicio m\u00e1s solicitado y funciona bien con proveedores con los que tiene experiencia previa.<\/p>\n<p><img loading=\"lazy\" decoding=\"async\" class=\"aligncenter size-full wp-image-172424\" src=\"https:\/\/www.hqts.com\/wp-content\/uploads\/2024\/09\/Inspeccion-pre-embarque.png\" alt=\"\" width=\"1712\" height=\"630\" srcset=\"https:\/\/www.hqts.com\/wp-content\/uploads\/2024\/09\/Inspeccion-pre-embarque.png 1712w, https:\/\/www.hqts.com\/wp-content\/uploads\/2024\/09\/Inspeccion-pre-embarque-300x110.png 300w, https:\/\/www.hqts.com\/wp-content\/uploads\/2024\/09\/Inspeccion-pre-embarque-1024x377.png 1024w, https:\/\/www.hqts.com\/wp-content\/uploads\/2024\/09\/Inspeccion-pre-embarque-768x283.png 768w, https:\/\/www.hqts.com\/wp-content\/uploads\/2024\/09\/Inspeccion-pre-embarque-1536x565.png 1536w\" sizes=\"(max-width: 1712px) 100vw, 1712px\" \/><\/p>\n<h4><strong><a href=\"https:\/\/www.hqts.com\/es\/servicios\/inspecciones\/inspeccion-pieza-por-pieza\/\">Inspecciones Pieza por Pieza (o Inspecci\u00f3n de Clasificaci\u00f3n)<\/a><\/strong><\/h4>\n<p>Una <a href=\"https:\/\/www.hqts.com\/es\/servicios\/inspecciones\/inspeccion-pieza-por-pieza\/\">inspecci\u00f3n pieza por pieza<\/a> se puede realizar como una inspecci\u00f3n previa o posterior al embalaje. Se realiza una inspecci\u00f3n pieza por pieza en cada art\u00edculo para evaluar la apariencia general, la mano de obra, la funci\u00f3n, la seguridad, etc., seg\u00fan lo especificado por usted.<\/p>\n<p><img loading=\"lazy\" decoding=\"async\" class=\"aligncenter size-full wp-image-172449\" src=\"https:\/\/www.hqts.com\/wp-content\/uploads\/2024\/09\/Pieza-por-Pieza.png\" alt=\"\" width=\"1718\" height=\"630\" srcset=\"https:\/\/www.hqts.com\/wp-content\/uploads\/2024\/09\/Pieza-por-Pieza.png 1718w, https:\/\/www.hqts.com\/wp-content\/uploads\/2024\/09\/Pieza-por-Pieza-300x110.png 300w, https:\/\/www.hqts.com\/wp-content\/uploads\/2024\/09\/Pieza-por-Pieza-1024x376.png 1024w, https:\/\/www.hqts.com\/wp-content\/uploads\/2024\/09\/Pieza-por-Pieza-768x282.png 768w, https:\/\/www.hqts.com\/wp-content\/uploads\/2024\/09\/Pieza-por-Pieza-1536x563.png 1536w\" sizes=\"(max-width: 1718px) 100vw, 1718px\" \/><\/p>\n<h4><strong><a href=\"https:\/\/www.hqts.com\/es\/servicios\/inspecciones\/carga-y-descarga-de-contenedores\/\">Inspecciones de Carga de Contenedores<\/a>&nbsp;<\/strong><\/h4>\n<p>Las <a href=\"https:\/\/www.hqts.com\/es\/servicios\/inspecciones\/carga-y-descarga-de-contenedores\/\">Inspecciones de Carga de Contenedores<\/a> garantizan que personal t\u00e9cnico de HQTS monitorizan todo el proceso de carga. Verificamos que su pedido est\u00e9 cargado por completo y de forma segura en el contenedor antes del env\u00edo. Esta es la \u00faltima oportunidad para confirmar el cumplimiento de sus requisitos en t\u00e9rminos de cantidad, surtido y embalaje.<\/p>\n<p><img loading=\"lazy\" decoding=\"async\" class=\"aligncenter size-full wp-image-172437\" src=\"https:\/\/www.hqts.com\/wp-content\/uploads\/2024\/09\/Supervision-Carga-y-Descarga.png\" alt=\"\" width=\"1716\" height=\"630\" srcset=\"https:\/\/www.hqts.com\/wp-content\/uploads\/2024\/09\/Supervision-Carga-y-Descarga.png 1716w, https:\/\/www.hqts.com\/wp-content\/uploads\/2024\/09\/Supervision-Carga-y-Descarga-300x110.png 300w, https:\/\/www.hqts.com\/wp-content\/uploads\/2024\/09\/Supervision-Carga-y-Descarga-1024x376.png 1024w, https:\/\/www.hqts.com\/wp-content\/uploads\/2024\/09\/Supervision-Carga-y-Descarga-768x282.png 768w, https:\/\/www.hqts.com\/wp-content\/uploads\/2024\/09\/Supervision-Carga-y-Descarga-1536x564.png 1536w\" sizes=\"(max-width: 1716px) 100vw, 1716px\" \/><\/p>\n<h3>Beneficios de las inspecciones de control de calidad:<\/h3>\n<p>Las inspecciones de control de calidad en varias etapas del proceso de producci\u00f3n pueden ayudarle a monitorizar la calidad del producto para garantizar que se cumplan los requisitos y respaldar la entrega a tiempo.<\/p>\n<p>Con los sistemas, procesos y procedimientos correctos de inspecciones de control de calidad, puede monitorizar la calidad del producto para reducir el riesgo, mejorar la eficiencia y garantizar el cumplimiento de los requisitos contractuales o regulatorios, construir un negocio m\u00e1s fuerte y resiliente con el potencial de crecer y superar a su competencia. En definitiva, entregar bienes de consumo que realmente son tan buenos como usted dice que son.<\/p>\n<ul>\n<li>Los clientes esperan comprar productos certificados, respetuosos con la salud y seguros.<\/li>\n<li>Aseg\u00farese de que todos los procedimientos funcionen bien en todas las etapas de producci\u00f3n.<\/li>\n<li>Verifique la calidad en origen y no pague por productos defectuosos<\/li>\n<li>Evite retiradas del mercado y da\u00f1os a la reputaci\u00f3n<\/li>\n<li>Antic\u00edpese a retrasos en la producci\u00f3n y el env\u00edo<\/li>\n<li>Minimice su presupuesto de control de calidad<\/li>\n<\/ul>\n<p><b><br>Otros servicios de inspecci\u00f3n de control de calidad:<\/b><\/p>\n<ul>\n<li>Comprobaci\u00f3n de muestras<\/li>\n<li>Inspecci\u00f3n pieza por pieza<\/li>\n<li>Detecci\u00f3n de metales<\/li>\n<li>Supervisi\u00f3n de carga \/ descarga<\/li>\n<\/ul>\n<h3>\u00bfPor qu\u00e9 son importantes las inspecciones de control de calidad?<\/h3>\n<p>Las expectativas de calidad y la variedad de requisitos de seguridad que debe cumplir se vuelven m\u00e1s complejos d\u00eda tras d\u00eda. Cuando su producto no cumple con las expectativas de calidad del mercado, el resultado puede ser la p\u00e9rdida de fondo de comercio, producto e ingresos, clientes, env\u00edos retrasados, materiales desperdiciados y el riesgo potencial de que un producto tenga que ser retirado del mercado.<\/p>\n<p>HQTS cuenta con los sistemas, procesos y procedimientos adecuados para ayudarle a cumplir con sus requisitos y entregar productos de calidad a tiempo.<\/p>\n<h3>\u00bfPor qu\u00e9 HQTS?<\/h3>\n<p>Fundada en 1987 y con sede en China, como la empresa de inspecci\u00f3n de terceros l\u00edder en Asia, HQTS tiene un excelente conocimiento en profundidad de los sistemas y procesos de control de calidad, adem\u00e1s de poseer todas las certificaciones necesarias como CNAS, CMA, GACC, etc. Con m\u00e1s de 1500 especialistas, en m\u00e1s de 60 pa\u00edses, podemos realizar un servicio de inspecci\u00f3n en cualquier lugar de Asia en 48 horas, as\u00ed como en cualquier parte del mundo, y ofrecer un informe de inspecci\u00f3n y prueba en 24 horas.<\/p>\n<p>No importa en qu\u00e9 rama de la industria se encuentre, confecci\u00f3n textil, juguetes y productos para ni\u00f1os, calzado, bienes de consumo, alimentos, productos electr\u00f3nicos y el\u00e9ctricos, electrodom\u00e9sticos, automotriz, construcci\u00f3n, maquinaria y equipo, ya sea comercial o de consumo, HQTS se dedica a ayudarle a cumplir con los est\u00e1ndares \u00e9ticos, de calidad y de seguridad que exige a lo largo de su cadena de suministro, mejorando as\u00ed su competitividad y eficiencia en el mercado global.<\/p>\t\t\t\t\t\t\t\t<\/div>\n\t\t\t\t<\/div>\n\t\t\t\t\t<\/div>\n\t\t<\/div>\n\t\t\t\t\t<\/div>\n\t\t<\/section>\n\t\t\t\t<\/div>\n\t\t","protected":false},"excerpt":{"rendered":"<p>HQTS quality control inspections verify product quality and quantity to predetermined specifications.<\/p>\n","protected":false},"author":12,"featured_media":75399,"parent":76155,"menu_order":0,"comment_status":"closed","ping_status":"closed","template":"","meta":{"_acf_changed":false,"footnotes":""},"class_list":["post-75962","page","type-page","status-publish","has-post-thumbnail","hentry"],"acf":[],"_links":{"self":[{"href":"https:\/\/www.hqts.com\/es\/wp-json\/wp\/v2\/pages\/75962","targetHints":{"allow":["GET"]}}],"collection":[{"href":"https:\/\/www.hqts.com\/es\/wp-json\/wp\/v2\/pages"}],"about":[{"href":"https:\/\/www.hqts.com\/es\/wp-json\/wp\/v2\/types\/page"}],"author":[{"embeddable":true,"href":"https:\/\/www.hqts.com\/es\/wp-json\/wp\/v2\/users\/12"}],"replies":[{"embeddable":true,"href":"https:\/\/www.hqts.com\/es\/wp-json\/wp\/v2\/comments?post=75962"}],"version-history":[{"count":5,"href":"https:\/\/www.hqts.com\/es\/wp-json\/wp\/v2\/pages\/75962\/revisions"}],"predecessor-version":[{"id":180067,"href":"https:\/\/www.hqts.com\/es\/wp-json\/wp\/v2\/pages\/75962\/revisions\/180067"}],"up":[{"embeddable":true,"href":"https:\/\/www.hqts.com\/es\/wp-json\/wp\/v2\/pages\/76155"}],"wp:featuredmedia":[{"embeddable":true,"href":"https:\/\/www.hqts.com\/es\/wp-json\/wp\/v2\/media\/75399"}],"wp:attachment":[{"href":"https:\/\/www.hqts.com\/es\/wp-json\/wp\/v2\/media?parent=75962"}],"curies":[{"name":"wp","href":"https:\/\/api.w.org\/{rel}","templated":true}]}}