{"id":76150,"date":"2020-02-06T10:24:50","date_gmt":"2020-02-06T10:24:50","guid":{"rendered":"https:\/\/www.hqts.com\/testing\/"},"modified":"2025-09-26T08:57:35","modified_gmt":"2025-09-26T08:57:35","slug":"testing","status":"publish","type":"page","link":"https:\/\/www.hqts.com\/es\/servicios\/testing\/","title":{"rendered":"PRUEBAS Y ENSAYOS DE PRODUCTOS Y MATERIALES"},"content":{"rendered":"<h4><strong>Servicios profesionales de test de productos y materiales<\/strong><\/h4>\n<p data-start=\"106\" data-end=\"313\">En <strong data-start=\"109\" data-end=\"117\">HQTS<\/strong> somos un l\u00edder global en servicios de ensayo, con una red que abarca m\u00e1s de 40 pa\u00edses y m\u00e1s de 30 a\u00f1os de experiencia apoyando a nuestros clientes en sus necesidades de pruebas y certificaci\u00f3n.<\/p>\n<p data-start=\"315\" data-end=\"804\">En el creciente mercado internacional actual, las organizaciones deben garantizar que sus productos cumplan con las expectativas de los consumidores tanto en seguridad como en calidad. Para lograrlo, es fundamental actuar con transparencia y eficiencia, construyendo una cadena de suministro \u00e1gil y confiable. Dentro de este proceso, los ensayos juegan un papel esencial para asegurar que los productos cumplan con las normativas vigentes y ofrezcan la fiabilidad que el mercado demanda. <strong>HQTS est\u00e1 acreditado para realizar pruebas frente a las principales normas reguladoras para la importaci\u00f3n de productos y materiales.<\/strong><\/p>\n<h4><strong>Nuestros servicios de pruebas y ensayos de Laboratorio<\/strong><\/h4>\n<ul>\n<li><a href=\"https:\/\/www.hqts.com\/es\/servicios\/testing\/ensayos-quimicos\/\">Pruebas qu\u00edmicas<\/a><\/li>\n<li><a href=\"https:\/\/www.hqts.com\/es\/servicios\/testing\/reach\/\">Pruebas REACH<\/a><\/li>\n<li><a href=\"https:\/\/www.hqts.com\/es\/servicios\/testing\/pruebas-rohs\/\">Prueba de RoHS<\/a><\/li>\n<li><a href=\"https:\/\/www.hqts.com\/es\/servicios\/testing\/pruebas-cpsia\/\">Pruebas CPSIA<\/a><\/li>\n<li><a href=\"https:\/\/www.hqts.com\/es\/servicios\/testing\/prueba-de-embalaje-ista\/\">Prueba de embalaje ISTA<\/a><\/li>\n<li><a href=\"https:\/\/www.hqts.com\/es\/industrias\/consumo\/calzado\/\">Pruebas de Zapatos y Calzado<\/a><\/li>\n<li><a href=\"https:\/\/www.hqts.com\/es\/servicios\/testing\/prueba-de-embalaje-ista\/\">Packaging Testing (ISTA)<\/a><\/li>\n<li><a href=\"https:\/\/www.hqts.com\/our-services\/testing\/pfas-testing-services\/\">PFAS Testing<\/a><\/li>\n<li><a href=\"https:\/\/www.hqts.com\/our-services\/testing\/food-contact-materials-testing\/\">Pruebas de materiales en contacto con alimentos<\/a><\/li>\n<li>Ensayos f\u00edsicos<\/li>\n<li>Pruebas\u00a0de textiles y prendas de vestir<\/li>\n<li><a href=\"https:\/\/www.hqts.com\/es\/industrias\/consumo\/juguetes-y-productos-para-ninos\/\">Ensayos de juguetes<\/a><\/li>\n<li>Ensayos de fuego y flamabilidad<\/li>\n<li><a href=\"https:\/\/www.hqts.com\/our-services\/testing\/saudi-arabia-sqm-mark\/\">Saudi Quality Mark<\/a><\/li>\n<\/ul>\n<h4><strong><br \/>\nNuestras Instalaciones<\/strong><\/h4>\n<h5><strong>Laboratorios de Productos de Consumo<\/strong><\/h5>\n<ul>\n<li style=\"list-style-type: none;\">\n<ul>\n<li><strong>Hangzhou, China<\/strong>\u00a0<strong>\u2013<\/strong> Laboratorio de ensayos de 7,000 metros cuadrados para pruebas qu\u00edmicas, funcionales, de seguridad, textiles, electronica y de embalaje<\/li>\n<li><strong>Ningbo, China \u2013<\/strong> Laboratorio especializado en ensayos qu\u00edmicos, textiles, de juguetes, de equipos electr\u00f3nicos y el\u00e9ctricos, as\u00ed como de materiales en contacto con alimentos<\/li>\n<li><strong>Dongguan, China \u2013 <\/strong>Laboratorio de ensayos de textiles, prendas de vestir y bienes de consumo<\/li>\n<li><strong>Ho Chi Minh City, Vietnam\u00a0\u2013<\/strong> Laboratorio de pruebas y ensayos para ropa, textiles y productos de consumo.<\/li>\n<li>Estos son nuestros laboratorios principales, complementados por una extensa red de instalaciones asociadas en India, Banglad\u00e9s, Emiratos \u00c1rabes Unidos, Turqu\u00eda y diversos pa\u00edses adicionales<\/li>\n<\/ul>\n<\/li>\n<\/ul>\n<p>&nbsp;<\/p>\n<div style=\"width: 800px;\" class=\"wp-video\"><!--[if lt IE 9]><script>document.createElement('video');<\/script><![endif]-->\n<video class=\"wp-video-shortcode\" id=\"video-76150-1\" width=\"800\" height=\"450\" preload=\"metadata\" controls=\"controls\"><source type=\"video\/mp4\" src=\"https:\/\/www.hqts.com\/wp-content\/uploads\/2025\/09\/Spanish-Testing-Video.mp4?_=1\" \/><a href=\"https:\/\/www.hqts.com\/wp-content\/uploads\/2025\/09\/Spanish-Testing-Video.mp4\">https:\/\/www.hqts.com\/wp-content\/uploads\/2025\/09\/Spanish-Testing-Video.mp4<\/a><\/video><\/div>\n<h4><\/h4>\n<h5 data-start=\"96\" data-end=\"138\"><strong data-start=\"96\" data-end=\"136\">Laboratorios de Ensayos Industriales<\/strong><\/h5>\n<p data-start=\"140\" data-end=\"651\">Operamos una amplia red de laboratorios asociados especializados en el ensayo de materias primas, con una presencia particularmente fuerte en las provincias de Zhejiang y Guangdong en China, donde se concentra gran parte de la actividad textil y manufacturera mundial. M\u00e1s all\u00e1 de China, nuestra red se extiende a otras regiones estrat\u00e9gicas a nivel global, lo que nos permite ofrecer a nuestros clientes servicios de ensayo integrales, fiables y oportunos, sin importar el lugar de origen de sus suministros.<\/p>\n<h4><strong><br \/>\nNuestras acreditaciones<\/strong><\/h4>\n<ul>\n<li>Pruebas de embalaje certificadas por ISTA<\/li>\n<li>APASS &#8211; Proveedor de embalaje de Amazon<\/li>\n<li>Aceptado por la CPSC<\/li>\n<li>Aprobado por CNAS<\/li>\n<li>Certificado de cualificaci\u00f3n AQSIQ<\/li>\n<li>Aprobaci\u00f3n obligatoria del laboratorio y el organismo de inspecci\u00f3n de China<\/li>\n<\/ul>\n<h4><strong><br \/>\n\u00bfQu\u00e9 tipo de productos podemos testear?<\/strong><\/h4>\n<p>Se puede probar cualquier producto de consumo. Al decidir que test son necesarios, hay muchos factores a considerar. Los m\u00e1s importantes de los cuales son:<\/p>\n<ul>\n<li>\u00bfCu\u00e1les son los requisitos reglamentarios en mi mercado?<\/li>\n<li>\u00bfQu\u00e9 nivel de seguridad, calidad y durabilidad exige el mercado para mi producto?<\/li>\n<\/ul>\n<p>Hable con uno de nuestros expertos para obtener m\u00e1s informaci\u00f3n sobre lo que se requiere para importar o exportar su producto al mercado deseado.<\/p>\n<h4><strong>\u00bfCu\u00e1nto tiempo duran las pruebas del producto?<\/strong><\/h4>\n<p>Esto puede depender significativamente del tipo de producto, la cantidad de componentes que se est\u00e1n probando y las pruebas reglamentarias requeridas. En general, se puede proporcionar el informe de prueba sobre pruebas simples de un componente dentro de los 5 d\u00edas posteriores a la recepci\u00f3n de la muestra.<\/p>\n<h4><strong>HQTS est\u00e1 acreditada profesionalmente para realizar pruebas de productos y materiales<\/strong><\/h4>\n<p>Nuestro laboratorio de pruebas de productos reconocido internacionalmente le brinda la confianza que necesita para llevar su producto al mercado. Nuestra ubicaci\u00f3n en Asia garantiza el tiempo de respuesta m\u00e1s r\u00e1pido para sus proyectos. Cont\u00e1ctenos hoy para obtener informaci\u00f3n adicional sobre c\u00f3mo podemos ayudarlo con sus necesidades de prueba de productos de consumo.<\/p>\n","protected":false},"excerpt":{"rendered":"<p>HQTS is accredited to test against all major regulatory standards for the import of consumer products.<\/p>\n","protected":false},"author":12,"featured_media":75401,"parent":76155,"menu_order":1,"comment_status":"closed","ping_status":"closed","template":"","meta":{"_acf_changed":false,"footnotes":""},"class_list":["post-76150","page","type-page","status-publish","has-post-thumbnail","hentry"],"acf":[],"_links":{"self":[{"href":"https:\/\/www.hqts.com\/es\/wp-json\/wp\/v2\/pages\/76150","targetHints":{"allow":["GET"]}}],"collection":[{"href":"https:\/\/www.hqts.com\/es\/wp-json\/wp\/v2\/pages"}],"about":[{"href":"https:\/\/www.hqts.com\/es\/wp-json\/wp\/v2\/types\/page"}],"author":[{"embeddable":true,"href":"https:\/\/www.hqts.com\/es\/wp-json\/wp\/v2\/users\/12"}],"replies":[{"embeddable":true,"href":"https:\/\/www.hqts.com\/es\/wp-json\/wp\/v2\/comments?post=76150"}],"version-history":[{"count":7,"href":"https:\/\/www.hqts.com\/es\/wp-json\/wp\/v2\/pages\/76150\/revisions"}],"predecessor-version":[{"id":216860,"href":"https:\/\/www.hqts.com\/es\/wp-json\/wp\/v2\/pages\/76150\/revisions\/216860"}],"up":[{"embeddable":true,"href":"https:\/\/www.hqts.com\/es\/wp-json\/wp\/v2\/pages\/76155"}],"wp:featuredmedia":[{"embeddable":true,"href":"https:\/\/www.hqts.com\/es\/wp-json\/wp\/v2\/media\/75401"}],"wp:attachment":[{"href":"https:\/\/www.hqts.com\/es\/wp-json\/wp\/v2\/media?parent=76150"}],"curies":[{"name":"wp","href":"https:\/\/api.w.org\/{rel}","templated":true}]}}