{"id":76296,"date":"2021-07-09T02:21:49","date_gmt":"2021-07-09T02:21:49","guid":{"rendered":"https:\/\/www.hqts.com\/?page_id=76296"},"modified":"2021-08-04T10:24:16","modified_gmt":"2021-08-04T10:24:16","slug":"auditorias","status":"publish","type":"page","link":"https:\/\/www.hqts.com\/es\/servicios\/auditorias\/","title":{"rendered":"AUDITOR\u00cdAS DE F\u00c1BRICAS Y PROVEEDORES"},"content":{"rendered":"<h4><strong>Auditor\u00edas de proveedores y f\u00e1bricas de terceros<\/strong><\/h4>\n<p><strong>En el mercado altamente competitivo de hoy, es imperativo que cree una base de proveedores asociados que satisfagan todos los aspectos de sus necesidades de producci\u00f3n, desde el dise\u00f1o y la calidad, hasta los requisitos de entrega del producto. La evaluaci\u00f3n integral a trav\u00e9s de auditor\u00edas de f\u00e1brica y auditor\u00edas de proveedores son un componente vital del proceso de evaluaci\u00f3n.<\/strong><\/p>\n<p>Los criterios clave que eval\u00faan una auditor\u00eda de f\u00e1brica y proveedor de HQTS son las instalaciones, las pol\u00edticas, los procedimientos y los registros que verifican la capacidad de una f\u00e1brica para entregar productos de calidad constante a lo largo del tiempo, en lugar de en un momento dado o solo para ciertos productos.<\/p>\n<h4><strong>Los principales puntos de control de una auditor\u00eda de proveedor incluyen:<\/strong><\/h4>\n<ul>\n<li>Informaci\u00f3n de legalidad de la empresa<\/li>\n<li>Informaci\u00f3n bancaria<\/li>\n<li>Recursos humanos<\/li>\n<li>Capacidad de exportaci\u00f3n<\/li>\n<li>Gesti\u00f3n de pedidos<\/li>\n<\/ul>\n<h4><strong>La auditor\u00eda de f\u00e1brica est\u00e1ndar incluye:<\/strong><\/h4>\n<ul>\n<li>Antecedentes del fabricante<\/li>\n<li>Mano de obra<\/li>\n<li>Capacidad de producci\u00f3n<\/li>\n<li>M\u00e1quinas, instalaciones y equipos<\/li>\n<li>Proceso de fabricaci\u00f3n y l\u00ednea de producci\u00f3n<\/li>\n<li>Sistema de calidad interno, como pruebas e inspecci\u00f3n<\/li>\n<li>Sistema de gesti\u00f3n y capacidad<\/li>\n<li>Medio Ambiente<\/li>\n<\/ul>\n<p>Nuestras auditor\u00edas de f\u00e1brica y de proveedores le brindan un an\u00e1lisis detallado del estado, fortalezas y debilidades de su proveedor. Este servicio tambi\u00e9n puede ayudar a la f\u00e1brica a comprender las \u00e1reas que requieren mejoras para satisfacer mejor las necesidades del comprador.<\/p>\n<p>A medida que selecciona nuevos proveedores, se reduce el n\u00famero de proveedores a niveles m\u00e1s manejables y mejora el rendimiento general. Nuestros servicios de auditor\u00eda de f\u00e1brica y proveedores brindan una manera efectiva de mejorar ese proceso a un coste reducido para usted.<\/p>\n<h4><strong>Auditores profesionales y experimentados<\/strong><\/h4>\n<p>Nuestros auditores reciben capacitaci\u00f3n integral sobre t\u00e9cnicas de auditor\u00eda, pr\u00e1cticas de calidad, redacci\u00f3n de informes e integridad y \u00e9tica. Adem\u00e1s, se realiza formaci\u00f3n y pruebas peri\u00f3dicas para mantener sus habilidades actualizadas a los est\u00e1ndares cambiantes de la industria.<\/p>\n<h4><strong>Programa s\u00f3lido integro y \u00e9tico<\/strong><\/h4>\n<p>Con una reputaci\u00f3n reconocida en la industria por nuestros estrictos est\u00e1ndares \u00e9ticos, mantenemos un programa activo de capacitaci\u00f3n e integridad que es administrado por un equipo de cumplimiento de integridad dedicado. Esto ayuda a minimizar el riesgo de corrupci\u00f3n y ayuda a educar a auditores, f\u00e1bricas y clientes con respecto a nuestras pol\u00edticas, pr\u00e1cticas y expectativas de integridad.<\/p>\n<h4><strong>Mejores pr\u00e1cticas<\/strong><\/h4>\n<p>Nuestra experiencia en la realizaci\u00f3n de auditor\u00edas de proveedores y auditor\u00edas de f\u00e1brica en China, Bangladesh, India, Vietnam y en cualquier punto de Asia para una amplia gama de empresas nos ha permitido desarrollar las mejores pr\u00e1cticas de auditor\u00eda y evaluaci\u00f3n de f\u00e1bricas que pueden ahorrarle tiempo y dinero en la selecci\u00f3n de f\u00e1bricas y proveedores con los que asociarse.<\/p>\n<p>Esto le brinda la opci\u00f3n de incluir evaluaciones de valor agregado adicionales que pueden beneficiarle tanto a usted como a sus proveedores. Cont\u00e1ctenos para saber m\u00e1s.<\/p>\n<h4><strong>Nuestros servicios de auditor\u00eda de f\u00e1brica:<\/strong><\/h4>\n<ul>\n<li><a href=\"https:\/\/www.hqts.com\/es\/servicios\/auditorias\/auditorias-energeticas\/\">Auditor\u00eda energ\u00e9tica<\/a><\/li>\n<li>Control de producci\u00f3n en f\u00e1brica<\/li>\n<li>Auditor\u00edas medioambientales<\/li>\n<li>Auditor\u00edas de cumplimiento social<\/li>\n<li>Auditor\u00edas de fabricantes<\/li>\n<li>Auditor\u00edas de seguridad de edificios<\/li>\n<\/ul>\n","protected":false},"excerpt":{"rendered":"<p>Auditor\u00edas de proveedores y f\u00e1bricas de terceros En el mercado altamente competitivo de hoy, es imperativo que cree una base de proveedores asociados que satisfagan todos los aspectos de sus necesidades de producci\u00f3n, desde el dise\u00f1o y la calidad, hasta los requisitos de entrega del producto. La evaluaci\u00f3n integral a trav\u00e9s de auditor\u00edas de f\u00e1brica [&hellip;]<\/p>\n","protected":false},"author":12,"featured_media":75398,"parent":76155,"menu_order":2,"comment_status":"closed","ping_status":"closed","template":"","meta":{"_acf_changed":false,"footnotes":""},"class_list":["post-76296","page","type-page","status-publish","has-post-thumbnail","hentry"],"acf":[],"_links":{"self":[{"href":"https:\/\/www.hqts.com\/es\/wp-json\/wp\/v2\/pages\/76296","targetHints":{"allow":["GET"]}}],"collection":[{"href":"https:\/\/www.hqts.com\/es\/wp-json\/wp\/v2\/pages"}],"about":[{"href":"https:\/\/www.hqts.com\/es\/wp-json\/wp\/v2\/types\/page"}],"author":[{"embeddable":true,"href":"https:\/\/www.hqts.com\/es\/wp-json\/wp\/v2\/users\/12"}],"replies":[{"embeddable":true,"href":"https:\/\/www.hqts.com\/es\/wp-json\/wp\/v2\/comments?post=76296"}],"version-history":[{"count":5,"href":"https:\/\/www.hqts.com\/es\/wp-json\/wp\/v2\/pages\/76296\/revisions"}],"predecessor-version":[{"id":81712,"href":"https:\/\/www.hqts.com\/es\/wp-json\/wp\/v2\/pages\/76296\/revisions\/81712"}],"up":[{"embeddable":true,"href":"https:\/\/www.hqts.com\/es\/wp-json\/wp\/v2\/pages\/76155"}],"wp:featuredmedia":[{"embeddable":true,"href":"https:\/\/www.hqts.com\/es\/wp-json\/wp\/v2\/media\/75398"}],"wp:attachment":[{"href":"https:\/\/www.hqts.com\/es\/wp-json\/wp\/v2\/media?parent=76296"}],"curies":[{"name":"wp","href":"https:\/\/api.w.org\/{rel}","templated":true}]}}