{"id":76451,"date":"2021-07-09T07:30:58","date_gmt":"2021-07-09T07:30:58","guid":{"rendered":"https:\/\/www.hqts.com\/?page_id=76451"},"modified":"2021-08-03T02:14:31","modified_gmt":"2021-08-03T02:14:31","slug":"consumo","status":"publish","type":"page","link":"https:\/\/www.hqts.com\/es\/industrias\/consumo\/","title":{"rendered":"PRODUCTOS DE CONSUMO Y VENTA AL POR MENOR"},"content":{"rendered":"<h4><strong>Control de calidad del producto y garant\u00eda de calidad para el comercio minorista<\/strong><\/h4>\n<p><strong>El control de calidad y el aseguramiento de la calidad se refieren a los procesos que utilizan las empresas para garantizar que se mantenga la calidad del producto. Tambi\u00e9n ayuda a reducir o eliminar defectos en la fabricaci\u00f3n para cumplir con las expectativas y regulaciones del cliente. Independientemente de su sector, HQTS ofrece una amplia gama de servicios de control de calidad para el consumidor.<\/strong><\/p>\n<p>Desde <a href=\"https:\/\/www.hqts.com\/es\/servicios\/inspecciones\/\">inspecciones de control de calidad<\/a> hasta <a href=\"https:\/\/www.hqts.com\/es\/servicios\/testing\/\">pruebas de productos de consumo<\/a> seg\u00fan REACH, RoHS, CA Prop 65 y otros, HQTS garantiza que sus proveedores entreguen productos que cumplan con sus requisitos de calidad.<\/p>\n<p>Damos servicio a una amplia gama de bienes de consumo, incluidos:<\/p>\n<ul>\n<li><a href=\"https:\/\/www.hqts.com\/es\/industrias\/consumo\/textiles\/\">Ropa y textiles<\/a><\/li>\n<li>Repuestos y accesorios <a href=\"https:\/\/www.hqts.com\/es\/industrias\/automovil\/\">de automoci\u00f3n<\/a><\/li>\n<li><a href=\"https:\/\/www.hqts.com\/es\/industrias\/consumo\/electronica\/\">Electr\u00f3nica<\/a> dom\u00e9stica y personal<\/li>\n<li><a href=\"https:\/\/www.hqts.com\/es\/industrias\/consumo\/personal-y-cosmetica\/\">Cuidado personal y cosm\u00e9tica<\/a><\/li>\n<li>Casa y Jard\u00edn<\/li>\n<li><a href=\"https:\/\/www.hqts.com\/es\/industrias\/consumo\/juguetes-y-productos-para-ninos\/\">Juguetes y productos para ni\u00f1os<\/a><\/li>\n<li><a href=\"https:\/\/www.hqts.com\/es\/industrias\/consumo\/calzado\/\">Calzado<\/a><\/li>\n<li><a href=\"https:\/\/www.hqts.com\/es\/industrias\/consumo\/bolsos-y-accesorios\/\">Bolsos y complementos<\/a><\/li>\n<li><a href=\"https:\/\/www.hqts.com\/es\/industrias\/consumo\/bienes-duraderos\/\">Bienes duraderos<\/a><\/li>\n<li>Y mucho m\u00e1s<\/li>\n<\/ul>\n<h4><strong>\u00bfQu\u00e9 es el control de calidad del producto?<\/strong><\/h4>\n<p>El control de calidad (QC) se refiere a las actividades relacionadas con la calidad asociadas con la creaci\u00f3n de entregables del proyecto. El control de calidad se utiliza para verificar que los entregables sean de calidad aceptable y que est\u00e9n completos y sean correctos. Ejemplos de actividades de control de calidad incluyen la inspecci\u00f3n, las revisiones entre pares entregables y el proceso de prueba.<\/p>\n<h4><strong>\u00bfQu\u00e9 es la garant\u00eda de calidad minorista?<\/strong><\/h4>\n<p>Los negocios minoristas se diferencian de otros tipos de negocios que se especializan en la venta de bienes ya producidos en lugar de productos manufacturados a partir de materias primas. El sector minorista cuenta con una inmensa variedad, que incluye comercio electr\u00f3nico, pedidos por correo, m\u00e1quinas expendedoras, ventas en casa y proveedores de servicios, etc. La garant\u00eda de calidad tiene como objetivo evitar que los defectos o errores conocidos lleguen al mercado.<\/p>\n<p>Brinda la oportunidad de corregir estos problemas antes de que se publique una versi\u00f3n o actualizaci\u00f3n. Al realizar un control de calidad al comienzo de un proyecto, las empresas pueden mitigar los riesgos identificados antes de que afecten negativamente al negocio o interrumpan la experiencia del cliente.<\/p>\n<h4><strong>Garant\u00eda de calidad frente a control de calidad<\/strong><\/h4>\n<p>El control de calidad (QC) es similar, pero no id\u00e9ntico, al aseguramiento de la calidad (QA). El aseguramiento de la calidad (QA) se refiere al proceso utilizado para crear los entregables y puede ser realizado por un gerente, un cliente y un revisor externo. Los ejemplos de garant\u00eda de calidad incluyen listas de verificaci\u00f3n de procesos, auditor\u00edas de proyectos y desarrollo de metodolog\u00edas y est\u00e1ndares.<\/p>\n<p>El aseguramiento de la calidad est\u00e1 orientado al proceso y se enfoca en la prevenci\u00f3n de defectos, mientras que el control de calidad est\u00e1 orientado al producto y se enfoca en la identificaci\u00f3n de defectos.<\/p>\n<h4><strong>\u00bfC\u00f3mo pueden el control y la garant\u00eda de calidad mejorar un producto en el comercio minorista?<\/strong><\/h4>\n<p>Con el proceso de cadena de suministro cada vez m\u00e1s complejo, las retiradas y devoluciones de productos se han convertido en un problema importante. Los fabricantes, las marcas y los minoristas deben estar seguros de que los productos que entregan cumplen con las expectativas del consumidor, las regulaciones globales y los est\u00e1ndares de seguridad y calidad.<\/p>\n<p>Los servicios de control de calidad de HQTS se brindan a trav\u00e9s de nuestro personal profesional y t\u00e9cnico ubicado en los principales centros de producci\u00f3n de Asia. Trabajamos en estrecha colaboraci\u00f3n con usted para identificar problemas de calidad antes de la distribuci\u00f3n para mitigar retrasos, costes inesperados y riesgos para sus consumidores y marca.<\/p>\n","protected":false},"excerpt":{"rendered":"<p>Control de calidad del producto y garant\u00eda de calidad para el comercio minorista El control de calidad y el aseguramiento de la calidad se refieren a los procesos que utilizan las empresas para garantizar que se mantenga la calidad del producto. Tambi\u00e9n ayuda a reducir o eliminar defectos en la fabricaci\u00f3n para cumplir con las [&hellip;]<\/p>\n","protected":false},"author":12,"featured_media":75876,"parent":76185,"menu_order":0,"comment_status":"closed","ping_status":"closed","template":"","meta":{"_acf_changed":false,"footnotes":""},"class_list":["post-76451","page","type-page","status-publish","has-post-thumbnail","hentry"],"acf":[],"_links":{"self":[{"href":"https:\/\/www.hqts.com\/es\/wp-json\/wp\/v2\/pages\/76451","targetHints":{"allow":["GET"]}}],"collection":[{"href":"https:\/\/www.hqts.com\/es\/wp-json\/wp\/v2\/pages"}],"about":[{"href":"https:\/\/www.hqts.com\/es\/wp-json\/wp\/v2\/types\/page"}],"author":[{"embeddable":true,"href":"https:\/\/www.hqts.com\/es\/wp-json\/wp\/v2\/users\/12"}],"replies":[{"embeddable":true,"href":"https:\/\/www.hqts.com\/es\/wp-json\/wp\/v2\/comments?post=76451"}],"version-history":[{"count":3,"href":"https:\/\/www.hqts.com\/es\/wp-json\/wp\/v2\/pages\/76451\/revisions"}],"predecessor-version":[{"id":81110,"href":"https:\/\/www.hqts.com\/es\/wp-json\/wp\/v2\/pages\/76451\/revisions\/81110"}],"up":[{"embeddable":true,"href":"https:\/\/www.hqts.com\/es\/wp-json\/wp\/v2\/pages\/76185"}],"wp:featuredmedia":[{"embeddable":true,"href":"https:\/\/www.hqts.com\/es\/wp-json\/wp\/v2\/media\/75876"}],"wp:attachment":[{"href":"https:\/\/www.hqts.com\/es\/wp-json\/wp\/v2\/media?parent=76451"}],"curies":[{"name":"wp","href":"https:\/\/api.w.org\/{rel}","templated":true}]}}