{"id":76518,"date":"2021-07-12T06:17:01","date_gmt":"2021-07-12T06:17:01","guid":{"rendered":"https:\/\/www.hqts.com\/?page_id=76518"},"modified":"2021-08-04T03:43:54","modified_gmt":"2021-08-04T03:43:54","slug":"productos-industriales","status":"publish","type":"page","link":"https:\/\/www.hqts.com\/es\/industrias\/productos-industriales\/","title":{"rendered":"Inspecciones de Productos Industriales"},"content":{"rendered":"<h4><strong>Servicios de garant\u00eda de calidad industrial<\/strong><\/h4>\n<p><strong>Nuestro equipo de productos industriales y servicios de fabricaci\u00f3n contin\u00faa introduciendo nuevas tecnolog\u00edas e innovaci\u00f3n de servicios al tiempo que brinda servicios personalizados eficientes, rigurosos, independientes e imparciales. HQTS ofrece una gama de servicios de calidad de acuerdo con las normativas y est\u00e1ndares nacionales e internacionales aplicables.<\/strong><\/p>\n<h4><strong><a href=\"https:\/\/www.hqts.com\/es\/industrias\/maquinaria-y-equipamiento\/plantas-de-energia\/\">Electricidad y plantas de energ\u00eda<\/a><\/strong><\/h4>\n<p>Asia es un mercado importante para las centrales el\u00e9ctricas de producci\u00f3n de energ\u00eda y la infraestructura de apoyo relacionada. Algunas de las \u00e1reas de categor\u00edas de productos que cubrimos incluyen: equipos de ingenier\u00eda de transformaci\u00f3n y transmisi\u00f3n de energ\u00eda, equipamiento de centrales t\u00e9rmicas, equipamiento de centrales e\u00f3licas, equipamiento de centrales fotovoltaicas, centrales hidroel\u00e9ctricas y estructuras met\u00e1licas, y mucho m\u00e1s.<\/p>\n<h4><a href=\"https:\/\/www.hqts.com\/es\/industrias\/maquinaria-y-equipamiento\/gas-petroleo-y-quimicos\/\"><strong>Gas, petr\u00f3leo y productos qu\u00edmicos<\/strong><\/a><\/h4>\n<p>Algunas de las \u00e1reas de categor\u00edas de productos que atendemos en cuanto a gas, petr\u00f3leo y productos qu\u00edmicos incluyen: equipos de perforaci\u00f3n de petr\u00f3leo y gas, instalaciones de explotaci\u00f3n petrolera en alta mar, equipos de procesamiento de tierras, tuber\u00edas de recolecci\u00f3n y transporte de superficie, refino de petr\u00f3leo, industrias qu\u00edmicas, etileno, fertilizantes y m\u00e1s.<\/p>\n<h4><a href=\"https:\/\/www.hqts.com\/es\/industrias\/maquinaria-y-equipamiento\/plantas-industriales-y-maquinaria\/\"><strong>Plantas y maquinaria industrial<\/strong><\/a><\/h4>\n<p>Los ingenieros de control de calidad y el personal t\u00e9cnico de la maquinaria de HQTS tienen experiencia en el control de calidad de maquinaria, incluidas las inspecciones y pruebas, equipos pesados, plantas industriales, miner\u00eda, transporte y construcci\u00f3n pesada. Vamos m\u00e1s all\u00e1 cuando se trata de producci\u00f3n, seguridad, operaciones, mantenimiento y env\u00edo de maquinaria.<\/p>\n<h4><strong><a href=\"https:\/\/www.hqts.com\/es\/industrias\/maquinaria-y-equipamiento\/materiales-y-equipamiento-de-construccion\/\">Materiales y equipamiento de construcci\u00f3n<\/a><\/strong><\/h4>\n<p>Los servicios de garant\u00eda de calidad y control de calidad de HQTS le brindan confianza en la calidad de todos los materiales, componentes y equipamiento utilizados en la industria de la construcci\u00f3n y garantizan el cumplimiento de todos los est\u00e1ndares y regulaciones de calidad aplicables.<\/p>\n<p>Cualquiera que sea su negocio relacionado, nos asociamos con usted para desarrollar un programa de garant\u00eda de calidad personalizado alineado con sus estrategias de cadena de suministro.<\/p>\n<h4><strong>La empresa de control de calidad en la que puede confiar<\/strong><\/h4>\n<p>HQTS ha estado en el negocio de garant\u00eda de la calidad durante m\u00e1s de 25 a\u00f1os. Nuestros servicios pueden brindarle la informaci\u00f3n que necesita al comprar equipamiento para su instalaci\u00f3n en f\u00e1bricas de Asia o antes de enviarlos a otras ubicaciones en todo el mundo. Cont\u00e1ctenos hoy mismo.<\/p>\n","protected":false},"excerpt":{"rendered":"<p>Servicios de garant\u00eda de calidad industrial Nuestro equipo de productos industriales y servicios de fabricaci\u00f3n contin\u00faa introduciendo nuevas tecnolog\u00edas e innovaci\u00f3n de servicios al tiempo que brinda servicios personalizados eficientes, rigurosos, independientes e imparciales. HQTS ofrece una gama de servicios de calidad de acuerdo con las normativas y est\u00e1ndares nacionales e internacionales aplicables. Electricidad y [&hellip;]<\/p>\n","protected":false},"author":12,"featured_media":75874,"parent":76185,"menu_order":1,"comment_status":"closed","ping_status":"closed","template":"","meta":{"_acf_changed":false,"footnotes":""},"class_list":["post-76518","page","type-page","status-publish","has-post-thumbnail","hentry"],"acf":[],"_links":{"self":[{"href":"https:\/\/www.hqts.com\/es\/wp-json\/wp\/v2\/pages\/76518","targetHints":{"allow":["GET"]}}],"collection":[{"href":"https:\/\/www.hqts.com\/es\/wp-json\/wp\/v2\/pages"}],"about":[{"href":"https:\/\/www.hqts.com\/es\/wp-json\/wp\/v2\/types\/page"}],"author":[{"embeddable":true,"href":"https:\/\/www.hqts.com\/es\/wp-json\/wp\/v2\/users\/12"}],"replies":[{"embeddable":true,"href":"https:\/\/www.hqts.com\/es\/wp-json\/wp\/v2\/comments?post=76518"}],"version-history":[{"count":3,"href":"https:\/\/www.hqts.com\/es\/wp-json\/wp\/v2\/pages\/76518\/revisions"}],"predecessor-version":[{"id":81416,"href":"https:\/\/www.hqts.com\/es\/wp-json\/wp\/v2\/pages\/76518\/revisions\/81416"}],"up":[{"embeddable":true,"href":"https:\/\/www.hqts.com\/es\/wp-json\/wp\/v2\/pages\/76185"}],"wp:featuredmedia":[{"embeddable":true,"href":"https:\/\/www.hqts.com\/es\/wp-json\/wp\/v2\/media\/75874"}],"wp:attachment":[{"href":"https:\/\/www.hqts.com\/es\/wp-json\/wp\/v2\/media?parent=76518"}],"curies":[{"name":"wp","href":"https:\/\/api.w.org\/{rel}","templated":true}]}}