{"id":76520,"date":"2021-07-12T06:26:22","date_gmt":"2021-07-12T06:26:22","guid":{"rendered":"https:\/\/www.hqts.com\/?page_id=76520"},"modified":"2021-08-04T07:06:36","modified_gmt":"2021-08-04T07:06:36","slug":"alimentos","status":"publish","type":"page","link":"https:\/\/www.hqts.com\/es\/industrias\/alimentos\/","title":{"rendered":"Control de Calidad de Alimentaci\u00f3n y Productos Agricolas"},"content":{"rendered":"\t\t<div data-elementor-type=\"wp-page\" data-elementor-id=\"76520\" class=\"elementor elementor-76520 elementor-1516\" data-elementor-post-type=\"page\">\n\t\t\t\t\t\t<section class=\"elementor-section elementor-top-section elementor-element elementor-element-625cc796 elementor-section-boxed elementor-section-height-default elementor-section-height-default\" data-id=\"625cc796\" data-element_type=\"section\">\n\t\t\t\t\t\t<div class=\"elementor-container elementor-column-gap-default\">\n\t\t\t\t\t<div class=\"elementor-column elementor-col-100 elementor-top-column elementor-element elementor-element-2f12ee33\" data-id=\"2f12ee33\" data-element_type=\"column\">\n\t\t\t<div class=\"elementor-widget-wrap elementor-element-populated\">\n\t\t\t\t\t\t<div class=\"elementor-element elementor-element-e4fae23 elementor-widget elementor-widget-text-editor\" data-id=\"e4fae23\" data-element_type=\"widget\" data-widget_type=\"text-editor.default\">\n\t\t\t\t<div class=\"elementor-widget-container\">\n\t\t\t\t\t\t\t\t\t<h4><strong>Control de calidad de productos alimenticios y agr\u00edcolas\u00a0<\/strong><\/h4><p><strong>Los incidentes de seguridad alimentaria son una posibilidad real en estos d\u00edas, lo que significa un mayor escrutinio y pruebas rigurosas en la producci\u00f3n y otras \u00e1reas. Desde las tierras de cultivo hasta las mesas de los consumidores, cada etapa de toda la cadena de suministro de alimentos se ve desafiada por la seguridad, la calidad y la eficacia del producto. Las normas de calidad de la alimentaci\u00f3n y la agricultura son de suma importancia y un asunto de principal atenci\u00f3n para las autoridades de la industria y los consumidores.<\/strong><\/p><p>Ya sea un productor, un empacador de alimentos o tenga cualquier otro papel importante en la cadena de suministro de alimentos, es su deber demostrar integridad y promover la seguridad desde el origen. Pero estas garant\u00edas solo se pueden dar cuando el crecimiento, el procesamiento, la adquisici\u00f3n y el env\u00edo son monitorizados y probados regularmente por personal especializado.<\/p>\t\t\t\t\t\t\t\t<\/div>\n\t\t\t\t<\/div>\n\t\t\t\t<div class=\"elementor-element elementor-element-ee8e38d elementor-widget elementor-widget-text-editor\" data-id=\"ee8e38d\" data-element_type=\"widget\" data-widget_type=\"text-editor.default\">\n\t\t\t\t<div class=\"elementor-widget-container\">\n\t\t\t\t\t\t\t\t\t<h4><strong>Servimos a las siguientes industrias:<\/strong><\/h4>\t\t\t\t\t\t\t\t<\/div>\n\t\t\t\t<\/div>\n\t\t\t\t<div class=\"elementor-element elementor-element-3c3fe7a elementor-hidden-phone elementor-grid-3 elementor-grid-tablet-2 elementor-grid-mobile-1 elementor-widget elementor-widget-portfolio\" data-id=\"3c3fe7a\" data-element_type=\"widget\" data-settings=\"{&quot;row_gap&quot;:{&quot;unit&quot;:&quot;px&quot;,&quot;size&quot;:8,&quot;sizes&quot;:[]},&quot;_animation_mobile&quot;:&quot;none&quot;,&quot;columns&quot;:&quot;3&quot;,&quot;columns_tablet&quot;:&quot;2&quot;,&quot;columns_mobile&quot;:&quot;1&quot;,&quot;item_ratio&quot;:{&quot;unit&quot;:&quot;px&quot;,&quot;size&quot;:0.66,&quot;sizes&quot;:[]},&quot;item_gap&quot;:{&quot;unit&quot;:&quot;px&quot;,&quot;size&quot;:&quot;&quot;,&quot;sizes&quot;:[]}}\" data-widget_type=\"portfolio.default\">\n\t\t\t\t<div class=\"elementor-widget-container\">\n\t\t\t\t\t\t\t<div class=\"elementor-portfolio elementor-grid elementor-posts-container\">\n\t\t\t\t<article class=\"elementor-portfolio-item elementor-post  post-77850 page type-page status-publish has-post-thumbnail hentry\">\n\t\t\t<a class=\"elementor-post__thumbnail__link\" href=\"https:\/\/www.hqts.com\/es\/industrias\/alimentos\/calidad-de-cereales\/\">\n\t\t\t\t<div class=\"elementor-portfolio-item__img elementor-post__thumbnail\">\n\t\t\t<img fetchpriority=\"high\" decoding=\"async\" width=\"300\" height=\"218\" src=\"https:\/\/www.hqts.com\/wp-content\/uploads\/2021\/05\/Small-Thumbnail-1.png\" class=\"attachment-medium size-medium wp-image-75881\" alt=\"\" \/>\t\t<\/div>\n\t\t\t\t<div class=\"elementor-portfolio-item__overlay\">\n\t\t\t\t<h3 class=\"elementor-portfolio-item__title\">\n\t\tINSPECCIONES DE CONTROL DE CALIDAD DE CEREALES\t\t<\/h3>\n\t\t\t\t<\/div>\n\t\t\t\t<\/a>\n\t\t<\/article>\n\t\t\t\t<article class=\"elementor-portfolio-item elementor-post  post-77865 page type-page status-publish has-post-thumbnail hentry\">\n\t\t\t<a class=\"elementor-post__thumbnail__link\" href=\"https:\/\/www.hqts.com\/es\/industrias\/alimentos\/plaguicidas-y-fumigacion\/\">\n\t\t\t\t<div class=\"elementor-portfolio-item__img elementor-post__thumbnail\">\n\t\t\t<img decoding=\"async\" width=\"300\" height=\"218\" src=\"https:\/\/www.hqts.com\/wp-content\/uploads\/2021\/05\/Small-Thumbnail-3.png\" class=\"attachment-medium size-medium wp-image-75884\" alt=\"\" \/>\t\t<\/div>\n\t\t\t\t<div class=\"elementor-portfolio-item__overlay\">\n\t\t\t\t<h3 class=\"elementor-portfolio-item__title\">\n\t\tCONTROL DE CALIDAD DE PLAGUICIDAS Y FUMIGACI\u00d3N\t\t<\/h3>\n\t\t\t\t<\/div>\n\t\t\t\t<\/a>\n\t\t<\/article>\n\t\t\t\t<article class=\"elementor-portfolio-item elementor-post  post-77832 page type-page status-publish has-post-thumbnail hentry\">\n\t\t\t<a class=\"elementor-post__thumbnail__link\" href=\"https:\/\/www.hqts.com\/es\/industrias\/alimentos\/calidad-de-mariscos\/\">\n\t\t\t\t<div class=\"elementor-portfolio-item__img elementor-post__thumbnail\">\n\t\t\t<img decoding=\"async\" width=\"300\" height=\"236\" src=\"https:\/\/www.hqts.com\/wp-content\/uploads\/2021\/05\/seafood-2-1-300x236.jpg\" class=\"attachment-medium size-medium wp-image-75867\" alt=\"\" srcset=\"https:\/\/www.hqts.com\/wp-content\/uploads\/2021\/05\/seafood-2-1-300x236.jpg 300w, https:\/\/www.hqts.com\/wp-content\/uploads\/2021\/05\/seafood-2-1-768x604.jpg 768w, https:\/\/www.hqts.com\/wp-content\/uploads\/2021\/05\/seafood-2-1.jpg 801w\" sizes=\"(max-width: 300px) 100vw, 300px\" \/>\t\t<\/div>\n\t\t\t\t<div class=\"elementor-portfolio-item__overlay\">\n\t\t\t\t<h3 class=\"elementor-portfolio-item__title\">\n\t\tCONTROL DE CALIDAD DE MARISCOS y pescados\t\t<\/h3>\n\t\t\t\t<\/div>\n\t\t\t\t<\/a>\n\t\t<\/article>\n\t\t\t\t<article class=\"elementor-portfolio-item elementor-post  post-77838 page type-page status-publish has-post-thumbnail hentry\">\n\t\t\t<a class=\"elementor-post__thumbnail__link\" href=\"https:\/\/www.hqts.com\/es\/industrias\/alimentos\/frutas-y-hortalizas\/\">\n\t\t\t\t<div class=\"elementor-portfolio-item__img elementor-post__thumbnail\">\n\t\t\t<img loading=\"lazy\" decoding=\"async\" width=\"300\" height=\"218\" src=\"https:\/\/www.hqts.com\/wp-content\/uploads\/2021\/05\/Small-Thumbnail-2.png\" class=\"attachment-medium size-medium wp-image-75890\" alt=\"\" \/>\t\t<\/div>\n\t\t\t\t<div class=\"elementor-portfolio-item__overlay\">\n\t\t\t\t<h3 class=\"elementor-portfolio-item__title\">\n\t\tCONTROL DE CALIDAD DE FRUTAS Y HORTALIZAS\t\t<\/h3>\n\t\t\t\t<\/div>\n\t\t\t\t<\/a>\n\t\t<\/article>\n\t\t\t\t<article class=\"elementor-portfolio-item elementor-post  post-77845 page type-page status-publish has-post-thumbnail hentry\">\n\t\t\t<a class=\"elementor-post__thumbnail__link\" href=\"https:\/\/www.hqts.com\/es\/industrias\/alimentos\/carnes-y-aves\/\">\n\t\t\t\t<div class=\"elementor-portfolio-item__img elementor-post__thumbnail\">\n\t\t\t<img loading=\"lazy\" decoding=\"async\" width=\"300\" height=\"218\" src=\"https:\/\/www.hqts.com\/wp-content\/uploads\/2021\/05\/Small-Thumbnail-5.png\" class=\"attachment-medium size-medium wp-image-75888\" alt=\"\" \/>\t\t<\/div>\n\t\t\t\t<div class=\"elementor-portfolio-item__overlay\">\n\t\t\t\t<h3 class=\"elementor-portfolio-item__title\">\n\t\tCONTROL DE CALIDAD DE CARNES Y AVES\t\t<\/h3>\n\t\t\t\t<\/div>\n\t\t\t\t<\/a>\n\t\t<\/article>\n\t\t\t\t<article class=\"elementor-portfolio-item elementor-post  post-77858 page type-page status-publish has-post-thumbnail hentry\">\n\t\t\t<a class=\"elementor-post__thumbnail__link\" href=\"https:\/\/www.hqts.com\/es\/industrias\/alimentos\/alimentos-procesados\/\">\n\t\t\t\t<div class=\"elementor-portfolio-item__img elementor-post__thumbnail\">\n\t\t\t<img loading=\"lazy\" decoding=\"async\" width=\"300\" height=\"218\" src=\"https:\/\/www.hqts.com\/wp-content\/uploads\/2021\/05\/Small-Thumbnail-4.png\" class=\"attachment-medium size-medium wp-image-75887\" alt=\"\" \/>\t\t<\/div>\n\t\t\t\t<div class=\"elementor-portfolio-item__overlay\">\n\t\t\t\t<h3 class=\"elementor-portfolio-item__title\">\n\t\tCONTROL DE CALIDAD DE ALIMENTOS PROCESADOS\t\t<\/h3>\n\t\t\t\t<\/div>\n\t\t\t\t<\/a>\n\t\t<\/article>\n\t\t\t\t<\/div>\n\t\t\t\t\t\t<\/div>\n\t\t\t\t<\/div>\n\t\t\t\t<div class=\"elementor-element elementor-element-1ea2f4b elementor-widget elementor-widget-text-editor\" data-id=\"1ea2f4b\" data-element_type=\"widget\" data-widget_type=\"text-editor.default\">\n\t\t\t\t<div class=\"elementor-widget-container\">\n\t\t\t\t\t\t\t\t\t<h4><strong>Servicios de garant\u00eda de calidad de los alimentos<\/strong><\/h4><h5><strong>Algunos de los servicios que brindamos para alimentaci\u00f3n incluyen:<\/strong><\/h5><ul><li>Agricultura: <a href=\"https:\/\/www.hqts.com\/es\/industrias\/alimentos\/calidad-de-cereales\/\">cereales<\/a>, <a href=\"https:\/\/www.hqts.com\/es\/industrias\/alimentos\/frutas-y-hortalizas\/\">hortalizas y frutas<\/a><\/li><li><a href=\"https:\/\/www.hqts.com\/es\/industrias\/alimentos\/calidad-de-mariscos\/\">Mariscos<\/a>: mariscos congelados, mariscos refrigerados y mariscos secos.<\/li><li>Alimentos procesados: cereales procesados, productos l\u00e1cteos, productos c\u00e1rnicos, productos del mar, alimentos instant\u00e1neos, bebidas congeladas, alimentos congelados, patatas fritas y aperitivos extrusionados, dulces, verduras, frutas, alimentos horneados, aceite comestible, aromas, etc.<\/li><\/ul><p>Cumplimos con las leyes y normativas nacionales y realizamos servicios de calidad basados en los siguientes est\u00e1ndares:<\/p><ul><li><strong>Est\u00e1ndares de inspecci\u00f3n de muestreo de alimentos:<\/strong> CAC\/GL 50-2004, ISO 8423: 1991, GB\/T 30642, etc.<\/li><li><strong>Est\u00e1ndares de evaluaci\u00f3n sensorial de alimentos:<\/strong> CODEX, ISO, GB y otros est\u00e1ndares de clasificaci\u00f3n.<\/li><\/ul><p>Normas de ensayo y an\u00e1lisis de alimentos: normas nacionales e internacionales, una serie de normas relacionadas con la detecci\u00f3n de microbiolog\u00eda, detecci\u00f3n de residuos de plaguicidas, an\u00e1lisis f\u00edsico-qu\u00edmico, etc.<\/p><p>Normas de auditor\u00eda de f\u00e1brica \/ tienda: ISO9000, ISO14000, ISO22000, HACCP.<\/p><h5><strong>Los servicios de garant\u00eda de calidad de los alimentos de HQTS incluyen:<\/strong><\/h5><ul><li><strong>Auditor\u00eda de f\u00e1brica \/ tienda<\/strong><\/li><li><strong>Inspecci\u00f3n<\/strong><\/li><li>Inspecci\u00f3n Previa a Producci\u00f3n (PPI)<\/li><li>Inspecci\u00f3n Durante la Producci\u00f3n (DPI)<\/li><li>Inspecci\u00f3n Previa al Env\u00edo (PSI)<\/li><li>Supervisi\u00f3n de carga \/ descarga (LS\/US)<\/li><li>Monitorizaci\u00f3n de producci\u00f3n<\/li><li>Estudio<\/li><li><strong>Pruebas de producto<\/strong><\/li><\/ul><h4><strong>Inspecci\u00f3n de Alimentaci\u00f3n y Agricultura<\/strong><\/h4><h5><strong>Nuestro portfolio de inspecci\u00f3n de alimentos y agricultura incluye:<\/strong><\/h5><ul><li>Inspecci\u00f3n visual<\/li><li>Medida de peso<\/li><li>Control de temperatura<\/li><li>Verificaci\u00f3n de empaquetado<\/li><li>Prueba de concentraci\u00f3n de az\u00facar<\/li><li>Detecci\u00f3n de salinidad<\/li><li>Control de escarcha<\/li><li>Inspecci\u00f3n de aberraciones crom\u00e1ticas<\/li><\/ul><h5><strong>Algunos de nuestros servicios de ensayos de seguridad alimentaria y agr\u00edcola incluyen:<\/strong><\/h5><ul><li>Detecci\u00f3n de contaminaci\u00f3n<\/li><li>Detecci\u00f3n de residuos<\/li><li>Detecci\u00f3n de microorganismos<\/li><li>An\u00e1lisis f\u00edsico-qu\u00edmico<\/li><li>Detecci\u00f3n de metales pesados<\/li><li>Detecci\u00f3n de tintes<\/li><li>Medici\u00f3n de la calidad del agua<\/li><li>An\u00e1lisis de etiquetado de nutrici\u00f3n alimentaria<\/li><li>Ensayos de materiales en contacto con alimentos<\/li><\/ul>\t\t\t\t\t\t\t\t<\/div>\n\t\t\t\t<\/div>\n\t\t\t\t\t<\/div>\n\t\t<\/div>\n\t\t\t\t\t<\/div>\n\t\t<\/section>\n\t\t\t\t<\/div>\n\t\t","protected":false},"excerpt":{"rendered":"<p>Control de calidad de productos alimenticios y agr\u00edcolas\u00a0 Los incidentes de seguridad alimentaria son una posibilidad real en estos d\u00edas, lo que significa un mayor escrutinio y pruebas rigurosas en la producci\u00f3n y otras \u00e1reas. Desde las tierras de cultivo hasta las mesas de los consumidores, cada etapa de toda la cadena de suministro de [&hellip;]<\/p>\n","protected":false},"author":12,"featured_media":75877,"parent":76185,"menu_order":2,"comment_status":"closed","ping_status":"closed","template":"","meta":{"_acf_changed":false,"footnotes":""},"class_list":["post-76520","page","type-page","status-publish","has-post-thumbnail","hentry"],"acf":[],"_links":{"self":[{"href":"https:\/\/www.hqts.com\/es\/wp-json\/wp\/v2\/pages\/76520","targetHints":{"allow":["GET"]}}],"collection":[{"href":"https:\/\/www.hqts.com\/es\/wp-json\/wp\/v2\/pages"}],"about":[{"href":"https:\/\/www.hqts.com\/es\/wp-json\/wp\/v2\/types\/page"}],"author":[{"embeddable":true,"href":"https:\/\/www.hqts.com\/es\/wp-json\/wp\/v2\/users\/12"}],"replies":[{"embeddable":true,"href":"https:\/\/www.hqts.com\/es\/wp-json\/wp\/v2\/comments?post=76520"}],"version-history":[{"count":5,"href":"https:\/\/www.hqts.com\/es\/wp-json\/wp\/v2\/pages\/76520\/revisions"}],"predecessor-version":[{"id":81654,"href":"https:\/\/www.hqts.com\/es\/wp-json\/wp\/v2\/pages\/76520\/revisions\/81654"}],"up":[{"embeddable":true,"href":"https:\/\/www.hqts.com\/es\/wp-json\/wp\/v2\/pages\/76185"}],"wp:featuredmedia":[{"embeddable":true,"href":"https:\/\/www.hqts.com\/es\/wp-json\/wp\/v2\/media\/75877"}],"wp:attachment":[{"href":"https:\/\/www.hqts.com\/es\/wp-json\/wp\/v2\/media?parent=76520"}],"curies":[{"name":"wp","href":"https:\/\/api.w.org\/{rel}","templated":true}]}}