{"id":76526,"date":"2021-07-12T07:07:29","date_gmt":"2021-07-12T07:07:29","guid":{"rendered":"https:\/\/www.hqts.com\/?page_id=76526"},"modified":"2026-03-24T11:59:26","modified_gmt":"2026-03-24T11:59:26","slug":"preproduccion","status":"publish","type":"page","link":"https:\/\/www.hqts.com\/es\/servicios\/inspecciones\/preproduccion\/","title":{"rendered":"INSPECCI\u00d3N DE PREPRODUCCI\u00d3N"},"content":{"rendered":"<h4><strong>Inspecci\u00f3n de preproducci\u00f3n<\/strong><\/h4>\n<p><strong>La Inspecci\u00f3n Previa a la Producci\u00f3n (PPI en ingl\u00e9s) es un tipo de inspecci\u00f3n de control de calidad que se realiza antes de que comience el proceso de producci\u00f3n para evaluar la cantidad y calidad de las materias primas y los componentes, y si cumplen o no con las especificaciones del producto.<\/strong><\/p>\n<p>Una PPI podr\u00eda ser beneficiosa cuando trabaja con un nuevo proveedor, especialmente si su proyecto es un contrato grande que tiene fechas de entrega cr\u00edticas. Tambi\u00e9n es muy importante en cualquier caso en el que sospeche que el proveedor ha buscado reducir sus costes sustituyendo materiales o componentes m\u00e1s baratos antes de la producci\u00f3n.<\/p>\n<p><img fetchpriority=\"high\" decoding=\"async\" class=\"aligncenter size-full wp-image-172384\" src=\"https:\/\/www.hqts.com\/wp-content\/uploads\/2024\/09\/Inspeccion-Pre-Produccion.png\" alt=\"\" width=\"1708\" height=\"624\" srcset=\"https:\/\/www.hqts.com\/wp-content\/uploads\/2024\/09\/Inspeccion-Pre-Produccion.png 1708w, https:\/\/www.hqts.com\/wp-content\/uploads\/2024\/09\/Inspeccion-Pre-Produccion-300x110.png 300w, https:\/\/www.hqts.com\/wp-content\/uploads\/2024\/09\/Inspeccion-Pre-Produccion-1024x374.png 1024w, https:\/\/www.hqts.com\/wp-content\/uploads\/2024\/09\/Inspeccion-Pre-Produccion-768x281.png 768w, https:\/\/www.hqts.com\/wp-content\/uploads\/2024\/09\/Inspeccion-Pre-Produccion-1536x561.png 1536w\" sizes=\"(max-width: 1708px) 100vw, 1708px\" \/><\/p>\n<p>Esta inspecci\u00f3n tambi\u00e9n puede reducir o eliminar los problemas de comunicaci\u00f3n con respecto a los plazos de producci\u00f3n, las fechas de env\u00edo, las expectativas de calidad y otros, entre usted y su proveedor.<\/p>\n<h4><strong>C\u00f3mo realizar una Inspecci\u00f3n Previa a la Producci\u00f3n<\/strong><\/h4>\n<p>La Inspecci\u00f3n Previa a la Producci\u00f3n (PPI) o la Inspecci\u00f3n de Producci\u00f3n Inicial se completa despu\u00e9s de la identificaci\u00f3n y evaluaci\u00f3n de su proveedor \/ f\u00e1brica y justo antes del comienzo de la producci\u00f3n en masa real. El objetivo de la Inspecci\u00f3n Previa a la Producci\u00f3n es asegurarse de que su proveedor comprenda sus requisitos y las especificaciones de su pedido y est\u00e9 preparado para su producci\u00f3n.<\/p>\n<h4><strong>HQTS lleva a cabo los siguientes siete pasos para la Inspecci\u00f3n Previa a la Producci\u00f3n:<\/strong><\/h4>\n<ul>\n<li>Antes de la producci\u00f3n, nuestro inspector llega a la f\u00e1brica.<\/li>\n<li>Control de materias primas y accesorios: nuestro inspector verifica las materias primas y los componentes necesarios para la producci\u00f3n.<\/li>\n<li>Selecci\u00f3n aleatoria de muestras: los materiales, componentes y productos semiacabados se seleccionan aleatoriamente para garantizar la mejor representaci\u00f3n posible.<\/li>\n<li>Comprobaci\u00f3n de estilo, color y mano de obra: nuestro inspector comprueba minuciosamente el estilo, el color y la calidad de las materias primas, los componentes y los productos semiacabados.<\/li>\n<li>Fotos de la l\u00ednea de producci\u00f3n y el entorno: nuestro inspector toma fotos de la l\u00ednea de producci\u00f3n y el entorno.<\/li>\n<li>Auditor\u00eda de muestras de la l\u00ednea de producci\u00f3n: nuestro inspector realiza una auditor\u00eda de muestras de la l\u00ednea de producci\u00f3n, incluida la capacidad de producci\u00f3n y la capacidad de control de calidad (personas, maquinaria, material, entorno, etc.)<\/li>\n<li>Informe de inspecci\u00f3n: nuestro inspector emite un informe que documenta los hallazgos e incluye fotograf\u00edas. Con este informe, obtiene una composici\u00f3n clara de si todo est\u00e1 en su lugar para que los productos seleccionados se completen de acuerdo con sus requisitos.<\/li>\n<\/ul>\n<h4>El Informe de Pre-producci\u00f3n<\/h4>\n<p>Cuando finalice la Inspecci\u00f3n Previa a la Producci\u00f3n, el inspector emitir\u00e1 un informe que documenta los hallazgos e incluye fotograf\u00edas. Con este informe, obtiene una composici\u00f3n clara de si todo est\u00e1 en su lugar para que los productos se completen de acuerdo con sus requisitos.<\/p>\n<h4><strong>Beneficios de una Inspecci\u00f3n Previa a la Producci\u00f3n<\/strong><\/h4>\n<p>La Inspecci\u00f3n de Preproducci\u00f3n le permitir\u00e1 tener una visi\u00f3n clara del cronograma de producci\u00f3n y podr\u00e1 anticipar posibles problemas que podr\u00edan afectar la calidad de los productos. El servicio de inspecci\u00f3n de producci\u00f3n inicial ayuda a evitar incertidumbres en todo el proceso de producci\u00f3n y a distinguir defectos en las materias primas o componentes antes de que comience la producci\u00f3n. HQTS le garantiza beneficiarse de la inspecci\u00f3n previa a la producci\u00f3n en los siguientes aspectos:<\/p>\n<ul>\n<li>Se garantiza el cumplimiento de los requisitos<\/li>\n<li>Aseguramiento de la calidad de las materias primas o componentes del producto<\/li>\n<li>Tener una visi\u00f3n clara del proceso de producci\u00f3n que se llevar\u00e1 a cabo.<\/li>\n<li>Identificaci\u00f3n temprana del problema o riesgo que pueda ocurrir<\/li>\n<li>Solucionar problemas de producci\u00f3n de manera temprana<\/li>\n<li>Prevenci\u00f3n de costes adicionales y tiempo no productivo<\/li>\n<\/ul>\n<p>&nbsp;<\/p>\n","protected":false},"excerpt":{"rendered":"<p>Inspecci\u00f3n de preproducci\u00f3n La Inspecci\u00f3n Previa a la Producci\u00f3n (PPI en ingl\u00e9s) es un tipo de inspecci\u00f3n de control de calidad que se realiza antes de que comience el proceso de producci\u00f3n para evaluar la cantidad y calidad de las materias primas y los componentes, y si cumplen o no con las especificaciones del producto. [&hellip;]<\/p>\n","protected":false},"author":12,"featured_media":75388,"parent":75962,"menu_order":37,"comment_status":"closed","ping_status":"closed","template":"","meta":{"_acf_changed":false,"footnotes":""},"class_list":["post-76526","page","type-page","status-publish","has-post-thumbnail","hentry"],"acf":[],"_links":{"self":[{"href":"https:\/\/www.hqts.com\/es\/wp-json\/wp\/v2\/pages\/76526","targetHints":{"allow":["GET"]}}],"collection":[{"href":"https:\/\/www.hqts.com\/es\/wp-json\/wp\/v2\/pages"}],"about":[{"href":"https:\/\/www.hqts.com\/es\/wp-json\/wp\/v2\/types\/page"}],"author":[{"embeddable":true,"href":"https:\/\/www.hqts.com\/es\/wp-json\/wp\/v2\/users\/12"}],"replies":[{"embeddable":true,"href":"https:\/\/www.hqts.com\/es\/wp-json\/wp\/v2\/comments?post=76526"}],"version-history":[{"count":5,"href":"https:\/\/www.hqts.com\/es\/wp-json\/wp\/v2\/pages\/76526\/revisions"}],"predecessor-version":[{"id":227658,"href":"https:\/\/www.hqts.com\/es\/wp-json\/wp\/v2\/pages\/76526\/revisions\/227658"}],"up":[{"embeddable":true,"href":"https:\/\/www.hqts.com\/es\/wp-json\/wp\/v2\/pages\/75962"}],"wp:featuredmedia":[{"embeddable":true,"href":"https:\/\/www.hqts.com\/es\/wp-json\/wp\/v2\/media\/75388"}],"wp:attachment":[{"href":"https:\/\/www.hqts.com\/es\/wp-json\/wp\/v2\/media?parent=76526"}],"curies":[{"name":"wp","href":"https:\/\/api.w.org\/{rel}","templated":true}]}}