{"id":76530,"date":"2021-07-12T07:11:12","date_gmt":"2021-07-12T07:11:12","guid":{"rendered":"https:\/\/www.hqts.com\/?page_id=76530"},"modified":"2021-08-03T02:21:37","modified_gmt":"2021-08-03T02:21:37","slug":"reach","status":"publish","type":"page","link":"https:\/\/www.hqts.com\/es\/servicios\/testing\/reach\/","title":{"rendered":"Ensayos REACH"},"content":{"rendered":"<h4><strong>Pruebas REACH<\/strong><\/h4>\n<p><strong>El Reglamento (CE) No. 1907\/2006 sobre Registro, Evaluaci\u00f3n, Autorizaci\u00f3n y Restricci\u00f3n de Productos Qu\u00edmicos entr\u00f3 en vigor el 1 de junio de 2007. Su objetivo es fortalecer la gesti\u00f3n de la producci\u00f3n y el uso de productos qu\u00edmicos para aumentar la protecci\u00f3n de la salud humana y el medio ambiente.<\/strong><\/p>\n<p>REACH se aplica a sustancias, mezclas y art\u00edculos, afecta a la mayor\u00eda de los productos comercializados en la UE. Los productos exentos de REACH est\u00e1n definidos por la ley de cada Estado miembro, como los art\u00edculos de defensa, m\u00e9dicos, medicamentos veterinarios y productos alimenticios.<\/p>\n<p>Hay 73 entradas en REACH ANNEX \u2169\u2166, pero la 33\u00aa entrada, la 39\u00aa entrada y la 53\u00aa entrada se eliminaron durante el proceso de revisi\u00f3n, por lo que solo hay 70 entradas para ser precisos.<\/p>\n<p style=\"text-align: center;\"><strong>Sustancias de riesgo y altamente peligrosas en REACH ANEXO \u2169\u2166<\/strong><\/p>\n<table width=\"730\">\n<tbody>\n<tr>\n<td width=\"224\">Material altamente peligroso<\/td>\n<td width=\"113\">Entrada<\/td>\n<td width=\"191\">Elemento de prueba<\/td>\n<td width=\"202\">L\u00edmite<\/td>\n<\/tr>\n<tr>\n<td width=\"224\">Pl\u00e1stico, revestimiento, metal<\/td>\n<td width=\"113\">23<\/td>\n<td width=\"191\">Cadmio<\/td>\n<td width=\"202\">100 mg\/kg<\/td>\n<\/tr>\n<tr>\n<td rowspan=\"2\" width=\"224\">Material plastificado en juguetes y productos de puericultura<\/td>\n<td width=\"113\">51<\/td>\n<td width=\"191\">Ftalatos (DBP, BBP, DEHP, DIBP)<\/td>\n<td width=\"202\">Suma &lt;0.1%<\/td>\n<\/tr>\n<tr>\n<td width=\"113\">52<\/td>\n<td width=\"191\">Ftalatos (DNOP, DINP, DIDP)<\/td>\n<td width=\"202\">Suma &lt;0.1%<\/td>\n<\/tr>\n<tr>\n<td width=\"224\">Textil, cuero<\/td>\n<td width=\"113\">43<\/td>\n<td width=\"191\">Tintes AZO<\/td>\n<td width=\"202\">30 mg\/kg<\/td>\n<\/tr>\n<tr>\n<td width=\"224\">Art\u00edculo o pieza<\/td>\n<td width=\"113\">63<\/td>\n<td width=\"191\">Plomo y sus compuestos<\/td>\n<td width=\"202\">500 mg\/kg o 0.05 \u03bcg\/cm2\/h<\/td>\n<\/tr>\n<tr>\n<td width=\"224\">Cuero, textil<\/td>\n<td width=\"113\">61<\/td>\n<td width=\"191\">DMF<\/td>\n<td width=\"202\">0.1 mg\/kg<\/td>\n<\/tr>\n<tr>\n<td width=\"224\">Metal (contacto con la piel)<\/td>\n<td width=\"113\">27<\/td>\n<td width=\"191\">Liberaci\u00f3n de n\u00edquel<\/td>\n<td width=\"202\">0.5 ug\/cm2\/week<\/td>\n<\/tr>\n<tr>\n<td width=\"224\">Pl\u00e1stico, caucho<\/td>\n<td width=\"113\">50<\/td>\n<td width=\"191\">PAHs<\/td>\n<td width=\"202\">1 mg\/kg \uff08art\u00edculo\uff09; 0.5mg\/kg\uff08juguete\uff09<\/td>\n<\/tr>\n<tr>\n<td width=\"224\">Textil, pl\u00e1stico<\/td>\n<td width=\"113\">20<\/td>\n<td width=\"191\">Esta\u00f1o org\u00e1nico<\/td>\n<td width=\"202\">0.1%<\/td>\n<\/tr>\n<tr>\n<td width=\"224\">Textil, cuero<\/td>\n<td width=\"113\">22<\/td>\n<td width=\"191\">PCP (pentaclorofenol)<\/td>\n<td width=\"202\">0.1%<\/td>\n<\/tr>\n<tr>\n<td width=\"224\">Textil, pl\u00e1stico<\/td>\n<td width=\"113\">46<\/td>\n<td width=\"191\">NP (nonil fenol)<\/td>\n<td width=\"202\">0.1%<\/td>\n<\/tr>\n<\/tbody>\n<\/table>\n<p>La UE ha publicado el Reglamento (UE) 2018\/2005 el 18 de diciembre de 2018, el nuevo reglamento aport\u00f3 la nueva restricci\u00f3n de ftalatos en la entrada 51, y tendr\u00e1 efectos a partir del 7 de julio de 2020. El nuevo reglamento ha agregado un nuevo ftalato DIBP, y extiende el alcance desde juguetes y productos de cuidado infantil hasta productos de aviaci\u00f3n. Eso afectar\u00e1 mucho a los fabricantes chinos.<\/p>\n<p>Sobre la base de la evaluaci\u00f3n de los productos qu\u00edmicos, la Agencia Europea de Productos Qu\u00edmicos (ECHA) incluy\u00f3 algunos productos qu\u00edmicos de alto riesgo en SVHC (Sustancias de alto riesgo). La primera lista de 15 SEP se public\u00f3 el 28 de octubre de 2008. Y con las nuevas SEP a\u00f1adidas continuamente, actualmente se han publicado un total de 209 SEP hasta el 25 de junio de 2018. De acuerdo con el calendario de la ECHA, se publicar\u00e1 de forma continua una \u00abLista de candidatos\u00bb de sustancias que podr\u00edan incorporarse en un futuro. La inclusi\u00f3n en la lista se publicar\u00e1 de forma recurrente. Si la concentraci\u00f3n de esta SEP es&gt; 0,1% en peso en el producto, entonces la obligaci\u00f3n de comunicaci\u00f3n se aplica a los proveedores a lo largo de la cadena de suministro. Adem\u00e1s, para estos art\u00edculos, si la cantidad total de esta SEP se fabrica o importa en la UE a &gt; 1 tonelada \/ a\u00f1o, se aplica la obligaci\u00f3n de notificaci\u00f3n.<\/p>\n<p style=\"text-align: center;\"><strong>Las 4 nuevas SVHC de la 23\u00aa lista de SVHC<\/strong><\/p>\n<table width=\"730\">\n<tbody>\n<tr>\n<td width=\"161\">Nombre de la sustancia<\/td>\n<td width=\"135\">N\u00ba EC<\/td>\n<td width=\"135\">N\u00ba CAS<\/td>\n<td width=\"135\">Fecha de inclusi\u00f3n<\/td>\n<td width=\"164\">Motivo de su inclusi\u00f3n<\/td>\n<\/tr>\n<tr>\n<td width=\"161\">Dibutilbis (pentano-2, 4-dionato-O, O\u2019) esta\u00f1o<\/td>\n<td width=\"135\">245-152-0<\/td>\n<td width=\"135\">22673-19-4<\/td>\n<td width=\"135\">25\/06\/2020<\/td>\n<td width=\"164\">T\u00f3xico para la reproducci\u00f3n (art\u00edculo 57c)<\/td>\n<\/tr>\n<tr>\n<td width=\"161\">4-hidroxibenzoato de butilo<\/td>\n<td width=\"135\">202-318-7<\/td>\n<td width=\"135\">94-26-8<\/td>\n<td width=\"135\">25\/06\/2020<\/td>\n<td width=\"164\">Propiedades de alteraci\u00f3n endocrina (art\u00edculo 57 (f) &#8211; salud humana)<\/td>\n<\/tr>\n<tr>\n<td width=\"161\">2-metilimidazol<\/td>\n<td width=\"135\">211-765-7<\/td>\n<td width=\"135\">693-98-1<\/td>\n<td width=\"135\">25\/06\/2020<\/td>\n<td width=\"164\">T\u00f3xico para la reproducci\u00f3n (art\u00edculo 57c)<\/td>\n<\/tr>\n<tr>\n<td width=\"161\">1-vinilimidazol<\/td>\n<td width=\"135\">214-012-0<\/td>\n<td width=\"135\">1072-63-5<\/td>\n<td width=\"135\">25\/06\/2020<\/td>\n<td width=\"164\">T\u00f3xico para la reproducci\u00f3n (art\u00edculo 57c)<\/td>\n<\/tr>\n<tr>\n<td width=\"161\">\u00c1cido perfluorobutano sulf\u00f3nico (PFBS) y sus sales<\/td>\n<td width=\"135\">\u2013<\/td>\n<td width=\"135\">\u2013<\/td>\n<td width=\"135\">16\/01\/2020<\/td>\n<td width=\"164\">-Nivel equivalente de riesgo que tiene probables efectos graves para la salud humana (art\u00edculo 57 (f) &#8211; salud humana)<\/p>\n<p>&#8211; Nivel equivalente de riesgo que tiene probables efectos graves en el medio ambiente humano (art\u00edculo 57 (f) &#8211; medio ambiente)<\/td>\n<\/tr>\n<\/tbody>\n<\/table>\n<h4><strong>NUESTROS SERVICIOS:<\/strong><\/h4>\n<ul>\n<li>Consultor\u00eda en registro de sustancias qu\u00edmicas<\/li>\n<li>Pruebas de detecci\u00f3n de SEP de REACH ANEXO XVII: Lista de sustancias de restricci\u00f3n<\/li>\n<li>Auditor\u00eda de procesos<\/li>\n<li>Soporte t\u00e9cnico para MSDS \/ SDS<\/li>\n<li>Para ayudarle, HQTS promover\u00e1 una serie de programas de capacitaci\u00f3n en concienciaci\u00f3n sobre REACH.<\/li>\n<\/ul>\n<h4><strong>PRODUCTOS CUBIERTOS POR REACH:<\/strong><\/h4>\n<ul>\n<li>Productos qu\u00edmicos<\/li>\n<li>Productos el\u00e9ctricos y electr\u00f3nicos, motores<\/li>\n<li>Textiles, calzado, cuero, complementos<\/li>\n<\/ul>\n<h3>Otros servicios de prueba<\/h3>\n<ul>\n<li>Pruebas qu\u00edmicas<\/li>\n<li>Pruebas de productos de consumo<\/li>\n<li>Prueba de RoHS<\/li>\n<li>Pruebas CPSIA<\/li>\n<li>Prueba de embalaje ISTA<\/li>\n<\/ul>\n","protected":false},"excerpt":{"rendered":"<p>Pruebas REACH El Reglamento (CE) No. 1907\/2006 sobre Registro, Evaluaci\u00f3n, Autorizaci\u00f3n y Restricci\u00f3n de Productos Qu\u00edmicos entr\u00f3 en vigor el 1 de junio de 2007. Su objetivo es fortalecer la gesti\u00f3n de la producci\u00f3n y el uso de productos qu\u00edmicos para aumentar la protecci\u00f3n de la salud humana y el medio ambiente. REACH se aplica [&hellip;]<\/p>\n","protected":false},"author":12,"featured_media":75393,"parent":76150,"menu_order":55,"comment_status":"closed","ping_status":"closed","template":"","meta":{"_acf_changed":false,"footnotes":""},"class_list":["post-76530","page","type-page","status-publish","has-post-thumbnail","hentry"],"acf":[],"_links":{"self":[{"href":"https:\/\/www.hqts.com\/es\/wp-json\/wp\/v2\/pages\/76530","targetHints":{"allow":["GET"]}}],"collection":[{"href":"https:\/\/www.hqts.com\/es\/wp-json\/wp\/v2\/pages"}],"about":[{"href":"https:\/\/www.hqts.com\/es\/wp-json\/wp\/v2\/types\/page"}],"author":[{"embeddable":true,"href":"https:\/\/www.hqts.com\/es\/wp-json\/wp\/v2\/users\/12"}],"replies":[{"embeddable":true,"href":"https:\/\/www.hqts.com\/es\/wp-json\/wp\/v2\/comments?post=76530"}],"version-history":[{"count":5,"href":"https:\/\/www.hqts.com\/es\/wp-json\/wp\/v2\/pages\/76530\/revisions"}],"predecessor-version":[{"id":81116,"href":"https:\/\/www.hqts.com\/es\/wp-json\/wp\/v2\/pages\/76530\/revisions\/81116"}],"up":[{"embeddable":true,"href":"https:\/\/www.hqts.com\/es\/wp-json\/wp\/v2\/pages\/76150"}],"wp:featuredmedia":[{"embeddable":true,"href":"https:\/\/www.hqts.com\/es\/wp-json\/wp\/v2\/media\/75393"}],"wp:attachment":[{"href":"https:\/\/www.hqts.com\/es\/wp-json\/wp\/v2\/media?parent=76530"}],"curies":[{"name":"wp","href":"https:\/\/api.w.org\/{rel}","templated":true}]}}