{"id":76681,"date":"2021-07-13T07:12:49","date_gmt":"2021-07-13T07:12:49","guid":{"rendered":"https:\/\/www.hqts.com\/?page_id=76681"},"modified":"2021-08-03T02:51:06","modified_gmt":"2021-08-03T02:51:06","slug":"juguetes-y-productos-para-ninos","status":"publish","type":"page","link":"https:\/\/www.hqts.com\/es\/industrias\/consumo\/juguetes-y-productos-para-ninos\/","title":{"rendered":"INSPECCIONES Y PRUEBAS DE CALIDAD Y SEGURIDAD DE JUGUETES Y PRODUCTOS PARA NI\u00d1OS"},"content":{"rendered":"<h4><strong>Inspecciones de control de calidad de juguetes<\/strong><\/h4>\n<p><strong>Como miembros desde hace mucho tiempo de la <em>Toy Industry Association of America<\/em>\u00a0(Asociaci\u00f3n de la Industria del Juguete de Am\u00e9rica), la familia de empresas HQTS se ha comprometido durante mucho tiempo a garantizar la seguridad, la fiabilidad y el cumplimiento de los productos para ni\u00f1os.<\/strong><\/p>\n<p>Dado que los juguetes han pasado a estar altamente regulados en todo el mundo, con regulaciones que se actualizan con frecuencia, es imperativo que los fabricantes, compradores y minoristas cumplan y se mantengan al d\u00eda con las regulaciones cada vez m\u00e1s r\u00edgidas y complejas. Nuestras inspecciones de control de calidad integrales y servicios de pruebas de juguetes lo ayudan a garantizar el cumplimiento de los requisitos reglamentarios, as\u00ed como sus propias especificaciones de seguridad, funcionalidad y usabilidad.<\/p>\n<p>HQTS est\u00e1 acreditado y certificado para probar juguetes y productos para ni\u00f1os para verificar el cumplimiento de la Directiva de seguridad de juguetes de la UE (EN 71); la Ley de Mejora de la Seguridad de los Productos de Consumo (CPSIA) y la Propuesta 65 de California; China GB, ISO y CCC; ASTM F963 y muchas otras.<\/p>\n<p>Nuestro personal especializado, cient\u00edfico y de ingenier\u00eda, puede brindarle orientaci\u00f3n t\u00e9cnica actualizada, pautas de garant\u00eda de calidad y evaluaci\u00f3n y pruebas de cumplimiento de importaci\u00f3n y exportaci\u00f3n en relaci\u00f3n con los principales requisitos regulatorios del mercado.<\/p>\n<h4><strong>Ensayos de juguetes y productos para ni\u00f1os<\/strong><\/h4>\n<p>La seguridad de los juguetes se ha convertido en un tema que llama la atenci\u00f3n del p\u00fablico con frecuencia. Los juguetes son los mejores amigos de los ni\u00f1os, lo que significa que pasan mucho tiempo en estrecho contacto. Debido a esto, algunos de los productos m\u00e1s estrictamente regulados son ahora juguetes y productos para ni\u00f1os.<\/p>\n<p>Estamos acreditados y certificados para probar juguetes y productos para ni\u00f1os para verificar el cumplimiento de la Directiva de Seguridad de Juguetes de la UE (EN 71); la Ley de Mejora de la Seguridad de los Productos de Consumo (CPSIA) y la Propuesta 65 de California; China GB, ISO y CCC; ASTM F963 y muchos otros.<\/p>\n<p>Nuestro personal cient\u00edfico y de ingenier\u00eda especializado puede brindarle orientaci\u00f3n t\u00e9cnica actualizada, pautas de garant\u00eda de calidad y evaluaci\u00f3n, y pruebas de cumplimiento de importaci\u00f3n y exportaci\u00f3n en funci\u00f3n de los principales requisitos regulatorios del mercado.<\/p>\n<p><strong>Principales est\u00e1ndares de ensayo<\/strong><\/p>\n<ul>\n<li>EN71<\/li>\n<li>ASTM F963<\/li>\n<li>CPSIA2008<\/li>\n<li>FDA<\/li>\n<li>Reglamento sobre juguetes de la CCPSA de Canad\u00e1 (SOR \/ 2016-188 \/ 193\/195)<\/li>\n<li>AS\/NZS ISO 8124<\/li>\n<\/ul>\n<p><strong>Principales elementos de ensayo<\/strong><\/p>\n<ul>\n<li>Ensayo f\u00edsico y mec\u00e1nico<\/li>\n<li>Prueba de seguridad de inflamabilidad<\/li>\n<li>An\u00e1lisis qu\u00edmico: metales pesados, ftalatos, formaldeh\u00eddo, AZO-Dye, etc.<\/li>\n<li>Prueba de seguridad de juguetes<\/li>\n<li>Etiquetado de advertencia de edad<\/li>\n<li>Capacitaci\u00f3n y consulta sobre cuestiones de seguridad de los juguetes<\/li>\n<li>Prueba de abuso<\/li>\n<li>Etiquetado de precauciones<\/li>\n<li>Etiquetado de seguimiento<\/li>\n<\/ul>\n<h4><strong>Otros servicios de control de calidad<\/strong><\/h4>\n<p>Proporcionamos servicios para una amplia gama de bienes de consumo, incluidos:<\/p>\n<ul>\n<li><a href=\"https:\/\/www.hqts.com\/es\/industrias\/consumo\/textiles\/\">Ropa y textiles<\/a><\/li>\n<li>Repuestos y accesorios <a href=\"https:\/\/www.hqts.com\/es\/industrias\/automovil\/\">de automoci\u00f3n<\/a><\/li>\n<li><a href=\"https:\/\/www.hqts.com\/es\/industrias\/consumo\/electronica\/\">Electr\u00f3nica<\/a> dom\u00e9stica y personal<\/li>\n<li><a href=\"https:\/\/www.hqts.com\/es\/industrias\/consumo\/personal-y-cosmetica\/\">Cuidado personal y cosm\u00e9tica<\/a><\/li>\n<li>Casa y Jard\u00edn<\/li>\n<li><a href=\"https:\/\/www.hqts.com\/es\/industrias\/consumo\/calzado\/\">Calzado<\/a><\/li>\n<li><a href=\"https:\/\/www.hqts.com\/es\/industrias\/consumo\/bolsos-y-accesorios\/\">Bolsos y complementos<\/a><\/li>\n<li><a href=\"https:\/\/www.hqts.com\/es\/industrias\/consumo\/bienes-duraderos\/\">Bienes duraderos<\/a> y mucho m\u00e1s<\/li>\n<\/ul>\n","protected":false},"excerpt":{"rendered":"<p>Inspecciones de control de calidad de juguetes Como miembros desde hace mucho tiempo de la Toy Industry Association of America\u00a0(Asociaci\u00f3n de la Industria del Juguete de Am\u00e9rica), la familia de empresas HQTS se ha comprometido durante mucho tiempo a garantizar la seguridad, la fiabilidad y el cumplimiento de los productos para ni\u00f1os. Dado que los [&hellip;]<\/p>\n","protected":false},"author":14,"featured_media":74967,"parent":76451,"menu_order":27,"comment_status":"closed","ping_status":"closed","template":"","meta":{"_acf_changed":false,"footnotes":""},"class_list":["post-76681","page","type-page","status-publish","has-post-thumbnail","hentry"],"acf":[],"_links":{"self":[{"href":"https:\/\/www.hqts.com\/es\/wp-json\/wp\/v2\/pages\/76681","targetHints":{"allow":["GET"]}}],"collection":[{"href":"https:\/\/www.hqts.com\/es\/wp-json\/wp\/v2\/pages"}],"about":[{"href":"https:\/\/www.hqts.com\/es\/wp-json\/wp\/v2\/types\/page"}],"author":[{"embeddable":true,"href":"https:\/\/www.hqts.com\/es\/wp-json\/wp\/v2\/users\/14"}],"replies":[{"embeddable":true,"href":"https:\/\/www.hqts.com\/es\/wp-json\/wp\/v2\/comments?post=76681"}],"version-history":[{"count":5,"href":"https:\/\/www.hqts.com\/es\/wp-json\/wp\/v2\/pages\/76681\/revisions"}],"predecessor-version":[{"id":81139,"href":"https:\/\/www.hqts.com\/es\/wp-json\/wp\/v2\/pages\/76681\/revisions\/81139"}],"up":[{"embeddable":true,"href":"https:\/\/www.hqts.com\/es\/wp-json\/wp\/v2\/pages\/76451"}],"wp:featuredmedia":[{"embeddable":true,"href":"https:\/\/www.hqts.com\/es\/wp-json\/wp\/v2\/media\/74967"}],"wp:attachment":[{"href":"https:\/\/www.hqts.com\/es\/wp-json\/wp\/v2\/media?parent=76681"}],"curies":[{"name":"wp","href":"https:\/\/api.w.org\/{rel}","templated":true}]}}