{"id":76690,"date":"2021-07-13T07:26:37","date_gmt":"2021-07-13T07:26:37","guid":{"rendered":"https:\/\/www.hqts.com\/?page_id=76690"},"modified":"2021-08-03T03:00:29","modified_gmt":"2021-08-03T03:00:29","slug":"calzado","status":"publish","type":"page","link":"https:\/\/www.hqts.com\/es\/industrias\/consumo\/calzado\/","title":{"rendered":"PRUEBAS DE CALZADO E INSPECCIONES DE CALIDAD"},"content":{"rendered":"\t\t<div data-elementor-type=\"wp-page\" data-elementor-id=\"76690\" class=\"elementor elementor-76690 elementor-3567\" data-elementor-post-type=\"page\">\n\t\t\t\t\t\t<section class=\"elementor-section elementor-top-section elementor-element elementor-element-6a6173ef elementor-section-boxed elementor-section-height-default elementor-section-height-default\" data-id=\"6a6173ef\" data-element_type=\"section\">\n\t\t\t\t\t\t<div class=\"elementor-container elementor-column-gap-default\">\n\t\t\t\t\t<div class=\"elementor-column elementor-col-100 elementor-top-column elementor-element elementor-element-59cc28b7\" data-id=\"59cc28b7\" data-element_type=\"column\">\n\t\t\t<div class=\"elementor-widget-wrap elementor-element-populated\">\n\t\t\t\t\t\t<div class=\"elementor-element elementor-element-39869790 elementor-widget elementor-widget-text-editor\" data-id=\"39869790\" data-element_type=\"widget\" data-widget_type=\"text-editor.default\">\n\t\t\t\t<div class=\"elementor-widget-container\">\n\t\t\t\t\t\t\t\t\t<h4><strong>Pruebas de calzado e inspecciones de calidad<\/strong><\/h4><p><strong>Los servicios de inspecci\u00f3n y pruebas de control de calidad de HQTS para el calzado garantizan que su cliente reciba el nivel de calidad que espera de usted.<\/strong><\/p><p>\u00a0<\/p><p>Nuestros servicios proporcionan evaluaciones de calidad y monitorizaci\u00f3n desde el momento en que los materiales llegan a la f\u00e1brica hasta la carga del producto para su env\u00edo. Y en cualquier punto intermedio. Nuestros t\u00e9cnicos capacitados en la industria realizan inspecciones de control de calidad desde el corte pasando por la costura hasta el embalaje final.<\/p><p>\u00a0<\/p><p>Nuestros expertos ofrecen orientaci\u00f3n t\u00e9cnica para cumplir con los est\u00e1ndares de la industria, requisitos regulatorios y sus est\u00e1ndares. Tambi\u00e9n aseguramos el cumplimiento de todas las directivas, est\u00e1ndares y requisitos de prueba de EE. UU., Europa e internacionales, tales como: AATCC, ASTM, REACH, ISO, GB y otros. Esto se suma a nuestras estrictas directrices de rendimiento y m\u00e9todos de prueba para productos de calzado.<\/p><p>\u00a0<\/p><p>Debido a que el calzado fiable y de alta calidad tiene un impacto significativo en la satisfacci\u00f3n del cliente y el \u00e9xito de la marca, trabajar con HQTS puede ayudarle a evitar los problemas que ponen en riesgo sus resultados finales.<\/p><p>\u00a0<\/p><h4><strong>Otros servicios de control de calidad<\/strong><\/h4><p>\u00a0<\/p><p>Damos servicio a una amplia gama de bienes de consumo, incluidos:<\/p><p>Ropa y textiles<\/p><p>Repuestos y accesorios de automoci\u00f3n<\/p><p>Electr\u00f3nica dom\u00e9stica y personal<\/p><p>Cuidado personal y cosm\u00e9tica<\/p><p>Casa y Jard\u00edn<\/p><p>Juguetes y productos para ni\u00f1os<\/p><p>Bolsos y complementos<\/p><p>Bienes duraderos y mucho m\u00e1s.<\/p>\t\t\t\t\t\t\t\t<\/div>\n\t\t\t\t<\/div>\n\t\t\t\t\t<\/div>\n\t\t<\/div>\n\t\t\t\t\t<\/div>\n\t\t<\/section>\n\t\t\t\t<\/div>\n\t\t","protected":false},"excerpt":{"rendered":"<p>Pruebas de calzado e inspecciones de calidad Los servicios de inspecci\u00f3n y pruebas de control de calidad de HQTS para el calzado garantizan que su cliente reciba el nivel de calidad que espera de usted. Nuestros servicios proporcionan evaluaciones de calidad y monitorizaci\u00f3n desde el momento en que los materiales llegan a la f\u00e1brica hasta [&hellip;]<\/p>\n","protected":false},"author":14,"featured_media":75287,"parent":76451,"menu_order":23,"comment_status":"closed","ping_status":"closed","template":"","meta":{"_acf_changed":false,"footnotes":""},"class_list":["post-76690","page","type-page","status-publish","has-post-thumbnail","hentry"],"acf":[],"_links":{"self":[{"href":"https:\/\/www.hqts.com\/es\/wp-json\/wp\/v2\/pages\/76690","targetHints":{"allow":["GET"]}}],"collection":[{"href":"https:\/\/www.hqts.com\/es\/wp-json\/wp\/v2\/pages"}],"about":[{"href":"https:\/\/www.hqts.com\/es\/wp-json\/wp\/v2\/types\/page"}],"author":[{"embeddable":true,"href":"https:\/\/www.hqts.com\/es\/wp-json\/wp\/v2\/users\/14"}],"replies":[{"embeddable":true,"href":"https:\/\/www.hqts.com\/es\/wp-json\/wp\/v2\/comments?post=76690"}],"version-history":[{"count":5,"href":"https:\/\/www.hqts.com\/es\/wp-json\/wp\/v2\/pages\/76690\/revisions"}],"predecessor-version":[{"id":81143,"href":"https:\/\/www.hqts.com\/es\/wp-json\/wp\/v2\/pages\/76690\/revisions\/81143"}],"up":[{"embeddable":true,"href":"https:\/\/www.hqts.com\/es\/wp-json\/wp\/v2\/pages\/76451"}],"wp:featuredmedia":[{"embeddable":true,"href":"https:\/\/www.hqts.com\/es\/wp-json\/wp\/v2\/media\/75287"}],"wp:attachment":[{"href":"https:\/\/www.hqts.com\/es\/wp-json\/wp\/v2\/media?parent=76690"}],"curies":[{"name":"wp","href":"https:\/\/api.w.org\/{rel}","templated":true}]}}