{"id":76697,"date":"2021-07-13T07:34:00","date_gmt":"2021-07-13T07:34:00","guid":{"rendered":"https:\/\/www.hqts.com\/?page_id=76697"},"modified":"2021-08-04T01:24:17","modified_gmt":"2021-08-04T01:24:17","slug":"bolsos-y-accesorios","status":"publish","type":"page","link":"https:\/\/www.hqts.com\/es\/industrias\/consumo\/bolsos-y-accesorios\/","title":{"rendered":"BOLSOS Y ACCESORIOS: PRUEBAS E INSPECCIONES"},"content":{"rendered":"\t\t<div data-elementor-type=\"wp-page\" data-elementor-id=\"76697\" class=\"elementor elementor-76697 elementor-3551\" data-elementor-post-type=\"page\">\n\t\t\t\t\t\t<section class=\"elementor-section elementor-top-section elementor-element elementor-element-31798679 elementor-section-boxed elementor-section-height-default elementor-section-height-default\" data-id=\"31798679\" data-element_type=\"section\">\n\t\t\t\t\t\t<div class=\"elementor-container elementor-column-gap-default\">\n\t\t\t\t\t<div class=\"elementor-column elementor-col-100 elementor-top-column elementor-element elementor-element-3399f293\" data-id=\"3399f293\" data-element_type=\"column\">\n\t\t\t<div class=\"elementor-widget-wrap elementor-element-populated\">\n\t\t\t\t\t\t<div class=\"elementor-element elementor-element-7142e157 elementor-widget elementor-widget-text-editor\" data-id=\"7142e157\" data-element_type=\"widget\" data-widget_type=\"text-editor.default\">\n\t\t\t\t<div class=\"elementor-widget-container\">\n\t\t\t\t\t\t\t\t\t<h4><strong>Pruebas e inspecciones de bolsos y accesorios<\/strong><\/h4><p><strong>HQTS ha marcado los est\u00e1ndares en servicios fiables de control de calidad para productos textiles durante 20 a\u00f1os. Brindamos servicios integrales para todas sus inspecciones y pruebas de ropa y textiles para ayudarle a entregar productos de la m\u00e1s alta calidad.<\/strong><\/p><p>\u00a0<\/p><p>Con una plantilla de casi 700 profesionales en Asia, nuestras inspecciones de control de calidad son realizadas por expertos capacitados y con experiencia en la industria que pueden evaluar sus productos y ayudar a identificar diferentes niveles de defectos.<\/p><p>\u00a0<\/p><p>Nuestro veterano personal de inspecci\u00f3n, cient\u00edficos e ingenieros proporcionan una gu\u00eda incomparable incluso para las necesidades de rendimiento de productos m\u00e1s complejos. Nuestro conocimiento, experiencia e integridad le ayudan a lograr el cumplimiento de la normativa internacional de importaci\u00f3n de productos de consumo.<\/p><p>\u00a0<\/p><p>Nuestro laboratorio de pruebas est\u00e1 equipado con equipos y procesos de prueba avanzados que garantizan pruebas de alta calidad frente a la mayor\u00eda de los est\u00e1ndares internacionales, incluidos:<\/p><p>\u00a0<\/p><p>China: GB, FZ<\/p><p>Europa: ISO, EN, BS, BIN<\/p><p>EE.UU.: ASTM, AATCC<\/p><p>Canad\u00e1: CAN<\/p><p>Australia: AS<\/p><p>\u00a0<\/p><p><strong>Inspecciones visuales<\/strong>: garantizar que su producto cumpla o supere sus expectativas con especial \u00e9nfasis en el color, el estilo y los materiales, lo que ayuda a garantizar la aceptaci\u00f3n del mercado.<\/p><p><strong>Inspecciones AQL<\/strong>: nuestro personal estar\u00e1 con usted para determinar los mejores est\u00e1ndares AQL para mantener el equilibrio entre el coste de los servicios y la aceptaci\u00f3n del mercado.<\/p><p><strong>Medidas<\/strong>: inspeccionaremos todo su lote durante cualquier etapa de producci\u00f3n que necesite para garantizar el cumplimiento de sus especificaciones, evitando p\u00e9rdidas de tiempo, dinero y fondo de comercio debido a devoluciones y pedidos perdidos.<\/p><p><strong>Pruebas<\/strong>: HQTS marca los est\u00e1ndares en pruebas fiables de bienes textiles. Nuestro veterano personal cient\u00edfico y de ingenier\u00eda proporciona una gu\u00eda incomparable incluso para las necesidades de rendimiento de productos m\u00e1s complejas. Nuestro conocimiento, experiencia e integridad le ayudan a lograr el cumplimiento de las normativas internacionales sobre inflamabilidad, contenido de fibras, etiquetado de tratamientos y muchos m\u00e1s.<\/p><h4><strong>Otros servicios de control de calidad<\/strong><\/h4><p>Damos servicio a una amplia gama de bienes de consumo, incluidos:<\/p><p>Ropa y textiles<\/p><p>Repuestos y accesorios de automoci\u00f3n<\/p><p>Electr\u00f3nica dom\u00e9stica y personal<\/p><p>Cuidado personal y cosm\u00e9tica<\/p><p>Casa y Jard\u00edn<\/p><p>Juguetes y productos para ni\u00f1os<\/p><p>Calzado<\/p><p>Bienes duraderos y mucho m\u00e1s.<\/p>\t\t\t\t\t\t\t\t<\/div>\n\t\t\t\t<\/div>\n\t\t\t\t\t<\/div>\n\t\t<\/div>\n\t\t\t\t\t<\/div>\n\t\t<\/section>\n\t\t\t\t<\/div>\n\t\t","protected":false},"excerpt":{"rendered":"<p>Pruebas e inspecciones de bolsos y accesorios HQTS ha marcado los est\u00e1ndares en servicios fiables de control de calidad para productos textiles durante 20 a\u00f1os. Brindamos servicios integrales para todas sus inspecciones y pruebas de ropa y textiles para ayudarle a entregar productos de la m\u00e1s alta calidad. Con una plantilla de casi 700 profesionales [&hellip;]<\/p>\n","protected":false},"author":14,"featured_media":75102,"parent":76451,"menu_order":25,"comment_status":"closed","ping_status":"closed","template":"","meta":{"_acf_changed":false,"footnotes":""},"class_list":["post-76697","page","type-page","status-publish","has-post-thumbnail","hentry"],"acf":[],"_links":{"self":[{"href":"https:\/\/www.hqts.com\/es\/wp-json\/wp\/v2\/pages\/76697","targetHints":{"allow":["GET"]}}],"collection":[{"href":"https:\/\/www.hqts.com\/es\/wp-json\/wp\/v2\/pages"}],"about":[{"href":"https:\/\/www.hqts.com\/es\/wp-json\/wp\/v2\/types\/page"}],"author":[{"embeddable":true,"href":"https:\/\/www.hqts.com\/es\/wp-json\/wp\/v2\/users\/14"}],"replies":[{"embeddable":true,"href":"https:\/\/www.hqts.com\/es\/wp-json\/wp\/v2\/comments?post=76697"}],"version-history":[{"count":5,"href":"https:\/\/www.hqts.com\/es\/wp-json\/wp\/v2\/pages\/76697\/revisions"}],"predecessor-version":[{"id":81146,"href":"https:\/\/www.hqts.com\/es\/wp-json\/wp\/v2\/pages\/76697\/revisions\/81146"}],"up":[{"embeddable":true,"href":"https:\/\/www.hqts.com\/es\/wp-json\/wp\/v2\/pages\/76451"}],"wp:featuredmedia":[{"embeddable":true,"href":"https:\/\/www.hqts.com\/es\/wp-json\/wp\/v2\/media\/75102"}],"wp:attachment":[{"href":"https:\/\/www.hqts.com\/es\/wp-json\/wp\/v2\/media?parent=76697"}],"curies":[{"name":"wp","href":"https:\/\/api.w.org\/{rel}","templated":true}]}}