{"id":76714,"date":"2021-07-13T08:34:59","date_gmt":"2021-07-13T08:34:59","guid":{"rendered":"https:\/\/www.hqts.com\/?page_id=76714"},"modified":"2021-08-04T02:04:44","modified_gmt":"2021-08-04T02:04:44","slug":"plantas-de-energia","status":"publish","type":"page","link":"https:\/\/www.hqts.com\/es\/industrias\/maquinaria-y-equipamiento\/plantas-de-energia\/","title":{"rendered":"CONTROL E INSPECCIONES DE CALIDAD DE PLANTAS DE ENERG\u00cdA Y ELECTRICIDAD"},"content":{"rendered":"<h4><strong>Inspecciones y control de calidad de plantas de energ\u00eda y electricidad<\/strong><\/h4>\n<p><strong>Asia es un mercado importante para las centrales el\u00e9ctricas de producci\u00f3n de energ\u00eda y la infraestructura de apoyo relacionada. HQTS ofrece una gama de servicios de calidad de acuerdo con las normativas y est\u00e1ndares nacionales e internacionales aplicables.<\/strong><\/p>\n<p><strong>Algunas de las \u00e1reas de categor\u00edas de productos que cubrimos incluyen: equipamiento de ingenier\u00eda de transformaci\u00f3n y transmisi\u00f3n de energ\u00eda, equipamiento de centrales t\u00e9rmicas, equipamiento de centrales e\u00f3licas, equipamiento de centrales fotovoltaicas, centrales hidroel\u00e9ctricas y estructuras met\u00e1licas, etc.<\/strong><\/p>\n<h5><strong>Nuestros servicios incluyen:<\/strong><\/h5>\n<ul>\n<li>Consultor\u00eda de adquisiciones y gesti\u00f3n de la cadena de suministro (gesti\u00f3n de adquisiciones de ingenier\u00eda para construcci\u00f3n)<\/li>\n<\/ul>\n<p>La fase de dise\u00f1o incluye consultor\u00eda y evaluaci\u00f3n de riesgos del proyecto. La fase de adquisici\u00f3n incluye la evaluaci\u00f3n del proveedor, la inspecci\u00f3n de la f\u00e1brica y la inspecci\u00f3n del puerto, y la fase de construcci\u00f3n incluye el apoyo de mano de obra t\u00e9cnica, la calidad in-situ y la gesti\u00f3n del cronograma, la gesti\u00f3n de HSE, las pruebas no destructivas y la inspecci\u00f3n en servicio de las instalaciones y equipamiento de producci\u00f3n.<\/p>\n<ul>\n<li>Servicio t\u00e9cnico TPI: Supervisi\u00f3n e inspecci\u00f3n, expedici\u00f3n de f\u00e1brica, supervisi\u00f3n de carga de puertos y contenedores, servicios de perforaci\u00f3n y plataformas.<\/li>\n<li>Certificaci\u00f3n, capacitaci\u00f3n del personal y servicios de consultor\u00eda con certificaci\u00f3n EN10204-3.2, certificaci\u00f3n de terceros del procedimiento de soldadura.<\/li>\n<li>Servicio t\u00e9cnico de pruebas de producto<\/li>\n<li>Servicio de soporte de RR.HH. in situ<\/li>\n<\/ul>\n<p>&nbsp;<\/p>\n","protected":false},"excerpt":{"rendered":"<p>Inspecciones y control de calidad de plantas de energ\u00eda y electricidad Asia es un mercado importante para las centrales el\u00e9ctricas de producci\u00f3n de energ\u00eda y la infraestructura de apoyo relacionada. HQTS ofrece una gama de servicios de calidad de acuerdo con las normativas y est\u00e1ndares nacionales e internacionales aplicables. Algunas de las \u00e1reas de categor\u00edas [&hellip;]<\/p>\n","protected":false},"author":14,"featured_media":75395,"parent":77819,"menu_order":4,"comment_status":"closed","ping_status":"closed","template":"","meta":{"_acf_changed":false,"footnotes":""},"class_list":["post-76714","page","type-page","status-publish","has-post-thumbnail","hentry"],"acf":[],"_links":{"self":[{"href":"https:\/\/www.hqts.com\/es\/wp-json\/wp\/v2\/pages\/76714","targetHints":{"allow":["GET"]}}],"collection":[{"href":"https:\/\/www.hqts.com\/es\/wp-json\/wp\/v2\/pages"}],"about":[{"href":"https:\/\/www.hqts.com\/es\/wp-json\/wp\/v2\/types\/page"}],"author":[{"embeddable":true,"href":"https:\/\/www.hqts.com\/es\/wp-json\/wp\/v2\/users\/14"}],"replies":[{"embeddable":true,"href":"https:\/\/www.hqts.com\/es\/wp-json\/wp\/v2\/comments?post=76714"}],"version-history":[{"count":5,"href":"https:\/\/www.hqts.com\/es\/wp-json\/wp\/v2\/pages\/76714\/revisions"}],"predecessor-version":[{"id":81404,"href":"https:\/\/www.hqts.com\/es\/wp-json\/wp\/v2\/pages\/76714\/revisions\/81404"}],"up":[{"embeddable":true,"href":"https:\/\/www.hqts.com\/es\/wp-json\/wp\/v2\/pages\/77819"}],"wp:featuredmedia":[{"embeddable":true,"href":"https:\/\/www.hqts.com\/es\/wp-json\/wp\/v2\/media\/75395"}],"wp:attachment":[{"href":"https:\/\/www.hqts.com\/es\/wp-json\/wp\/v2\/media?parent=76714"}],"curies":[{"name":"wp","href":"https:\/\/api.w.org\/{rel}","templated":true}]}}