{"id":77802,"date":"2021-07-19T06:34:40","date_gmt":"2021-07-19T06:34:40","guid":{"rendered":"https:\/\/www.hqts.com\/?page_id=77802"},"modified":"2021-08-04T02:13:43","modified_gmt":"2021-08-04T02:13:43","slug":"plantas-industriales-y-maquinaria","status":"publish","type":"page","link":"https:\/\/www.hqts.com\/es\/industrias\/plantas-industriales-y-maquinaria\/","title":{"rendered":"INSPECCIONES DE CONTROL DE CALIDAD DE PLANTAS INDUSTRIALES Y MAQUINARIA"},"content":{"rendered":"<h5><strong>Inspecciones de control de calidad de maquinaria y plantas industriales<\/strong><\/h5>\n<p><strong>El control de calidad de la maquinaria es fundamental para optimizar la eficiencia y mejorar sus resultados. Las inspecciones de maquinaria pueden ser desde una simple inspecci\u00f3n de lista de verificaci\u00f3n hasta inspecciones personalizadas \u00fanicas, pruebas y listas de verificaci\u00f3n de cumplimiento basadas en requisitos t\u00e9cnicos de ingenier\u00eda.<\/strong><\/p>\n<p>Los ingenieros de control de calidad y el personal t\u00e9cnico de la maquinaria de HQTS tienen experiencia en el control de calidad de la maquinaria, incluidas las inspecciones y pruebas, equipos pesados, plantas industriales, miner\u00eda, transporte y construcci\u00f3n pesada. Vamos m\u00e1s all\u00e1 cuando se trata de producci\u00f3n, seguridad, operaciones, mantenimiento y env\u00edo de maquinaria.<\/p>\n<h5><strong>Nuestros servicios incluyen:<\/strong><\/h5>\n<ul>\n<li>Contenedores a presi\u00f3n de la industria qu\u00edmica y alimentaria<\/li>\n<li>Equipamiento de ingenier\u00eda: gr\u00faas, elevadores, excavadoras, cintas transportadoras, palas, cami\u00f3n volquete\u2026<\/li>\n<li>Maquinaria para minas y cemento: apilador recuperador, horno de cemento, molino, m\u00e1quina de carga y descarga\u2026<\/li>\n<li>Servicios de productos de estructura de acero<\/li>\n<li>Auditor\u00eda \/ evaluaci\u00f3n de f\u00e1bricas<\/li>\n<li>Inspecciones<\/li>\n<\/ul>\n<p>&nbsp;<\/p>\n<p>-Inspecci\u00f3n Previa a la Producci\u00f3n<br \/>\n-Inspecci\u00f3n Durante la Producci\u00f3n<br \/>\n-Inspecci\u00f3n Previa al Env\u00edo<br \/>\n-Supervisi\u00f3n de Carga \/ Descarga<br \/>\n-Monitorizaci\u00f3n de Producci\u00f3n<br \/>\n-Inspecci\u00f3n y supervisi\u00f3n en lo referente a soldadura, inspecci\u00f3n no destructiva, maquinaria, electricidad, material, estructura, qu\u00edmica y seguridad<\/p>\n<p>&nbsp;<\/p>\n<p>Testimonio de FAT:<br \/>\n&#8211; Inspecci\u00f3n funcional: seguridad e integridad de piezas y maquinaria, trazado de l\u00edneas, etc.<br \/>\n&#8211; Evaluaci\u00f3n del desempe\u00f1o: si el indicador de rendimiento cumple con las especificaciones de dise\u00f1o.<br \/>\n&#8211; Evaluaci\u00f3n de la seguridad: fiabilidad de la seguridad<br \/>\n&#8211; Inspecci\u00f3n de certificaci\u00f3n<\/p>\n","protected":false},"excerpt":{"rendered":"<p>Inspecciones de control de calidad de maquinaria y plantas industriales El control de calidad de la maquinaria es fundamental para optimizar la eficiencia y mejorar sus resultados. Las inspecciones de maquinaria pueden ser desde una simple inspecci\u00f3n de lista de verificaci\u00f3n hasta inspecciones personalizadas \u00fanicas, pruebas y listas de verificaci\u00f3n de cumplimiento basadas en requisitos [&hellip;]<\/p>\n","protected":false},"author":14,"featured_media":75381,"parent":76185,"menu_order":18,"comment_status":"closed","ping_status":"closed","template":"","meta":{"_acf_changed":false,"footnotes":""},"class_list":["post-77802","page","type-page","status-publish","has-post-thumbnail","hentry"],"acf":[],"_links":{"self":[{"href":"https:\/\/www.hqts.com\/es\/wp-json\/wp\/v2\/pages\/77802","targetHints":{"allow":["GET"]}}],"collection":[{"href":"https:\/\/www.hqts.com\/es\/wp-json\/wp\/v2\/pages"}],"about":[{"href":"https:\/\/www.hqts.com\/es\/wp-json\/wp\/v2\/types\/page"}],"author":[{"embeddable":true,"href":"https:\/\/www.hqts.com\/es\/wp-json\/wp\/v2\/users\/14"}],"replies":[{"embeddable":true,"href":"https:\/\/www.hqts.com\/es\/wp-json\/wp\/v2\/comments?post=77802"}],"version-history":[{"count":5,"href":"https:\/\/www.hqts.com\/es\/wp-json\/wp\/v2\/pages\/77802\/revisions"}],"predecessor-version":[{"id":81408,"href":"https:\/\/www.hqts.com\/es\/wp-json\/wp\/v2\/pages\/77802\/revisions\/81408"}],"up":[{"embeddable":true,"href":"https:\/\/www.hqts.com\/es\/wp-json\/wp\/v2\/pages\/76185"}],"wp:featuredmedia":[{"embeddable":true,"href":"https:\/\/www.hqts.com\/es\/wp-json\/wp\/v2\/media\/75381"}],"wp:attachment":[{"href":"https:\/\/www.hqts.com\/es\/wp-json\/wp\/v2\/media?parent=77802"}],"curies":[{"name":"wp","href":"https:\/\/api.w.org\/{rel}","templated":true}]}}