{"id":77808,"date":"2021-07-19T06:42:22","date_gmt":"2021-07-19T06:42:22","guid":{"rendered":"https:\/\/www.hqts.com\/?page_id=77808"},"modified":"2021-07-19T07:13:56","modified_gmt":"2021-07-19T07:13:56","slug":"materiales-y-equipamiento-de-construccion","status":"publish","type":"page","link":"https:\/\/www.hqts.com\/es\/industrias\/materiales-y-equipamiento-de-construccion\/","title":{"rendered":"INSPECCIONES DE MATERIALES Y EQUIPAMIENTO DE CONSTRUCCI\u00d3N"},"content":{"rendered":"<h5><strong>Inspecciones de equipamiento y materiales de construcci\u00f3n<\/strong><\/h5>\n<p><strong>Los servicios de garant\u00eda de calidad y control de calidad de HQTS le brindan confianza en la calidad de todos los materiales, componentes y equipos utilizados en el sector de la construcci\u00f3n y garantizan que cumplan con todos los est\u00e1ndares y regulaciones de calidad relevantes.<\/strong><\/p>\n<p>Nuestros servicios para el sector incluyen inspecciones de control de calidad y pruebas de piezas, materiales y productos finales a trav\u00e9s de controles independientes, auditor\u00edas de proveedores y fabricantes, inspecciones y pruebas funcionales, documentaci\u00f3n t\u00e9cnica, dimensiones, verificaci\u00f3n de la marca CE, supervisi\u00f3n de carga y pruebas qu\u00edmicas relevantes en los casos en que se requiera por las pautas regulatorias.<\/p>\n<p>Climatizaci\u00f3n, ba\u00f1os, hardware de construcci\u00f3n, molduras y componentes de construcci\u00f3n, puertas, ventanas y vidrio y diferentes tipos de material de construcci\u00f3n.<\/p>\n<h5><strong>Nuestros servicios incluyen:<\/strong><\/h5>\n<h6><strong>Servicio de Inspecci\u00f3n de Proyectos<\/strong><\/h6>\n<p>&#8211; Materias primas y componentes<br \/>\n&#8211; Evaluaci\u00f3n estructural<br \/>\n&#8211; Montaje de estructura de acero<br \/>\n&#8211; Ambiental interior<br \/>\n&#8211; Estructura de paredes<br \/>\n&#8211; Estructura de muros exteriores<\/p>\n<h6><strong>Supervisi\u00f3n de Proyectos de Construcci\u00f3n<\/strong><\/h6>\n<p>&#8211; Proyecto b\u00e1sico<br \/>\n&#8211; Estructuras principales<br \/>\n&#8211; Piezas mayores<br \/>\n&#8211; Procedimientos mayores<br \/>\n&#8211; Supervisi\u00f3n de trabajadores<br \/>\n&#8211; Logros de gesti\u00f3n de documentos y planos<\/p>\n","protected":false},"excerpt":{"rendered":"<p>Inspecciones de equipamiento y materiales de construcci\u00f3n Los servicios de garant\u00eda de calidad y control de calidad de HQTS le brindan confianza en la calidad de todos los materiales, componentes y equipos utilizados en el sector de la construcci\u00f3n y garantizan que cumplan con todos los est\u00e1ndares y regulaciones de calidad relevantes. Nuestros servicios para [&hellip;]<\/p>\n","protected":false},"author":14,"featured_media":75392,"parent":76185,"menu_order":20,"comment_status":"closed","ping_status":"closed","template":"","meta":{"_acf_changed":false,"footnotes":""},"class_list":["post-77808","page","type-page","status-publish","has-post-thumbnail","hentry"],"acf":[],"_links":{"self":[{"href":"https:\/\/www.hqts.com\/es\/wp-json\/wp\/v2\/pages\/77808","targetHints":{"allow":["GET"]}}],"collection":[{"href":"https:\/\/www.hqts.com\/es\/wp-json\/wp\/v2\/pages"}],"about":[{"href":"https:\/\/www.hqts.com\/es\/wp-json\/wp\/v2\/types\/page"}],"author":[{"embeddable":true,"href":"https:\/\/www.hqts.com\/es\/wp-json\/wp\/v2\/users\/14"}],"replies":[{"embeddable":true,"href":"https:\/\/www.hqts.com\/es\/wp-json\/wp\/v2\/comments?post=77808"}],"version-history":[{"count":5,"href":"https:\/\/www.hqts.com\/es\/wp-json\/wp\/v2\/pages\/77808\/revisions"}],"predecessor-version":[{"id":77817,"href":"https:\/\/www.hqts.com\/es\/wp-json\/wp\/v2\/pages\/77808\/revisions\/77817"}],"up":[{"embeddable":true,"href":"https:\/\/www.hqts.com\/es\/wp-json\/wp\/v2\/pages\/76185"}],"wp:featuredmedia":[{"embeddable":true,"href":"https:\/\/www.hqts.com\/es\/wp-json\/wp\/v2\/media\/75392"}],"wp:attachment":[{"href":"https:\/\/www.hqts.com\/es\/wp-json\/wp\/v2\/media?parent=77808"}],"curies":[{"name":"wp","href":"https:\/\/api.w.org\/{rel}","templated":true}]}}