{"id":77819,"date":"2021-07-19T07:02:37","date_gmt":"2021-07-19T07:02:37","guid":{"rendered":"https:\/\/www.hqts.com\/?page_id=77819"},"modified":"2021-08-04T03:25:32","modified_gmt":"2021-08-04T03:25:32","slug":"maquinaria-y-equipamiento","status":"publish","type":"page","link":"https:\/\/www.hqts.com\/es\/industrias\/maquinaria-y-equipamiento\/","title":{"rendered":"INSPECCIONES DE MAQUINARIA Y EQUIPAMIENTO"},"content":{"rendered":"<h4><strong>Inspecciones de maquinaria y equipamiento<\/strong><\/h4>\n<p><strong>El control de calidad de la maquinaria y el equipamiento es fundamental para optimizar la eficiencia y mejorar sus resultados. Las inspecciones de maquinaria y equipo pueden ser desde una simple inspecci\u00f3n de lista de verificaci\u00f3n hasta inspecciones, pruebas y listas de verificaci\u00f3n de cumplimiento personalizadas \u00fanicas basadas en requisitos t\u00e9cnicos de ingenier\u00eda.<\/strong><\/p>\n<p>Los ingenieros y el personal t\u00e9cnico de control de calidad de maquinaria de HQTS tienen una larga experiencia en el control de calidad de maquinaria, incluidas las inspecciones y pruebas de maquinaria, equipo pesado, plantas, miner\u00eda, transporte y construcci\u00f3n pesada. Nuestro personal cualificado est\u00e1 capacitado en todos los aspectos del control de calidad para la producci\u00f3n, seguridad, operaciones, mantenimiento y env\u00edo de maquinaria.<\/p>\n<h4><strong>Nuestros servicios de Inspecci\u00f3n:<\/strong><\/h4>\n<h5><strong>Accesorios para maquinaria<\/strong><\/h5>\n<ul>\n<li>Auditor\u00eda de f\u00e1bricas<\/li>\n<li>Inspecci\u00f3n en vivo<\/li>\n<li>Pruebas<\/li>\n<li>Inspecciones de carga<\/li>\n<\/ul>\n<h5><strong>Inspecciones de maquinaria y equipamiento<\/strong><\/h5>\n<ul>\n<li>Auditor\u00eda de f\u00e1bricas<\/li>\n<li>Inspecci\u00f3n en vivo y supervisi\u00f3n de producci\u00f3n<\/li>\n<li>Testimonios de ensayos<\/li>\n<li>Supervisi\u00f3n de carga \/ descarga<\/li>\n<\/ul>\n<h5><strong>Inspecciones de repuestos y accesorios de maquinaria<\/strong><\/h5>\n<p>La tecnolog\u00eda de procesamiento y la calidad de los componentes y accesorios de la maquinaria determinan el rendimiento y la seguridad de la maquinaria de producci\u00f3n.<\/p>\n<p>HQTS cuenta con una experiencia considerable en la industria. Realizamos inspecciones t\u00e9cnicas de los materiales, apariencia, uso, condiciones de trabajo y funcionamiento de acuerdo con los requisitos de producci\u00f3n.<\/p>\n<p>Algunos de los componentes de la maquinaria para los que damos servicio incluyen tuber\u00edas, v\u00e1lvulas, accesorios, piezas fundidas y piezas forjadas.<\/p>\n<h5><strong>Los servicios de inspecci\u00f3n de accesorios de maquinaria incluyen:<\/strong><\/h5>\n<ul>\n<li>Auditor\u00edas de f\u00e1brica: verifican las capacidades comerciales, t\u00e9cnicas y de producci\u00f3n del proveedor, los sistemas y procesos de calidad y la cadena de suministro ascendente.<\/li>\n<li>Inspecci\u00f3n en vivo: supervisi\u00f3n de material, supervisi\u00f3n de trazabilidad de material, inspecci\u00f3n de soldadura, inspecci\u00f3n no destructiva, inspecci\u00f3n de dimensiones, inspecci\u00f3n de revestimientos, inspecci\u00f3n de embalaje, inspecci\u00f3n de carga.<\/li>\n<li>Ensayos: ensayo de materiales met\u00e1licos, an\u00e1lisis qu\u00edmico, ensayo de resistencia a la tracci\u00f3n, ensayos destructivos, an\u00e1lisis de corrosi\u00f3n.<\/li>\n<li>Supervisi\u00f3n de carga: desde la carga de contenedores en la f\u00e1brica hasta los servicios de mercanc\u00edas y carga en puerto para monitorizar los procesos de acuerdo con los requisitos de env\u00edo.<\/li>\n<\/ul>\n<h5><strong>Inspecciones de maquinaria y equipo<\/strong><\/h5>\n<p>Existe una variaci\u00f3n significativa de complejidad en las configuraciones de la maquinaria y los principios operativos. Nuestros t\u00e9cnicos experimentados pueden evaluar su maquinaria seg\u00fan los factores aceptados de la industria y sus requisitos para establecer la funcionalidad adecuada, la fiabilidad de los componentes y accesorios, la calidad del ensamblaje y los resultados de producci\u00f3n.<\/p>\n<ul>\n<li><a href=\"https:\/\/www.hqts.com\/es\/industrias\/maquinaria-y-equipamiento\/plantas-industriales-y-maquinaria\/\">Inspecciones de equipos de fabricaci\u00f3n<\/a><\/li>\n<li><a href=\"https:\/\/www.hqts.com\/es\/industrias\/maquinaria-y-equipamiento\/plantas-industriales-y-maquinaria\/\">Inspecciones de equipos industriales<\/a><\/li>\n<li><a href=\"https:\/\/www.hqts.com\/es\/industrias\/maquinaria-y-equipamiento\/materiales-y-equipamiento-de-construccion\/\">Inspecciones de equipos de construcci\u00f3n<\/a><\/li>\n<\/ul>\n<h5><strong>Servicios de inspecci\u00f3n de maquinaria y equipamiento<\/strong><\/h5>\n<ul>\n<li>Recipientes a presi\u00f3n para la industria qu\u00edmica y alimentaria<\/li>\n<li>Equipos de ingenier\u00eda como gr\u00faas, elevadores, excavadoras, cintas transportadoras, cangilones, camiones volquete<\/li>\n<li>Maquinaria para minas y cemento incluyendo apiladora-recuperadora, horno de cemento, molino, m\u00e1quina de carga y descarga<\/li>\n<\/ul>\n<h5><strong>Entre los servicios que proporcionamos se incluyen:<\/strong><\/h5>\n<ul>\n<li>Auditor\u00eda y evaluaci\u00f3n de f\u00e1brica: verifique las capacidades comerciales, t\u00e9cnicas y de producci\u00f3n del proveedor, los sistemas y procesos de control de calidad y la cadena de suministro ascendente.<\/li>\n<li>Inspecci\u00f3n en vivo y supervisi\u00f3n de producci\u00f3n: la inspecci\u00f3n y supervisi\u00f3n en lo relativo a soldadura, inspecci\u00f3n no destructiva, maquinaria, electricidad, material, estructura, qu\u00edmica, seguridad.<\/li>\n<li>Inspecci\u00f3n f\u00edsica: estado actual, especificaciones de dimensiones, etiquetas, instrucciones, documentaci\u00f3n.<\/li>\n<li>Inspecci\u00f3n funcional: seguridad e integridad de piezas y maquinaria y trazado de l\u00edneas.<\/li>\n<li>Evaluaci\u00f3n del desempe\u00f1o: si los indicadores de rendimiento cumplen con las especificaciones de dise\u00f1o.<\/li>\n<li>Evaluaci\u00f3n de la seguridad: fiabilidad de las funciones y caracter\u00edsticas de seguridad, verificaci\u00f3n de especificaciones.<\/li>\n<li>Verificaci\u00f3n de certificaci\u00f3n: verificaci\u00f3n del cumplimiento de los requisitos de la industria, las reglamentaciones y los organismos de certificaci\u00f3n.<\/li>\n<li>Inspecci\u00f3n de carga \/ descarga: en la f\u00e1brica o en el puerto para monitorizar y verificar las t\u00e9cnicas para garantizar el cumplimiento de los requisitos de env\u00edo y manipulaci\u00f3n.<\/li>\n<\/ul>\n<h5><strong>Inspecciones de maquinaria y equipo pesado<\/strong><\/h5>\n<p>Nuestros ingenieros y t\u00e9cnicos experimentados eval\u00faan y verifican la maquinaria seg\u00fan los est\u00e1ndares aceptados de la industria, el cumplimiento normativo, la verificaci\u00f3n de certificaci\u00f3n, las normas de seguridad y los requisitos comerciales. Estos pueden incluir proveedores de la cadena de suministro ascendente, la capacidad de los componentes y accesorios, la calidad del ensamblaje y los resultados de producci\u00f3n.<\/p>\n<h5><strong>Maquinaria y equipo para los que proporcionamos control de calidad<\/strong><\/h5>\n<ul>\n<li>Construcci\u00f3n de carreteras, maquinaria y equipo pesado de construcci\u00f3n comercial, como niveladoras y equipos de movimiento de tierras<\/li>\n<li>Operaciones agr\u00edcolas, acu\u00edcolas y forestales de todo tipo<\/li>\n<li>Transporte y log\u00edstica, incluidos equipos mar\u00edtimos, ferroviarios y de manipulaci\u00f3n de carga.<\/li>\n<li>Miner\u00eda, plantas qu\u00edmicas, plantas de cemento, producci\u00f3n de acero y otra maquinaria de fabricaci\u00f3n pesada<\/li>\n<\/ul>\n<h5><strong>Algunos de los servicios que brindamos incluyen<\/strong><\/h5>\n<ul>\n<li>Auditor\u00eda y evaluaci\u00f3n de f\u00e1brica: verificaci\u00f3n de las capacidades comerciales, t\u00e9cnicas y de producci\u00f3n del proveedor, los sistemas y procesos de control de calidad y la cadena de suministro ascendente<\/li>\n<li>Inspecci\u00f3n en vivo y supervisi\u00f3n de producci\u00f3n: la inspecci\u00f3n y supervisi\u00f3n en lo referente a soldadura, inspecci\u00f3n no destructiva, maquinaria, electricidad, materiales, estructura, qu\u00edmica, seguridad.<\/li>\n<li>Inspecci\u00f3n f\u00edsica: estado actual, especificaciones de dimensiones, etiquetado, instrucciones, documentaci\u00f3n,<\/li>\n<li>Inspecci\u00f3n funcional: seguridad e integridad de piezas y maquinaria, dise\u00f1o de l\u00edneas, etc.<\/li>\n<li>Evaluaci\u00f3n del desempe\u00f1o: si los indicadores de desempe\u00f1o cumplen con las especificaciones de dise\u00f1o.<\/li>\n<li>Evaluaci\u00f3n de la seguridad: fiabilidad de las funciones y caracter\u00edsticas de seguridad y verificaci\u00f3n de especificaciones<\/li>\n<li>Verificaci\u00f3n de certificaci\u00f3n: verificaci\u00f3n del cumplimiento de los requisitos del sector, los organismos reguladores y de certificaci\u00f3n.<\/li>\n<li>Inspecci\u00f3n de carga \/ descarga: en la f\u00e1brica o en el puerto para monitorizar y verificar las t\u00e9cnicas para garantizar el cumplimiento de los requisitos de env\u00edo y manipulaci\u00f3n<\/li>\n<\/ul>\n<h5><strong>Maquinaria y equipamiento en China<\/strong><\/h5>\n<p>HQTS ofrece servicios locales de garant\u00eda de calidad en China dedicados a la seguridad, el cumplimiento y la optimizaci\u00f3n de la calidad de los sistemas y procesos de f\u00e1brica. Brindamos servicios de garant\u00eda de calidad de acuerdo con los requisitos regulatorios, del mercado y del cliente.<\/p>\n<h5><strong>\u00bfCon qu\u00e9 frecuencia se deben revisar el equipamiento y la maquinaria?<\/strong><\/h5>\n<p>La respuesta var\u00eda considerablemente seg\u00fan el tipo y uso del equipo. Como m\u00ednimo, las inspecciones deben realizarse seg\u00fan las especificaciones del fabricante.<\/p>\n<h5><strong>\u00bfCu\u00e1les son los beneficios de las inspecciones de maquinaria y equipamiento?<\/strong><\/h5>\n<p>Las inspecciones peri\u00f3dicas de equipamiento y maquinaria ayudan a garantizar la productividad, que es fundamental para sus resultados finales. Mantener el equipamiento en buenas condiciones, funcionando al m\u00e1ximo rendimiento y funcionando con protocolos de seguridad implementados maximiza la eficiencia y reduce las p\u00e9rdidas.<\/p>\n<h5><strong>La empresa de control de calidad en la que puede confiar<\/strong><\/h5>\n<p>HQTS ha estado en el negocio de la garant\u00eda de calidad durante m\u00e1s de 20 a\u00f1os. Nuestros servicios pueden brindarle la informaci\u00f3n que necesita al comprar equipos para instalar en las f\u00e1bricas de Asia o antes de enviarlos a otras ubicaciones en todo el mundo.<\/p>\n","protected":false},"excerpt":{"rendered":"<p>Inspecciones de maquinaria y equipamiento El control de calidad de la maquinaria y el equipamiento es fundamental para optimizar la eficiencia y mejorar sus resultados. Las inspecciones de maquinaria y equipo pueden ser desde una simple inspecci\u00f3n de lista de verificaci\u00f3n hasta inspecciones, pruebas y listas de verificaci\u00f3n de cumplimiento personalizadas \u00fanicas basadas en requisitos [&hellip;]<\/p>\n","protected":false},"author":14,"featured_media":75875,"parent":76185,"menu_order":1,"comment_status":"closed","ping_status":"closed","template":"","meta":{"_acf_changed":false,"footnotes":""},"class_list":["post-77819","page","type-page","status-publish","has-post-thumbnail","hentry"],"acf":[],"_links":{"self":[{"href":"https:\/\/www.hqts.com\/es\/wp-json\/wp\/v2\/pages\/77819","targetHints":{"allow":["GET"]}}],"collection":[{"href":"https:\/\/www.hqts.com\/es\/wp-json\/wp\/v2\/pages"}],"about":[{"href":"https:\/\/www.hqts.com\/es\/wp-json\/wp\/v2\/types\/page"}],"author":[{"embeddable":true,"href":"https:\/\/www.hqts.com\/es\/wp-json\/wp\/v2\/users\/14"}],"replies":[{"embeddable":true,"href":"https:\/\/www.hqts.com\/es\/wp-json\/wp\/v2\/comments?post=77819"}],"version-history":[{"count":5,"href":"https:\/\/www.hqts.com\/es\/wp-json\/wp\/v2\/pages\/77819\/revisions"}],"predecessor-version":[{"id":77826,"href":"https:\/\/www.hqts.com\/es\/wp-json\/wp\/v2\/pages\/77819\/revisions\/77826"}],"up":[{"embeddable":true,"href":"https:\/\/www.hqts.com\/es\/wp-json\/wp\/v2\/pages\/76185"}],"wp:featuredmedia":[{"embeddable":true,"href":"https:\/\/www.hqts.com\/es\/wp-json\/wp\/v2\/media\/75875"}],"wp:attachment":[{"href":"https:\/\/www.hqts.com\/es\/wp-json\/wp\/v2\/media?parent=77819"}],"curies":[{"name":"wp","href":"https:\/\/api.w.org\/{rel}","templated":true}]}}