{"id":77827,"date":"2021-07-19T07:31:46","date_gmt":"2021-07-19T07:31:46","guid":{"rendered":"https:\/\/www.hqts.com\/?page_id=77827"},"modified":"2021-08-16T02:15:23","modified_gmt":"2021-08-16T02:15:23","slug":"servicios-de-seguridad-alimentaria","status":"publish","type":"page","link":"https:\/\/www.hqts.com\/es\/industrias\/alimentos\/servicios-de-seguridad-alimentaria\/","title":{"rendered":"SERVICIOS DE SEGURIDAD ALIMENTARIA"},"content":{"rendered":"<h4><strong>Servicios de garant\u00eda de calidad de agricultura y alimentaci\u00f3n<\/strong><\/h4>\n<p><strong>Como miembro certificado de GAFTA, HQTS es un l\u00edder mundial en garant\u00eda de calidad que ofrece soluciones de calidad para productos de consumo e industriales y est\u00e1 acreditado por CNAS en ISO 17020 e ISO 17025. Brindamos los mejores servicios de inspecci\u00f3n, auditor\u00eda, pruebas y consultor\u00eda en toda Asia.<\/strong><\/p>\n<p>Al aprovechar el rico conocimiento y la experiencia en la industria de nuestros especialistas, estamos dedicados a ayudarle a cumplir con los est\u00e1ndares de calidad, seguridad y \u00e9tica que su cadena de suministro exige. Estamos preparados para ayudarle a mejorar su competitividad y eficiencia en el mercado global.<\/p>\n<p>Los incidentes de seguridad alimentaria han ocurrido con frecuencia, lo que redunda en un mayor escrutinio y en pruebas rigurosas en la producci\u00f3n y fases posteriores. Desde las tierras de cultivo hasta las mesas de los consumidores, cada etapa de toda la cadena de suministro de alimentos se ve desafiada por la seguridad, la calidad y la eficacia del producto. Las normas de calidad de la alimentaci\u00f3n y la agricultura son de suma importancia y un asunto de principal atenci\u00f3n para las autoridades de la industria y los consumidores.<\/p>\n<p>Ya sea un productor, un envasador de alimentos o tenga cualquier otro rol importante en la cadena de suministro de alimentos, es su deber demostrar integridad y promover la seguridad desde el origen. Pero estas garant\u00edas solo se pueden dar cuando el cultivo, el procesamiento, la adquisici\u00f3n y el env\u00edo son monitorizados y probados regularmente por personal especializado.<\/p>\n<h4><strong>Categor\u00edas de Productos<\/strong><\/h4>\n<p><strong>Algunos de los servicios que brindamos para alimentaci\u00f3n incluyen:<\/strong><\/p>\n<p><strong>Agricultura:<\/strong> <a href=\"https:\/\/www.hqts.com\/es\/industrias\/alimentos\/frutas-y-hortalizas\/\">frutas y verduras<\/a>, soja, trigo, arroz y cereales.<br \/>\n<strong><a href=\"https:\/\/www.hqts.com\/es\/industrias\/alimentos\/calidad-de-mariscos\/\">Mariscos<\/a>:<\/strong> mariscos congelados, mariscos refrigerados y mariscos secos<br \/>\n<strong>Alimentos procesados:<\/strong> <a href=\"https:\/\/www.hqts.com\/es\/industrias\/alimentos\/calidad-de-cereales\/\">cereales procesados<\/a>, productos l\u00e1cteos, <a href=\"https:\/\/www.hqts.com\/es\/industrias\/alimentos\/carnes-y-aves\/\">productos c\u00e1rnicos<\/a>, productos del mar, alimentos instant\u00e1neos, bebidas congeladas, alimentos congelados, patatas fritas y aperitivos extrusionados, dulces, verduras, frutas, alimentos horneados, aceite comestible, aromas, etc.<\/p>\n<h4><strong>Est\u00e1ndares de Inspecci\u00f3n<\/strong><\/h4>\n<p>Cumplimos con las leyes y normativas nacionales y realizamos servicios de calidad basados en los siguientes est\u00e1ndares:<\/p>\n<p><strong>Est\u00e1ndares de inspecci\u00f3n con muestreos de alimentos:<\/strong> CAC\/GL 50-2004, ISO 8423:1991, GB\/T 30642, etc.<br \/>\n<strong>Est\u00e1ndares de evaluaci\u00f3n sensorial de alimentos:<\/strong> CODEX, ISO, GB y otras normas de clasificaci\u00f3n<br \/>\n<strong>Normas de ensayo y an\u00e1lisis de alimentos:<\/strong> normas nacionales e internacionales, una serie de normas relacionadas con la detecci\u00f3n de microbiolog\u00eda, detecci\u00f3n de residuos de plaguicidas, an\u00e1lisis f\u00edsico-qu\u00edmico, etc.<br \/>\n<strong>Est\u00e1ndares de auditor\u00eda de f\u00e1bricas y tiendas:<\/strong> ISO 9000, ISO 14000, ISO 22000, HACCP<\/p>\n<h4><strong>Servicios de garant\u00eda de calidad agr\u00edcola y alimentaria<\/strong><\/h4>\n<p><strong>Los servicios de garant\u00eda de calidad de los alimentos de HQTS incluyen:<\/strong><\/p>\n<ul>\n<li><strong>Auditor\u00eda de f\u00e1brica \/ tienda<\/strong><br \/>\n<strong>Inspecci\u00f3n<\/strong><\/li>\n<\/ul>\n<p>-Inspecci\u00f3n de cantidad y peso mediante medidor de agua y m\u00e1quinas de pesaje<br \/>\n-Muestreo, inspecci\u00f3n de calidad y pruebas.<br \/>\n-Capacidad de transporte de barcos<br \/>\n-Identificaci\u00f3n de p\u00e9rdidas, incluidos da\u00f1os y falta de bienes<\/p>\n<p>Entre nuestros servicios de inspecci\u00f3n de alimentos y agricultura se incluyen:<\/p>\n<p>inspecci\u00f3n visual, medici\u00f3n de peso, control de temperatura, verificaci\u00f3n de envasado, prueba de concentraci\u00f3n de az\u00facar, detecci\u00f3n de salinidad, verificaci\u00f3n de glaseado de hielo, inspecci\u00f3n de aberraciones crom\u00e1ticas<\/p>\n<ul>\n<li><strong>Ensayos de Producto<\/strong><\/li>\n<\/ul>\n<p>Entre nuestros servicios de ensayos de seguridad alimentaria y agr\u00edcola se incluyen:<\/p>\n<p>detecci\u00f3n de contaminaci\u00f3n, detecci\u00f3n de residuos, detecci\u00f3n de microorganismos, an\u00e1lisis f\u00edsico-qu\u00edmico, detecci\u00f3n de metales pesados, detecci\u00f3n de colorantes, medici\u00f3n de la calidad del agua, an\u00e1lisis de etiquetado nutricional de alimentos, pruebas de materiales en contacto con alimentos<\/p>\n","protected":false},"excerpt":{"rendered":"<p>Servicios de garant\u00eda de calidad de agricultura y alimentaci\u00f3n Como miembro certificado de GAFTA, HQTS es un l\u00edder mundial en garant\u00eda de calidad que ofrece soluciones de calidad para productos de consumo e industriales y est\u00e1 acreditado por CNAS en ISO 17020 e ISO 17025. Brindamos los mejores servicios de inspecci\u00f3n, auditor\u00eda, pruebas y consultor\u00eda [&hellip;]<\/p>\n","protected":false},"author":14,"featured_media":75685,"parent":76520,"menu_order":16,"comment_status":"closed","ping_status":"closed","template":"","meta":{"_acf_changed":false,"footnotes":""},"class_list":["post-77827","page","type-page","status-publish","has-post-thumbnail","hentry"],"acf":[],"_links":{"self":[{"href":"https:\/\/www.hqts.com\/es\/wp-json\/wp\/v2\/pages\/77827","targetHints":{"allow":["GET"]}}],"collection":[{"href":"https:\/\/www.hqts.com\/es\/wp-json\/wp\/v2\/pages"}],"about":[{"href":"https:\/\/www.hqts.com\/es\/wp-json\/wp\/v2\/types\/page"}],"author":[{"embeddable":true,"href":"https:\/\/www.hqts.com\/es\/wp-json\/wp\/v2\/users\/14"}],"replies":[{"embeddable":true,"href":"https:\/\/www.hqts.com\/es\/wp-json\/wp\/v2\/comments?post=77827"}],"version-history":[{"count":3,"href":"https:\/\/www.hqts.com\/es\/wp-json\/wp\/v2\/pages\/77827\/revisions"}],"predecessor-version":[{"id":81662,"href":"https:\/\/www.hqts.com\/es\/wp-json\/wp\/v2\/pages\/77827\/revisions\/81662"}],"up":[{"embeddable":true,"href":"https:\/\/www.hqts.com\/es\/wp-json\/wp\/v2\/pages\/76520"}],"wp:featuredmedia":[{"embeddable":true,"href":"https:\/\/www.hqts.com\/es\/wp-json\/wp\/v2\/media\/75685"}],"wp:attachment":[{"href":"https:\/\/www.hqts.com\/es\/wp-json\/wp\/v2\/media?parent=77827"}],"curies":[{"name":"wp","href":"https:\/\/api.w.org\/{rel}","templated":true}]}}