{"id":77838,"date":"2021-07-19T07:51:05","date_gmt":"2021-07-19T07:51:05","guid":{"rendered":"https:\/\/www.hqts.com\/?page_id=77838"},"modified":"2021-08-16T02:18:25","modified_gmt":"2021-08-16T02:18:25","slug":"frutas-y-hortalizas","status":"publish","type":"page","link":"https:\/\/www.hqts.com\/es\/industrias\/alimentos\/frutas-y-hortalizas\/","title":{"rendered":"CONTROL DE CALIDAD DE FRUTAS Y HORTALIZAS"},"content":{"rendered":"<h2><strong>Inspecciones de frutas y hortalizas<\/strong><\/h2>\n<p>Las frutas y hortalizas son productos delicados en lo que respecta al env\u00edo. Debido a ello, <strong>HQTS<\/strong> comprende la necesidad de un env\u00edo y almacenamiento seguros y r\u00e1pidos. Con esto en mente, proporcionamos una amplia variedad de servicios de inspecci\u00f3n para comprender mejor los procesos de su cadena de suministro y la capacidad de los proveedores para alinearse con sus objetivos comerciales.<\/p>\n<p><strong>Estos servicios incluyen:<\/strong><\/p>\n<p>Inspecci\u00f3n Previa a la Producci\u00f3n<\/p>\n<p>Inspecci\u00f3n Durante la Producci\u00f3n<\/p>\n<p>Inspecci\u00f3n Previa al Env\u00edo<\/p>\n<p>Servicios de muestreo<\/p>\n<p>Supervisi\u00f3n de carga \/ descarga<\/p>\n<p>Verificaci\u00f3n \/ Inspecci\u00f3n de da\u00f1os<\/p>\n<p>Monitorizaci\u00f3n de producci\u00f3n<\/p>\n<p>Servicios de escrutinio<\/p>\n<h2><strong>Auditor\u00edas de inspecci\u00f3n de f\u00e1bricas de productos frescos.<\/strong><\/h2>\n<p>Los productos alimenticios se degradan r\u00e1pidamente. Es fundamental elegir una f\u00e1brica que utilice procesos de fabricaci\u00f3n correctos y eficientes. Ayudamos en este proceso de toma de decisiones proporcionando auditor\u00edas de inspecci\u00f3n para observar las actividades de los proveedores, como su higiene de los alimentos y sus instalaciones de almacenamiento. Esto ayuda a tomar las decisiones comerciales correctas para permitir una cadena de suministro segura y eficiente.<\/p>\n<p><strong>Nuestras inspecciones de f\u00e1bricas incluyen:<\/strong><\/p>\n<p>Auditor\u00edas de cumplimiento social<\/p>\n<p>Auditor\u00edas de capacidad t\u00e9cnica de f\u00e1brica<\/p>\n<p>Auditor\u00edas de higiene alimentaria<\/p>\n<p>Auditor\u00edas de almacenes<\/p>\n<h3><strong>Ensayos de frutas y hortalizas<\/strong><\/h3>\n<p>Realizamos una amplia gama de ensayos para frutas y hortalizas, lo que permite una comprensi\u00f3n clara de su calidad. Estas pruebas buscan riesgos potenciales en el producto para minimizar cualquier retraso o peligro potencial. Tambi\u00e9n realizamos pruebas de env\u00edo para asegurarnos de que se cumplan las pr\u00e1cticas adecuadas de envasado y almacenamiento. Las pruebas son una parte esencial de una cadena de suministro segura, y <strong>HQTS<\/strong> proporciona soluciones innovadoras y en constante evoluci\u00f3n.<\/p>\n<p><strong>Nuestras pruebas incluyen:<\/strong><\/p>\n<p>Pruebas f\u00edsicas<\/p>\n<p>An\u00e1lisis de componentes qu\u00edmicos<\/p>\n<p>Prueba microbiol\u00f3gica<\/p>\n<p>Prueba sensorial<\/p>\n<p>Ensayos nutricionales<\/p>\n<p>Pruebas de envasado y contacto con alimentos<\/p>\n<h3><strong>Servicios obligados por los Gobiernos<\/strong><\/h3>\n<p>Algunos \u00f3rganos gubernamentales tienen regulaciones y certificaciones m\u00e1s estrictas que deben obtenerse y respetarse. Trabajamos para asegurarnos de que sus productos logren estas certificaciones espec\u00edficas.<\/p>\n<p><strong>Certificaciones como:<\/strong><\/p>\n<p>Certificaci\u00f3n COC \/ COI de Irak<\/p>\n<p><strong>Cont\u00e1ctenos hoy para<\/strong> obtener m\u00e1s informaci\u00f3n sobre c\u00f3mo <strong>HTQS<\/strong> puede asesorarle para tener una cadena de suministro de frutas y hortalizas m\u00e1s segura y eficiente.<\/p>\n","protected":false},"excerpt":{"rendered":"<p>Inspecciones de frutas y hortalizas Las frutas y hortalizas son productos delicados en lo que respecta al env\u00edo. Debido a ello, HQTS comprende la necesidad de un env\u00edo y almacenamiento seguros y r\u00e1pidos. Con esto en mente, proporcionamos una amplia variedad de servicios de inspecci\u00f3n para comprender mejor los procesos de su cadena de suministro [&hellip;]<\/p>\n","protected":false},"author":14,"featured_media":75890,"parent":76520,"menu_order":0,"comment_status":"closed","ping_status":"closed","template":"","meta":{"_acf_changed":false,"footnotes":""},"class_list":["post-77838","page","type-page","status-publish","has-post-thumbnail","hentry"],"acf":[],"_links":{"self":[{"href":"https:\/\/www.hqts.com\/es\/wp-json\/wp\/v2\/pages\/77838","targetHints":{"allow":["GET"]}}],"collection":[{"href":"https:\/\/www.hqts.com\/es\/wp-json\/wp\/v2\/pages"}],"about":[{"href":"https:\/\/www.hqts.com\/es\/wp-json\/wp\/v2\/types\/page"}],"author":[{"embeddable":true,"href":"https:\/\/www.hqts.com\/es\/wp-json\/wp\/v2\/users\/14"}],"replies":[{"embeddable":true,"href":"https:\/\/www.hqts.com\/es\/wp-json\/wp\/v2\/comments?post=77838"}],"version-history":[{"count":5,"href":"https:\/\/www.hqts.com\/es\/wp-json\/wp\/v2\/pages\/77838\/revisions"}],"predecessor-version":[{"id":86402,"href":"https:\/\/www.hqts.com\/es\/wp-json\/wp\/v2\/pages\/77838\/revisions\/86402"}],"up":[{"embeddable":true,"href":"https:\/\/www.hqts.com\/es\/wp-json\/wp\/v2\/pages\/76520"}],"wp:featuredmedia":[{"embeddable":true,"href":"https:\/\/www.hqts.com\/es\/wp-json\/wp\/v2\/media\/75890"}],"wp:attachment":[{"href":"https:\/\/www.hqts.com\/es\/wp-json\/wp\/v2\/media?parent=77838"}],"curies":[{"name":"wp","href":"https:\/\/api.w.org\/{rel}","templated":true}]}}