{"id":77858,"date":"2021-07-19T08:50:42","date_gmt":"2021-07-19T08:50:42","guid":{"rendered":"https:\/\/www.hqts.com\/?page_id=77858"},"modified":"2021-08-16T02:43:50","modified_gmt":"2021-08-16T02:43:50","slug":"alimentos-procesados","status":"publish","type":"page","link":"https:\/\/www.hqts.com\/es\/industrias\/alimentos\/alimentos-procesados\/","title":{"rendered":"CONTROL DE CALIDAD DE ALIMENTOS PROCESADOS"},"content":{"rendered":"<h3><strong>Inspecciones de alimentos procesados<\/strong><\/h3>\n<p>Alimentos procesados es un t\u00e9rmino general para miles de productos diferentes, desde comidas preparadas hasta l\u00e1cteos. Debido a esto, los productos crecen y cambian constantemente. <strong>HTQS<\/strong> entiende esto y proporciona una gama de servicios que se adaptan a las necesidades de su negocio, sea cual sea la etapa de producci\u00f3n. Las auditor\u00edas e inspecciones pueden evaluar las <strong>GMP<\/strong> (buenas pr\u00e1cticas de fabricaci\u00f3n) y las <strong>GHP<\/strong> (buenas pr\u00e1cticas de higiene) de las empresas para ayudar en la cadena de suministro de su marca, lo que permite un proceso fluido, seguro y r\u00e1pido.<\/p>\n<p><strong>Nuestros principales servicios de alimentos procesados incluyen:<\/strong><\/p>\n<p>Inspecci\u00f3n Previa a la Producci\u00f3n<\/p>\n<p>Inspecci\u00f3n Durante la Producci\u00f3n<\/p>\n<p>Inspecci\u00f3n Previa al Env\u00edo<\/p>\n<p>Servicios de muestreo<\/p>\n<p>Supervisi\u00f3n de carga \/ descarga<\/p>\n<p>Estudio \/ Inspecci\u00f3n de da\u00f1os<\/p>\n<p>Monitorizaci\u00f3n de producci\u00f3n<\/p>\n<p>Servicios de escrutinio<\/p>\n<h3><strong>Auditor\u00edas de alimentos procesados<\/strong><\/h3>\n<p><strong>HQTS<\/strong> comprende la importancia de elegir un proveedor. Es por eso que proporcionamos investigaciones y auditor\u00edas en profundidad para ayudar a ello. Estas auditor\u00edas ayudan a comprender la compatibilidad de este con su cadena de suministro. Permite confirmar si est\u00e1n al d\u00eda en las mejores pr\u00e1cticas de seguridad y estrategia de gesti\u00f3n en todos los aspectos de su producci\u00f3n.<\/p>\n<p><strong>Estas auditor\u00edas consisten en:<\/strong><\/p>\n<p>Auditor\u00edas de cumplimiento social<\/p>\n<p>Auditor\u00edas de capacidad t\u00e9cnica de f\u00e1brica<\/p>\n<p>Auditor\u00edas de higiene alimentaria<\/p>\n<p>Auditor\u00edas de almacenes<\/p>\n<h3><strong>Ensayos de alimentos procesados<\/strong><\/h3>\n<p>Ofrecemos una amplia gama de pruebas para alimentos procesados, asegurando la calidad de los productos y si est\u00e1n en l\u00ednea con las regulaciones internacionales y nacionales, minimizando cualquier riesgo potencial para su cadena de suministro.<\/p>\n<p><strong>Estos ensayos incluyen:<\/strong><\/p>\n<p>Pruebas f\u00edsicas<\/p>\n<p>An\u00e1lisis de componentes qu\u00edmicos<\/p>\n<p>Pruebas microbiol\u00f3gicas<\/p>\n<p>Pruebas sensoriales<\/p>\n<p>Pruebas de nutrici\u00f3n<\/p>\n<p>Pruebas de envasado y contacto con alimentos<\/p>\n<h3><strong>Servicios de supervisi\u00f3n<\/strong><\/h3>\n<p>Adem\u00e1s de la inspecci\u00f3n, brindamos servicios de supervisi\u00f3n para ayudarle a monitorizar sus productos procesados a lo largo de cada proceso, desde la creaci\u00f3n, el transporte, la monitorizaci\u00f3n de fumigaci\u00f3n y la destrucci\u00f3n. Se trata de asegurar que el protocolo correcto y las mejores pr\u00e1cticas se mantengan en cada etapa.<\/p>\n<p><strong>Los servicios de supervisi\u00f3n incluyen:<\/strong><\/p>\n<p>Supervisi\u00f3n de almac\u00e9n<\/p>\n<p>Supervisi\u00f3n de transporte<\/p>\n<p>Supervisi\u00f3n de fumigaci\u00f3n<\/p>\n<p>Testimonio de la destrucci\u00f3n<\/p>\n<h3><strong>Certificaciones obligadas por Gobiernos<\/strong><\/h3>\n<p>Algunos \u00f3rganos gubernamentales tienen regulaciones y certificaciones m\u00e1s estrictas que deben obtenerse y respetarse. Trabajamos para asegurarnos de que sus productos obtengan estas certificaciones espec\u00edficas.<\/p>\n<p><strong>Certificaciones obligadas por Gobiernos como:<\/strong><\/p>\n<p>Certificaci\u00f3n COC \/ COI de Irak<\/p>\n","protected":false},"excerpt":{"rendered":"<p>Inspecciones de alimentos procesados Alimentos procesados es un t\u00e9rmino general para miles de productos diferentes, desde comidas preparadas hasta l\u00e1cteos. Debido a esto, los productos crecen y cambian constantemente. HTQS entiende esto y proporciona una gama de servicios que se adaptan a las necesidades de su negocio, sea cual sea la etapa de producci\u00f3n. Las [&hellip;]<\/p>\n","protected":false},"author":14,"featured_media":75887,"parent":76520,"menu_order":0,"comment_status":"closed","ping_status":"closed","template":"","meta":{"_acf_changed":false,"footnotes":""},"class_list":["post-77858","page","type-page","status-publish","has-post-thumbnail","hentry"],"acf":[],"_links":{"self":[{"href":"https:\/\/www.hqts.com\/es\/wp-json\/wp\/v2\/pages\/77858","targetHints":{"allow":["GET"]}}],"collection":[{"href":"https:\/\/www.hqts.com\/es\/wp-json\/wp\/v2\/pages"}],"about":[{"href":"https:\/\/www.hqts.com\/es\/wp-json\/wp\/v2\/types\/page"}],"author":[{"embeddable":true,"href":"https:\/\/www.hqts.com\/es\/wp-json\/wp\/v2\/users\/14"}],"replies":[{"embeddable":true,"href":"https:\/\/www.hqts.com\/es\/wp-json\/wp\/v2\/comments?post=77858"}],"version-history":[{"count":4,"href":"https:\/\/www.hqts.com\/es\/wp-json\/wp\/v2\/pages\/77858\/revisions"}],"predecessor-version":[{"id":86403,"href":"https:\/\/www.hqts.com\/es\/wp-json\/wp\/v2\/pages\/77858\/revisions\/86403"}],"up":[{"embeddable":true,"href":"https:\/\/www.hqts.com\/es\/wp-json\/wp\/v2\/pages\/76520"}],"wp:featuredmedia":[{"embeddable":true,"href":"https:\/\/www.hqts.com\/es\/wp-json\/wp\/v2\/media\/75887"}],"wp:attachment":[{"href":"https:\/\/www.hqts.com\/es\/wp-json\/wp\/v2\/media?parent=77858"}],"curies":[{"name":"wp","href":"https:\/\/api.w.org\/{rel}","templated":true}]}}