{"id":77938,"date":"2021-07-19T10:24:12","date_gmt":"2021-07-19T10:24:12","guid":{"rendered":"https:\/\/www.hqts.com\/?page_id=77938"},"modified":"2021-08-16T03:00:39","modified_gmt":"2021-08-16T03:00:39","slug":"comercio-electronico","status":"publish","type":"page","link":"https:\/\/www.hqts.com\/es\/industrias\/comercio-electronico\/","title":{"rendered":"CONTROL Y ASEGURAMIENTO DE CALIDAD PARA EL COMERCIO ELECTR\u00d3NICO"},"content":{"rendered":"<h4><strong>Control y garant\u00eda de calidad para el comercio electr\u00f3nico<\/strong><\/h4>\n<p><strong>HQTS es partner de varias plataformas de comercio electr\u00f3nico en Asia para proporcionar varios servicios de control y garant\u00eda de calidad para garantizar la seguridad y la calidad de los productos que entregan a los consumidores nacionales en l\u00ednea.<\/strong><\/p>\n<h4><strong>\u00bfQu\u00e9 es el control de calidad en el comercio electr\u00f3nico?<\/strong><\/h4>\n<p>El control de calidad en el comercio electr\u00f3nico es la conducci\u00f3n de bienes vendidos a trav\u00e9s del comercio electr\u00f3nico. El comercio electr\u00f3nico se considera una excelente alternativa para que las empresas lleguen a nuevos clientes y mercados.<\/p>\n<p>La calidad es la cuesti\u00f3n fundamental del comercio electr\u00f3nico y ya se ha reconocido ampliamente la importancia de medir y controlar la calidad. El control de calidad en el comercio electr\u00f3nico aumentar\u00e1 en gran medida las posibilidades de que un proyecto de comercio electr\u00f3nico satisfaga los requisitos de rendimiento del usuario desde la primera vez.<\/p>\n<h4><strong>\u00bfPor qu\u00e9 la garant\u00eda de calidad en el comercio electr\u00f3nico es tan importante para Asia?<\/strong><\/h4>\n<p>Este es un negocio en crecimiento para HQTS, ya que los consumidores asi\u00e1ticos demandan cada vez m\u00e1s la misma calidad y seguridad del producto que a menudo se asocia con los mercados de exportaci\u00f3n. La creciente clase media tiene m\u00e1s ingresos disponibles y exige mayor calidad y seguridad en los productos que compra.<\/p>\n<p>Esto, junto con el descontento causado por la proliferaci\u00f3n de productos falsificados y sustancias peligrosas, est\u00e1 contribuyendo a un cambio significativo en las percepciones de los consumidores chinos y en las expectativas de calidad.<\/p>\n<h4><strong>\u00bfC\u00f3mo realizar un ensayo de control de calidad en comercio electr\u00f3nico?<\/strong><\/h4>\n<h5><strong>Desarrollo de requisitos<\/strong><\/h5>\n<p>En primer lugar, HQTS ayudar\u00e1 a nuestros clientes a determinar qu\u00e9 productos deben probarse y qu\u00e9 aspectos del producto deben evaluarse seg\u00fan los requisitos de las plataformas de comercio electr\u00f3nico.<\/p>\n<h5><strong>Desarrollo del Plan de Pruebas<\/strong><\/h5>\n<p>A continuaci\u00f3n, HQTS crear\u00e1 un plan de pruebas, un documento que describe la estrategia que se utilizar\u00e1 para la prueba. Este plan incluir\u00e1 el alcance de las pruebas, las t\u00e9cnicas que se utilizar\u00e1n, el equipo y otros recursos que se necesitan y el cronograma de las pruebas.<\/p>\n<h5><strong>Pruebas<\/strong><\/h5>\n<p>Luego, HQTS montar\u00e1 el entorno de pruebas de acuerdo con las pautas de prueba del producto en el plan. Una vez que el entorno de prueba est\u00e1 preparado y el equipo necesario est\u00e1 en su lugar, comenzaremos a ejecutar las pruebas de acuerdo con la estrategia determinada previamente.<\/p>\n<h5><strong>Evaluaci\u00f3n de resultados<\/strong><\/h5>\n<p>Despu\u00e9s de las pruebas, HQTS evaluar\u00e1 los resultados y emitir\u00e1 los informes. Analizaremos cualquier fallo o problema de desempe\u00f1o que haya ocurrido en el producto para determinar su causa y debatiremos con los clientes para mejorar el desempe\u00f1o del producto o prevenir fallos del mismo.<\/p>\n<p>HQTS se complace en atender esta demanda a trav\u00e9s de nuestro control de calidad y pruebas a los proveedores de nuestro partner de comercio electr\u00f3nico en toda Asia. Algunos de estos servicios incluyen <a href=\"https:\/\/www.hqts.com\/es\/servicios\/inspecciones\/\">inspecciones de control de calidad<\/a>, <a href=\"https:\/\/www.hqts.com\/es\/servicios\/testing\/\">pruebas de productos de consumo<\/a>, pruebas de embalaje ISTA, <a href=\"https:\/\/www.hqts.com\/es\/servicios\/auditorias\/\">auditor\u00edas de f\u00e1brica<\/a>, verificaci\u00f3n y evaluaci\u00f3n de proveedores, investigaci\u00f3n y mitigaci\u00f3n de falsificaciones, y m\u00e1s.<\/p>\n","protected":false},"excerpt":{"rendered":"<p>Control y garant\u00eda de calidad para el comercio electr\u00f3nico HQTS es partner de varias plataformas de comercio electr\u00f3nico en Asia para proporcionar varios servicios de control y garant\u00eda de calidad para garantizar la seguridad y la calidad de los productos que entregan a los consumidores nacionales en l\u00ednea. \u00bfQu\u00e9 es el control de calidad en [&hellip;]<\/p>\n","protected":false},"author":14,"featured_media":74895,"parent":76185,"menu_order":5,"comment_status":"closed","ping_status":"closed","template":"","meta":{"_acf_changed":false,"footnotes":""},"class_list":["post-77938","page","type-page","status-publish","has-post-thumbnail","hentry"],"acf":[],"_links":{"self":[{"href":"https:\/\/www.hqts.com\/es\/wp-json\/wp\/v2\/pages\/77938","targetHints":{"allow":["GET"]}}],"collection":[{"href":"https:\/\/www.hqts.com\/es\/wp-json\/wp\/v2\/pages"}],"about":[{"href":"https:\/\/www.hqts.com\/es\/wp-json\/wp\/v2\/types\/page"}],"author":[{"embeddable":true,"href":"https:\/\/www.hqts.com\/es\/wp-json\/wp\/v2\/users\/14"}],"replies":[{"embeddable":true,"href":"https:\/\/www.hqts.com\/es\/wp-json\/wp\/v2\/comments?post=77938"}],"version-history":[{"count":3,"href":"https:\/\/www.hqts.com\/es\/wp-json\/wp\/v2\/pages\/77938\/revisions"}],"predecessor-version":[{"id":81667,"href":"https:\/\/www.hqts.com\/es\/wp-json\/wp\/v2\/pages\/77938\/revisions\/81667"}],"up":[{"embeddable":true,"href":"https:\/\/www.hqts.com\/es\/wp-json\/wp\/v2\/pages\/76185"}],"wp:featuredmedia":[{"embeddable":true,"href":"https:\/\/www.hqts.com\/es\/wp-json\/wp\/v2\/media\/74895"}],"wp:attachment":[{"href":"https:\/\/www.hqts.com\/es\/wp-json\/wp\/v2\/media?parent=77938"}],"curies":[{"name":"wp","href":"https:\/\/api.w.org\/{rel}","templated":true}]}}