{"id":80345,"date":"2021-07-30T08:41:36","date_gmt":"2021-07-30T08:41:36","guid":{"rendered":"https:\/\/www.hqts.com\/?page_id=80345"},"modified":"2021-08-04T09:36:38","modified_gmt":"2021-08-04T09:36:38","slug":"acreditaciones-y-certificaciones","status":"publish","type":"page","link":"https:\/\/www.hqts.com\/es\/sobre-nosotros\/acreditaciones-y-certificaciones\/","title":{"rendered":"ACREDITACIONES Y CERTIFICACIONES"},"content":{"rendered":"<h4><strong>Acreditaciones y certificaciones<\/strong><\/h4>\n<p><strong>El entorno regulatorio est\u00e1 cambiando y es cada vez m\u00e1s importante estar al d\u00eda para minimizar el riesgo, reducir los costes, proteger el valor de la marca y retener la lealtad de los clientes. Independientemente de d\u00f3nde comercialice sus productos en el mundo, es probable que haya est\u00e1ndares regulatorios que deber\u00e1n cumplirse.<\/strong><\/p>\n<p><a href=\"https:\/\/www.hqts.com\/es\/servicios\/inspecciones\/\">Las inspecciones de control de calidad<\/a> de HQTS y las soluciones de <a href=\"https:\/\/www.hqts.com\/es\/servicios\/testing\/\">prueba de productos de consumo<\/a> pueden ayudarle a garantizar que sus productos cumplan con esos est\u00e1ndares. Somos una organizaci\u00f3n acreditada por CNAS ISO certificada para realizar inspecciones de control de calidad y <a href=\"https:\/\/www.hqts.com\/es\/servicios\/testing\/prueba-de-embalaje-ista\/\">pruebas ISTA<\/a>, as\u00ed como pruebas contra RoHS, REACH, CPSIA, DMF, CA Prop 65, GB y muchas otras normas globales.<\/p>\n<p>Nuestras acreditaciones y certificaciones incluyen:<\/p>\n<ul>\n<li>Pruebas de embalaje certificadas por ISTA<\/li>\n<li>Aceptado por la CPSC de EE. UU.<\/li>\n<li>Aprobado por CNAS<\/li>\n<li>Certificado de calificaci\u00f3n AQSIQ<\/li>\n<li>Asociaci\u00f3n China de Metrolog\u00eda<\/li>\n<\/ul>\n<p>Tambi\u00e9n participamos activamente en numerosas asociaciones comerciales de la industria, entre las que se incluyen:<\/p>\n<ul>\n<li>Asociaci\u00f3n de la Industria del Juguete<\/li>\n<li>Federaci\u00f3n Internacional de Organismos de Inspecci\u00f3n<\/li>\n<li>Asociaci\u00f3n Americana de Ropa y Calzado<\/li>\n<li>Asociaci\u00f3n Nacional de Art\u00edculos Deportivos<\/li>\n<\/ul>\n","protected":false},"excerpt":{"rendered":"<p>Acreditaciones y certificaciones El entorno regulatorio est\u00e1 cambiando y es cada vez m\u00e1s importante estar al d\u00eda para minimizar el riesgo, reducir los costes, proteger el valor de la marca y retener la lealtad de los clientes. Independientemente de d\u00f3nde comercialice sus productos en el mundo, es probable que haya est\u00e1ndares regulatorios que deber\u00e1n cumplirse. [&hellip;]<\/p>\n","protected":false},"author":14,"featured_media":75508,"parent":77370,"menu_order":63,"comment_status":"closed","ping_status":"closed","template":"","meta":{"_acf_changed":false,"footnotes":""},"class_list":["post-80345","page","type-page","status-publish","has-post-thumbnail","hentry"],"acf":[],"_links":{"self":[{"href":"https:\/\/www.hqts.com\/es\/wp-json\/wp\/v2\/pages\/80345","targetHints":{"allow":["GET"]}}],"collection":[{"href":"https:\/\/www.hqts.com\/es\/wp-json\/wp\/v2\/pages"}],"about":[{"href":"https:\/\/www.hqts.com\/es\/wp-json\/wp\/v2\/types\/page"}],"author":[{"embeddable":true,"href":"https:\/\/www.hqts.com\/es\/wp-json\/wp\/v2\/users\/14"}],"replies":[{"embeddable":true,"href":"https:\/\/www.hqts.com\/es\/wp-json\/wp\/v2\/comments?post=80345"}],"version-history":[{"count":4,"href":"https:\/\/www.hqts.com\/es\/wp-json\/wp\/v2\/pages\/80345\/revisions"}],"predecessor-version":[{"id":81681,"href":"https:\/\/www.hqts.com\/es\/wp-json\/wp\/v2\/pages\/80345\/revisions\/81681"}],"up":[{"embeddable":true,"href":"https:\/\/www.hqts.com\/es\/wp-json\/wp\/v2\/pages\/77370"}],"wp:featuredmedia":[{"embeddable":true,"href":"https:\/\/www.hqts.com\/es\/wp-json\/wp\/v2\/media\/75508"}],"wp:attachment":[{"href":"https:\/\/www.hqts.com\/es\/wp-json\/wp\/v2\/media?parent=80345"}],"curies":[{"name":"wp","href":"https:\/\/api.w.org\/{rel}","templated":true}]}}