{"id":80361,"date":"2021-07-30T09:43:34","date_gmt":"2021-07-30T09:43:34","guid":{"rendered":"https:\/\/www.hqts.com\/?page_id=80361"},"modified":"2021-08-16T03:28:36","modified_gmt":"2021-08-16T03:28:36","slug":"control-de-calidad-en-india","status":"publish","type":"page","link":"https:\/\/www.hqts.com\/es\/sobre-nosotros\/control-de-calidad-en-india\/","title":{"rendered":"CONTROL DE CALIDAD EN INDIA"},"content":{"rendered":"<h4><strong>HQTS es su empresa de control de calidad para el mercado indio<\/strong><\/h4>\n<p><strong>Entre 2014 y 2018, India fue la primera econom\u00eda importante de m\u00e1s r\u00e1pido crecimiento del mundo, superando a China. Sin embargo, eso no ser\u00eda una sorpresa para quienes conocen su historia: fue la econom\u00eda m\u00e1s grande del mundo durante la mayor parte de los dos milenios desde el siglo I hasta el siglo XIX. En 2020, contin\u00faa actuando como un actor internacional importante en Asia y m\u00e1s all\u00e1 a medida que aumenta la integraci\u00f3n en la econom\u00eda mundial.<\/strong><\/p>\n<h4><strong>Nuestros servicios de control de calidad en India<\/strong><\/h4>\n<p>HQTS es una de las principales empresas de inspecci\u00f3n de control de calidad en la India que ofrece inspecciones en f\u00e1brica, inspecciones de campo, inspecciones de control de calidad y auditor\u00edas.<\/p>\n<p>Ofrece servicios integrales de garant\u00eda de calidad en un solo lugar para clientes de todo el mundo. Los servicios incluyen, entre otros, inspecci\u00f3n de control de calidad, auditor\u00eda de f\u00e1brica \/ proveedor, prueba de bienes de consumo, control y gesti\u00f3n de producci\u00f3n, consultor\u00eda de control de calidad, capacitaci\u00f3n, servicios gubernamentales \/ comerciales, servicios comerciales especializados, supervisi\u00f3n de carga, supervisi\u00f3n post-carga y aceptaci\u00f3n de equipos \/ edificios en toda Asia.<\/p>\n<h4><strong>Auditor\u00edas de f\u00e1brica y proveedores<\/strong><\/h4>\n<p>Los criterios clave que eval\u00faa una <a href=\"https:\/\/www.hqts.com\/es\/servicios\/auditorias\/\">auditor\u00eda de f\u00e1brica<\/a> y proveedor de HQTS son las instalaciones, las pol\u00edticas, los procedimientos y los registros que verifican la capacidad de una f\u00e1brica para entregar productos de calidad constante a lo largo del tiempo, en lugar de en un d\u00eda determinado o solo para productos concretos.<\/p>\n<p>Los principales puntos de control de una auditor\u00eda de proveedor incluyen:<\/p>\n<ul>\n<li>Informaci\u00f3n de legalidad de la empresa<\/li>\n<li>informaci\u00f3n bancaria<\/li>\n<li>Recursos humanos<\/li>\n<li>Capacidad de exportaci\u00f3n<\/li>\n<li>Gesti\u00f3n de pedidos<\/li>\n<\/ul>\n<p>La auditor\u00eda de f\u00e1brica est\u00e1ndar incluye:<\/p>\n<ul>\n<li>Antecedentes del fabricante<\/li>\n<li>Mano de obra<\/li>\n<li>Capacidad de producci\u00f3n<\/li>\n<li>M\u00e1quinas, instalaciones y equipos<\/li>\n<li>Proceso de fabricaci\u00f3n y l\u00ednea de producci\u00f3n<\/li>\n<li>Sistema de calidad interno, como pruebas e inspecci\u00f3n<\/li>\n<li>Sistema de gesti\u00f3n y capacidad<\/li>\n<li>Medio ambiente<\/li>\n<\/ul>\n<h4><strong>Inspecciones de control de calidad<\/strong><\/h4>\n<p>La disminuci\u00f3n en los ciclos de vida de los productos y el tiempo de comercializaci\u00f3n aumenta el desaf\u00edo de entregar productos de calidad de manera oportuna. Cuando su producto no cumple con sus especificaciones de calidad para la aceptaci\u00f3n del mercado, el resultado puede ser la p\u00e9rdida de fondo de comercio, producto e ingresos, env\u00edos retrasados, materiales desperdiciados y el riesgo potencial de una retirada del producto. Las inspecciones t\u00edpicas que proporcionamos en India\u00a0incluyen:<\/p>\n<ul>\n<li><a href=\"https:\/\/www.hqts.com\/es\/servicios\/inspecciones\/preproduccion\/\">Inspecciones Previas a la Producci\u00f3n<\/a><\/li>\n<li>Inspecciones previas al env\u00edo<\/li>\n<li>Inspecciones Durante la Producci\u00f3n<\/li>\n<li>Inspecci\u00f3n pieza por pieza<\/li>\n<li>Inspecci\u00f3n de carga de contenedores<\/li>\n<\/ul>\n<h4><strong>Certificaciones y est\u00e1ndares de control de calidad para nuestros servicios en India<\/strong><\/h4>\n<p>Las inspecciones de control de calidad de HQTS y las soluciones de prueba de productos de consumo pueden ayudarle a garantizar que sus productos cumplan con los est\u00e1ndares requeridos. Somos una organizaci\u00f3n acreditada por CNAS ISO certificada para realizar inspecciones de control de calidad y pruebas ISTA, as\u00ed como pruebas contra RoHS, REACH, CPSIA, DMF, Cl Prop 65, GB y muchas otras normas globales.<\/p>\n<h4><strong>Acreditada por:<\/strong><\/h4>\n<p>CNAS en ISO 17020 y 17025;<\/p>\n<p>Certificado CMA<\/p>\n<p>Certificado de cualificaci\u00f3n como instituci\u00f3n de inspecci\u00f3n y supervisi\u00f3n de productos b\u00e1sicos de importaci\u00f3n y exportaci\u00f3n<\/p>\n<p>Certificado de Miembro de la Asociaci\u00f3n de Inspecci\u00f3n de Entrada y Salida y Cuarentena de China, rama de la Organizaci\u00f3n de Inspecci\u00f3n y Supervisi\u00f3n de productos de importaci\u00f3n y exportaci\u00f3n<\/p>\n<p>Certificado de empresas de alta tecnolog\u00eda de Hangzhou<\/p>\n<p>Certificado de miembro del Consejo de Asociaci\u00f3n de Comercio Electr\u00f3nico de la Provincia de Cant\u00f3n<\/p>\n<p>Certificado de miembro de la Asociaci\u00f3n de la Industria de Dispositivos M\u00e9dicos de la provincia de Zhejiang<\/p>\n<p>Certificado de miembro de la Asociaci\u00f3n de Comercio Electr\u00f3nico Transfronterizo de Shenzhen<\/p>\n<p>Miembro del Comit\u00e9 T\u00e9cnico de Normalizaci\u00f3n de la Federaci\u00f3n de la Industria Textil<\/p>\n","protected":false},"excerpt":{"rendered":"<p>HQTS es su empresa de control de calidad para el mercado indio Entre 2014 y 2018, India fue la primera econom\u00eda importante de m\u00e1s r\u00e1pido crecimiento del mundo, superando a China. Sin embargo, eso no ser\u00eda una sorpresa para quienes conocen su historia: fue la econom\u00eda m\u00e1s grande del mundo durante la mayor parte de [&hellip;]<\/p>\n","protected":false},"author":14,"featured_media":75504,"parent":77370,"menu_order":0,"comment_status":"closed","ping_status":"closed","template":"","meta":{"_acf_changed":false,"footnotes":""},"class_list":["post-80361","page","type-page","status-publish","has-post-thumbnail","hentry"],"acf":[],"_links":{"self":[{"href":"https:\/\/www.hqts.com\/es\/wp-json\/wp\/v2\/pages\/80361","targetHints":{"allow":["GET"]}}],"collection":[{"href":"https:\/\/www.hqts.com\/es\/wp-json\/wp\/v2\/pages"}],"about":[{"href":"https:\/\/www.hqts.com\/es\/wp-json\/wp\/v2\/types\/page"}],"author":[{"embeddable":true,"href":"https:\/\/www.hqts.com\/es\/wp-json\/wp\/v2\/users\/14"}],"replies":[{"embeddable":true,"href":"https:\/\/www.hqts.com\/es\/wp-json\/wp\/v2\/comments?post=80361"}],"version-history":[{"count":5,"href":"https:\/\/www.hqts.com\/es\/wp-json\/wp\/v2\/pages\/80361\/revisions"}],"predecessor-version":[{"id":81707,"href":"https:\/\/www.hqts.com\/es\/wp-json\/wp\/v2\/pages\/80361\/revisions\/81707"}],"up":[{"embeddable":true,"href":"https:\/\/www.hqts.com\/es\/wp-json\/wp\/v2\/pages\/77370"}],"wp:featuredmedia":[{"embeddable":true,"href":"https:\/\/www.hqts.com\/es\/wp-json\/wp\/v2\/media\/75504"}],"wp:attachment":[{"href":"https:\/\/www.hqts.com\/es\/wp-json\/wp\/v2\/media?parent=80361"}],"curies":[{"name":"wp","href":"https:\/\/api.w.org\/{rel}","templated":true}]}}