{"id":80369,"date":"2021-07-30T10:01:43","date_gmt":"2021-07-30T10:01:43","guid":{"rendered":"https:\/\/www.hqts.com\/?page_id=80369"},"modified":"2021-08-16T05:45:56","modified_gmt":"2021-08-16T05:45:56","slug":"control-de-calidad-en-vietnam","status":"publish","type":"page","link":"https:\/\/www.hqts.com\/es\/sobre-nosotros\/control-de-calidad-en-vietnam\/","title":{"rendered":"CONTROL DE CALIDAD EN VIETNAM"},"content":{"rendered":"<h4><strong>HQTS es su Empresa de Control de Calidad para el Mercado Vietnamita<\/strong><\/h4>\n<p><strong>Desde que pas\u00f3 a una econom\u00eda mixta a mediados de la d\u00e9cada de 1980, Vietnam ha experimentado un r\u00e1pido crecimiento. El pa\u00eds se ha convertido en un exportador agr\u00edcola l\u00edder y contin\u00faa atrayendo inversi\u00f3n extranjera de todo el sudeste asi\u00e1tico. Seg\u00fan un pron\u00f3stico de PricewaterhouseCoopers en febrero de 2017, Vietnam puede ser la econom\u00eda de m\u00e1s r\u00e1pido crecimiento del mundo, con una tasa de crecimiento potencial del PIB anual de alrededor del 5,1%, lo que convertir\u00eda a su econom\u00eda en la vig\u00e9sima m\u00e1s grande del mundo para 2050.<\/strong><\/p>\n<p>&nbsp;<\/p>\n<h4><strong>Nuestros servicios de control de calidad en Vietnam<\/strong><\/h4>\n<p>HQTS es una de las principales empresas de inspecci\u00f3n de control de calidad en Vietnam, que proporciona inspecciones en f\u00e1brica, inspecciones de campo, inspecciones de control de calidad, monitorizaci\u00f3n de producci\u00f3n y abastecimiento a los clientes.<\/p>\n<p>&nbsp;<\/p>\n<p>Se enorgullece de ofrecer una gama de servicios integrales de garant\u00eda de calidad para clientes de todo el mundo. Estos incluyen, entre otros, inspecciones de control de calidad, auditor\u00edas de f\u00e1brica \/ proveedores, pruebas de bienes de consumo, control y gesti\u00f3n de producci\u00f3n, consultor\u00eda de control de calidad, capacitaci\u00f3n, servicios gubernamentales \/ comerciales, servicios comerciales especializados, supervisi\u00f3n de carga, supervisi\u00f3n post-carga y aceptaci\u00f3n de equipo industrial \/ construcci\u00f3n en toda Asia.<\/p>\n<h4><strong>Auditor\u00edas de f\u00e1brica y proveedores<\/strong><\/h4>\n<p>Los criterios clave que eval\u00faa una auditor\u00eda de f\u00e1bricas y proveedores de HQTS son las instalaciones, las pol\u00edticas, los procedimientos y los registros que verifican la capacidad de una f\u00e1brica para entregar productos de calidad constante a lo largo del tiempo, en lugar de en un d\u00eda determinado o solo para determinados productos.<\/p>\n<p>Los principales puntos de control de una auditor\u00eda de proveedor incluyen:<\/p>\n<ul>\n<li>Informaci\u00f3n de legalidad de la empresa<\/li>\n<li>informaci\u00f3n bancaria<\/li>\n<li>Recursos humanos<\/li>\n<li>Capacidad de exportaci\u00f3n<\/li>\n<li>Gesti\u00f3n de pedidos<\/li>\n<\/ul>\n<p>La auditor\u00eda de f\u00e1brica est\u00e1ndar incluye:<\/p>\n<ul>\n<li>Antecedentes del fabricante<\/li>\n<li>Mano de obra<\/li>\n<li>Capacidad de producci\u00f3n<\/li>\n<li>M\u00e1quinas, instalaciones y equipos<\/li>\n<li>Proceso de fabricaci\u00f3n y l\u00ednea de producci\u00f3n<\/li>\n<li>Sistema de calidad interno, como pruebas e inspecci\u00f3n<\/li>\n<li>Sistema de gesti\u00f3n y capacidad<\/li>\n<li>Medio ambiente<\/li>\n<\/ul>\n<h4><strong>Inspecciones de control de calidad<\/strong><\/h4>\n<p>La disminuci\u00f3n en los ciclos de vida de los productos y el tiempo de comercializaci\u00f3n aumentan el desaf\u00edo de entregar productos de calidad de manera oportuna. Cuando su producto no cumple con sus especificaciones de calidad para la aceptaci\u00f3n del mercado, el resultado puede ser la p\u00e9rdida de fondo de comercio, producto e ingresos, env\u00edos retrasados, materiales desperdiciados y el riesgo potencial de una retirada del producto. Las inspecciones t\u00edpicas que proporcionamos en Vietnam incluyen:<\/p>\n<ul>\n<li>Inspecciones Previas a la Producci\u00f3n<\/li>\n<li>Inspecciones Durante la Producci\u00f3n<\/li>\n<li>Inspecciones Previas al Env\u00edo<\/li>\n<li>Inspecci\u00f3n pieza por pieza<\/li>\n<li>Inspecci\u00f3n de carga de contenedores<\/li>\n<\/ul>\n<h4><strong>Monitorizaci\u00f3n de la producci\u00f3n<\/strong><\/h4>\n<p>Nuestro servicio de monitorizaci\u00f3n de la producci\u00f3n ayuda a que su cadena de suministro sea lo m\u00e1s eficiente posible. La monitorizaci\u00f3n de la producci\u00f3n es un servicio integral para monitorizar el proceso de producci\u00f3n. Brinda a los clientes un mayor control y conocimiento de todo el proceso de fabricaci\u00f3n sin sorpresas desagradables.<\/p>\n<p>Evaluamos:<\/p>\n<ul>\n<li>Materiales y componentes<\/li>\n<li>Capacidad de producci\u00f3n<\/li>\n<li>Estado de producci\u00f3n<\/li>\n<li>Disponibilidad de operadores<\/li>\n<li>Capacidad de control de calidad<\/li>\n<\/ul>\n<p><strong>Obtenga m\u00e1s informaci\u00f3n<\/strong> sobre nuestro enfoque in situ de tres etapas.<\/p>\n<h4><strong>Abastecimiento<\/strong><\/h4>\n<p>El abastecimiento en Asia se ha convertido en un asunto de vital importancia para las empresas de todo el mundo. Asegurar la eficiencia en la cadena de suministro mientras se mantiene una alta calidad a bajo coste es, para algunas empresas, una cuesti\u00f3n de supervivencia. Debido a esto, muchas empresas est\u00e1n expandiendo o trasladando sus operaciones de China a Vietnam y otras ubicaciones de la ASEAN. Los pa\u00edses de esta regi\u00f3n seguir\u00e1n desempe\u00f1ando un papel cada vez m\u00e1s importante para los profesionales que se abastecen en Asia.<\/p>\n<p>&nbsp;<\/p>\n<p>La demanda mundial de textiles y prendas de vestir est\u00e1 creciendo junto con este cambio en las oportunidades de abastecimiento. Vietnam ha demostrado ser capaz de producir productos intensivos en mano de obra, incluidos textiles y prendas de vestir, a un coste menor. Por lo tanto, se ha convertido en un destino l\u00edder de abastecimiento de textiles y prendas de vestir.<\/p>\n<p>&nbsp;<\/p>\n<p>Delegue sus tareas de abastecimiento a nuestro asistente de cadena de suministro profesional y t\u00f3mese el tiempo para concentrarse en sus actividades comerciales. <strong>Eche un vistazo a<\/strong> nuestros paquetes y vea cu\u00e1l es el adecuado para usted.<\/p>\n<p>&nbsp;<\/p>\n<h4><strong>Certificaciones y est\u00e1ndares de control de calidad para nuestros servicios en Vietnam<\/strong><\/h4>\n<p>Las inspecciones de control de calidad de HQTS y las soluciones de prueba de productos de consumo pueden ayudarle a garantizar que sus productos cumplan con los est\u00e1ndares requeridos. Somos una organizaci\u00f3n acreditada por CNAS ISO, certificada para realizar inspecciones de control de calidad y pruebas ISTA, as\u00ed como pruebas de RoHS, REACH, CPSIA, DMF, Cl Prop 65, GB y muchas otras normas globales.<\/p>\n<p>&nbsp;<\/p>\n<h4><strong>Acreditado por:<\/strong><\/h4>\n<p>CNAS en ISO 17020 y 17025;<\/p>\n<p>Certificado CMA<\/p>\n<p>Certificado de calificaci\u00f3n como instituci\u00f3n de inspecci\u00f3n y encuesta de productos b\u00e1sicos de importaci\u00f3n y exportaci\u00f3n<\/p>\n<p>Certificado de Miembro de la Asociaci\u00f3n de Inspecci\u00f3n de Entrada y Salida y Cuarentena de China, rama de la Organizaci\u00f3n de Inspecci\u00f3n y Supervisi\u00f3n de productos de importaci\u00f3n y exportaci\u00f3n<\/p>\n<p>Certificado de empresas de alta tecnolog\u00eda de Hangzhou<\/p>\n<p>Certificado de miembro del Consejo de Asociaci\u00f3n de Comercio Electr\u00f3nico de la Provincia de Cant\u00f3n<\/p>\n<p>Certificado de miembro de la Asociaci\u00f3n de la industria de dispositivos m\u00e9dicos de la provincia de Zhejiang<\/p>\n<p>Certificado de miembro de la Asociaci\u00f3n de comercio electr\u00f3nico transfronterizo de Shenzhen<\/p>\n<p>Miembro del Comit\u00e9 T\u00e9cnico de Normalizaci\u00f3n de la Federaci\u00f3n de la Industria Textil<\/p>\n","protected":false},"excerpt":{"rendered":"<p>HQTS es su Empresa de Control de Calidad para el Mercado Vietnamita Desde que pas\u00f3 a una econom\u00eda mixta a mediados de la d\u00e9cada de 1980, Vietnam ha experimentado un r\u00e1pido crecimiento. El pa\u00eds se ha convertido en un exportador agr\u00edcola l\u00edder y contin\u00faa atrayendo inversi\u00f3n extranjera de todo el sudeste asi\u00e1tico. Seg\u00fan un pron\u00f3stico [&hellip;]<\/p>\n","protected":false},"author":14,"featured_media":75505,"parent":77370,"menu_order":0,"comment_status":"closed","ping_status":"closed","template":"","meta":{"_acf_changed":false,"footnotes":""},"class_list":["post-80369","page","type-page","status-publish","has-post-thumbnail","hentry"],"acf":[],"_links":{"self":[{"href":"https:\/\/www.hqts.com\/es\/wp-json\/wp\/v2\/pages\/80369","targetHints":{"allow":["GET"]}}],"collection":[{"href":"https:\/\/www.hqts.com\/es\/wp-json\/wp\/v2\/pages"}],"about":[{"href":"https:\/\/www.hqts.com\/es\/wp-json\/wp\/v2\/types\/page"}],"author":[{"embeddable":true,"href":"https:\/\/www.hqts.com\/es\/wp-json\/wp\/v2\/users\/14"}],"replies":[{"embeddable":true,"href":"https:\/\/www.hqts.com\/es\/wp-json\/wp\/v2\/comments?post=80369"}],"version-history":[{"count":1,"href":"https:\/\/www.hqts.com\/es\/wp-json\/wp\/v2\/pages\/80369\/revisions"}],"predecessor-version":[{"id":80370,"href":"https:\/\/www.hqts.com\/es\/wp-json\/wp\/v2\/pages\/80369\/revisions\/80370"}],"up":[{"embeddable":true,"href":"https:\/\/www.hqts.com\/es\/wp-json\/wp\/v2\/pages\/77370"}],"wp:featuredmedia":[{"embeddable":true,"href":"https:\/\/www.hqts.com\/es\/wp-json\/wp\/v2\/media\/75505"}],"wp:attachment":[{"href":"https:\/\/www.hqts.com\/es\/wp-json\/wp\/v2\/media?parent=80369"}],"curies":[{"name":"wp","href":"https:\/\/api.w.org\/{rel}","templated":true}]}}