{"id":80730,"date":"2021-08-02T03:33:21","date_gmt":"2021-08-02T03:33:21","guid":{"rendered":"https:\/\/www.hqts.com\/?page_id=80730"},"modified":"2021-08-16T02:13:47","modified_gmt":"2021-08-16T02:13:47","slug":"auditorias-de-seguridad-de-construccion","status":"publish","type":"page","link":"https:\/\/www.hqts.com\/es\/servicios\/auditorias\/auditorias-de-seguridad-de-construccion\/","title":{"rendered":"AUDITOR\u00cdAS DE SEGURIDAD DE CONSTRUCCI\u00d3N"},"content":{"rendered":"<h4><strong>Seguridad de edificios y auditor\u00edas estructurales<\/strong><\/h4>\n<p><strong>Las auditor\u00edas de seguridad de edificios tienen como objetivo analizar la integridad y seguridad de sus edificios e instalaciones comerciales o industriales e identificar y resolver los riesgos relacionados con la seguridad de los edificios, ayud\u00e1ndole a garantizar condiciones de trabajo adecuadas en toda su cadena de suministro y a confirmar el cumplimiento de las normas internacionales de seguridad.<\/strong><\/p>\n<p>Las auditor\u00edas de seguridad del edificio de HQTS incluyen una verificaci\u00f3n integral de edificios e instalaciones, incluyendo:<\/p>\n<ul>\n<li>Comprobaci\u00f3n de seguridad el\u00e9ctrica<\/li>\n<li>Control de seguridad contra incendios<\/li>\n<li>Control de seguridad estructural<\/li>\n<\/ul>\n<h4><strong>Comprobaci\u00f3n de seguridad el\u00e9ctrica:<\/strong><\/h4>\n<p>Revisi\u00f3n de la documentaci\u00f3n existente (diagrama unifilar, planos de construcci\u00f3n, distribuci\u00f3n y sistemas de distribuci\u00f3n)<\/p>\n<ul>\n<li>Verificaci\u00f3n de seguridad de dispositivos el\u00e9ctricos (interruptores autom\u00e1ticos, fusibles, energ\u00eda, circuitos UPS, sistemas de protecci\u00f3n contra rayos y puesta a tierra)<\/li>\n<li>Clasificaci\u00f3n y selecci\u00f3n de \u00e1reas peligrosas: equipos el\u00e9ctricos ign\u00edfugos, clasificaci\u00f3n de interruptores, foto-termograf\u00eda para sistemas de distribuci\u00f3n, etc.<\/li>\n<\/ul>\n<h4><strong>Control de seguridad contra incendios:<\/strong><\/h4>\n<ul>\n<li>Identificaci\u00f3n de peligro de incendio<\/li>\n<li>Revisi\u00f3n de las medidas de mitigaci\u00f3n existentes (visibilidad, capacitaci\u00f3n en concienciaci\u00f3n, simulacros de evacuaci\u00f3n, etc.)<\/li>\n<li>Revisi\u00f3n de los sistemas preventivos existentes y la adecuaci\u00f3n de las v\u00edas de evacuaci\u00f3n.<\/li>\n<li>Revisi\u00f3n de sistemas y procedimientos de trabajo direccionales \/ autom\u00e1ticos existentes (detecci\u00f3n de humo, permisos de trabajo, etc.)<\/li>\n<li>Verifique la idoneidad del equipamiento contra incendios y de primeros auxilios (manguera contra incendios, extintor, etc.)<\/li>\n<li>Comprobaci\u00f3n de la idoneidad de la distancia de viaje<\/li>\n<\/ul>\n<h4><strong>Control de seguridad estructural:<\/strong><\/h4>\n<ul>\n<li>Revisi\u00f3n de documentaci\u00f3n (licencia legal, homologaci\u00f3n de obra, planos arquitect\u00f3nicos, planos estructurales, etc.)<\/li>\n<li>Inspecci\u00f3n visual:\n<ul>\n<li>Grietas visuales<\/li>\n<li>Humedad<\/li>\n<li>Desviaci\u00f3n del dise\u00f1o aprobado<\/li>\n<li>Tama\u00f1o de componentes estructurales<\/li>\n<li>Cargas adicionales o no aprobadas<\/li>\n<li>Comprobaci\u00f3n de la inclinaci\u00f3n de la columna de acero<\/li>\n<\/ul>\n<\/li>\n<li>Ensayo no destructivo (NDT): identificaci\u00f3n de la resistencia del refuerzo de hormig\u00f3n y acero interior<\/li>\n<\/ul>\n<h4><strong>Otros servicios de auditoria<\/strong><\/h4>\n<ul>\n<li>Auditor\u00edas de f\u00e1brica y proveedores<\/li>\n<li>Auditor\u00edas energ\u00e9ticas<\/li>\n<li>Auditor\u00edas de control de producci\u00f3n en f\u00e1brica<\/li>\n<li>Auditor\u00edas de cumplimiento social<\/li>\n<li>Auditor\u00edas de fabricantes<\/li>\n<li>Auditor\u00edas medioambientales<\/li>\n<\/ul>\n","protected":false},"excerpt":{"rendered":"<p>Seguridad de edificios y auditor\u00edas estructurales Las auditor\u00edas de seguridad de edificios tienen como objetivo analizar la integridad y seguridad de sus edificios e instalaciones comerciales o industriales e identificar y resolver los riesgos relacionados con la seguridad de los edificios, ayud\u00e1ndole a garantizar condiciones de trabajo adecuadas en toda su cadena de suministro y [&hellip;]<\/p>\n","protected":false},"author":14,"featured_media":75397,"parent":76296,"menu_order":43,"comment_status":"closed","ping_status":"closed","template":"","meta":{"_acf_changed":false,"footnotes":""},"class_list":["post-80730","page","type-page","status-publish","has-post-thumbnail","hentry"],"acf":[],"_links":{"self":[{"href":"https:\/\/www.hqts.com\/es\/wp-json\/wp\/v2\/pages\/80730","targetHints":{"allow":["GET"]}}],"collection":[{"href":"https:\/\/www.hqts.com\/es\/wp-json\/wp\/v2\/pages"}],"about":[{"href":"https:\/\/www.hqts.com\/es\/wp-json\/wp\/v2\/types\/page"}],"author":[{"embeddable":true,"href":"https:\/\/www.hqts.com\/es\/wp-json\/wp\/v2\/users\/14"}],"replies":[{"embeddable":true,"href":"https:\/\/www.hqts.com\/es\/wp-json\/wp\/v2\/comments?post=80730"}],"version-history":[{"count":2,"href":"https:\/\/www.hqts.com\/es\/wp-json\/wp\/v2\/pages\/80730\/revisions"}],"predecessor-version":[{"id":80734,"href":"https:\/\/www.hqts.com\/es\/wp-json\/wp\/v2\/pages\/80730\/revisions\/80734"}],"up":[{"embeddable":true,"href":"https:\/\/www.hqts.com\/es\/wp-json\/wp\/v2\/pages\/76296"}],"wp:featuredmedia":[{"embeddable":true,"href":"https:\/\/www.hqts.com\/es\/wp-json\/wp\/v2\/media\/75397"}],"wp:attachment":[{"href":"https:\/\/www.hqts.com\/es\/wp-json\/wp\/v2\/media?parent=80730"}],"curies":[{"name":"wp","href":"https:\/\/api.w.org\/{rel}","templated":true}]}}