{"id":80736,"date":"2021-08-02T03:42:39","date_gmt":"2021-08-02T03:42:39","guid":{"rendered":"https:\/\/www.hqts.com\/?page_id=80736"},"modified":"2021-08-02T03:42:39","modified_gmt":"2021-08-02T03:42:39","slug":"auditorias-energeticas","status":"publish","type":"page","link":"https:\/\/www.hqts.com\/es\/servicios\/auditorias\/auditorias-energeticas\/","title":{"rendered":"AUDITOR\u00cdAS ENERG\u00c9TICAS"},"content":{"rendered":"<h5><strong>Auditor\u00edas energ\u00e9ticas<\/strong><\/h5>\n<p><strong>Una auditor\u00eda energ\u00e9tica es un inventario detallado del desempe\u00f1o energ\u00e9tico de las instalaciones con el objetivo de identificar y cuantificar el consumo de energ\u00eda y las \u00e1reas de desperdicio de energ\u00eda dentro de la organizaci\u00f3n. La auditor\u00eda energ\u00e9tica establece una l\u00ednea base para la eficiencia energ\u00e9tica y la conservaci\u00f3n de la organizaci\u00f3n.<\/strong><\/p>\n<p>HQTS proporciona servicios integrales de auditor\u00eda energ\u00e9tica para garantizar que se pueda lograr y mantener la conservaci\u00f3n de energ\u00eda a largo plazo. El proceso de auditor\u00eda energ\u00e9tica incluye principalmente recopilaci\u00f3n e investigaci\u00f3n de datos, monitorizaci\u00f3n y an\u00e1lisis, informes y recomendaciones para mejorar la conservaci\u00f3n de energ\u00eda.<\/p>\n<h5><strong>Las auditor\u00edas energ\u00e9ticas de HQTS incluyen principalmente:<\/strong><\/h5>\n<ul>\n<li>An\u00e1lisis de la calidad de la energ\u00eda<\/li>\n<li>Eficiencia de generadores<\/li>\n<li>Eficiencia de calderas<\/li>\n<li>Eficiencia del compresor de aire<\/li>\n<li>Motor<\/li>\n<li>HVAC y AC<\/li>\n<li>Torre de enfriamiento y eficiencia de iluminaci\u00f3n<\/li>\n<\/ul>\n<h5><strong>Otros servicios de auditoria<\/strong><\/h5>\n<ul>\n<li>Auditor\u00edas de f\u00e1bricas y proveedores<\/li>\n<li>Control de producci\u00f3n en f\u00e1brica<\/li>\n<li>Auditor\u00edas medioambientales<\/li>\n<li>Auditor\u00edas de cumplimiento social<\/li>\n<li>Auditor\u00edas de fabricantes<\/li>\n<li>Auditor\u00edas de seguridad de edificios<\/li>\n<\/ul>\n","protected":false},"excerpt":{"rendered":"<p>Auditor\u00edas energ\u00e9ticas Una auditor\u00eda energ\u00e9tica es un inventario detallado del desempe\u00f1o energ\u00e9tico de las instalaciones con el objetivo de identificar y cuantificar el consumo de energ\u00eda y las \u00e1reas de desperdicio de energ\u00eda dentro de la organizaci\u00f3n. La auditor\u00eda energ\u00e9tica establece una l\u00ednea base para la eficiencia energ\u00e9tica y la conservaci\u00f3n de la organizaci\u00f3n. HQTS [&hellip;]<\/p>\n","protected":false},"author":14,"featured_media":75395,"parent":76296,"menu_order":40,"comment_status":"closed","ping_status":"closed","template":"","meta":{"_acf_changed":false,"footnotes":""},"class_list":["post-80736","page","type-page","status-publish","has-post-thumbnail","hentry"],"acf":[],"_links":{"self":[{"href":"https:\/\/www.hqts.com\/es\/wp-json\/wp\/v2\/pages\/80736","targetHints":{"allow":["GET"]}}],"collection":[{"href":"https:\/\/www.hqts.com\/es\/wp-json\/wp\/v2\/pages"}],"about":[{"href":"https:\/\/www.hqts.com\/es\/wp-json\/wp\/v2\/types\/page"}],"author":[{"embeddable":true,"href":"https:\/\/www.hqts.com\/es\/wp-json\/wp\/v2\/users\/14"}],"replies":[{"embeddable":true,"href":"https:\/\/www.hqts.com\/es\/wp-json\/wp\/v2\/comments?post=80736"}],"version-history":[{"count":2,"href":"https:\/\/www.hqts.com\/es\/wp-json\/wp\/v2\/pages\/80736\/revisions"}],"predecessor-version":[{"id":80739,"href":"https:\/\/www.hqts.com\/es\/wp-json\/wp\/v2\/pages\/80736\/revisions\/80739"}],"up":[{"embeddable":true,"href":"https:\/\/www.hqts.com\/es\/wp-json\/wp\/v2\/pages\/76296"}],"wp:featuredmedia":[{"embeddable":true,"href":"https:\/\/www.hqts.com\/es\/wp-json\/wp\/v2\/media\/75395"}],"wp:attachment":[{"href":"https:\/\/www.hqts.com\/es\/wp-json\/wp\/v2\/media?parent=80736"}],"curies":[{"name":"wp","href":"https:\/\/api.w.org\/{rel}","templated":true}]}}