{"id":80746,"date":"2021-08-02T06:09:07","date_gmt":"2021-08-02T06:09:07","guid":{"rendered":"https:\/\/www.hqts.com\/?page_id=80746"},"modified":"2021-08-02T06:09:07","modified_gmt":"2021-08-02T06:09:07","slug":"auditorias-medioambientales","status":"publish","type":"page","link":"https:\/\/www.hqts.com\/es\/servicios\/auditorias\/auditorias-medioambientales\/","title":{"rendered":"AUDITOR\u00cdAS MEDIOAMBIENTALES"},"content":{"rendered":"<h4><strong>Auditor\u00edas medioambientales<\/strong><\/h4>\n<p><strong>Las auditor\u00edas medioambientales son una evaluaci\u00f3n independiente que revisa el estado de cumplimiento legal y ambiental de la organizaci\u00f3n en un contexto operativo. Examina la cantidad de da\u00f1o que puede plantear la entidad \/ organizaci\u00f3n evaluada y determina los riesgos potenciales de contaminaci\u00f3n y los impactos ambientales correspondientes, que luego pueden ser implementados para ayudar a mejorar el impacto ambiental de las organizaciones.<\/strong><\/p>\n<p>Las auditor\u00edas medioambientales juegan un papel importante en la sostenibilidad medioambiental. HQTS ofrece auditor\u00edas ambientales para evaluar sus credenciales ambientales para garantizar el cumplimiento de las pol\u00edticas y regulaciones ambientales nacionales e internacionales.<\/p>\n<h4><strong>Los servicios de auditor\u00eda medioambiental de HQTS cubren principalmente las siguientes \u00e1reas:<\/strong><\/h4>\n<ul>\n<li>Calidad del aire ambiental<\/li>\n<li>Calidad del aire interior<\/li>\n<li>SPM<\/li>\n<li>SO2<\/li>\n<li>NOX<\/li>\n<li>CO<\/li>\n<li>CO2<\/li>\n<li>Temperatura de ruido de O2<\/li>\n<\/ul>\n<h4><strong>Otros servicios de auditoria<\/strong><\/h4>\n<ul>\n<li>Auditor\u00edas de f\u00e1bricas y proveedores<\/li>\n<li>Auditor\u00edas energ\u00e9ticas<\/li>\n<li>Auditor\u00edas de control de producci\u00f3n en f\u00e1bricas<\/li>\n<li>Auditor\u00edas de cumplimiento social<\/li>\n<li>Auditor\u00edas de fabricantes<\/li>\n<li>Auditor\u00eda de seguridad de edificios<\/li>\n<\/ul>\n","protected":false},"excerpt":{"rendered":"<p>Auditor\u00edas medioambientales Las auditor\u00edas medioambientales son una evaluaci\u00f3n independiente que revisa el estado de cumplimiento legal y ambiental de la organizaci\u00f3n en un contexto operativo. Examina la cantidad de da\u00f1o que puede plantear la entidad \/ organizaci\u00f3n evaluada y determina los riesgos potenciales de contaminaci\u00f3n y los impactos ambientales correspondientes, que luego pueden ser implementados [&hellip;]<\/p>\n","protected":false},"author":14,"featured_media":75396,"parent":76296,"menu_order":41,"comment_status":"closed","ping_status":"closed","template":"","meta":{"_acf_changed":false,"footnotes":""},"class_list":["post-80746","page","type-page","status-publish","has-post-thumbnail","hentry"],"acf":[],"_links":{"self":[{"href":"https:\/\/www.hqts.com\/es\/wp-json\/wp\/v2\/pages\/80746","targetHints":{"allow":["GET"]}}],"collection":[{"href":"https:\/\/www.hqts.com\/es\/wp-json\/wp\/v2\/pages"}],"about":[{"href":"https:\/\/www.hqts.com\/es\/wp-json\/wp\/v2\/types\/page"}],"author":[{"embeddable":true,"href":"https:\/\/www.hqts.com\/es\/wp-json\/wp\/v2\/users\/14"}],"replies":[{"embeddable":true,"href":"https:\/\/www.hqts.com\/es\/wp-json\/wp\/v2\/comments?post=80746"}],"version-history":[{"count":1,"href":"https:\/\/www.hqts.com\/es\/wp-json\/wp\/v2\/pages\/80746\/revisions"}],"predecessor-version":[{"id":80974,"href":"https:\/\/www.hqts.com\/es\/wp-json\/wp\/v2\/pages\/80746\/revisions\/80974"}],"up":[{"embeddable":true,"href":"https:\/\/www.hqts.com\/es\/wp-json\/wp\/v2\/pages\/76296"}],"wp:featuredmedia":[{"embeddable":true,"href":"https:\/\/www.hqts.com\/es\/wp-json\/wp\/v2\/media\/75396"}],"wp:attachment":[{"href":"https:\/\/www.hqts.com\/es\/wp-json\/wp\/v2\/media?parent=80746"}],"curies":[{"name":"wp","href":"https:\/\/api.w.org\/{rel}","templated":true}]}}