{"id":80985,"date":"2021-08-02T06:55:21","date_gmt":"2021-08-02T06:55:21","guid":{"rendered":"https:\/\/www.hqts.com\/?page_id=80985"},"modified":"2023-09-12T02:10:16","modified_gmt":"2023-09-12T02:10:16","slug":"consultoria-de-control-de-calidad","status":"publish","type":"page","link":"https:\/\/www.hqts.com\/es\/servicios\/consultoria-de-control-de-calidad\/","title":{"rendered":"CONSULTOR\u00cdA DE CONTROL DE CALIDAD"},"content":{"rendered":"<h4><strong>Servicios de consultor\u00eda de control de calidad<\/strong><\/h4>\n<p><strong>HQTS ofrece servicios de gesti\u00f3n y formaci\u00f3n en control de calidad y control de producci\u00f3n.<\/strong><\/p>\n<p>Las empresas que hacen negocios en Asia enfrentan muchos desaf\u00edos inesperados debido al desconocimiento del aspecto legal, comercial y cultural. Estos desaf\u00edos pueden mitigarse asoci\u00e1ndose con una empresa que conozca el entorno y pueda cerrar de manera efectiva la brecha entre las mentalidades orientales y occidentales.<\/p>\n<p>HQTS ha estado haciendo negocios en China durante 26 a\u00f1os en el \u00e1mbito de la gesti\u00f3n de la calidad. Aprovechando nuestro profundo conocimiento de la industria de control de calidad en China como una empresa china con personal occidental, podemos ayudarle a navegar por este terreno incierto.<\/p>\n<p>Ya sea nuevo en Asia o haya estado haciendo negocios aqu\u00ed durante muchos a\u00f1os, nuestros servicios de consultor\u00eda profesional pueden ayudarle a resolver y\/o evitar problemas en el proceso de la cadena de suministro, incluida la gesti\u00f3n, los sistemas y la garant\u00eda de calidad.<\/p>\n<p>Los programas de formaci\u00f3n de HQTS son de clase mundial. Podemos dise\u00f1ar una soluci\u00f3n que se adapte mejor a sus necesidades para refinar y mejorar las habilidades de gesti\u00f3n del control de calidad de su personal en toda Asia.<\/p>\n<p>Algunas de nuestras <strong>soluciones de consultor\u00eda<\/strong> incluyen:<\/p>\n<ul>\n<li>Gesti\u00f3n de control de calidad<\/li>\n<li>Formaci\u00f3n en control \/ garant\u00eda de calidad<\/li>\n<li>Gesti\u00f3n de la producci\u00f3n<\/li>\n<\/ul>\n","protected":false},"excerpt":{"rendered":"<p>Servicios de consultor\u00eda de control de calidad HQTS ofrece servicios de gesti\u00f3n y formaci\u00f3n en control de calidad y control de producci\u00f3n. Las empresas que hacen negocios en Asia enfrentan muchos desaf\u00edos inesperados debido al desconocimiento del aspecto legal, comercial y cultural. Estos desaf\u00edos pueden mitigarse asoci\u00e1ndose con una empresa que conozca el entorno y [&hellip;]<\/p>\n","protected":false},"author":14,"featured_media":75359,"parent":76155,"menu_order":7,"comment_status":"closed","ping_status":"closed","template":"","meta":{"_acf_changed":false,"footnotes":""},"class_list":["post-80985","page","type-page","status-publish","has-post-thumbnail","hentry"],"acf":[],"_links":{"self":[{"href":"https:\/\/www.hqts.com\/es\/wp-json\/wp\/v2\/pages\/80985","targetHints":{"allow":["GET"]}}],"collection":[{"href":"https:\/\/www.hqts.com\/es\/wp-json\/wp\/v2\/pages"}],"about":[{"href":"https:\/\/www.hqts.com\/es\/wp-json\/wp\/v2\/types\/page"}],"author":[{"embeddable":true,"href":"https:\/\/www.hqts.com\/es\/wp-json\/wp\/v2\/users\/14"}],"replies":[{"embeddable":true,"href":"https:\/\/www.hqts.com\/es\/wp-json\/wp\/v2\/comments?post=80985"}],"version-history":[{"count":3,"href":"https:\/\/www.hqts.com\/es\/wp-json\/wp\/v2\/pages\/80985\/revisions"}],"predecessor-version":[{"id":147976,"href":"https:\/\/www.hqts.com\/es\/wp-json\/wp\/v2\/pages\/80985\/revisions\/147976"}],"up":[{"embeddable":true,"href":"https:\/\/www.hqts.com\/es\/wp-json\/wp\/v2\/pages\/76155"}],"wp:featuredmedia":[{"embeddable":true,"href":"https:\/\/www.hqts.com\/es\/wp-json\/wp\/v2\/media\/75359"}],"wp:attachment":[{"href":"https:\/\/www.hqts.com\/es\/wp-json\/wp\/v2\/media?parent=80985"}],"curies":[{"name":"wp","href":"https:\/\/api.w.org\/{rel}","templated":true}]}}