{"id":81005,"date":"2021-08-02T06:59:11","date_gmt":"2021-08-02T06:59:11","guid":{"rendered":"https:\/\/www.hqts.com\/?page_id=81005"},"modified":"2021-08-02T06:59:11","modified_gmt":"2021-08-02T06:59:11","slug":"servicio-de-formacion","status":"publish","type":"page","link":"https:\/\/www.hqts.com\/es\/servicios\/consultoria-de-control-de-calidad\/servicio-de-formacion\/","title":{"rendered":"SERVICIO DE FORMACI\u00d3N"},"content":{"rendered":"<h4><strong>Servicios de formaci\u00f3n<\/strong><\/h4>\n<p><strong>HQTS es reconocida en la industria por sus protocolos y sistemas de formaci\u00f3n en Garant\u00eda de Calidad (QA), Control de Calidad (QC) y \u00c9tica. Esto sirve como base para nuestras mejores ofertas de servicios y entregables.<\/strong><\/p>\n<p>Podemos empoderar a su organizaci\u00f3n transmitiendo a su personal los beneficios de nuestro conocimiento y experiencia en el control de calidad a trav\u00e9s de nuestras soluciones de capacitaci\u00f3n personalizadas o llave en mano. HQTS puede ayudarle a definir, establecer e institucionalizar sus requisitos y sistemas de garant\u00eda de calidad en todos los aspectos, desde la alta direcci\u00f3n hasta las operaciones centrales.<\/p>\n<p>Un marco t\u00edpico incluye ocho elementos esenciales que conforman la hoja de ruta para la institucionalizaci\u00f3n de los procesos de calidad. Le ayudamos a aprender estos elementos esenciales que forman los componentes b\u00e1sicos necesarios para implementar y mantener el \u00e9xito de la garant\u00eda de calidad en toda su organizaci\u00f3n. Ya se trate de definir, medir y\/o mejorar la calidad, nuestros programas de formaci\u00f3n pueden ayudarle a tener \u00e9xito.<\/p>\n<h4><strong>El programa de formaci\u00f3n llave en mano incluye:<\/strong><\/h4>\n<ul>\n<li>La hoja de ruta de garant\u00eda de calidad<\/li>\n<li>Gesti\u00f3n para la garant\u00eda de calidad<\/li>\n<li>Gesti\u00f3n mediante est\u00e1ndares de desempe\u00f1o<\/li>\n<li>Formaci\u00f3n del personal en garant\u00eda de calidad, control de calidad y \u00e9tica<\/li>\n<li>Formaci\u00f3n de auditor\u00eda de acuerdo con ISO 9000, ISO 14000, OHSAS 18000, HACCP, SA 8000, ISO \/ TS 16949<\/li>\n<li>Capacitaci\u00f3n en Garant\u00eda y Control de Calidad para proveedores<\/li>\n<\/ul>\n","protected":false},"excerpt":{"rendered":"<p>Servicios de formaci\u00f3n HQTS es reconocida en la industria por sus protocolos y sistemas de formaci\u00f3n en Garant\u00eda de Calidad (QA), Control de Calidad (QC) y \u00c9tica. Esto sirve como base para nuestras mejores ofertas de servicios y entregables. Podemos empoderar a su organizaci\u00f3n transmitiendo a su personal los beneficios de nuestro conocimiento y experiencia [&hellip;]<\/p>\n","protected":false},"author":14,"featured_media":75403,"parent":80985,"menu_order":32,"comment_status":"closed","ping_status":"closed","template":"","meta":{"_acf_changed":false,"footnotes":""},"class_list":["post-81005","page","type-page","status-publish","has-post-thumbnail","hentry"],"acf":[],"_links":{"self":[{"href":"https:\/\/www.hqts.com\/es\/wp-json\/wp\/v2\/pages\/81005","targetHints":{"allow":["GET"]}}],"collection":[{"href":"https:\/\/www.hqts.com\/es\/wp-json\/wp\/v2\/pages"}],"about":[{"href":"https:\/\/www.hqts.com\/es\/wp-json\/wp\/v2\/types\/page"}],"author":[{"embeddable":true,"href":"https:\/\/www.hqts.com\/es\/wp-json\/wp\/v2\/users\/14"}],"replies":[{"embeddable":true,"href":"https:\/\/www.hqts.com\/es\/wp-json\/wp\/v2\/comments?post=81005"}],"version-history":[{"count":2,"href":"https:\/\/www.hqts.com\/es\/wp-json\/wp\/v2\/pages\/81005\/revisions"}],"predecessor-version":[{"id":81010,"href":"https:\/\/www.hqts.com\/es\/wp-json\/wp\/v2\/pages\/81005\/revisions\/81010"}],"up":[{"embeddable":true,"href":"https:\/\/www.hqts.com\/es\/wp-json\/wp\/v2\/pages\/80985"}],"wp:featuredmedia":[{"embeddable":true,"href":"https:\/\/www.hqts.com\/es\/wp-json\/wp\/v2\/media\/75403"}],"wp:attachment":[{"href":"https:\/\/www.hqts.com\/es\/wp-json\/wp\/v2\/media?parent=81005"}],"curies":[{"name":"wp","href":"https:\/\/api.w.org\/{rel}","templated":true}]}}