{"id":81011,"date":"2021-08-02T07:10:52","date_gmt":"2021-08-02T07:10:52","guid":{"rendered":"https:\/\/www.hqts.com\/?page_id=81011"},"modified":"2021-08-12T06:46:39","modified_gmt":"2021-08-12T06:46:39","slug":"certificado-de-conformidad-irak","status":"publish","type":"page","link":"https:\/\/www.hqts.com\/es\/servicios\/certificado-de-conformidad-irak\/","title":{"rendered":"CERTIFICADO DE CONFORMIDAD IRAK"},"content":{"rendered":"<h4><strong>Certificado de conformidad de Irak<\/strong><\/h4>\n<p><strong>\u00bfExporta bienes al floreciente mercado iraqu\u00ed? \u00a1Elija HQTS!<\/strong><\/p>\n<p>Ahora se requiere un Certificado de Conformidad de Irak (COC) para m\u00e1s de 1,000 productos en doce categor\u00edas antes de que puedan ingresar al lucrativo mercado de importaci\u00f3n iraqu\u00ed. Afortunadamente, HQTS es una de las tres \u00fanicas empresas con licencia para brindar este servicio, lo que garantiza que sus productos lleguen sin problemas.<\/p>\n<p>Los exportadores de todo el mundo se est\u00e1n aprovechando de la demanda iraqu\u00ed de productos importados. El pa\u00eds import\u00f3 bienes por valor de 45.000 millones de d\u00f3lares en 2018 y se espera que esta cifra aumente en los pr\u00f3ximos a\u00f1os a medida que el pa\u00eds genere riqueza a partir de las exportaciones extranjeras y contin\u00fae con sus planes de reconstrucci\u00f3n en curso. \u00a1Deje que HQTS sea su ventanilla \u00fanica para todas sus necesidades de COC en Irak!<\/p>\n<h5><strong>El COC de Irak se aplica a una amplia gama de importaciones<\/strong><\/h5>\n<h5><strong>Instant\u00e1nea: Certificado de conformidad de Irak<\/strong><\/h5>\n<ul>\n<li>Adoptado a finales de 2019. Entr\u00f3 en vigor en enero de 2020.<\/li>\n<li>Dicta que todas las importaciones a Irak dentro de un grupo establecido de categor\u00edas deben presentar una certificaci\u00f3n COC por una agencia de inspecci\u00f3n de terceros autorizada como HQTS.<\/li>\n<li>Protege a los consumidores locales, los fabricantes y el medio ambiente de productos y materiales de mala calidad o falsificados.<\/li>\n<li>HQTS es una de las tres empresas seleccionadas para brindar este servicio.<\/li>\n<\/ul>\n<h5><strong>Nuestro Enfoque<\/strong><\/h5>\n<p>HQTS elimina las incomodidades de llevar sus productos al mercado iraqu\u00ed con nuestro sencillo enfoque de cuatro pasos. De esta manera, servimos como su ventanilla \u00fanica para todas sus necesidades de importaci\u00f3n iraqu\u00edes.<\/p>\n<p>Nuestro sencillo proceso de cuatro pasos incluye:<\/p>\n<h5><strong>Env\u00edo de su solicitud<\/strong><\/h5>\n<p>Env\u00edenos su formulario de solicitud, junto con la lista de embalaje, la factura comercial, la declaraci\u00f3n del importador y el informe de prueba (en algunos casos, es posible que se requiera una carta de cr\u00e9dito).<\/p>\n<h5><strong>Revisi\u00f3n de la documentaci\u00f3n<\/strong><\/h5>\n<p>Se completa en un plazo de 1-2 d\u00edas h\u00e1biles despu\u00e9s del env\u00edo<\/p>\n<h5><strong>Inspecci\u00f3n<\/strong><\/h5>\n<p>Simplemente confirme la hora y el lugar de su env\u00edo e inspeccionaremos su mercanc\u00eda y supervisaremos el proceso de carga antes de notificarle los resultados (tambi\u00e9n realizamos pruebas in situ o de muestra cuando sea necesario).<\/p>\n<h5><strong>Verificaci\u00f3n de certificaci\u00f3n<\/strong><\/h5>\n<p>Se completa dentro de los 5 d\u00edas h\u00e1biles posteriores al env\u00edo.<\/p>\n<h5><strong>\u00bfPor qu\u00e9 elegir HQTS?<\/strong><\/h5>\n<p>HQTS tiene m\u00e1s de 25 a\u00f1os de experiencia en garant\u00eda de calidad. Con m\u00e1s de 80 oficinas en todo el mundo, incluida Bagdad, HQTS est\u00e1 preparada para ser su proveedor de servicios de calidad en cada paso del proceso. Ofrecemos servicios r\u00e1pidos, flexibles y fiables para todas sus necesidades de inspecci\u00f3n.<\/p>\n<p><strong>\u00a1Cont\u00e1ctenos hoy para obtener m\u00e1s informaci\u00f3n sobre nuestros servicios de COC en Irak!<\/strong><\/p>\n<h5><strong>Materiales adicionales<\/strong><\/h5>\n<p>Carta de autorizaci\u00f3n oficial<\/p>\n<p>Lista de contacto<\/p>\n","protected":false},"excerpt":{"rendered":"<p>Certificado de conformidad de Irak \u00bfExporta bienes al floreciente mercado iraqu\u00ed? \u00a1Elija HQTS! Ahora se requiere un Certificado de Conformidad de Irak (COC) para m\u00e1s de 1,000 productos en doce categor\u00edas antes de que puedan ingresar al lucrativo mercado de importaci\u00f3n iraqu\u00ed. Afortunadamente, HQTS es una de las tres \u00fanicas empresas con licencia para brindar [&hellip;]<\/p>\n","protected":false},"author":14,"featured_media":75843,"parent":76155,"menu_order":4,"comment_status":"closed","ping_status":"closed","template":"","meta":{"_acf_changed":false,"footnotes":""},"class_list":["post-81011","page","type-page","status-publish","has-post-thumbnail","hentry"],"acf":[],"_links":{"self":[{"href":"https:\/\/www.hqts.com\/es\/wp-json\/wp\/v2\/pages\/81011","targetHints":{"allow":["GET"]}}],"collection":[{"href":"https:\/\/www.hqts.com\/es\/wp-json\/wp\/v2\/pages"}],"about":[{"href":"https:\/\/www.hqts.com\/es\/wp-json\/wp\/v2\/types\/page"}],"author":[{"embeddable":true,"href":"https:\/\/www.hqts.com\/es\/wp-json\/wp\/v2\/users\/14"}],"replies":[{"embeddable":true,"href":"https:\/\/www.hqts.com\/es\/wp-json\/wp\/v2\/comments?post=81011"}],"version-history":[{"count":1,"href":"https:\/\/www.hqts.com\/es\/wp-json\/wp\/v2\/pages\/81011\/revisions"}],"predecessor-version":[{"id":81015,"href":"https:\/\/www.hqts.com\/es\/wp-json\/wp\/v2\/pages\/81011\/revisions\/81015"}],"up":[{"embeddable":true,"href":"https:\/\/www.hqts.com\/es\/wp-json\/wp\/v2\/pages\/76155"}],"wp:featuredmedia":[{"embeddable":true,"href":"https:\/\/www.hqts.com\/es\/wp-json\/wp\/v2\/media\/75843"}],"wp:attachment":[{"href":"https:\/\/www.hqts.com\/es\/wp-json\/wp\/v2\/media?parent=81011"}],"curies":[{"name":"wp","href":"https:\/\/api.w.org\/{rel}","templated":true}]}}