{"id":81016,"date":"2021-08-02T07:18:09","date_gmt":"2021-08-02T07:18:09","guid":{"rendered":"https:\/\/www.hqts.com\/?page_id=81016"},"modified":"2021-08-02T07:18:50","modified_gmt":"2021-08-02T07:18:50","slug":"uzbekistan","status":"publish","type":"page","link":"https:\/\/www.hqts.com\/es\/servicios\/uzbekistan\/","title":{"rendered":"Inspecciones previas al env\u00edo en Uzbekist\u00e1n"},"content":{"rendered":"<h4><strong>Inspecciones previas al env\u00edo en Uzbekist\u00e1n<\/strong><\/h4>\n<p><strong>HQTS est\u00e1 autorizado por el gobierno de Uzbekist\u00e1n como proveedor de servicios de inspecci\u00f3n previa al env\u00edo (PSI) de productos importados.<\/strong><\/p>\n<p>&nbsp;<\/p>\n<p>Como participante importante en la iniciativa comercial \u00abOne Road One Belt\u00bb de China, la relaci\u00f3n entre China y Uzbekist\u00e1n mantiene un fuerte crecimiento. China se ha convertido en la principal fuente de inversi\u00f3n de Uzbekist\u00e1n y ocupa el segundo lugar en t\u00e9rminos de d\u00f3lares comerciales. Ambos pa\u00edses contin\u00faan buscando oportunidades para profundizar la cooperaci\u00f3n comercial.<\/p>\n<p>&nbsp;<\/p>\n<p>Para mejorar el comercio internacional y garantizar la calidad de los productos importados, el Gobierno de Uzbekist\u00e1n exige una inspecci\u00f3n PSI autorizada para determinados productos importados. Estos productos deben ser inspeccionados por una agencia de inspecci\u00f3n acreditada por UZSTANDARD.<\/p>\n<p>&nbsp;<\/p>\n<p>HQTS Group se ha comprometido durante mucho tiempo a proporcionar dichos servicios de garant\u00eda de calidad para las cadenas de suministro globales. UZSTANDARD nos ha autorizado como agencia de inspecci\u00f3n de terceros para proporcionar servicios de inspecci\u00f3n previa al env\u00edo a los exportadores a fin de verificar que los productos cumplan con las regulaciones y los est\u00e1ndares del mercado de Uzbekist\u00e1n.<\/p>\n<p>&nbsp;<\/p>\n<p>Si est\u00e1 importando o exportando productos a Uzbekist\u00e1n, comun\u00edquese con nosotros para ayudarle a cumplir con los requisitos de control de calidad.<\/p>\n<p>&nbsp;<\/p>\n<p>HQTS Group proporciona servicios de cadena de suministro de inspecci\u00f3n y garant\u00eda de calidad relacionados en casi 100 regiones de China, India, Bangladesh, Pakist\u00e1n y otros pa\u00edses asi\u00e1ticos. HQTS tambi\u00e9n ofrece una amplia gama de pruebas en nuestros laboratorios, as\u00ed como servicios de apoyo a las adquisiciones gubernamentales.<\/p>\n","protected":false},"excerpt":{"rendered":"<p>Inspecciones previas al env\u00edo en Uzbekist\u00e1n HQTS est\u00e1 autorizado por el gobierno de Uzbekist\u00e1n como proveedor de servicios de inspecci\u00f3n previa al env\u00edo (PSI) de productos importados. &nbsp; Como participante importante en la iniciativa comercial \u00abOne Road One Belt\u00bb de China, la relaci\u00f3n entre China y Uzbekist\u00e1n mantiene un fuerte crecimiento. China se ha convertido [&hellip;]<\/p>\n","protected":false},"author":14,"featured_media":75400,"parent":76155,"menu_order":39,"comment_status":"closed","ping_status":"closed","template":"","meta":{"_acf_changed":false,"footnotes":""},"class_list":["post-81016","page","type-page","status-publish","has-post-thumbnail","hentry"],"acf":[],"_links":{"self":[{"href":"https:\/\/www.hqts.com\/es\/wp-json\/wp\/v2\/pages\/81016","targetHints":{"allow":["GET"]}}],"collection":[{"href":"https:\/\/www.hqts.com\/es\/wp-json\/wp\/v2\/pages"}],"about":[{"href":"https:\/\/www.hqts.com\/es\/wp-json\/wp\/v2\/types\/page"}],"author":[{"embeddable":true,"href":"https:\/\/www.hqts.com\/es\/wp-json\/wp\/v2\/users\/14"}],"replies":[{"embeddable":true,"href":"https:\/\/www.hqts.com\/es\/wp-json\/wp\/v2\/comments?post=81016"}],"version-history":[{"count":1,"href":"https:\/\/www.hqts.com\/es\/wp-json\/wp\/v2\/pages\/81016\/revisions"}],"predecessor-version":[{"id":81017,"href":"https:\/\/www.hqts.com\/es\/wp-json\/wp\/v2\/pages\/81016\/revisions\/81017"}],"up":[{"embeddable":true,"href":"https:\/\/www.hqts.com\/es\/wp-json\/wp\/v2\/pages\/76155"}],"wp:featuredmedia":[{"embeddable":true,"href":"https:\/\/www.hqts.com\/es\/wp-json\/wp\/v2\/media\/75400"}],"wp:attachment":[{"href":"https:\/\/www.hqts.com\/es\/wp-json\/wp\/v2\/media?parent=81016"}],"curies":[{"name":"wp","href":"https:\/\/api.w.org\/{rel}","templated":true}]}}