{"id":81054,"date":"2021-08-02T09:06:05","date_gmt":"2021-08-02T09:06:05","guid":{"rendered":"https:\/\/www.hqts.com\/?page_id=81054"},"modified":"2021-08-12T06:31:18","modified_gmt":"2021-08-12T06:31:18","slug":"pruebas-cpsia","status":"publish","type":"page","link":"https:\/\/www.hqts.com\/es\/servicios\/testing\/pruebas-cpsia\/","title":{"rendered":"PRUEBAS CPSIA"},"content":{"rendered":"<h4><strong>CPSIA<\/strong><\/h4>\n<p>El 14 de agosto de 2008, el presidente George W. Bush firm\u00f3 una legislaci\u00f3n hist\u00f3rica: la Ley de mejora de la seguridad de los productos de consumo (CPSIA) de 2008. La ley ha establecido reglas que definen los l\u00edmites de plomo y los ftalatos espec\u00edficamente para productos infantiles y requiere que se realicen pruebas para ciertos productos infantiles, que sean realizadas y documentadas por laboratorios de pruebas de terceros acreditados antes de que estos productos puedan importarse a los EE. UU.<\/p>\n<p>El 18 de octubre de 2017, la Comisi\u00f3n de Seguridad de Productos de Consumo de EE. UU. (CPSC) emiti\u00f3 una regla final que proh\u00edbe los juguetes y art\u00edculos de cuidado infantil que contienen m\u00e1s del 0.1 por ciento de ciertos ftalatos qu\u00edmicos.<\/p>\n<p>Los detalles son los siguientes:<\/p>\n<table style=\"height: 218px;\" width=\"1368\">\n<tbody>\n<tr>\n<td width=\"141\"><strong><b>Descripci\u00f3n<\/b><\/strong><\/td>\n<td width=\"574\"><strong><b>En vigor desde el 10 de febrero de 2009<\/b><\/strong><\/td>\n<\/tr>\n<tr>\n<td width=\"141\">DEH, DBP o BBP<\/td>\n<td width=\"574\">Cualquier juguete infantil o art\u00edculo de puericultura no puede contener concentraciones de m\u00e1s del 0.1% de DEHP, DBP o BBP (1000 ppm)<\/td>\n<\/tr>\n<tr>\n<td width=\"141\">DINP, DIDP o DnOP<\/td>\n<td width=\"574\">Cualquier juguete infantil o art\u00edculo de puericultura que pueda introducirse en la boca de un beb\u00e9 no puede contener m\u00e1s de un 0.1% de DINP, DIDP o DnOP (1000 ppm)<\/td>\n<\/tr>\n<\/tbody>\n<\/table>\n<h4><strong>Pruebas CPSIA<\/strong><\/h4>\n<p><strong>Nuestro laboratorio de pruebas ha sido acreditado por la Comisi\u00f3n de Seguridad de Productos de Consumo de EE. UU. (CPSC) para probar juguetes y productos para ni\u00f1os seg\u00fan las regulaciones de la CPSC como se indica a continuaci\u00f3n:<\/strong><\/p>\n<ul>\n<li>Pintura con plomo: 16 CFR Secci\u00f3n 1303<\/li>\n<li>Chupetes: 16 CFR Secci\u00f3n 1511<\/li>\n<li>Regla de piezas peque\u00f1as: 16 CFR Secci\u00f3n 1501<\/li>\n<li>Prueba de inflamabilidad textil: 16 CFR Secci\u00f3n 1610<\/li>\n<li>Tambor de cascabel: 16 CFR Secci\u00f3n 1510<\/li>\n<li>Plomo en joyer\u00eda de metal para ni\u00f1os: CPSC-CH-E1001-08<\/li>\n<li>Plomo en productos met\u00e1licos para ni\u00f1os: CPSC-CH-E1001-08<\/li>\n<li>Plomo en productos no met\u00e1licos para ni\u00f1os: CPSC-CH-E1002-08<\/li>\n<li>ASTM F963-17<\/li>\n<\/ul>\n<h4><strong>Problemas y resoluciones<\/strong><\/h4>\n<ul>\n<li>L\u00edmite de plomo<\/li>\n<li>L\u00edmite de ftalatos<\/li>\n<li>Norma obligatoria de seguridad de juguetes ASTM F963<\/li>\n<li>Requisito de prueba por terceros<\/li>\n<li>Etiquetas de seguimiento para productos infantiles<\/li>\n<li>GCC (Certificaci\u00f3n de conformidad general)<\/li>\n<\/ul>\n<h4><strong>Otros servicios de ensayos<\/strong><\/h4>\n<ul>\n<li>Pruebas qu\u00edmicas<\/li>\n<li>Pruebas REACH<\/li>\n<li>Prueba de RoHS<\/li>\n<li>Pruebas de productos de consumo<\/li>\n<li>Prueba de embalaje ISTA<\/li>\n<\/ul>\n","protected":false},"excerpt":{"rendered":"<p>CPSIA El 14 de agosto de 2008, el presidente George W. Bush firm\u00f3 una legislaci\u00f3n hist\u00f3rica: la Ley de mejora de la seguridad de los productos de consumo (CPSIA) de 2008. La ley ha establecido reglas que definen los l\u00edmites de plomo y los ftalatos espec\u00edficamente para productos infantiles y requiere que se realicen pruebas [&hellip;]<\/p>\n","protected":false},"author":14,"featured_media":75391,"parent":76150,"menu_order":53,"comment_status":"closed","ping_status":"closed","template":"","meta":{"_acf_changed":false,"footnotes":""},"class_list":["post-81054","page","type-page","status-publish","has-post-thumbnail","hentry"],"acf":[],"_links":{"self":[{"href":"https:\/\/www.hqts.com\/es\/wp-json\/wp\/v2\/pages\/81054","targetHints":{"allow":["GET"]}}],"collection":[{"href":"https:\/\/www.hqts.com\/es\/wp-json\/wp\/v2\/pages"}],"about":[{"href":"https:\/\/www.hqts.com\/es\/wp-json\/wp\/v2\/types\/page"}],"author":[{"embeddable":true,"href":"https:\/\/www.hqts.com\/es\/wp-json\/wp\/v2\/users\/14"}],"replies":[{"embeddable":true,"href":"https:\/\/www.hqts.com\/es\/wp-json\/wp\/v2\/comments?post=81054"}],"version-history":[{"count":1,"href":"https:\/\/www.hqts.com\/es\/wp-json\/wp\/v2\/pages\/81054\/revisions"}],"predecessor-version":[{"id":81056,"href":"https:\/\/www.hqts.com\/es\/wp-json\/wp\/v2\/pages\/81054\/revisions\/81056"}],"up":[{"embeddable":true,"href":"https:\/\/www.hqts.com\/es\/wp-json\/wp\/v2\/pages\/76150"}],"wp:featuredmedia":[{"embeddable":true,"href":"https:\/\/www.hqts.com\/es\/wp-json\/wp\/v2\/media\/75391"}],"wp:attachment":[{"href":"https:\/\/www.hqts.com\/es\/wp-json\/wp\/v2\/media?parent=81054"}],"curies":[{"name":"wp","href":"https:\/\/api.w.org\/{rel}","templated":true}]}}