{"id":81741,"date":"2021-08-04T11:12:21","date_gmt":"2021-08-04T11:12:21","guid":{"rendered":"https:\/\/www.hqts.com\/?page_id=81741"},"modified":"2026-03-24T11:55:49","modified_gmt":"2026-03-24T11:55:49","slug":"inspeccion-pieza-por-pieza","status":"publish","type":"page","link":"https:\/\/www.hqts.com\/es\/servicios\/inspecciones\/inspeccion-pieza-por-pieza\/","title":{"rendered":"INSPECCI\u00d3N PIEZA POR PIEZA"},"content":{"rendered":"<p><strong>La inspecci\u00f3n pieza por pieza es un servicio proporcionado por HQTS que implica la verificaci\u00f3n de todos y cada uno de los elementos para evaluar una serie de variables. Esas variables pueden ser apariencia general, mano de obra, funci\u00f3n, seguridad, etc., o pueden ser especificadas por el cliente, utilizando sus propias especificaciones de verificaciones deseadas. <\/strong><\/p>\n<p><img fetchpriority=\"high\" decoding=\"async\" class=\"aligncenter size-full wp-image-172449\" src=\"https:\/\/www.hqts.com\/wp-content\/uploads\/2024\/09\/Pieza-por-Pieza.png\" alt=\"\" width=\"1718\" height=\"630\" srcset=\"https:\/\/www.hqts.com\/wp-content\/uploads\/2024\/09\/Pieza-por-Pieza.png 1718w, https:\/\/www.hqts.com\/wp-content\/uploads\/2024\/09\/Pieza-por-Pieza-300x110.png 300w, https:\/\/www.hqts.com\/wp-content\/uploads\/2024\/09\/Pieza-por-Pieza-1024x376.png 1024w, https:\/\/www.hqts.com\/wp-content\/uploads\/2024\/09\/Pieza-por-Pieza-768x282.png 768w, https:\/\/www.hqts.com\/wp-content\/uploads\/2024\/09\/Pieza-por-Pieza-1536x563.png 1536w\" sizes=\"(max-width: 1718px) 100vw, 1718px\" \/><\/p>\n<p>La inspecci\u00f3n pieza por pieza, se puede realizar como inspecci\u00f3n previa o posterior al embalaje. En caso de que los bienes requieran una atenci\u00f3n especial a los detalles, especialmente si los bienes son productos de alto valor, HQTS puede realizar un servicio de inspecci\u00f3n al 100%. Una vez finalizados, todos los productos que pasan la inspecci\u00f3n se sellan y certifican con una etiqueta HQTS para garantizar que cada pieza incluida en el env\u00edo cumpla con los requisitos de calidad especificados.<\/p>\n<div style=\"width: 800px;\" class=\"wp-video\"><!--[if lt IE 9]><script>document.createElement('video');<\/script><![endif]-->\n<video class=\"wp-video-shortcode\" id=\"video-81741-1\" width=\"800\" height=\"450\" preload=\"metadata\" controls=\"controls\"><source type=\"video\/mp4\" src=\"https:\/\/www.hqts.com\/wp-content\/uploads\/2026\/03\/Full-Inspection-Spanish.mp4?_=1\" \/><a href=\"https:\/\/www.hqts.com\/wp-content\/uploads\/2026\/03\/Full-Inspection-Spanish.mp4\">https:\/\/www.hqts.com\/wp-content\/uploads\/2026\/03\/Full-Inspection-Spanish.mp4<\/a><\/video><\/div>\n<p>El proceso de inspecci\u00f3n pieza por pieza puede llevarse a cabo en sus instalaciones, las instalaciones de su proveedor o en una instalaci\u00f3n de clasificaci\u00f3n de almac\u00e9n de HQTS. Se utiliza una inspecci\u00f3n pieza por pieza para mejorar la calidad y minimizar o eliminar defectos. Es especialmente \u00fatil para aquellos compradores que necesitan asegurarse de que sus productos sean totalmente compatibles y cumplan con los estrictos requisitos de calidad del mercado y del cliente. Nuestras inspecciones de control de calidad integrales ayudan a evitar que los defectos, la contaminaci\u00f3n de metal y otros problemas de defectos lleguen a su cliente y provoquen acciones adicionales, efectos de marca, costes o p\u00e9rdidas comerciales.<\/p>\n<p>Se puede realizar una inspecci\u00f3n pieza por pieza en cualquier momento durante el proceso de fabricaci\u00f3n para confirmar env\u00edos sin defectos. Sin embargo, en la mayor\u00eda de los casos, las inspecciones de control de calidad generalmente se completan una vez finalizada la producci\u00f3n y antes del env\u00edo. HQTS puede ofrecer un alto nivel de servicio y garant\u00eda, debido a nuestros muchos a\u00f1os de experiencia t\u00e9cnica y pr\u00e1ctica en inspecciones de control de calidad.<\/p>\n<h4 style=\"text-align: justify;\"><strong><u>Beneficios y ventajas<\/u><\/strong><\/h4>\n<p>Algunos de los beneficios que nuestros clientes obtienen de nuestros servicios incluyen:<\/p>\n<ul>\n<li>Menos devoluciones<\/li>\n<li>Informes precisos<\/li>\n<li>Productos de mayor calidad<\/li>\n<li>Mejora de la calidad del proveedor<\/li>\n<li>Mejora de las relaciones con los clientes<\/li>\n<\/ul>\n<h4 style=\"text-align: justify;\"><strong><u>D\u00f3nde estamos<\/u><\/strong><\/h4>\n<ul>\n<li>En los almacenes de sus f\u00e1bricas y de sus proveedores en los siguientes pa\u00edses:<\/li>\n<\/ul>\n<p>China, Corea del Sur, Vietnam, Myanmar, Camboya, Tailandia, Indonesia, Malasia, India, Sri Lanka, Pakist\u00e1n, Bangladesh, Turqu\u00eda, etc.<\/p>\n<ul>\n<li>En nuestras propias instalaciones de inspecci\u00f3n HQTS:<\/li>\n<\/ul>\n<p><strong><br \/>\nChina:<\/strong> Shangh\u00e1i, Jing Jiang, Fujian (Dongguan, Guangdong, China \u2013 Actualmente en proceso de apertura)<\/p>\n<p><strong>Sudeste de Asia:<\/strong> Phnom Penh, Camboya (Ho chi Minh, Vietnam \u2013 Actualmente en proceso de apertura)<\/p>\n<h4 style=\"text-align: justify;\"><strong><u>Calendarios y horarios<\/u><\/strong><\/h4>\n<ul>\n<li>Reserve el servicio 3-5 d\u00edas h\u00e1biles antes de la inspecci\u00f3n<\/li>\n<li>Recibir\u00e1 el informe de la inspecci\u00f3n en las 24 horas posteriores<\/li>\n<li>Inspector in situ de 8:30 AM a 17:30 PM<\/li>\n<\/ul>\n<h4><strong>Otros servicios de inspecci\u00f3n de control de calidad:<\/strong><\/h4>\n<ul>\n<li><a href=\"https:\/\/www.hqts.com\/es\/servicios\/inspecciones\/\">Inspecciones de control de calidad<\/a><\/li>\n<li><a href=\"https:\/\/www.hqts.com\/es\/servicios\/inspecciones\/comprobacion-de-muestras\/\">Comprobaci\u00f3n de muestras<\/a><\/li>\n<li>Detecci\u00f3n de metales<\/li>\n<li>Supervisi\u00f3n de carga \/ descarga<\/li>\n<\/ul>\n","protected":false},"excerpt":{"rendered":"<p>La inspecci\u00f3n pieza por pieza es un servicio proporcionado por HQTS que implica la verificaci\u00f3n de todos y cada uno de los elementos para evaluar una serie de variables. Esas variables pueden ser apariencia general, mano de obra, funci\u00f3n, seguridad, etc., o pueden ser especificadas por el cliente, utilizando sus propias especificaciones de verificaciones deseadas. [&hellip;]<\/p>\n","protected":false},"author":12,"featured_media":75385,"parent":75962,"menu_order":0,"comment_status":"closed","ping_status":"closed","template":"","meta":{"_acf_changed":false,"footnotes":""},"class_list":["post-81741","page","type-page","status-publish","has-post-thumbnail","hentry"],"acf":[],"_links":{"self":[{"href":"https:\/\/www.hqts.com\/es\/wp-json\/wp\/v2\/pages\/81741","targetHints":{"allow":["GET"]}}],"collection":[{"href":"https:\/\/www.hqts.com\/es\/wp-json\/wp\/v2\/pages"}],"about":[{"href":"https:\/\/www.hqts.com\/es\/wp-json\/wp\/v2\/types\/page"}],"author":[{"embeddable":true,"href":"https:\/\/www.hqts.com\/es\/wp-json\/wp\/v2\/users\/12"}],"replies":[{"embeddable":true,"href":"https:\/\/www.hqts.com\/es\/wp-json\/wp\/v2\/comments?post=81741"}],"version-history":[{"count":6,"href":"https:\/\/www.hqts.com\/es\/wp-json\/wp\/v2\/pages\/81741\/revisions"}],"predecessor-version":[{"id":227654,"href":"https:\/\/www.hqts.com\/es\/wp-json\/wp\/v2\/pages\/81741\/revisions\/227654"}],"up":[{"embeddable":true,"href":"https:\/\/www.hqts.com\/es\/wp-json\/wp\/v2\/pages\/75962"}],"wp:featuredmedia":[{"embeddable":true,"href":"https:\/\/www.hqts.com\/es\/wp-json\/wp\/v2\/media\/75385"}],"wp:attachment":[{"href":"https:\/\/www.hqts.com\/es\/wp-json\/wp\/v2\/media?parent=81741"}],"curies":[{"name":"wp","href":"https:\/\/api.w.org\/{rel}","templated":true}]}}