{"id":81781,"date":"2021-08-04T11:13:17","date_gmt":"2021-08-04T11:13:17","guid":{"rendered":"https:\/\/www.hqts.com\/?page_id=81781"},"modified":"2021-08-12T06:29:49","modified_gmt":"2021-08-12T06:29:49","slug":"carga-y-descarga-de-contenedores","status":"publish","type":"page","link":"https:\/\/www.hqts.com\/es\/servicios\/inspecciones\/carga-y-descarga-de-contenedores\/","title":{"rendered":"SUPERVISI\u00d3N DE CARGA Y DESCARGA"},"content":{"rendered":"<p><!-- \/wp:paragraph --><\/p>\n<h4><strong>Inspecciones de carga y descarga de contenedores<\/strong><\/h4>\n<p><strong>El servicio de Inspecciones de Carga y Descarga de Contenedores garantiza que personal t\u00e9cnico de HQTS monitoriza todo el proceso de carga y descarga. Dondequiera que se carguen o env\u00eden sus productos, nuestros inspectores pueden supervisar todo el proceso de carga y descarga de contenedores a su ubicaci\u00f3n designada. El servicio de Supervisi\u00f3n de Carga y Descarga de Contenedores de HQTS asegura que sus productos sean manejados de manera profesional y garantiza la llegada segura de los productos a su destino<\/strong>.<\/p>\n<p><strong>Servicios de inspecci\u00f3n de carga y descarga de contenedores<\/strong><\/p>\n<p>Esta inspecci\u00f3n de control de calidad generalmente se lleva a cabo en la f\u00e1brica elegida mientras la carga se carga en el contenedor de env\u00edo y en el destino donde llegan y se descargan sus productos. El proceso de inspecci\u00f3n y supervisi\u00f3n incluye una evaluaci\u00f3n del estado del contenedor de env\u00edo, verificaci\u00f3n de la informaci\u00f3n del producto; cantidades cargadas y descargadas, cumplimiento de embalaje y supervisi\u00f3n general del proceso de carga y descarga.<\/p>\n<h4><strong>Proceso de inspecci\u00f3n de carga y descarga de contenedores<\/strong><\/h4>\n<p>Cualquier supervisi\u00f3n de carga y descarga de contenedores comienza con una inspecci\u00f3n de contenedores. Si el contenedor est\u00e1 en buen estado y la mercanc\u00eda est\u00e1 100% empaquetada y confirmada, entonces contin\u00faa el proceso de inspecci\u00f3n de carga y descarga. El inspector verifica que se empaquetaron las mercanc\u00edas correctas y que se cumplieron todas las especificaciones del cliente. Mientras comienza la carga y descarga del contenedor, el inspector verifica que se est\u00e9 cargando y descargando la cantidad de unidades correcta.<\/p>\n<h4><strong>Proceso de inspecci\u00f3n de carga:<\/strong><\/h4>\n<ul>\n<li>Un registro de las condiciones meteorol\u00f3gicas, la hora de llegada del contenedor, el registro del contenedor de env\u00edo y el n\u00famero de transporte del veh\u00edculo.<\/li>\n<li>Inspecci\u00f3n y evaluaci\u00f3n del contenedor completo para evaluar cualquier da\u00f1o, humedad interior, perforaciones y prueba de olor para detectar moho o podredumbre<\/li>\n<li>Confirmaci\u00f3n de la cantidad de mercanc\u00edas y el estado de las cajas de env\u00edo.<\/li>\n<li>Selecci\u00f3n aleatoria de cajas de muestra para verificar los productos empaquetados en las cajas de env\u00edo.<\/li>\n<li>Supervisi\u00f3n del proceso de carga \/ descarga para garantizar un manejo adecuado, minimizar las roturas y maximizar la utilizaci\u00f3n del espacio.<\/li>\n<li>Sellado del contenedor con el sello de aduanas y HQTS<\/li>\n<li>Registro de los n\u00fameros de precinto y la hora de salida del contenedor.<\/li>\n<\/ul>\n<h4><strong>Proceso de inspecci\u00f3n de descarga:<\/strong><\/h4>\n<ul>\n<li>Registro de la hora de llegada del contenedor al destino<\/li>\n<li>Testigo del proceso de apertura del contenedor<\/li>\n<li>Verificaci\u00f3n de la validez de los documentos de descarga.<\/li>\n<li>Verificaci\u00f3n de la cantidad, embalaje y marcado de la mercanc\u00eda.<\/li>\n<li>Supervisi\u00f3n de la descarga para ver si la mercanc\u00eda se da\u00f1a durante estos procesos.<\/li>\n<li>Verificaci\u00f3n de la limpieza del \u00e1rea de descarga y env\u00edo.<\/li>\n<\/ul>\n<h4><strong>Lista de verificaci\u00f3n de supervisi\u00f3n de carga y descarga del contenedor principal<\/strong><\/h4>\n<ul>\n<li>Estado del contenedor<\/li>\n<li>Cantidad de env\u00edo y embalaje del producto.<\/li>\n<li>Verificaci\u00f3n de 1 o 2 cajas para ver si los productos son correctos<\/li>\n<li>Supervisi\u00f3n de todo el proceso de carga y descarga.<\/li>\n<li>Sellado del contenedor con el sello de aduanas y el sello HQTS y atestiguar el proceso de apertura del contenedor.<\/li>\n<\/ul>\n<h4><strong>Certificado de inspecci\u00f3n de carga y descarga de contenedores<\/strong><\/h4>\n<p>Al sellar el contenedor con nuestro sello a prueba de manipulaciones, el cliente puede estar seguro de que no ha habido manipulaci\u00f3n externa de sus productos despu\u00e9s de nuestra supervisi\u00f3n de carga. Todo el proceso de apertura del contenedor ser\u00e1 presenciado despu\u00e9s de que la mercanc\u00eda llegue a destino.<\/p>\n<h4><strong>Informe de inspecci\u00f3n de carga y descarga de contenedores<\/strong><\/h4>\n<p>El informe de inspecci\u00f3n de carga y descarga documenta la cantidad de mercanc\u00edas, el estado del contenedor y el proceso y el procedimiento de carga del contenedor. Adem\u00e1s, las fotograf\u00edas documentan todos los pasos del proceso de supervisi\u00f3n de carga y descarga.<\/p>\n<p>El inspector comprobar\u00e1 una serie de elementos importantes para garantizar que se carguen, descarguen y manipulen correctamente las cantidades precisas de productos para garantizar que las unidades cargadas en el contenedor est\u00e9n en buen estado. El inspector tambi\u00e9n verifica que el contenedor est\u00e9 debidamente sellado y que la documentaci\u00f3n para la inspecci\u00f3n aduanera est\u00e9 disponible. Las listas de verificaci\u00f3n de supervisi\u00f3n de carga y descarga de contenedores cumplen con las especificaciones del producto y otros criterios clave.<\/p>\n<p>Antes de comenzar el procedimiento de carga del contenedor, el inspector debe verificar la estabilidad estructural del contenedor y que no haya se\u00f1ales de da\u00f1o, probar los mecanismos de cierre, inspeccionar el exterior del contenedor de env\u00edo y m\u00e1s. Una vez que se haya completado la inspecci\u00f3n del contenedor, el inspector emitir\u00e1 el informe de inspecci\u00f3n de carga y descarga del contenedor.<\/p>\n<h4><strong>\u00bfPor qu\u00e9 son importantes las inspecciones de carga y descarga de contenedores?<\/strong><\/h4>\n<p>El uso y el manejo intensos de los contenedores de env\u00edo generan problemas que pueden afectar la calidad de sus mercanc\u00edas durante el transporte. Observamos rupturas de la impermeabilizaci\u00f3n alrededor de las puertas, da\u00f1os en otras estructuras, entrada de agua por goteras y el moho o madera podrida resultante.<\/p>\n<p>Adem\u00e1s, algunos proveedores hacen cumplir m\u00e9todos de carga particulares por parte de los empleados, lo que da como resultado contenedores mal empaquetados, aumentando los costes o los bienes da\u00f1ados por un apilado deficiente.<\/p>\n<p>Una inspecci\u00f3n de carga y descarga de contenedores puede ayudar a mitigar estos problemas, ahorr\u00e1ndole tiempo, molestias, p\u00e9rdida de fondo de comercio con los clientes y dinero.<\/p>\n<h4><strong>Inspecci\u00f3n de carga y descarga de buques<\/strong><\/h4>\n<p>La inspecci\u00f3n de carga y descarga de embarcaciones es una parte esencial del transporte mar\u00edtimo, que se realiza para verificar los diversos aspectos del estado de una embarcaci\u00f3n, transportista y \/ o carga. Si esto se hace correctamente tiene un impacto directo en la seguridad de cada env\u00edo.<\/p>\n<p>HQTS ofrece amplios servicios de supervisi\u00f3n de carga y descarga para brindar tranquilidad a los clientes antes de que llegue su env\u00edo. Nuestros inspectores van directamente al lugar de carga \/ descarga para verificar la calidad de los productos y su contenedor designado, mientras se aseguran de que la cantidad, las etiquetas, el embalaje y m\u00e1s sean consistentes con sus requisitos establecidos.<\/p>\n<p>Tambi\u00e9n podemos enviar evidencias con foto y video para demostrar que todo el proceso se complet\u00f3 para su satisfacci\u00f3n si lo solicita. De esta manera, nos aseguramos de que sus mercanc\u00edas lleguen sin problemas y minimizamos los posibles riesgos.<\/p>\n<h4><strong>Procesos de Inspecciones de Carga y Descarga de Buques<\/strong><\/h4>\n<h5><strong>Inspecci\u00f3n de carga de buques:<\/strong><\/h5>\n<ul>\n<li>Asegurarse de que el proceso de carga se complete en condiciones razonables, incluido buen tiempo, el uso de instalaciones de carga razonables y el uso de un plan integral de carga, apilamiento y agrupamiento.<\/li>\n<li>Confirmaci\u00f3n de si el entorno de la cabina es adecuado para el almacenamiento de mercanc\u00edas y verificaci\u00f3n de que est\u00e9n dispuestos correctamente.<\/li>\n<li>Verificaci\u00f3n de que la cantidad y el modelo de los productos sean consistentes con el pedido y asegurarse de que no falten productos.<\/li>\n<li>Comprobaci\u00f3n de que el apilado de mercanc\u00edas no cause da\u00f1os.<\/li>\n<li>Supervisi\u00f3n de todo el proceso de carga, registro de la distribuci\u00f3n de mercanc\u00edas en cada cabina y evaluaci\u00f3n de cualquier da\u00f1o.<\/li>\n<li>Confirmaci\u00f3n de la cantidad y peso de la mercanc\u00eda con la empresa de transporte y obtenci\u00f3n del correspondiente documento firmado y confirmado al finalizar el proceso.<\/li>\n<\/ul>\n<h5><strong>Inspecci\u00f3n de descarga de buques:<\/strong><\/h5>\n<ul>\n<li>Evaluaci\u00f3n del estado de las mercanc\u00edas almacenadas.<\/li>\n<li>Comprobaci\u00f3n de que la mercanc\u00eda es transportada correctamente o que las instalaciones de transporte est\u00e9n en buen estado de funcionamiento antes de la descarga.<\/li>\n<li>Verificaci\u00f3n de que el sitio de descarga se haya preparado y limpiado correctamente.<\/li>\n<li>Realizaci\u00f3n de una inspecci\u00f3n de calidad para las mercanc\u00edas descargadas. Se proporcionar\u00e1n servicios de prueba de muestras para una parte seleccionada al azar de los productos.<\/li>\n<li>Verificaci\u00f3n de la cantidad, volumen y peso de los productos descargados.<\/li>\n<li>Chequeo de que los productos en el \u00e1rea de almacenamiento temporal est\u00e9n razonablemente cubiertos, fijados y apilados para futuras operaciones de transferencia.<\/li>\n<\/ul>\n<p>HQTS es su mejor opci\u00f3n para garantizar la calidad durante todo el proceso de la cadena de suministro. Nuestros servicios de inspecci\u00f3n de embarcaciones le aseguran una evaluaci\u00f3n honesta y precisa de sus productos y la embarcaci\u00f3n.<\/p>\n<h4><strong>Otros servicios de inspecci\u00f3n de control de calidad:<\/strong><\/h4>\n<ul>\n<li><a href=\"https:\/\/www.hqts.com\/es\/servicios\/inspecciones\/comprobacion-de-muestras\/\">Comprobaci\u00f3n de muestras<\/a><\/li>\n<li><a href=\"https:\/\/www.hqts.com\/es\/servicios\/inspecciones\/inspeccion-pieza-por-pieza\/\">Inspecci\u00f3n pieza por pieza<\/a><\/li>\n<li><a href=\"https:\/\/www.hqts.com\/es\/servicios\/inspecciones\/\">Inspecciones de control de calidad<\/a><\/li>\n<li><a href=\"https:\/\/www.hqts.com\/es\/servicios\/inspecciones\/deteccion-de-metales\/\">Detecci\u00f3n de metales<\/a><\/li>\n<\/ul>\n","protected":false},"excerpt":{"rendered":"<p>Inspecciones de carga y descarga de contenedores El servicio de Inspecciones de Carga y Descarga de Contenedores garantiza que personal t\u00e9cnico de HQTS monitoriza todo el proceso de carga y descarga. Dondequiera que se carguen o env\u00eden sus productos, nuestros inspectores pueden supervisar todo el proceso de carga y descarga de contenedores a su ubicaci\u00f3n [&hellip;]<\/p>\n","protected":false},"author":12,"featured_media":75386,"parent":75962,"menu_order":13,"comment_status":"closed","ping_status":"closed","template":"","meta":{"_acf_changed":false,"footnotes":""},"class_list":["post-81781","page","type-page","status-publish","has-post-thumbnail","hentry"],"acf":[],"_links":{"self":[{"href":"https:\/\/www.hqts.com\/es\/wp-json\/wp\/v2\/pages\/81781","targetHints":{"allow":["GET"]}}],"collection":[{"href":"https:\/\/www.hqts.com\/es\/wp-json\/wp\/v2\/pages"}],"about":[{"href":"https:\/\/www.hqts.com\/es\/wp-json\/wp\/v2\/types\/page"}],"author":[{"embeddable":true,"href":"https:\/\/www.hqts.com\/es\/wp-json\/wp\/v2\/users\/12"}],"replies":[{"embeddable":true,"href":"https:\/\/www.hqts.com\/es\/wp-json\/wp\/v2\/comments?post=81781"}],"version-history":[{"count":4,"href":"https:\/\/www.hqts.com\/es\/wp-json\/wp\/v2\/pages\/81781\/revisions"}],"predecessor-version":[{"id":83963,"href":"https:\/\/www.hqts.com\/es\/wp-json\/wp\/v2\/pages\/81781\/revisions\/83963"}],"up":[{"embeddable":true,"href":"https:\/\/www.hqts.com\/es\/wp-json\/wp\/v2\/pages\/75962"}],"wp:featuredmedia":[{"embeddable":true,"href":"https:\/\/www.hqts.com\/es\/wp-json\/wp\/v2\/media\/75386"}],"wp:attachment":[{"href":"https:\/\/www.hqts.com\/es\/wp-json\/wp\/v2\/media?parent=81781"}],"curies":[{"name":"wp","href":"https:\/\/api.w.org\/{rel}","templated":true}]}}