{"id":135383,"date":"2023-02-23T15:42:08","date_gmt":"2023-02-23T15:42:08","guid":{"rendered":"https:\/\/www.hqts.com\/?page_id=135383"},"modified":"2023-02-23T22:48:33","modified_gmt":"2023-02-23T22:48:33","slug":"ingenierie-de-qualite","status":"publish","type":"page","link":"https:\/\/www.hqts.com\/fr\/nos-services\/ingenierie-de-qualite\/","title":{"rendered":"Ing\u00e9nierie de Qualit\u00e9"},"content":{"rendered":"<p><strong>HQTS fournit des services de gestion des op\u00e9rations dans le secteur de la fabrication, qui constituent le service central de nos solutions de gestion de la cha\u00eene d&rsquo;approvisionnement.<\/strong><\/p>\n<p>Les \u00e9quipes op\u00e9rationnelles de HQTS fournissent une <strong>solution holistique<\/strong> en mati\u00e8re d&rsquo;ing\u00e9nierie, de planification et de contr\u00f4le de la qualit\u00e9, afin que nos clients puissent <strong>am\u00e9liorer r\u00e9guli\u00e8rement<\/strong> la performance de leurs op\u00e9rations de fabrication. Ceci consolide tous les processus de production, y compris la gestion de projet, la planification et l&rsquo;ordonnancement avanc\u00e9s, le contr\u00f4le de la qualit\u00e9 de fabrication, le maintien et l&rsquo;am\u00e9lioration des fournisseurs.<\/p>\n<p><strong>Nos services de gestion de la cha\u00eene d&rsquo;approvisionnement comprennent:<\/strong><\/p>\n<ul>\n<li><a href=\"https:\/\/www.hqts.com\/our-services\/quality-engineering\/supplier-quality-engineering\/\"><strong>Ing\u00e9nieur qualit\u00e9 fournisseur (SQE)<\/strong><\/a><\/li>\n<li><strong><a href=\"https:\/\/www.hqts.com\/our-services\/quality-engineering\/supplier-quality-engineering\/\">Suivi de la production<\/a><\/strong><\/li>\n<li><strong><a href=\"https:\/\/www.hqts.com\/our-services\/quality-engineering\/supplier-quality-engineering\/\">Gestion de la qualit\u00e9 des fournisseurs<\/a><\/strong><\/li>\n<\/ul>\n<p>&nbsp;<\/p>\n<p><strong><em>Avec le service professionnel de HQTS, nos clients peuvent b\u00e9n\u00e9ficier de:<\/em><\/strong><\/p>\n<ul>\n<li>Visibilit\u00e9 accrue de la gestion de la cha\u00eene d&rsquo;approvisionnement dans la fabrication<\/li>\n<li>Lancement rapide de nouveaux produits<\/li>\n<li>Qualit\u00e9 constante des produits<\/li>\n<li>Livraison dans les d\u00e9lais<\/li>\n<li>Rentabilit\u00e9 de l&rsquo;ensemble des op\u00e9rations de la cha\u00eene d&rsquo;approvisionnement dans la fabrication<\/li>\n<\/ul>\n<p>&nbsp;<\/p>\n<p>Nos \u00e9quipes sont compos\u00e9es de professionnels chevronn\u00e9s, avec un large \u00e9ventail de comp\u00e9tences et d&rsquo;expertise, y compris l&rsquo;ex\u00e9cution des commandes, la gestion du flux de fabrication, la gestion des relations avec les fournisseurs, le d\u00e9veloppement et la commercialisation des produits.<\/p>\n<p>L&rsquo;\u00e9quipe d&rsquo;ing\u00e9nierie du HQTS, qui poss\u00e8de une vaste exp\u00e9rience dans divers processus de fabrication, se concentre sur :<\/p>\n<ul>\n<li>R\u00e9viser continuellement les processus de fabrication pour identifier toutes les variables qui peuvent avoir un impact sur la qualit\u00e9 et mettre en \u0153uvre des changements pour atteindre des param\u00e8tres de processus optimaux.<\/li>\n<li>Identifier les facteurs critiques ayant un impact sur les op\u00e9rations en termes de co\u00fbt, de cha\u00eene d&rsquo;approvisionnement, de qualit\u00e9 et d&rsquo;\u00e9volutivit\u00e9, afin de maintenir un rendement de fabrication \u00e9lev\u00e9 et stable.<\/li>\n<li>Suivre les tendances de l&rsquo;UPPH pour atteindre les objectifs d&rsquo;am\u00e9lioration et maximiser l&rsquo;efficacit\u00e9 de la fabrication.<\/li>\n<li>Promouvoir la fabrication LEAN pour l&rsquo;am\u00e9lioration des processus.<\/li>\n<li>Effectuer des audits de routine pour s&rsquo;assurer que les processus et les \u00e9quipements sont en excellent \u00e9tat.<\/li>\n<li>Faire r\u00e9guli\u00e8rement des rapports sur les progr\u00e8s r\u00e9alis\u00e9s, les tendances de rendement hebdomadaire et l&rsquo;\u00e9tat de l&rsquo;efficacit\u00e9 de la production.<\/li>\n<\/ul>\n","protected":false},"excerpt":{"rendered":"<p>HQTS fournit des services de gestion des op\u00e9rations dans le secteur de la fabrication, qui constituent le service central de nos solutions de gestion de la cha\u00eene d&rsquo;approvisionnement. Les \u00e9quipes op\u00e9rationnelles de HQTS fournissent une solution holistique en mati\u00e8re d&rsquo;ing\u00e9nierie, de planification et de contr\u00f4le de la qualit\u00e9, afin que nos clients puissent am\u00e9liorer r\u00e9guli\u00e8rement [&hellip;]<\/p>\n","protected":false},"author":12,"featured_media":135387,"parent":135366,"menu_order":1,"comment_status":"closed","ping_status":"closed","template":"","meta":{"_acf_changed":false,"footnotes":""},"class_list":["post-135383","page","type-page","status-publish","has-post-thumbnail","hentry"],"acf":[],"_links":{"self":[{"href":"https:\/\/www.hqts.com\/fr\/wp-json\/wp\/v2\/pages\/135383","targetHints":{"allow":["GET"]}}],"collection":[{"href":"https:\/\/www.hqts.com\/fr\/wp-json\/wp\/v2\/pages"}],"about":[{"href":"https:\/\/www.hqts.com\/fr\/wp-json\/wp\/v2\/types\/page"}],"author":[{"embeddable":true,"href":"https:\/\/www.hqts.com\/fr\/wp-json\/wp\/v2\/users\/12"}],"replies":[{"embeddable":true,"href":"https:\/\/www.hqts.com\/fr\/wp-json\/wp\/v2\/comments?post=135383"}],"version-history":[{"count":3,"href":"https:\/\/www.hqts.com\/fr\/wp-json\/wp\/v2\/pages\/135383\/revisions"}],"predecessor-version":[{"id":135389,"href":"https:\/\/www.hqts.com\/fr\/wp-json\/wp\/v2\/pages\/135383\/revisions\/135389"}],"up":[{"embeddable":true,"href":"https:\/\/www.hqts.com\/fr\/wp-json\/wp\/v2\/pages\/135366"}],"wp:featuredmedia":[{"embeddable":true,"href":"https:\/\/www.hqts.com\/fr\/wp-json\/wp\/v2\/media\/135387"}],"wp:attachment":[{"href":"https:\/\/www.hqts.com\/fr\/wp-json\/wp\/v2\/media?parent=135383"}],"curies":[{"name":"wp","href":"https:\/\/api.w.org\/{rel}","templated":true}]}}