{"id":135390,"date":"2023-02-23T15:45:59","date_gmt":"2023-02-23T15:45:59","guid":{"rendered":"https:\/\/www.hqts.com\/?page_id=135390"},"modified":"2023-02-23T15:46:21","modified_gmt":"2023-02-23T15:46:21","slug":"solutions-durables","status":"publish","type":"page","link":"https:\/\/www.hqts.com\/fr\/nos-services\/solutions-durables\/","title":{"rendered":"Solutions Durables"},"content":{"rendered":"<p>Le changement climatique et l&rsquo;environnement deviennent rapidement la priorit\u00e9 num\u00e9ro 1 des organisations du monde entier. Les nouveaux objectifs pour un monde net z\u00e9ro d&rsquo;ici 2045 ont pouss\u00e9 de nombreuses soci\u00e9t\u00e9s et gouvernements \u00e0 se surmener. Les solutions durables de HQTS sont maintenant un moyen essentiel pour assurer que votre organisation suit la l\u00e9gislation et pour permettre aux investisseurs de comprendre les objectifs et la culture avant-gardistes de votre organisation.<\/p>\n<p><strong>Nos solutions durables comprennent :<\/strong><\/p>\n<ul>\n<li>Services ESG<\/li>\n<li>Conformit\u00e9 sociale<\/li>\n<li>Audits environnementaux<\/li>\n<li>Audits \u00e9nerg\u00e9tiques<\/li>\n<\/ul>\n<p>&nbsp;<\/p>\n<p>HQTS compte avec des experts hautement qualifi\u00e9s pour \u00e9valuer vos r\u00e9f\u00e9rences environnementales et assurer la conformit\u00e9 avec les politiques et r\u00e8glements environnementaux nationaux et internationaux. \u00c9tant donn\u00e9 les d\u00e9fis sans pr\u00e9c\u00e9dent, HQTS aide l&rsquo;organisation \u00e0 d\u00e9velopper une strat\u00e9gie durable \u00e0 long terme en mettant en \u0153uvre des processus de gestion de la durabilit\u00e9 avec des approches bas\u00e9es sur le risque tout en gardant une approche de mat\u00e9rialit\u00e9.<\/p>\n","protected":false},"excerpt":{"rendered":"<p>Le changement climatique et l&rsquo;environnement deviennent rapidement la priorit\u00e9 num\u00e9ro 1 des organisations du monde entier. Les nouveaux objectifs pour un monde net z\u00e9ro d&rsquo;ici 2045 ont pouss\u00e9 de nombreuses soci\u00e9t\u00e9s et gouvernements \u00e0 se surmener. Les solutions durables de HQTS sont maintenant un moyen essentiel pour assurer que votre organisation suit la l\u00e9gislation et [&hellip;]<\/p>\n","protected":false},"author":12,"featured_media":135392,"parent":135366,"menu_order":0,"comment_status":"closed","ping_status":"closed","template":"","meta":{"_acf_changed":false,"footnotes":""},"class_list":["post-135390","page","type-page","status-publish","has-post-thumbnail","hentry"],"acf":[],"_links":{"self":[{"href":"https:\/\/www.hqts.com\/fr\/wp-json\/wp\/v2\/pages\/135390","targetHints":{"allow":["GET"]}}],"collection":[{"href":"https:\/\/www.hqts.com\/fr\/wp-json\/wp\/v2\/pages"}],"about":[{"href":"https:\/\/www.hqts.com\/fr\/wp-json\/wp\/v2\/types\/page"}],"author":[{"embeddable":true,"href":"https:\/\/www.hqts.com\/fr\/wp-json\/wp\/v2\/users\/12"}],"replies":[{"embeddable":true,"href":"https:\/\/www.hqts.com\/fr\/wp-json\/wp\/v2\/comments?post=135390"}],"version-history":[{"count":2,"href":"https:\/\/www.hqts.com\/fr\/wp-json\/wp\/v2\/pages\/135390\/revisions"}],"predecessor-version":[{"id":135393,"href":"https:\/\/www.hqts.com\/fr\/wp-json\/wp\/v2\/pages\/135390\/revisions\/135393"}],"up":[{"embeddable":true,"href":"https:\/\/www.hqts.com\/fr\/wp-json\/wp\/v2\/pages\/135366"}],"wp:featuredmedia":[{"embeddable":true,"href":"https:\/\/www.hqts.com\/fr\/wp-json\/wp\/v2\/media\/135392"}],"wp:attachment":[{"href":"https:\/\/www.hqts.com\/fr\/wp-json\/wp\/v2\/media?parent=135390"}],"curies":[{"name":"wp","href":"https:\/\/api.w.org\/{rel}","templated":true}]}}