{"id":135748,"date":"2023-02-27T15:47:08","date_gmt":"2023-02-27T15:47:08","guid":{"rendered":"https:\/\/www.hqts.com\/?page_id=135748"},"modified":"2023-02-27T15:51:35","modified_gmt":"2023-02-27T15:51:35","slug":"inspection-des-produits","status":"publish","type":"page","link":"https:\/\/www.hqts.com\/fr\/nos-services\/inspection-des-produits\/","title":{"rendered":"Inspection des produits"},"content":{"rendered":"\t\t<div data-elementor-type=\"wp-page\" data-elementor-id=\"135748\" class=\"elementor elementor-135748 elementor-571\" data-elementor-post-type=\"page\">\n\t\t\t\t\t\t<section class=\"elementor-section elementor-top-section elementor-element elementor-element-5a88c7d9 elementor-section-boxed elementor-section-height-default elementor-section-height-default\" data-id=\"5a88c7d9\" data-element_type=\"section\">\n\t\t\t\t\t\t<div class=\"elementor-container elementor-column-gap-default\">\n\t\t\t\t\t<div class=\"elementor-column elementor-col-100 elementor-top-column elementor-element elementor-element-aa33adc\" data-id=\"aa33adc\" data-element_type=\"column\">\n\t\t\t<div class=\"elementor-widget-wrap elementor-element-populated\">\n\t\t\t\t\t\t<div class=\"elementor-element elementor-element-52986f8 elementor-widget elementor-widget-text-editor\" data-id=\"52986f8\" data-element_type=\"widget\" data-widget_type=\"text-editor.default\">\n\t\t\t\t<div class=\"elementor-widget-container\">\n\t\t\t\t\t\t\t\t\t<p><strong>Les inspections de contr\u00f4le de qualit\u00e9 HQTS v\u00e9rifient la qualit\u00e9 et la quantit\u00e9 des produits selon des sp\u00e9cifications pr\u00e9d\u00e9termin\u00e9es.<\/strong><\/p><p><strong>La diminution des cycles de vie des produits et du temps de mise sur le march\u00e9 augmente le d\u00e9fi de livrer des produits de qualit\u00e9 en temps opportun. Lorsque votre produit ne r\u00e9pond pas \u00e0 vos sp\u00e9cifications de qualit\u00e9 pour l&rsquo;acceptation du march\u00e9, le r\u00e9sultat peut \u00eatre une perte de bonne volont\u00e9, de produit et de revenus, des exp\u00e9ditions retard\u00e9es, des mat\u00e9riaux gaspill\u00e9s et le risque potentiel d&rsquo;un rappel de produit.<\/strong><\/p><h3>Proc\u00e9dure d&rsquo;inspection du contr\u00f4le de la qualit\u00e9<\/h3><p>Les inspections typiques de contr\u00f4le de la qualit\u00e9 comprennent quatre \u00e9tapes principales. En fonction du produit, de votre exp\u00e9rience avec le fournisseur et d&rsquo;autres facteurs, l&rsquo;une ou l&rsquo;autre de ces \u00e9tapes, voire toutes, peuvent s&rsquo;appliquer \u00e0 vos besoins.<\/p><h4><strong>Inspections de pr\u00e9-production (PPI)<\/strong><\/h4><p><strong>Avant la production,<\/strong> notre inspection de contr\u00f4le de la qualit\u00e9 des mati\u00e8res premi\u00e8res et des composants confirmera si ceux-ci r\u00e9pondent \u00e0 vos sp\u00e9cifications et sont disponibles en quantit\u00e9s suffisantes pour respecter le calendrier de production. Il s&rsquo;agit d&rsquo;un service utile lorsque vous avez rencontr\u00e9 des probl\u00e8mes de remplacement de mat\u00e9riaux et\/ou de composants, ou lorsque vous travaillez avec un nouveau fournisseur et que de nombreux composants et mat\u00e9riaux externalis\u00e9s sont n\u00e9cessaires pendant la production.<\/p><h4><strong>Inspections en cours de production (DPI)<\/strong><\/h4><p><strong>Pendant la production<\/strong>, les produits sont inspect\u00e9s pour v\u00e9rifier que les exigences de qualit\u00e9 et les sp\u00e9cifications sont respect\u00e9es. Ce processus est utile en cas de d\u00e9fauts r\u00e9p\u00e9t\u00e9s dans la production. Il peut aider \u00e0 identifier l&rsquo;endroit du processus o\u00f9 le probl\u00e8me se produit et fournir des donn\u00e9es objectives pour trouver des solutions afin de r\u00e9soudre les probl\u00e8mes de production.<\/p><h4><strong>Inspections avant exp\u00e9dition (PSI)<\/strong><\/h4><p><strong>Une fois la production termin\u00e9e<\/strong>, une inspection avant exp\u00e9dition peut \u00eatre effectu\u00e9e pour v\u00e9rifier que les marchandises exp\u00e9di\u00e9es ont \u00e9t\u00e9 fabriqu\u00e9es conform\u00e9ment \u00e0 vos exigences. Il s&rsquo;agit du service le plus couramment command\u00e9, et il fonctionne bien avec les fournisseurs avec lesquels vous avez d\u00e9j\u00e0 une exp\u00e9rience.<\/p><h4><strong>Inspections pi\u00e8ce par pi\u00e8ce (ou inspection de triage)<\/strong><\/h4><p><strong>Une inspection pi\u00e8ce par pi\u00e8ce<\/strong> peut \u00eatre effectu\u00e9e en tant qu&rsquo;inspection avant ou apr\u00e8s emballage. Une inspection pi\u00e8ce par pi\u00e8ce est effectu\u00e9e sur chaque article afin d&rsquo;\u00e9valuer l&rsquo;aspect g\u00e9n\u00e9ral, la fabrication, la fonction, la s\u00e9curit\u00e9, etc. selon vos sp\u00e9cifications.<\/p><h4><strong>Inspections de chargement de conteneur (LS)<\/strong><\/h4><p><strong>L&rsquo;inspection du chargement du conteneur<\/strong> garantit que le personnel technique de HQTS surveille l&rsquo;ensemble du processus de chargement. Nous v\u00e9rifions que votre commande est compl\u00e8te et bien charg\u00e9e dans le conteneur avant l&rsquo;exp\u00e9dition. C&rsquo;est la derni\u00e8re occasion de confirmer la conformit\u00e9 \u00e0 vos exigences en termes de quantit\u00e9, d&rsquo;assortiment et d&#8217;emballage.<\/p><h3>Avantages des inspections de contr\u00f4le de la qualit\u00e9 :<\/h3><p><strong>Les inspections de contr\u00f4le de la qualit\u00e9<\/strong> \u00e0 diff\u00e9rents stades du processus de production peuvent vous aider \u00e0 surveiller la qualit\u00e9 des produits afin de garantir le respect des exigences et le respect des d\u00e9lais de livraison.<\/p><p>Avec les bons syst\u00e8mes, processus et proc\u00e9dures d&rsquo;inspection de contr\u00f4le de la qualit\u00e9, vous pouvez surveiller la qualit\u00e9 des produits afin de r\u00e9duire les risques, d&rsquo;am\u00e9liorer l&rsquo;efficacit\u00e9 et de garantir la conformit\u00e9 aux exigences contractuelles ou r\u00e9glementaires, de construire une entreprise plus forte et plus r\u00e9siliente avec un potentiel de croissance et de d\u00e9passement de la concurrence ; de fournir des biens de consommation qui sont vraiment aussi bons que vous le dites.<\/p><ul><li>Les clients s&rsquo;attendent \u00e0 acheter des produits qualifi\u00e9s en mati\u00e8re de sant\u00e9 et de s\u00e9curit\u00e9.<\/li><li>Assurez-vous que chaque proc\u00e9dure se d\u00e9roule correctement \u00e0 chaque \u00e9tape de la production<\/li><li>V\u00e9rifiez la qualit\u00e9 \u00e0 la source et ne payez pas pour des produits d\u00e9fectueux.<\/li><li>\u00c9vitez les rappels et les atteintes \u00e0 la r\u00e9putation<\/li><li>Anticipez les retards de production et d&rsquo;exp\u00e9dition<\/li><li>Minimisez votre budget de contr\u00f4le de la qualit\u00e9<\/li><\/ul><h4><strong>Autres services d&rsquo;inspection CQ:<\/strong><\/h4><ul><li>V\u00e9rification d&rsquo;\u00e9chantillons<\/li><li>Inspection pi\u00e8ce par pi\u00e8ce<\/li><li>D\u00e9tection des m\u00e9taux<\/li><li>Supervision du chargement\/d\u00e9chargement<\/li><\/ul><p><strong>Pourquoi les inspections de contr\u00f4le de la qualit\u00e9 sont-elles importantes ?<\/strong><\/p><p>Les attentes en mati\u00e8re de qualit\u00e9 et l&rsquo;\u00e9ventail des exigences de s\u00e9curit\u00e9 que vous devez respecter deviennent chaque jour plus complexes. Lorsque votre produit ne r\u00e9pond pas aux attentes de qualit\u00e9 sur le march\u00e9, le r\u00e9sultat peut \u00eatre une perte de bonne volont\u00e9, de produits et de revenus, de clients, des exp\u00e9ditions retard\u00e9es, des mat\u00e9riaux gaspill\u00e9s et le risque potentiel d&rsquo;un rappel de produit.<\/p><p>HQTS a les bons syst\u00e8mes, processus et proc\u00e9dures pour vous aider \u00e0 r\u00e9pondre \u00e0 vos exigences et \u00e0 livrer des produits de qualit\u00e9 en temps voulu.<\/p><h4><strong>Pourquoi HQTS ?<\/strong><\/h4><p>Fond\u00e9e en 1987 et ayant son si\u00e8ge social en Chine, en tant que premi\u00e8re soci\u00e9t\u00e9 d&rsquo;inspection tierce partie en Asie, HQTS a une excellente connaissance approfondie des syst\u00e8mes et processus de contr\u00f4le de la qualit\u00e9, ainsi que la d\u00e9tention de tous les certificats n\u00e9cessaires tels que CNAS, CMA, GACC etc. Avec plus de 1500 sp\u00e9cialistes, dans plus de 60 pays, nous sommes capables d&rsquo;organiser un service d&rsquo;inspection partout en Asie dans les 48 heures ainsi que partout dans le monde et d&rsquo;offrir un rapport d&rsquo;inspection et de tests dans les 24 heures.<\/p><p>Quelle que soit l&rsquo;industrie dans laquelle vous vous trouvez, textile d&rsquo;habillement, jouets et produits pour enfants, chaussures, articles durs, aliments, produits \u00e9lectroniques et \u00e9lectriques, appareils m\u00e9nagers, automobile, construction et b\u00e2timent, machines et \u00e9quipements, qu&rsquo;ils soient destin\u00e9s au commerce ou au consommateur, HQTS s&rsquo;engage \u00e0 vous aider \u00e0 r\u00e9pondre aux normes de qualit\u00e9, de s\u00e9curit\u00e9 et d&rsquo;\u00e9thique que vous exigez tout au long de votre cha\u00eene d&rsquo;approvisionnement, am\u00e9liorant ainsi votre comp\u00e9titivit\u00e9 et votre efficacit\u00e9 sur le march\u00e9 mondial.<\/p><p>\u00a0<\/p>\t\t\t\t\t\t\t\t<\/div>\n\t\t\t\t<\/div>\n\t\t\t\t\t<\/div>\n\t\t<\/div>\n\t\t\t\t\t<\/div>\n\t\t<\/section>\n\t\t\t\t<\/div>\n\t\t","protected":false},"excerpt":{"rendered":"<p>Les inspections de contr\u00f4le de qualit\u00e9 HQTS v\u00e9rifient la qualit\u00e9 et la quantit\u00e9 des produits selon des sp\u00e9cifications pr\u00e9d\u00e9termin\u00e9es. La diminution des cycles de vie des produits et du temps de mise sur le march\u00e9 augmente le d\u00e9fi de livrer des produits de qualit\u00e9 en temps opportun. Lorsque votre produit ne r\u00e9pond pas \u00e0 vos [&hellip;]<\/p>\n","protected":false},"author":12,"featured_media":135751,"parent":135366,"menu_order":0,"comment_status":"closed","ping_status":"closed","template":"","meta":{"_acf_changed":false,"footnotes":""},"class_list":["post-135748","page","type-page","status-publish","has-post-thumbnail","hentry"],"acf":[],"_links":{"self":[{"href":"https:\/\/www.hqts.com\/fr\/wp-json\/wp\/v2\/pages\/135748","targetHints":{"allow":["GET"]}}],"collection":[{"href":"https:\/\/www.hqts.com\/fr\/wp-json\/wp\/v2\/pages"}],"about":[{"href":"https:\/\/www.hqts.com\/fr\/wp-json\/wp\/v2\/types\/page"}],"author":[{"embeddable":true,"href":"https:\/\/www.hqts.com\/fr\/wp-json\/wp\/v2\/users\/12"}],"replies":[{"embeddable":true,"href":"https:\/\/www.hqts.com\/fr\/wp-json\/wp\/v2\/comments?post=135748"}],"version-history":[{"count":5,"href":"https:\/\/www.hqts.com\/fr\/wp-json\/wp\/v2\/pages\/135748\/revisions"}],"predecessor-version":[{"id":135755,"href":"https:\/\/www.hqts.com\/fr\/wp-json\/wp\/v2\/pages\/135748\/revisions\/135755"}],"up":[{"embeddable":true,"href":"https:\/\/www.hqts.com\/fr\/wp-json\/wp\/v2\/pages\/135366"}],"wp:featuredmedia":[{"embeddable":true,"href":"https:\/\/www.hqts.com\/fr\/wp-json\/wp\/v2\/media\/135751"}],"wp:attachment":[{"href":"https:\/\/www.hqts.com\/fr\/wp-json\/wp\/v2\/media?parent=135748"}],"curies":[{"name":"wp","href":"https:\/\/api.w.org\/{rel}","templated":true}]}}