{"id":135761,"date":"2023-02-27T18:27:00","date_gmt":"2023-02-27T18:27:00","guid":{"rendered":"https:\/\/www.hqts.com\/?page_id=135761"},"modified":"2024-11-26T10:41:45","modified_gmt":"2024-11-26T10:41:45","slug":"test-de-produits-et-de-materiaux","status":"publish","type":"page","link":"https:\/\/www.hqts.com\/fr\/nos-services\/test-de-produits-et-de-materiaux\/","title":{"rendered":"Test de Produits et de Mat\u00e9riaux"},"content":{"rendered":"<p><strong>HQTS est un leader mondial dans le domaine des services d&rsquo;essais, avec un r\u00e9seau mondial de plus de 35 pays et 25 ans d&rsquo;exp\u00e9rience dans l&rsquo;assistance aux clients pour leurs besoins d&rsquo;essais.<\/strong><\/p>\n<p>Sur un march\u00e9 international en pleine expansion, les organisations doivent s&rsquo;efforcer de garantir que leurs produits r\u00e9pondent aux attentes des consommateurs en termes de s\u00e9curit\u00e9 et de qualit\u00e9. Pour cette raison, il est essentiel que les organisations soient transparentes et efficaces afin de cr\u00e9er une cha\u00eene d&rsquo;approvisionnement rationalis\u00e9e. Dans ce contexte, les tests sont un \u00e9l\u00e9ment essentiel pour garantir que les produits sont conformes aux normes en vigueur.<\/p>\n<h3><strong>Nos services d&rsquo;essais de produits et de mat\u00e9riaux &#8211; Services d&rsquo;essais r\u00e9glementaires et de conformit\u00e9<\/strong><\/h3>\n<ul>\n<li><strong>Tests chimiques<\/strong><\/li>\n<li><a href=\"https:\/\/www.hqts.com\/fr\/nos-services\/test-de-produits-et-de-materiaux\/tests-rohs\/\"><strong>Tests RoHS<\/strong><\/a><\/li>\n<li><strong>Test Reach<\/strong><\/li>\n<li><strong>Test de mat\u00e9riaux<\/strong><\/li>\n<li><strong>Test de chaussures<\/strong><\/li>\n<li><strong>Test d&#8217;emballage (ISTA)<\/strong><\/li>\n<li><strong>Test physique<\/strong><\/li>\n<li><strong>Tests sur les textiles et les v\u00eatements<\/strong><\/li>\n<li><strong>Essais sur les jouets<\/strong><\/li>\n<li><strong>Essais de feu et d&rsquo;inflammabilit\u00e9<\/strong><\/li>\n<li><strong>Tests de s\u00e9curit\u00e9 des produits<\/strong><\/li>\n<li><strong>Tests de qualit\u00e9 et de performance<\/strong><\/li>\n<li><a href=\"https:\/\/www.hqts.com\/fr\/nos-services\/test-de-produits-et-de-materiaux\/tests-de-conformite-cpsia\/\"><strong>Tests CPSIA<\/strong><\/a><\/li>\n<\/ul>\n<p><strong>\u00a0<\/strong><\/p>\n<h3><strong>Nos accreditations<\/strong><\/h3>\n<ul>\n<li>Test d&#8217;emballage certifi\u00e9 ISTA<\/li>\n<li>APASS &#8211; Fournisseur d&#8217;emballages Amazon<\/li>\n<li>Accept\u00e9 par la CPSC<\/li>\n<li>Agr\u00e9\u00e9 CNAS<\/li>\n<li>Certificat de qualification de l&rsquo;AQSIQ<\/li>\n<li>Approbation obligatoire de l&rsquo;organisme d&rsquo;inspection et du laboratoire chinois<\/li>\n<\/ul>\n<h3><strong>Quels types de produits pouvez-vous tester ?<\/strong><\/h3>\n<p>Tout produit de consommation ou industriel peut \u00eatre test\u00e9. Pour d\u00e9cider si cela est n\u00e9cessaire, il faut tenir compte de nombreux facteurs. Les plus importants d&rsquo;entre eux sont :<\/p>\n<p>&#8211; Quelles sont les exigences r\u00e9glementaires sur mon march\u00e9 ?<\/p>\n<p>&#8211; Quel niveau de s\u00e9curit\u00e9, de qualit\u00e9 et de durabilit\u00e9 le march\u00e9 exige-t-il pour mon produit ?<\/p>\n<h3><strong>Combien de temps les tests de produits prennent-ils ?<\/strong><\/h3>\n<p>Cela peut varier consid\u00e9rablement en fonction du type de produit, du nombre de composants \u00e0 tester et des tests r\u00e9glementaires requis. En g\u00e9n\u00e9ral, nous pouvons fournir le rapport d&rsquo;essai sur un simple essai d&rsquo;un composant dans les 5 jours suivant la r\u00e9ception de l&rsquo;\u00e9chantillon.<\/p>\n<h3><strong>HQTS est une soci\u00e9t\u00e9 d&rsquo;essais professionnelle accr\u00e9dit\u00e9e<\/strong><\/h3>\n<p>Notre laboratoire d&rsquo;essais de produits reconnu internationalement vous donne la confiance dont vous avez besoin pour amener votre produit sur le march\u00e9. Notre emplacement central assure le temps d&rsquo;ex\u00e9cution le plus rapide pour vos projets. Contactez-nous aujourd&rsquo;hui pour obtenir des informations suppl\u00e9mentaires sur la fa\u00e7on dont nous pouvons vous aider avec vos besoins d&rsquo;essais de produits de consommation.<\/p>\n","protected":false},"excerpt":{"rendered":"<p>HQTS est un leader mondial dans le domaine des services d&rsquo;essais, avec un r\u00e9seau mondial de plus de 35 pays et 25 ans d&rsquo;exp\u00e9rience dans l&rsquo;assistance aux clients pour leurs besoins d&rsquo;essais. Sur un march\u00e9 international en pleine expansion, les organisations doivent s&rsquo;efforcer de garantir que leurs produits r\u00e9pondent aux attentes des consommateurs en termes [&hellip;]<\/p>\n","protected":false},"author":12,"featured_media":135768,"parent":135366,"menu_order":1,"comment_status":"closed","ping_status":"closed","template":"","meta":{"_acf_changed":false,"footnotes":""},"class_list":["post-135761","page","type-page","status-publish","has-post-thumbnail","hentry"],"acf":[],"_links":{"self":[{"href":"https:\/\/www.hqts.com\/fr\/wp-json\/wp\/v2\/pages\/135761","targetHints":{"allow":["GET"]}}],"collection":[{"href":"https:\/\/www.hqts.com\/fr\/wp-json\/wp\/v2\/pages"}],"about":[{"href":"https:\/\/www.hqts.com\/fr\/wp-json\/wp\/v2\/types\/page"}],"author":[{"embeddable":true,"href":"https:\/\/www.hqts.com\/fr\/wp-json\/wp\/v2\/users\/12"}],"replies":[{"embeddable":true,"href":"https:\/\/www.hqts.com\/fr\/wp-json\/wp\/v2\/comments?post=135761"}],"version-history":[{"count":4,"href":"https:\/\/www.hqts.com\/fr\/wp-json\/wp\/v2\/pages\/135761\/revisions"}],"predecessor-version":[{"id":177905,"href":"https:\/\/www.hqts.com\/fr\/wp-json\/wp\/v2\/pages\/135761\/revisions\/177905"}],"up":[{"embeddable":true,"href":"https:\/\/www.hqts.com\/fr\/wp-json\/wp\/v2\/pages\/135366"}],"wp:featuredmedia":[{"embeddable":true,"href":"https:\/\/www.hqts.com\/fr\/wp-json\/wp\/v2\/media\/135768"}],"wp:attachment":[{"href":"https:\/\/www.hqts.com\/fr\/wp-json\/wp\/v2\/media?parent=135761"}],"curies":[{"name":"wp","href":"https:\/\/api.w.org\/{rel}","templated":true}]}}