{"id":135770,"date":"2023-02-27T18:34:05","date_gmt":"2023-02-27T18:34:05","guid":{"rendered":"https:\/\/www.hqts.com\/?page_id=135770"},"modified":"2023-03-01T15:41:23","modified_gmt":"2023-03-01T15:41:23","slug":"inspections-approuvees-par-les-gouverments","status":"publish","type":"page","link":"https:\/\/www.hqts.com\/fr\/nos-services\/inspections-approuvees-par-les-gouverments\/","title":{"rendered":"Inspections Approuv\u00e9es par les Gouverments"},"content":{"rendered":"<p>Afin d&rsquo;am\u00e9liorer le commerce international tout en garantissant la qualit\u00e9 des marchandises import\u00e9es, certains pays exigent que l&rsquo;inspection avant exp\u00e9dition soit autoris\u00e9e pour certaines marchandises import\u00e9es. Ces produits doivent \u00eatre inspect\u00e9s par une agence d&rsquo;inspection accr\u00e9dit\u00e9e par l&rsquo;autorit\u00e9 locale.<\/p>\n<p>Nos inspections agr\u00e9\u00e9es par le gouvernement<\/p>\n<ul>\n<li><a href=\"https:\/\/www.hqts.com\/our-services\/uzbekistan-pre-shipment-inspections\/\"><strong>Inspections avant exp\u00e9dition en Ouzb\u00e9kistan<\/strong><\/a><\/li>\n<li><a href=\"https:\/\/www.hqts.com\/our-services\/government-approved-inspections\/pakistan-pesticide-pre-shipment-inspections\/\"><strong>Inspections de pesticides avant exp\u00e9dition au Pakistan\u00a0<\/strong><\/a><\/li>\n<\/ul>\n<p>Nos certifications de produits\u00a0:<\/p>\n<ul>\n<li><a href=\"https:\/\/www.hqts.com\/our-services\/product-certifications\/saudi-arabia-sqm-mark\/\"><strong>Marque de qualit\u00e9 saoudienne<\/strong><\/a><\/li>\n<li><strong><a href=\"https:\/\/www.hqts.com\/our-services\/product-certifications\/g-mark-gulf-conformity-mark\/\">Marque G<\/a><\/strong><\/li>\n<\/ul>\n<p>Autres services gouvernementaux :<\/p>\n<ul>\n<li><a href=\"https:\/\/www.hqts.com\/fr\/nos-services\/certificat-de-conformite-irak\/\"><strong>Certificat de conformit\u00e9 iraquien (COC\/COI)<\/strong><\/a><\/li>\n<\/ul>\n","protected":false},"excerpt":{"rendered":"<p>Afin d&rsquo;am\u00e9liorer le commerce international tout en garantissant la qualit\u00e9 des marchandises import\u00e9es, certains pays exigent que l&rsquo;inspection avant exp\u00e9dition soit autoris\u00e9e pour certaines marchandises import\u00e9es. Ces produits doivent \u00eatre inspect\u00e9s par une agence d&rsquo;inspection accr\u00e9dit\u00e9e par l&rsquo;autorit\u00e9 locale. Nos inspections agr\u00e9\u00e9es par le gouvernement Inspections avant exp\u00e9dition en Ouzb\u00e9kistan Inspections de pesticides avant exp\u00e9dition [&hellip;]<\/p>\n","protected":false},"author":12,"featured_media":135772,"parent":135366,"menu_order":0,"comment_status":"closed","ping_status":"closed","template":"","meta":{"_acf_changed":false,"footnotes":""},"class_list":["post-135770","page","type-page","status-publish","has-post-thumbnail","hentry"],"acf":[],"_links":{"self":[{"href":"https:\/\/www.hqts.com\/fr\/wp-json\/wp\/v2\/pages\/135770","targetHints":{"allow":["GET"]}}],"collection":[{"href":"https:\/\/www.hqts.com\/fr\/wp-json\/wp\/v2\/pages"}],"about":[{"href":"https:\/\/www.hqts.com\/fr\/wp-json\/wp\/v2\/types\/page"}],"author":[{"embeddable":true,"href":"https:\/\/www.hqts.com\/fr\/wp-json\/wp\/v2\/users\/12"}],"replies":[{"embeddable":true,"href":"https:\/\/www.hqts.com\/fr\/wp-json\/wp\/v2\/comments?post=135770"}],"version-history":[{"count":4,"href":"https:\/\/www.hqts.com\/fr\/wp-json\/wp\/v2\/pages\/135770\/revisions"}],"predecessor-version":[{"id":136274,"href":"https:\/\/www.hqts.com\/fr\/wp-json\/wp\/v2\/pages\/135770\/revisions\/136274"}],"up":[{"embeddable":true,"href":"https:\/\/www.hqts.com\/fr\/wp-json\/wp\/v2\/pages\/135366"}],"wp:featuredmedia":[{"embeddable":true,"href":"https:\/\/www.hqts.com\/fr\/wp-json\/wp\/v2\/media\/135772"}],"wp:attachment":[{"href":"https:\/\/www.hqts.com\/fr\/wp-json\/wp\/v2\/media?parent=135770"}],"curies":[{"name":"wp","href":"https:\/\/api.w.org\/{rel}","templated":true}]}}