{"id":135775,"date":"2023-02-27T19:51:21","date_gmt":"2023-02-27T19:51:21","guid":{"rendered":"https:\/\/www.hqts.com\/?page_id=135775"},"modified":"2023-09-12T02:09:29","modified_gmt":"2023-09-12T02:09:29","slug":"services-de-conseil-en-controle-de-la-qualite","status":"publish","type":"page","link":"https:\/\/www.hqts.com\/fr\/nos-services\/services-de-conseil-en-controle-de-la-qualite\/","title":{"rendered":"Services de conseil en contr\u00f4le de la qualit\u00e9"},"content":{"rendered":"<p>HQTS offre des services de gestion et de formation en contr\u00f4le de la qualit\u00e9 \u00a0et de contr\u00f4le de production.<\/p>\n<p>Les entreprises qui font des affaires en Asie rencontrent de nombreux d\u00e9fis inattendus en raison du paysage juridique, commercial et culturel peu familier. Ces d\u00e9fis peuvent \u00eatre att\u00e9nu\u00e9s en s&rsquo;associant \u00e0 une entreprise qui conna\u00eet l&rsquo;environnement et peut combler efficacement le foss\u00e9 entre les mentalit\u00e9s orientales et occidentales.<\/p>\n<p>HQTS fait des affaires en Chine depuis 26 ans dans le domaine de la gestion de la qualit\u00e9. En tirant parti de notre connaissance intime de l&rsquo;industrie de l&rsquo;assurance qualit\u00e9 en Chine en tant qu&rsquo;entreprise chinoise avec du personnel occidental, nous pouvons vous aider \u00e0 naviguer sur ce terrain incertain.<\/p>\n<p>Que vous soyez nouveau en Asie ou que vous fassiez des affaires ici depuis de nombreuses ann\u00e9es, nos services de conseil professionnels peuvent vous aider \u00e0 r\u00e9soudre et\/ou \u00e0 \u00e9viter les probl\u00e8mes dans le processus de la cha\u00eene d&rsquo;approvisionnement, y compris la gestion, les syst\u00e8mes.<\/p>\n<p>Les programmes de formation HQTS sont de classe mondiale. Nous pouvons personnaliser une solution pour r\u00e9pondre au mieux \u00e0 vos besoins en affinant et en am\u00e9liorant les comp\u00e9tences de gestion du contr\u00f4le qualit\u00e9 de votre personnel dans toute l&rsquo;Asie.<\/p>\n<p><strong>Certaines de nos solutions de conseil incluent :<\/strong><\/p>\n<ul>\n<li>Gestion du contr\u00f4le qualit\u00e9<\/li>\n<li>Formation AQ\/CQ<\/li>\n<li>Gestion de la production<\/li>\n<\/ul>\n","protected":false},"excerpt":{"rendered":"<p>HQTS offre des services de gestion et de formation en contr\u00f4le de la qualit\u00e9 \u00a0et de contr\u00f4le de production. Les entreprises qui font des affaires en Asie rencontrent de nombreux d\u00e9fis inattendus en raison du paysage juridique, commercial et culturel peu familier. Ces d\u00e9fis peuvent \u00eatre att\u00e9nu\u00e9s en s&rsquo;associant \u00e0 une entreprise qui conna\u00eet l&rsquo;environnement [&hellip;]<\/p>\n","protected":false},"author":12,"featured_media":135778,"parent":135366,"menu_order":7,"comment_status":"closed","ping_status":"closed","template":"","meta":{"_acf_changed":false,"footnotes":""},"class_list":["post-135775","page","type-page","status-publish","has-post-thumbnail","hentry"],"acf":[],"_links":{"self":[{"href":"https:\/\/www.hqts.com\/fr\/wp-json\/wp\/v2\/pages\/135775","targetHints":{"allow":["GET"]}}],"collection":[{"href":"https:\/\/www.hqts.com\/fr\/wp-json\/wp\/v2\/pages"}],"about":[{"href":"https:\/\/www.hqts.com\/fr\/wp-json\/wp\/v2\/types\/page"}],"author":[{"embeddable":true,"href":"https:\/\/www.hqts.com\/fr\/wp-json\/wp\/v2\/users\/12"}],"replies":[{"embeddable":true,"href":"https:\/\/www.hqts.com\/fr\/wp-json\/wp\/v2\/comments?post=135775"}],"version-history":[{"count":3,"href":"https:\/\/www.hqts.com\/fr\/wp-json\/wp\/v2\/pages\/135775\/revisions"}],"predecessor-version":[{"id":147975,"href":"https:\/\/www.hqts.com\/fr\/wp-json\/wp\/v2\/pages\/135775\/revisions\/147975"}],"up":[{"embeddable":true,"href":"https:\/\/www.hqts.com\/fr\/wp-json\/wp\/v2\/pages\/135366"}],"wp:featuredmedia":[{"embeddable":true,"href":"https:\/\/www.hqts.com\/fr\/wp-json\/wp\/v2\/media\/135778"}],"wp:attachment":[{"href":"https:\/\/www.hqts.com\/fr\/wp-json\/wp\/v2\/media?parent=135775"}],"curies":[{"name":"wp","href":"https:\/\/api.w.org\/{rel}","templated":true}]}}