{"id":135955,"date":"2023-02-28T07:50:38","date_gmt":"2023-02-28T07:50:38","guid":{"rendered":"https:\/\/www.hqts.com\/?page_id=135955"},"modified":"2023-02-28T07:51:37","modified_gmt":"2023-02-28T07:51:37","slug":"inspections-de-produits-industriels","status":"publish","type":"page","link":"https:\/\/www.hqts.com\/fr\/industries-que-nous-desservons\/inspections-de-produits-industriels\/","title":{"rendered":"Inspections de Produits Industriels"},"content":{"rendered":"<h3><strong>Services d&rsquo;assurance qualit\u00e9 industrielle<\/strong><\/h3>\n<p><strong>Notre \u00e9quipe de produits industriels et de services de fabrication continue d&rsquo;introduire de nouvelles technologies et des innovations de service tout en fournissant des services sur mesure efficaces, rigoureux, ind\u00e9pendants et impartiaux. HQTS fournit une gamme de services de qualit\u00e9 selon les r\u00e9glementations et normes nationales et internationales pertinentes.<\/strong><\/p>\n<h3><strong>\u00c9nergie et centrale \u00e9lectrique<\/strong><\/h3>\n<p>L&rsquo;Asie est un march\u00e9 important pour les centrales de production d&rsquo;\u00e9nergie et les infrastructures de soutien connexes. Parmi les cat\u00e9gories de produits que nous couvrons, citons : les \u00e9quipements de transmission et de transformation de l&rsquo;\u00e9nergie, les \u00e9quipements de centrales thermiques, les \u00e9quipements de centrales \u00e9oliennes, les \u00e9quipements de centrales photovolta\u00efques, les centrales hydro\u00e9lectriques et les structures m\u00e9talliques, et bien d&rsquo;autres encore.<\/p>\n<h3><strong>Gaz, p\u00e9trole et produits chimiques<\/strong><\/h3>\n<p>Parmi les cat\u00e9gories de produits que nous couvrons dans le domaine du gaz, du p\u00e9trole et des produits chimiques, citons : les \u00e9quipements de forage p\u00e9trolier et gazier, les installations d&rsquo;exploitation p\u00e9troli\u00e8re offshore, les \u00e9quipements de traitement du sol, les pipelines de collecte et de transport de surface, le raffinage du p\u00e9trole, les industries chimiques, l&rsquo;\u00e9thyl\u00e8ne, les engrais, etc.<\/p>\n<h3><strong>Installations et machines industrielles<\/strong><\/h3>\n<p>Les ing\u00e9nieurs de contr\u00f4le de la qualit\u00e9 des machines et le personnel technique de HQTS sont exp\u00e9riment\u00e9s dans le contr\u00f4le de la qualit\u00e9 des machines, y compris les inspections et les essais, les \u00e9quipements lourds, les installations industrielles, l&rsquo;exploitation mini\u00e8re, le transport et la construction lourde. Nous nous surpassons lorsqu&rsquo;il s&rsquo;agit de la production, de la s\u00e9curit\u00e9, des op\u00e9rations, de l&rsquo;entretien et de l&rsquo;exp\u00e9dition des machines.<\/p>\n<h3><strong>\u00c9quipement et mat\u00e9riaux de construction<\/strong><\/h3>\n<p>Les services d&rsquo;assurance et de contr\u00f4le de la qualit\u00e9 de HQTS vous donnent confiance dans la qualit\u00e9 de tous les mat\u00e9riaux, composants et \u00e9quipements utilis\u00e9s dans l&rsquo;industrie de la construction et assurent la conformit\u00e9 avec toutes les normes et r\u00e9glementations de qualit\u00e9 pertinentes.<\/p>\n<p>Quelle que soit votre activit\u00e9 connexe, nous nous associons \u00e0 vous pour d\u00e9velopper un programme d&rsquo;assurance qualit\u00e9 personnalis\u00e9, align\u00e9 sur vos strat\u00e9gies de cha\u00eene d&rsquo;approvisionnement.<\/p>\n<h3><strong>La soci\u00e9t\u00e9 de contr\u00f4le de la qualit\u00e9 en laquelle vous pouvez avoir confiance<\/strong><\/h3>\n<p>HQTS est dans le domaine de l&rsquo;assurance qualit\u00e9 depuis plus de 25 ans. Nos services peuvent vous fournir les informations dont vous avez besoin lorsque vous achetez des \u00e9quipements pour les installer dans des usines en Asie ou avant de les exp\u00e9dier vers d&rsquo;autres endroits dans le monde. Prenez contact avec nous d\u00e8s aujourd&rsquo;hui.<\/p>\n","protected":false},"excerpt":{"rendered":"<p>Services d&rsquo;assurance qualit\u00e9 industrielle Notre \u00e9quipe de produits industriels et de services de fabrication continue d&rsquo;introduire de nouvelles technologies et des innovations de service tout en fournissant des services sur mesure efficaces, rigoureux, ind\u00e9pendants et impartiaux. HQTS fournit une gamme de services de qualit\u00e9 selon les r\u00e9glementations et normes nationales et internationales pertinentes. \u00c9nergie et [&hellip;]<\/p>\n","protected":false},"author":12,"featured_media":135957,"parent":135780,"menu_order":1,"comment_status":"closed","ping_status":"closed","template":"","meta":{"_acf_changed":false,"footnotes":""},"class_list":["post-135955","page","type-page","status-publish","has-post-thumbnail","hentry"],"acf":[],"_links":{"self":[{"href":"https:\/\/www.hqts.com\/fr\/wp-json\/wp\/v2\/pages\/135955","targetHints":{"allow":["GET"]}}],"collection":[{"href":"https:\/\/www.hqts.com\/fr\/wp-json\/wp\/v2\/pages"}],"about":[{"href":"https:\/\/www.hqts.com\/fr\/wp-json\/wp\/v2\/types\/page"}],"author":[{"embeddable":true,"href":"https:\/\/www.hqts.com\/fr\/wp-json\/wp\/v2\/users\/12"}],"replies":[{"embeddable":true,"href":"https:\/\/www.hqts.com\/fr\/wp-json\/wp\/v2\/comments?post=135955"}],"version-history":[{"count":3,"href":"https:\/\/www.hqts.com\/fr\/wp-json\/wp\/v2\/pages\/135955\/revisions"}],"predecessor-version":[{"id":135959,"href":"https:\/\/www.hqts.com\/fr\/wp-json\/wp\/v2\/pages\/135955\/revisions\/135959"}],"up":[{"embeddable":true,"href":"https:\/\/www.hqts.com\/fr\/wp-json\/wp\/v2\/pages\/135780"}],"wp:featuredmedia":[{"embeddable":true,"href":"https:\/\/www.hqts.com\/fr\/wp-json\/wp\/v2\/media\/135957"}],"wp:attachment":[{"href":"https:\/\/www.hqts.com\/fr\/wp-json\/wp\/v2\/media?parent=135955"}],"curies":[{"name":"wp","href":"https:\/\/api.w.org\/{rel}","templated":true}]}}